{"id":1728,"date":"2018-03-15T09:34:08","date_gmt":"2018-03-15T08:34:08","guid":{"rendered":"http:\/\/8streme.eu\/?post_type=product&#038;p=1728"},"modified":"2023-07-11T14:20:05","modified_gmt":"2023-07-11T12:20:05","slug":"llantas-laterales-grises-4-piezas-en-juego-51151","status":"publish","type":"product","link":"https:\/\/8streme.eu\/es\/produit\/roues-laterales-grises-4-pcs-sur-lensemble-51151\/","title":{"rendered":"Ruedas laterales, gris. Juego de 4 piezas - 51151"},"content":{"rendered":"<p>Ruedas laterales, gris. Juego de 4 piezas - 51151<\/p>\n<p>Este producto es compatible con 8STREME 5220-LUNA 10, 8STREME 5222, Black Coral, Jellyfish ...<\/p>","protected":false},"excerpt":{"rendered":"<p>Ruedas laterales, gris. Juego de 4 piezas - 51151<\/p>\n<p>Este producto es compatible con 8STREME 5220-LUNA 10, 8STREME 5222, Black Coral, Jellyfish ... ... <a href=\"https:\/\/8streme.eu\/es\/produit\/roues-laterales-grises-4-pcs-sur-lensemble-51151\/\">Seguir leyendo<\/a><\/p>","protected":false},"featured_media":1747,"template":"","meta":{"_metasync_otto_title":"Roues Lat\u00e9rales Grises 4 Pi\u00e8ces pour Robots 8STREME","_metasync_otto_description":"Roues lat\u00e9rales, grises. 4 pcs sur l\u2019ensemble. Compatible avec les robots 8STREME 5220-LUNA 10, 8STREME 5222, Black Coral, Jellyfish. Achat \u00e0 28,80\u20ac.","_metasync_otto_keywords":"","_metasync_otto_og_title":"","_metasync_otto_og_description":"","_metasync_otto_twitter_title":"","_metasync_otto_twitter_description":"","rank_math_title":"","rank_math_description":"","_yoast_wpseo_title":"","_yoast_wpseo_metadesc":"","_aioseo_title":"","_aioseo_description":"","_metasync_seo_title":"","_metasync_seo_desc":"","_metasync_breadcrumb_title":"","_metasync_primary_category":0,"_metasync_primary_product_cat":0,"_metasync_otto_disabled":"","_metasync_hreflang":"","_metasync_plugin_sync_ts":"","_metasync_robots_advanced":""},"product_brand":[],"product_cat":[59,314,261],"product_tag":[],"class_list":{"0":"post-1728","1":"product","2":"type-product","3":"status-publish","4":"has-post-thumbnail","6":"product_cat-pieces-detachees-robot-5220-luna10","7":"product_cat-pieces-detachees-robot-5220-luna10-v19","8":"product_cat-pieces-detachees-robot-5222","9":"_wholesalex wsx-wholesalex-product","11":"first","12":"instock","13":"taxable","14":"shipping-taxable","15":"purchasable","16":"product-type-simple"},"_links":{"self":[{"href":"https:\/\/8streme.eu\/es\/wp-json\/wp\/v2\/product\/1728","targetHints":{"allow":["GET"]}}],"collection":[{"href":"https:\/\/8streme.eu\/es\/wp-json\/wp\/v2\/product"}],"about":[{"href":"https:\/\/8streme.eu\/es\/wp-json\/wp\/v2\/types\/product"}],"version-history":[{"count":5,"href":"https:\/\/8streme.eu\/es\/wp-json\/wp\/v2\/product\/1728\/revisions"}],"predecessor-version":[{"id":28134,"href":"https:\/\/8streme.eu\/es\/wp-json\/wp\/v2\/product\/1728\/revisions\/28134"}],"wp:featuredmedia":[{"embeddable":true,"href":"https:\/\/8streme.eu\/es\/wp-json\/wp\/v2\/media\/1747"}],"wp:attachment":[{"href":"https:\/\/8streme.eu\/es\/wp-json\/wp\/v2\/media?parent=1728"}],"wp:term":[{"taxonomy":"product_brand","embeddable":true,"href":"https:\/\/8streme.eu\/es\/wp-json\/wp\/v2\/product_brand?post=1728"},{"taxonomy":"product_cat","embeddable":true,"href":"https:\/\/8streme.eu\/es\/wp-json\/wp\/v2\/product_cat?post=1728"},{"taxonomy":"product_tag","embeddable":true,"href":"https:\/\/8streme.eu\/es\/wp-json\/wp\/v2\/product_tag?post=1728"}],"curies":[{"name":"wp","href":"https:\/\/api.w.org\/{rel}","templated":true}]}}