{"id":79,"date":"2017-05-31T05:05:41","date_gmt":"2017-05-31T05:05:41","guid":{"rendered":"http:\/\/import.themovation.com\/embark\/river-rafting\/?page_id=167"},"modified":"2022-06-29T17:51:48","modified_gmt":"2022-06-29T15:51:48","slug":"contacto-antiguo","status":"publish","type":"page","link":"https:\/\/8streme.eu\/es\/contact-old\/","title":{"rendered":"P\u00f3ngase en contacto con"},"content":{"rendered":"\t\t<div data-elementor-type=\"wp-post\" data-elementor-id=\"79\" class=\"elementor elementor-79 elementor-bc-flex-widget\" data-elementor-post-type=\"page\">\n\t\t\t\t\t\t<section class=\"elementor-section elementor-top-section elementor-element elementor-element-9diqe2l elementor-section-full_width elementor-section-height-default elementor-section-height-default\" data-id=\"9diqe2l\" data-element_type=\"section\" data-e-type=\"section\">\n\t\t\t\t\t\t<div class=\"elementor-container elementor-column-gap-no\">\n\t\t\t\t\t<div class=\"elementor-column elementor-col-100 elementor-top-column elementor-element elementor-element-euwlt2i\" data-id=\"euwlt2i\" data-element_type=\"column\" data-e-type=\"column\">\n\t\t\t<div class=\"elementor-widget-wrap elementor-element-populated\">\n\t\t\t\t\t\t<div class=\"elementor-element elementor-element-7nfgx8p elementor-widget elementor-widget-themo-google-maps\" data-id=\"7nfgx8p\" data-element_type=\"widget\" data-e-type=\"widget\" data-widget_type=\"themo-google-maps.default\">\n\t\t\t\t<div class=\"elementor-widget-container\">\n\t\t\t\t\t        <div class=\"container th-gmap-wrap\">\n            <div class=\"map-info\">\n                <h3>8STREME    Europe<\/h3>\n                \n                \n                \n            <\/div>\n        <\/div>\n\n\t\t<div class=\"th-map\" id=\"th-map-1\" data-map-api=\"AIzaSyB1osvfPp3JlijnDKu552pZmcu7UevDy28\" data-map-latitude=\"48.135125\" data-map-longitude=\"11.581980\" data-map-zoom=\"5\" data-map-scroll=\"false\" data-map-style=''><\/div>\n\n\t\t\n\t\t\t\t\t\t<\/div>\n\t\t\t\t<\/div>\n\t\t\t\t\t<\/div>\n\t\t<\/div>\n\t\t\t\t\t<\/div>\n\t\t<\/section>\n\t\t\t\t<section class=\"elementor-section elementor-top-section elementor-element elementor-element-qgk6sn0 elementor-section-boxed elementor-section-height-default elementor-section-height-default\" data-id=\"qgk6sn0\" data-element_type=\"section\" data-e-type=\"section\">\n\t\t\t\t\t\t<div class=\"elementor-container elementor-column-gap-default\">\n\t\t\t\t\t<div class=\"elementor-column elementor-col-100 elementor-top-column elementor-element elementor-element-uaw4tj7\" data-id=\"uaw4tj7\" data-element_type=\"column\" data-e-type=\"column\">\n\t\t\t<div class=\"elementor-widget-wrap elementor-element-populated\">\n\t\t\t\t\t\t<div class=\"elementor-element elementor-element-l1yaoi4 elementor-view-default elementor-position-top elementor-invisible elementor-widget elementor-widget-themo-header\" data-id=\"l1yaoi4\" data-element_type=\"widget\" data-e-type=\"widget\" data-settings=\"{&quot;_animation&quot;:&quot;fadeInUp&quot;}\" data-widget_type=\"themo-header.default\">\n\t\t\t\t<div class=\"elementor-widget-container\">\n\t\t\t\t\t\t\t<div class=\"th-header-wrap\">\n        <div class=\"elementor-icon-box-wrapper \">\n                            <div class=\"elementor-icon-box-content\">\n                    <h1 class=\"elementor-icon-box-title\">\n                        Nous contacter                    <\/h1>\n                                        <p class=\"elementor-icon-box-description\">Formulaire de contact g\u00e9n\u00e9ral<\/p>\n\n                                    <\/div>\n            <\/div>\n\n        <\/div>\n\n\t\t\t\t\t\t<\/div>\n\t\t\t\t<\/div>\n\t\t\t\t\t<\/div>\n\t\t<\/div>\n\t\t\t\t\t<\/div>\n\t\t<\/section>\n\t\t\t\t<section class=\"elementor-section elementor-top-section elementor-element elementor-element-o7twky5 elementor-section-boxed elementor-section-height-default elementor-section-height-default\" data-id=\"o7twky5\" data-element_type=\"section\" data-e-type=\"section\">\n\t\t\t\t\t\t<div class=\"elementor-container elementor-column-gap-extended\">\n\t\t\t\t\t<div class=\"elementor-column elementor-col-50 elementor-top-column elementor-element elementor-element-xcn0qg2\" data-id=\"xcn0qg2\" data-element_type=\"column\" data-e-type=\"column\">\n\t\t\t<div class=\"elementor-widget-wrap elementor-element-populated\">\n\t\t\t\t\t\t<div class=\"elementor-element elementor-element-9dd7966 elementor-view-stacked elementor-shape-square elementor-position-left elementor-widget elementor-widget-themo-service-block\" data-id=\"9dd7966\" data-element_type=\"widget\" data-e-type=\"widget\" data-widget_type=\"themo-service-block.default\">\n\t\t\t\t<div class=\"elementor-widget-container\">\n\t\t\t\t\t\t\t<div class=\"th-service-block-w\">\n            <div class=\"elementor-icon-box-wrapper th-show-icon\">\n                                    <div class=\"elementor-icon-box-icon th-icon-size-md\">\n                        <span class=\"elementor-icon \" >\n                            <i class=\"th-linea icon-basic-todo-pen\" aria-hidden=\"true\" fff><\/i>                        <\/span>\n                    <\/div>\n                                <div class=\"elementor-icon-box-content\">\n                    <h3 class=\"elementor-icon-box-title\">\n                        <span >Une question pr\u00e9cise ? <\/span>\n                    <\/h3>\n                    <p class=\"elementor-icon-box-description\">Utilisez nos formulaires sp\u00e9cifiques ci-dessous<\/p>\n                <\/div>\n            <\/div>\n\n        <\/div>\n\n\t\t\t\t\t\t<\/div>\n\t\t\t\t<\/div>\n\t\t\t\t<div class=\"elementor-element elementor-element-ewkxetx elementor-position-left elementor-view-default elementor-invisible elementor-widget elementor-widget-themo-service-block\" data-id=\"ewkxetx\" data-element_type=\"widget\" data-e-type=\"widget\" data-settings=\"{&quot;_animation&quot;:&quot;fadeInUp&quot;}\" data-widget_type=\"themo-service-block.default\">\n\t\t\t\t<div class=\"elementor-widget-container\">\n\t\t\t\t\t\t\t<div class=\"th-service-block-w\">\n            <div class=\"elementor-icon-box-wrapper th-show-icon\">\n                                    <div class=\"elementor-icon-box-icon th-icon-size-sm\">\n                        <a class=\"elementor-icon \" href=\"https:\/\/8streme.eu\/enregistrer-votre-garantie\/\">\n                            <i class=\"th-linea icon-ecommerce-sale\" aria-hidden=\"true\" fff><\/i>                        <\/a>\n                    <\/div>\n                                <div class=\"elementor-icon-box-content\">\n                    <h4 class=\"elementor-icon-box-title\">\n                        <a href=\"https:\/\/8streme.eu\/enregistrer-votre-garantie\/\">Enregistrement de Garantie<\/a>\n                    <\/h4>\n                    <p class=\"elementor-icon-box-description\">Vous venez d'acqu\u00e9rir un de nos produits, utilisez le formulaire d'enregistrement de garantie<\/p>\n                <\/div>\n            <\/div>\n\n        <\/div>\n\n\t\t\t\t\t\t<\/div>\n\t\t\t\t<\/div>\n\t\t\t\t<div class=\"elementor-element elementor-element-chif2hj elementor-widget elementor-widget-spacer\" data-id=\"chif2hj\" data-element_type=\"widget\" data-e-type=\"widget\" data-widget_type=\"spacer.default\">\n\t\t\t\t<div class=\"elementor-widget-container\">\n\t\t\t\t\t\t\t<div class=\"elementor-spacer\">\n\t\t\t<div class=\"elementor-spacer-inner\"><\/div>\n\t\t<\/div>\n\t\t\t\t\t\t<\/div>\n\t\t\t\t<\/div>\n\t\t\t\t<div class=\"elementor-element elementor-element-pinzlyz elementor-position-left elementor-view-default elementor-invisible elementor-widget elementor-widget-themo-service-block\" data-id=\"pinzlyz\" data-element_type=\"widget\" data-e-type=\"widget\" data-settings=\"{&quot;_animation&quot;:&quot;fadeInUp&quot;,&quot;_animation_delay&quot;:50}\" data-widget_type=\"themo-service-block.default\">\n\t\t\t\t<div class=\"elementor-widget-container\">\n\t\t\t\t\t\t\t<div class=\"th-service-block-w\">\n            <div class=\"elementor-icon-box-wrapper th-show-icon\">\n                                    <div class=\"elementor-icon-box-icon th-icon-size-sm\">\n                        <a class=\"elementor-icon \" href=\"https:\/\/8streme.eu\/formulaire-service-apres-vente\/\">\n                            <i class=\"th-linea icon-arrows-question\" aria-hidden=\"true\" fff><\/i>                        <\/a>\n                    <\/div>\n                                <div class=\"elementor-icon-box-content\">\n                    <h4 class=\"elementor-icon-box-title\">\n                        <a href=\"https:\/\/8streme.eu\/formulaire-service-apres-vente\/\">Formulaire Support et Sav<\/a>\n                    <\/h4>\n                    <p class=\"elementor-icon-box-description\">Vous souhaitez nous contacter pour une demande de support Sav, utilisez le Formulaire Support &amp; Sav<\/p>\n                <\/div>\n            <\/div>\n\n        <\/div>\n\n\t\t\t\t\t\t<\/div>\n\t\t\t\t<\/div>\n\t\t\t\t<div class=\"elementor-element elementor-element-5p7axkt elementor-widget elementor-widget-spacer\" data-id=\"5p7axkt\" data-element_type=\"widget\" data-e-type=\"widget\" data-widget_type=\"spacer.default\">\n\t\t\t\t<div class=\"elementor-widget-container\">\n\t\t\t\t\t\t\t<div class=\"elementor-spacer\">\n\t\t\t<div class=\"elementor-spacer-inner\"><\/div>\n\t\t<\/div>\n\t\t\t\t\t\t<\/div>\n\t\t\t\t<\/div>\n\t\t\t\t<div class=\"elementor-element elementor-element-kfel6yx elementor-position-left elementor-view-default elementor-invisible elementor-widget elementor-widget-themo-service-block\" data-id=\"kfel6yx\" data-element_type=\"widget\" data-e-type=\"widget\" data-settings=\"{&quot;_animation&quot;:&quot;fadeInUp&quot;,&quot;_animation_delay&quot;:50}\" data-widget_type=\"themo-service-block.default\">\n\t\t\t\t<div class=\"elementor-widget-container\">\n\t\t\t\t\t\t\t<div class=\"th-service-block-w\">\n            <div class=\"elementor-icon-box-wrapper th-show-icon\">\n                                    <div class=\"elementor-icon-box-icon th-icon-size-sm\">\n                        <a class=\"elementor-icon \" href=\"https:\/\/8streme.eu\/devenir-revendeur\/\">\n                            <i class=\"th-linea icon-basic-mail\" aria-hidden=\"true\" fff><\/i>                        <\/a>\n                    <\/div>\n                                <div class=\"elementor-icon-box-content\">\n                    <h4 class=\"elementor-icon-box-title\">\n                        <a href=\"https:\/\/8streme.eu\/devenir-revendeur\/\">Vous souhaitez distribuer nos produits<\/a>\n                    <\/h4>\n                    <p class=\"elementor-icon-box-description\">Utilisez le formulaire sp\u00e9cifique revendeurs professionnels.<\/p>\n                <\/div>\n            <\/div>\n\n        <\/div>\n\n\t\t\t\t\t\t<\/div>\n\t\t\t\t<\/div>\n\t\t\t\t\t<\/div>\n\t\t<\/div>\n\t\t\t\t<div class=\"elementor-column elementor-col-50 elementor-top-column elementor-element elementor-element-mfjhgsy\" data-id=\"mfjhgsy\" data-element_type=\"column\" data-e-type=\"column\">\n\t\t\t<div class=\"elementor-widget-wrap elementor-element-populated\">\n\t\t\t\t\t\t<div class=\"elementor-element elementor-element-3luh5i2 elementor-widget elementor-widget-themo-formidable-form\" data-id=\"3luh5i2\" data-element_type=\"widget\" data-e-type=\"widget\" data-widget_type=\"themo-formidable-form.default\">\n\t\t\t\t<div class=\"elementor-widget-container\">\n\t\t\t\t\t            <div class=\"th-fo-form  th-form-default  th-btn-form btn-standard-primary-form\"><div class=\"frm_forms  with_frm_style frm_style_formidable-style\" id=\"frm_form_4_container\" >\n<form enctype=\"multipart\/form-data\" method=\"post\" class=\"frm-show-form  frm_pro_form \" id=\"form_contact3\" >\n<div class=\"frm_form_fields \">\n<fieldset>\n\r\n<div class=\"frm_fields_container\">\n<input type=\"hidden\" name=\"frm_action\" value=\"create\" \/>\n<input type=\"hidden\" name=\"form_id\" value=\"4\" \/>\n<input type=\"hidden\" name=\"frm_hide_fields_4\" id=\"frm_hide_fields_4\" value=\"\" \/>\n<input type=\"hidden\" name=\"form_key\" value=\"contact3\" \/>\n<input type=\"hidden\" name=\"item_meta[0]\" value=\"\" \/>\n<input type=\"hidden\" id=\"frm_submit_entry_4\" name=\"frm_submit_entry_4\" value=\"6ad08f270a\" \/><input type=\"hidden\" name=\"_wp_http_referer\" value=\"\/es\/wp-json\/wp\/v2\/pages\/79\" \/><div id=\"frm_field_14_container\" class=\"frm_form_field form-field  frm_required_field frm_none_container frm_full\">\r\n    <label for=\"field_xipbjr3\" class=\"frm_primary_label\">Name\r\n        <span class=\"frm_required\">*<\/span>\r\n    <\/label>\r\n    <input  type=\"text\" id=\"field_xipbjr3\" name=\"item_meta[14]\" value=\"\"  placeholder=\"Nom\" data-reqmsg=\"Name cannot be blank.\" aria-required=\"true\" data-invmsg=\"Name est non valide\" aria-invalid=\"false\"   \/>\r\n    \r\n    \r\n<\/div>\n<div id=\"frm_field_15_container\" class=\"frm_form_field form-field  frm_required_field frm_none_container frm_full\">\r\n    <label for=\"field_jaehy83\" class=\"frm_primary_label\">Email\r\n        <span class=\"frm_required\">*<\/span>\r\n    <\/label>\r\n    <input  type=\"text\" id=\"field_jaehy83\" name=\"item_meta[15]\" value=\"\"  placeholder=\"Email\" data-reqmsg=\"Email cannot be blank.\" aria-required=\"true\" data-invmsg=\"Email est non valide\" aria-invalid=\"false\"   \/>\r\n    \r\n    \r\n<\/div>\n<div id=\"frm_field_16_container\" class=\"frm_form_field form-field  frm_none_container frm_full\">\r\n    <label for=\"field_cqpguu3\" class=\"frm_primary_label\">Phone\r\n        <span class=\"frm_required\"><\/span>\r\n    <\/label>\r\n    <input  type=\"text\" id=\"field_cqpguu3\" name=\"item_meta[16]\" value=\"\"  placeholder=\"T\u00e9l\u00e9phone\" data-invmsg=\"Phone est non valide\" aria-invalid=\"false\"   \/>\r\n    \r\n    \r\n<\/div>\n<div id=\"frm_field_186_container\" class=\"frm_form_field form-field  frm_none_container\">\r\n    <label for=\"field_ka9ux\" id=\"field_ka9ux_label\" class=\"frm_primary_label\">Pays\r\n        <span class=\"frm_required\"><\/span>\r\n    <\/label>\r\n    <input  type=\"text\" id=\"field_ka9ux\" name=\"item_meta[186]\" value=\"\"  placeholder=\"Pays\" data-invmsg=\"texte est non valide\" aria-invalid=\"false\"   \/>\r\n    \r\n    \r\n<\/div>\n<div id=\"frm_field_17_container\" class=\"frm_form_field form-field  frm_required_field frm_none_container frm_full\">\r\n    <label for=\"field_w7ueyk3\" class=\"frm_primary_label\">Subject\r\n        <span class=\"frm_required\">*<\/span>\r\n    <\/label>\r\n    <input  type=\"text\" id=\"field_w7ueyk3\" name=\"item_meta[17]\" value=\"\"  placeholder=\"Sujet du message\" data-reqmsg=\"Subject cannot be blank.\" aria-required=\"true\" data-invmsg=\"Subject est non valide\" aria-invalid=\"false\"   \/>\r\n    \r\n    \r\n<\/div>\n<div id=\"frm_field_18_container\" class=\"frm_form_field form-field  frm_required_field frm_none_container frm_full\">\r\n    <label for=\"field_kggkvh3\" class=\"frm_primary_label\">Message\r\n        <span class=\"frm_required\">*<\/span>\r\n    <\/label>\r\n    <textarea name=\"item_meta[18]\" id=\"field_kggkvh3\" rows=\"5\"  placeholder=\"Message\" data-reqmsg=\"Message cannot be blank.\" aria-required=\"true\" data-invmsg=\"Message est non valide\" aria-invalid=\"false\"  ><\/textarea>\r\n    \r\n    \r\n<\/div>\n<div id=\"frm_field_402_container\" class=\"frm_form_field form-field \">\n\t<div class=\"frm_submit\">\r\n\r\n<input type=\"submit\" value=\"Envoyer\"  class=\"frm_final_submit\" \/>\r\n<img decoding=\"async\" class=\"frm_ajax_loading\" src=\"https:\/\/8streme.eu\/wp-content\/plugins\/formidable\/images\/ajax_loader.gif\" alt=\"Sending\" style=\"visibility:hidden;\" \/>\r\n\r\n<\/div>\n<\/div>\n<div id=\"frm_field_408_container\" class=\"frm_form_field form-field  frm_required_field frm_top_container\">\n\t<div  id=\"field_gf4a8_label\" class=\"frm_primary_label\">GDPR Consent\n\t\t<span class=\"frm_required\" aria-hidden=\"true\">*<\/span>\n\t<\/div>\n\t\n<div class=\"frm_checkbox\" role=\"group\" aria-labelledby=\"frm-gdpr-accept-408\">\n\t<label for=\"frm-gdpr-accept-408\">\n\t\t<input type=\"checkbox\" aria-required=\"true\" name=\"item_meta[408]\" id=\"frm-gdpr-accept-408\" value=\"1\" \n\t\t \t\t data-reqmsg=\"Ce champ ne peut pas \u00eatre vide\" aria-required=\"true\" data-invmsg=\"GDPR Consent no es v\u00e1lido\" aria-invalid=\"false\"  \t\t\/>\n\t\tI consent to having this website store my submitted information so they can respond to my inquiry.\t<\/label>\n<\/div>\n\n\t\n\t\n<\/div>\n<div id=\"frm_field_117_container\" class=\"frm_form_field form-field  frm_none_container\">\r\n    <label  class=\"frm_primary_label\">CAPTCHA\r\n        <span class=\"frm_required\"><\/span>\r\n    <\/label>\r\n    <div  id=\"field_e4b6a\" class=\"frm-cf-turnstile\" data-sitekey=\"0x4AAAAAACFz9uQj5XDl9J8J\" data-language=\"es\" data-size=\"normal\" data-theme=\"light\"><\/div>\r\n    \r\n    \r\n<\/div>\n\t<input type=\"hidden\" name=\"item_key\" value=\"\" \/>\n\t\t\t<div id=\"frm_field_419_container\">\n\t\t\t<label for=\"field_jg1e1\" >\n\t\t\t\tSi eres humano, deja este campo en blanco.\t\t\t<\/label>\n\t\t\t<input  id=\"field_jg1e1\" type=\"text\" class=\"frm_form_field form-field frm_verify\" name=\"item_meta[419]\" value=\"\"  \/>\n\t\t<\/div>\n\t\t<input name=\"frm_state\" type=\"hidden\" value=\"lNnbFmSh4g2EN4cbOFZ\/DtnoSv13G4ZqP99Nmb\/4NVWtqVEFtRIHlwGiejNswpFp\" \/><\/div>\n<\/fieldset>\n<\/div>\n\n<p style=\"display: none !important;\" class=\"akismet-fields-container\" data-prefix=\"ak_\"><label>&#916;<textarea name=\"ak_hp_textarea\" cols=\"45\" rows=\"8\" maxlength=\"100\"><\/textarea><\/label><input type=\"hidden\" id=\"ak_js_1\" name=\"ak_js\" value=\"37\"\/><script type=\"text\/javascript\">\n\/* <![CDATA[ *\/\ndocument.getElementById( \"ak_js_1\" ).setAttribute( \"value\", ( new Date() ).getTime() );\n\/* ]]> *\/\n<\/script>\n<\/p><\/form>\n<\/div>\n<\/div>\n            \t\t\t\t<\/div>\n\t\t\t\t<\/div>\n\t\t\t\t\t<\/div>\n\t\t<\/div>\n\t\t\t\t\t<\/div>\n\t\t<\/section>\n\t\t\t\t<section class=\"elementor-section elementor-top-section elementor-element elementor-element-bqlt0sn elementor-section-boxed elementor-section-height-default elementor-section-height-default\" data-id=\"bqlt0sn\" data-element_type=\"section\" data-e-type=\"section\">\n\t\t\t\t\t\t<div class=\"elementor-container elementor-column-gap-default\">\n\t\t\t\t\t<div class=\"elementor-column elementor-col-100 elementor-top-column elementor-element elementor-element-gcm8twg\" data-id=\"gcm8twg\" data-element_type=\"column\" data-e-type=\"column\">\n\t\t\t<div class=\"elementor-widget-wrap elementor-element-populated\">\n\t\t\t\t\t\t<div class=\"elementor-element elementor-element-51xhzgf elementor-widget elementor-widget-spacer\" data-id=\"51xhzgf\" data-element_type=\"widget\" data-e-type=\"widget\" data-widget_type=\"spacer.default\">\n\t\t\t\t<div class=\"elementor-widget-container\">\n\t\t\t\t\t\t\t<div class=\"elementor-spacer\">\n\t\t\t<div class=\"elementor-spacer-inner\"><\/div>\n\t\t<\/div>\n\t\t\t\t\t\t<\/div>\n\t\t\t\t<\/div>\n\t\t\t\t\t<\/div>\n\t\t<\/div>\n\t\t\t\t\t<\/div>\n\t\t<\/section>\n\t\t\t\t<\/div>\n\t\t","protected":false},"excerpt":{"rendered":"<p>8STREME Europe Nous contacter Formulaire de contact g\u00e9n\u00e9ral Une question pr\u00e9cise ? Utilisez nos formulaires sp\u00e9cifiques ci-dessous Enregistrement de Garantie Vous venez d&#8217;acqu\u00e9rir un de nos produits, utilisez le formulaire d&#8217;enregistrement de garantie Formulaire Support et Sav Vous souhaitez nous &hellip; <a href=\"https:\/\/8streme.eu\/es\/contact-old\/\">Seguir leyendo<\/a><\/p>","protected":false},"author":3,"featured_media":0,"parent":0,"menu_order":82,"comment_status":"closed","ping_status":"closed","template":"","meta":{"_metasync_otto_title":"","_metasync_otto_description":"Contactez-nous via notre formulaire en ligne en remplissant les champs requis pour toute question ou demande. Nous sommes l\u00e0 pour vous aider.","_metasync_otto_keywords":"","_metasync_otto_og_title":"","_metasync_otto_og_description":"","_metasync_otto_twitter_title":"","_metasync_otto_twitter_description":"","rank_math_title":"","rank_math_description":"","_yoast_wpseo_title":"","_yoast_wpseo_metadesc":"","_aioseo_title":"","_aioseo_description":"","_metasync_seo_title":"","_metasync_seo_desc":"","_metasync_breadcrumb_title":"","_metasync_primary_category":0,"_metasync_primary_product_cat":0,"_metasync_otto_disabled":"","_metasync_hreflang":"","_metasync_plugin_sync_ts":"","_metasync_robots_advanced":"","footnotes":""},"class_list":["post-79","page","type-page","status-publish","hentry","_wholesalex wsx-wholesalex-product"],"_links":{"self":[{"href":"https:\/\/8streme.eu\/es\/wp-json\/wp\/v2\/pages\/79","targetHints":{"allow":["GET"]}}],"collection":[{"href":"https:\/\/8streme.eu\/es\/wp-json\/wp\/v2\/pages"}],"about":[{"href":"https:\/\/8streme.eu\/es\/wp-json\/wp\/v2\/types\/page"}],"author":[{"embeddable":true,"href":"https:\/\/8streme.eu\/es\/wp-json\/wp\/v2\/users\/3"}],"replies":[{"embeddable":true,"href":"https:\/\/8streme.eu\/es\/wp-json\/wp\/v2\/comments?post=79"}],"version-history":[{"count":12,"href":"https:\/\/8streme.eu\/es\/wp-json\/wp\/v2\/pages\/79\/revisions"}],"predecessor-version":[{"id":19795,"href":"https:\/\/8streme.eu\/es\/wp-json\/wp\/v2\/pages\/79\/revisions\/19795"}],"wp:attachment":[{"href":"https:\/\/8streme.eu\/es\/wp-json\/wp\/v2\/media?parent=79"}],"curies":[{"name":"wp","href":"https:\/\/api.w.org\/{rel}","templated":true}]}}