{"id":4414,"date":"2019-02-05T15:51:43","date_gmt":"2019-02-05T14:51:43","guid":{"rendered":"http:\/\/8streme.eu\/?page_id=4414"},"modified":"2025-01-23T14:08:43","modified_gmt":"2025-01-23T13:08:43","slug":"piezas-de-recambio-para-robot-7310","status":"publish","type":"page","link":"https:\/\/8streme.eu\/es\/pieces-detachees-robot-7310\/","title":{"rendered":"Piezas de recambio ROBOT 7310"},"content":{"rendered":"\t\t<div data-elementor-type=\"wp-post\" data-elementor-id=\"4414\" class=\"elementor elementor-4414\" data-elementor-post-type=\"page\">\n\t\t\t\t\t\t<section class=\"elementor-section elementor-top-section elementor-element elementor-element-25cae8a4 elementor-section-boxed elementor-section-height-default elementor-section-height-default\" data-id=\"25cae8a4\" data-element_type=\"section\" data-e-type=\"section\">\n\t\t\t\t\t\t<div class=\"elementor-container elementor-column-gap-default\">\n\t\t\t\t\t<div class=\"elementor-column elementor-col-100 elementor-top-column elementor-element elementor-element-3d8d5671\" data-id=\"3d8d5671\" data-element_type=\"column\" data-e-type=\"column\">\n\t\t\t<div class=\"elementor-widget-wrap elementor-element-populated\">\n\t\t\t\t\t\t<div class=\"elementor-element elementor-element-3443dbd elementor-widget elementor-widget-image\" data-id=\"3443dbd\" data-element_type=\"widget\" data-e-type=\"widget\" data-widget_type=\"image.default\">\n\t\t\t\t<div class=\"elementor-widget-container\">\n\t\t\t\t\t\t\t\t\t\t\t\t\t\t\t<img fetchpriority=\"high\" decoding=\"async\" width=\"600\" height=\"479\" src=\"https:\/\/8streme.eu\/wp-content\/uploads\/2018\/04\/vue-robot-piscine-7310-600x479.jpg\" class=\"attachment-woocommerce_single size-woocommerce_single wp-image-3389\" alt=\"\" srcset=\"https:\/\/8streme.eu\/wp-content\/uploads\/2018\/04\/vue-robot-piscine-7310-600x479.jpg 600w, https:\/\/8streme.eu\/wp-content\/uploads\/2018\/04\/vue-robot-piscine-7310-64x51.jpg 64w, https:\/\/8streme.eu\/wp-content\/uploads\/2018\/04\/vue-robot-piscine-7310-300x240.jpg 300w, https:\/\/8streme.eu\/wp-content\/uploads\/2018\/04\/vue-robot-piscine-7310-768x613.jpg 768w, https:\/\/8streme.eu\/wp-content\/uploads\/2018\/04\/vue-robot-piscine-7310-13x10.jpg 13w, https:\/\/8streme.eu\/wp-content\/uploads\/2018\/04\/vue-robot-piscine-7310-100x80.jpg 100w, https:\/\/8streme.eu\/wp-content\/uploads\/2018\/04\/vue-robot-piscine-7310-380x303.jpg 380w, https:\/\/8streme.eu\/wp-content\/uploads\/2018\/04\/vue-robot-piscine-7310-877x700.jpg 877w, https:\/\/8streme.eu\/wp-content\/uploads\/2018\/04\/vue-robot-piscine-7310.jpg 883w\" sizes=\"(max-width: 600px) 100vw, 600px\" \/>\t\t\t\t\t\t\t\t\t\t\t\t\t\t\t<\/div>\n\t\t\t\t<\/div>\n\t\t\t\t\t<\/div>\n\t\t<\/div>\n\t\t\t\t\t<\/div>\n\t\t<\/section>\n\t\t\t\t<section class=\"elementor-section elementor-top-section elementor-element elementor-element-c391a55 elementor-section-boxed elementor-section-height-default elementor-section-height-default\" data-id=\"c391a55\" data-element_type=\"section\" data-e-type=\"section\">\n\t\t\t\t\t\t<div class=\"elementor-container elementor-column-gap-default\">\n\t\t\t\t\t<div class=\"elementor-column elementor-col-100 elementor-top-column elementor-element elementor-element-d98bd58\" data-id=\"d98bd58\" data-element_type=\"column\" data-e-type=\"column\">\n\t\t\t<div class=\"elementor-widget-wrap elementor-element-populated\">\n\t\t\t\t\t\t<div class=\"elementor-element elementor-element-129ea67 elementor-widget elementor-widget-shortcode\" data-id=\"129ea67\" data-element_type=\"widget\" data-e-type=\"widget\" data-widget_type=\"shortcode.default\">\n\t\t\t\t<div class=\"elementor-widget-container\">\n\t\t\t\t\t\t\t<div class=\"elementor-shortcode\"><div class=\"woocommerce\"><\/div><table id=\"wcpt_f197e51bcea39ce8_1\" class=\"wc-product-table woocommerce multicart-enabled\" width=\"100%\" data-config=\"{&quot;pageLength&quot;:30,&quot;pagingType&quot;:&quot;simple_numbers&quot;,&quot;serverSide&quot;:true,&quot;autoWidth&quot;:true,&quot;clickFilter&quot;:&quot;false&quot;,&quot;scrollOffset&quot;:15,&quot;resetButton&quot;:false,&quot;multiAddToCart&quot;:false,&quot;multiCartLocation&quot;:&quot;top&quot;,&quot;variations&quot;:false,&quot;ajaxCart&quot;:true,&quot;numOrder&quot;:false,&quot;stickyHeader&quot;:false,&quot;lengthMenu&quot;:[[10,25,30,50,100,-1],[10,25,30,50,100,&quot;Todos&quot;]],&quot;columnDefs&quot;:[{&quot;className&quot;:&quot;col-repere-7310&quot;,&quot;targets&quot;:0,&quot;type&quot;:&quot;html&quot;},{&quot;className&quot;:&quot;col-name&quot;,&quot;targets&quot;:1,&quot;type&quot;:&quot;html&quot;},{&quot;className&quot;:&quot;col-price&quot;,&quot;targets&quot;:2,&quot;type&quot;:&quot;html-num&quot;},{&quot;className&quot;:&quot;col-buy col-add-to-cart&quot;,&quot;targets&quot;:3,&quot;type&quot;:&quot;html&quot;}],&quot;responsive&quot;:{&quot;details&quot;:{&quot;display&quot;:&quot;child_row&quot;}},&quot;search&quot;:{&quot;search&quot;:&quot;&quot;},&quot;dom&quot;:&quot;&lt;\\&quot;wc-product-table-wrapper stratusx wpt-styling-custom\\&quot;&lt;\\&quot;wc-product-table-controls wc-product-table-above\\&quot;&gt;t&lt;\\&quot;wc-product-table-controls wc-product-table-below\\&quot;p&gt;&gt;&quot;}\" data-filters=\"false\" data-order=\"[]\"><thead><tr><th class=\"all\" data-name=\"att_pa_repere-7310\" data-orderable=\"false\" data-searchable=\"true\" data-data=\"att:pa_repere-7310\">Num\u00e9ro (Vue 7310)<\/th><th data-name=\"name\" data-orderable=\"true\" data-searchable=\"true\" data-priority=\"1\" data-data=\"name\">Nombre<\/th><th data-name=\"price\" data-orderable=\"true\" data-searchable=\"true\" data-priority=\"3\" data-data=\"price\">Precio<\/th><th data-name=\"buy\" data-orderable=\"false\" data-searchable=\"true\" data-priority=\"2\" data-data=\"buy\">Comprar<\/th><\/tr><\/thead><\/table><\/div>\n\t\t\t\t\t\t<\/div>\n\t\t\t\t<\/div>\n\t\t\t\t\t<\/div>\n\t\t<\/div>\n\t\t\t\t\t<\/div>\n\t\t<\/section>\n\t\t\t\t<\/div>\n\t\t","protected":false},"excerpt":{"rendered":"","protected":false},"author":5,"featured_media":0,"parent":0,"menu_order":57,"comment_status":"closed","ping_status":"closed","template":"","meta":{"_metasync_otto_title":"","_metasync_otto_description":"D\u00e9couvrez notre gamme de pi\u00e8ces d\u00e9tach\u00e9es pour le robot 7310. Trouvez les pi\u00e8ces n\u00e9cessaires pour maintenir votre appareil en parfait \u00e9tat de fonctionnement.","_metasync_otto_keywords":"","_metasync_otto_og_title":"","_metasync_otto_og_description":"","_metasync_otto_twitter_title":"","_metasync_otto_twitter_description":"","rank_math_title":"","rank_math_description":"","_yoast_wpseo_title":"","_yoast_wpseo_metadesc":"","_aioseo_title":"","_aioseo_description":"","_metasync_seo_title":"","_metasync_seo_desc":"","_metasync_breadcrumb_title":"","_metasync_primary_category":0,"_metasync_primary_product_cat":0,"_metasync_otto_disabled":"","_metasync_hreflang":"","_metasync_plugin_sync_ts":"","_metasync_robots_advanced":"","footnotes":""},"class_list":["post-4414","page","type-page","status-publish","hentry","_wholesalex wsx-wholesalex-product"],"_links":{"self":[{"href":"https:\/\/8streme.eu\/es\/wp-json\/wp\/v2\/pages\/4414","targetHints":{"allow":["GET"]}}],"collection":[{"href":"https:\/\/8streme.eu\/es\/wp-json\/wp\/v2\/pages"}],"about":[{"href":"https:\/\/8streme.eu\/es\/wp-json\/wp\/v2\/types\/page"}],"author":[{"embeddable":true,"href":"https:\/\/8streme.eu\/es\/wp-json\/wp\/v2\/users\/5"}],"replies":[{"embeddable":true,"href":"https:\/\/8streme.eu\/es\/wp-json\/wp\/v2\/comments?post=4414"}],"version-history":[{"count":28,"href":"https:\/\/8streme.eu\/es\/wp-json\/wp\/v2\/pages\/4414\/revisions"}],"predecessor-version":[{"id":32784,"href":"https:\/\/8streme.eu\/es\/wp-json\/wp\/v2\/pages\/4414\/revisions\/32784"}],"wp:attachment":[{"href":"https:\/\/8streme.eu\/es\/wp-json\/wp\/v2\/media?parent=4414"}],"curies":[{"name":"wp","href":"https:\/\/api.w.org\/{rel}","templated":true}]}}