{"id":3360,"date":"2018-04-02T15:10:47","date_gmt":"2018-04-02T13:10:47","guid":{"rendered":"http:\/\/8streme.eu\/?page_id=3360"},"modified":"2022-06-29T16:58:56","modified_gmt":"2022-06-29T14:58:56","slug":"recambios-para-robot-5220-luna-10","status":"publish","type":"page","link":"https:\/\/8streme.eu\/es\/pieces-detachees-robot-5220-luna-10\/","title":{"rendered":"Piezas de recambio ROBOT 5220-LUNA 10"},"content":{"rendered":"\t\t<div data-elementor-type=\"wp-post\" data-elementor-id=\"3360\" class=\"elementor elementor-3360\" data-elementor-post-type=\"page\">\n\t\t\t\t\t\t<section class=\"elementor-section elementor-top-section elementor-element elementor-element-25cae8a4 elementor-section-boxed elementor-section-height-default elementor-section-height-default\" data-id=\"25cae8a4\" data-element_type=\"section\" data-e-type=\"section\">\n\t\t\t\t\t\t<div class=\"elementor-container elementor-column-gap-default\">\n\t\t\t\t\t<div class=\"elementor-column elementor-col-100 elementor-top-column elementor-element elementor-element-3d8d5671\" data-id=\"3d8d5671\" data-element_type=\"column\" data-e-type=\"column\">\n\t\t\t<div class=\"elementor-widget-wrap elementor-element-populated\">\n\t\t\t\t\t\t<div class=\"elementor-element elementor-element-3443dbd elementor-widget elementor-widget-image\" data-id=\"3443dbd\" data-element_type=\"widget\" data-e-type=\"widget\" data-widget_type=\"image.default\">\n\t\t\t\t<div class=\"elementor-widget-container\">\n\t\t\t\t\t\t\t\t\t\t\t\t\t\t\t<img fetchpriority=\"high\" decoding=\"async\" width=\"600\" height=\"487\" src=\"https:\/\/8streme.eu\/wp-content\/uploads\/2019\/08\/vue-eclatee-robot-8streme-5220-LUNA-10-600x487.jpg\" class=\"attachment-woocommerce_single size-woocommerce_single wp-image-8193\" alt=\"\" srcset=\"https:\/\/8streme.eu\/wp-content\/uploads\/2019\/08\/vue-eclatee-robot-8streme-5220-LUNA-10-600x487.jpg 600w, https:\/\/8streme.eu\/wp-content\/uploads\/2019\/08\/vue-eclatee-robot-8streme-5220-LUNA-10-64x52.jpg 64w, https:\/\/8streme.eu\/wp-content\/uploads\/2019\/08\/vue-eclatee-robot-8streme-5220-LUNA-10-300x244.jpg 300w, https:\/\/8streme.eu\/wp-content\/uploads\/2019\/08\/vue-eclatee-robot-8streme-5220-LUNA-10-768x624.jpg 768w, https:\/\/8streme.eu\/wp-content\/uploads\/2019\/08\/vue-eclatee-robot-8streme-5220-LUNA-10-1024x832.jpg 1024w, https:\/\/8streme.eu\/wp-content\/uploads\/2019\/08\/vue-eclatee-robot-8streme-5220-LUNA-10-123x100.jpg 123w, https:\/\/8streme.eu\/wp-content\/uploads\/2019\/08\/vue-eclatee-robot-8streme-5220-LUNA-10-98x80.jpg 98w, https:\/\/8streme.eu\/wp-content\/uploads\/2019\/08\/vue-eclatee-robot-8streme-5220-LUNA-10-373x303.jpg 373w, https:\/\/8streme.eu\/wp-content\/uploads\/2019\/08\/vue-eclatee-robot-8streme-5220-LUNA-10-862x700.jpg 862w, https:\/\/8streme.eu\/wp-content\/uploads\/2019\/08\/vue-eclatee-robot-8streme-5220-LUNA-10-1169x950.jpg 1169w, https:\/\/8streme.eu\/wp-content\/uploads\/2019\/08\/vue-eclatee-robot-8streme-5220-LUNA-10.jpg 1301w\" sizes=\"(max-width: 600px) 100vw, 600px\" \/>\t\t\t\t\t\t\t\t\t\t\t\t\t\t\t<\/div>\n\t\t\t\t<\/div>\n\t\t\t\t\t<\/div>\n\t\t<\/div>\n\t\t\t\t\t<\/div>\n\t\t<\/section>\n\t\t\t\t<section class=\"elementor-section elementor-top-section elementor-element elementor-element-b63277d elementor-section-boxed elementor-section-height-default elementor-section-height-default\" data-id=\"b63277d\" data-element_type=\"section\" data-e-type=\"section\">\n\t\t\t\t\t\t<div class=\"elementor-container elementor-column-gap-default\">\n\t\t\t\t\t<div class=\"elementor-column elementor-col-100 elementor-top-column elementor-element elementor-element-af48412\" data-id=\"af48412\" data-element_type=\"column\" data-e-type=\"column\">\n\t\t\t<div class=\"elementor-widget-wrap elementor-element-populated\">\n\t\t\t\t\t\t<div class=\"elementor-element elementor-element-635f2b7c elementor-widget elementor-widget-text-editor\" data-id=\"635f2b7c\" data-element_type=\"widget\" data-e-type=\"widget\" data-widget_type=\"text-editor.default\">\n\t\t\t\t<div class=\"elementor-widget-container\">\n\t\t\t\t\t\t\t\t\t<p><div class=\"woocommerce\"><\/div><table id=\"wcpt_35d7d50b33fdbfaa_1\" class=\"wc-product-table woocommerce multicart-enabled\" width=\"100%\" data-config=\"{&quot;pageLength&quot;:30,&quot;pagingType&quot;:&quot;simple_numbers&quot;,&quot;serverSide&quot;:true,&quot;autoWidth&quot;:true,&quot;clickFilter&quot;:&quot;false&quot;,&quot;scrollOffset&quot;:15,&quot;resetButton&quot;:false,&quot;multiAddToCart&quot;:false,&quot;multiCartLocation&quot;:&quot;top&quot;,&quot;variations&quot;:false,&quot;ajaxCart&quot;:true,&quot;numOrder&quot;:false,&quot;stickyHeader&quot;:false,&quot;lengthMenu&quot;:[[10,25,30,50,100,-1],[10,25,30,50,100,&quot;Todos&quot;]],&quot;columnDefs&quot;:[{&quot;className&quot;:&quot;col-repere-5220-luna-10&quot;,&quot;targets&quot;:0,&quot;type&quot;:&quot;html&quot;},{&quot;className&quot;:&quot;col-name&quot;,&quot;targets&quot;:1,&quot;type&quot;:&quot;html&quot;},{&quot;className&quot;:&quot;col-price&quot;,&quot;targets&quot;:2,&quot;type&quot;:&quot;html-num&quot;},{&quot;className&quot;:&quot;col-buy col-add-to-cart&quot;,&quot;targets&quot;:3,&quot;type&quot;:&quot;html&quot;}],&quot;responsive&quot;:{&quot;details&quot;:{&quot;display&quot;:&quot;child_row&quot;}},&quot;search&quot;:{&quot;search&quot;:&quot;&quot;},&quot;dom&quot;:&quot;&lt;\\&quot;wc-product-table-wrapper stratusx wpt-styling-custom\\&quot;&lt;\\&quot;wc-product-table-controls wc-product-table-above\\&quot;&gt;t&lt;\\&quot;wc-product-table-controls wc-product-table-below\\&quot;p&gt;&gt;&quot;}\" data-filters=\"false\" data-order=\"[]\"><thead><tr><th class=\"all\" data-name=\"att_pa_repere-5220-luna-10\" data-orderable=\"false\" data-searchable=\"true\" data-data=\"att:pa_repere-5220-luna-10\">Num\u00e9ro (Vue 5220-Luna 10)<\/th><th data-name=\"name\" data-orderable=\"true\" data-searchable=\"true\" data-priority=\"1\" data-data=\"name\">Nombre<\/th><th data-name=\"price\" data-orderable=\"true\" data-searchable=\"true\" data-priority=\"3\" data-data=\"price\">Precio<\/th><th data-name=\"buy\" data-orderable=\"false\" data-searchable=\"true\" data-priority=\"2\" data-data=\"buy\">Comprar<\/th><\/tr><\/thead><\/table><\/span><\/p>\t\t\t\t\t\t\t\t<\/div>\n\t\t\t\t<\/div>\n\t\t\t\t\t<\/div>\n\t\t<\/div>\n\t\t\t\t\t<\/div>\n\t\t<\/section>\n\t\t\t\t<\/div>\n\t\t","protected":false},"excerpt":{"rendered":"","protected":false},"author":3,"featured_media":0,"parent":0,"menu_order":53,"comment_status":"closed","ping_status":"closed","template":"","meta":{"_metasync_otto_title":"","_metasync_otto_description":"Trouvez et achetez des pi\u00e8ces d\u00e9tach\u00e9es pour votre robot 5220-Luna 10. D\u00e9couvrez notre s\u00e9lection de pi\u00e8ces pour votre robot m\u00e9nager.","_metasync_otto_keywords":"","_metasync_otto_og_title":"","_metasync_otto_og_description":"","_metasync_otto_twitter_title":"","_metasync_otto_twitter_description":"","rank_math_title":"","rank_math_description":"","_yoast_wpseo_title":"","_yoast_wpseo_metadesc":"","_aioseo_title":"","_aioseo_description":"","_metasync_seo_title":"","_metasync_seo_desc":"","_metasync_breadcrumb_title":"","_metasync_primary_category":0,"_metasync_primary_product_cat":0,"_metasync_otto_disabled":"","_metasync_hreflang":"","_metasync_plugin_sync_ts":"","_metasync_robots_advanced":"","footnotes":""},"class_list":["post-3360","page","type-page","status-publish","hentry","_wholesalex wsx-wholesalex-product"],"_links":{"self":[{"href":"https:\/\/8streme.eu\/es\/wp-json\/wp\/v2\/pages\/3360","targetHints":{"allow":["GET"]}}],"collection":[{"href":"https:\/\/8streme.eu\/es\/wp-json\/wp\/v2\/pages"}],"about":[{"href":"https:\/\/8streme.eu\/es\/wp-json\/wp\/v2\/types\/page"}],"author":[{"embeddable":true,"href":"https:\/\/8streme.eu\/es\/wp-json\/wp\/v2\/users\/3"}],"replies":[{"embeddable":true,"href":"https:\/\/8streme.eu\/es\/wp-json\/wp\/v2\/comments?post=3360"}],"version-history":[{"count":44,"href":"https:\/\/8streme.eu\/es\/wp-json\/wp\/v2\/pages\/3360\/revisions"}],"predecessor-version":[{"id":24198,"href":"https:\/\/8streme.eu\/es\/wp-json\/wp\/v2\/pages\/3360\/revisions\/24198"}],"wp:attachment":[{"href":"https:\/\/8streme.eu\/es\/wp-json\/wp\/v2\/media?parent=3360"}],"curies":[{"name":"wp","href":"https:\/\/api.w.org\/{rel}","templated":true}]}}