{"id":29388,"date":"2024-01-02T17:11:56","date_gmt":"2024-01-02T16:11:56","guid":{"rendered":"https:\/\/8streme.eu\/?page_id=29388"},"modified":"2024-01-02T17:12:31","modified_gmt":"2024-01-02T16:12:31","slug":"el-limpiafondos-8streme-7310-8streme-7320-ya-no-se-pone-en-marcha","status":"publish","type":"page","link":"https:\/\/8streme.eu\/es\/le-robot-piscine-8streme-7310-8streme-7320-ne-demarre-plus\/","title":{"rendered":"El ROBOT PISCINA 8STREME 7310, 8STREME 7320 ya no se pone en marcha."},"content":{"rendered":"<div data-elementor-type=\"wp-page\" data-elementor-id=\"29388\" class=\"elementor elementor-29388\" data-elementor-post-type=\"page\">\n\t\t\t\t\t\t<section class=\"elementor-section elementor-top-section elementor-element elementor-element-39da36e elementor-section-boxed elementor-section-height-default elementor-section-height-default\" data-id=\"39da36e\" data-element_type=\"section\" data-e-type=\"section\">\n\t\t\t\t\t\t<div class=\"elementor-container elementor-column-gap-default\">\n\t\t\t\t\t<div class=\"elementor-column elementor-col-100 elementor-top-column elementor-element elementor-element-5223eb9\" data-id=\"5223eb9\" data-element_type=\"column\" data-e-type=\"column\">\n\t\t\t<div class=\"elementor-widget-wrap elementor-element-populated\">\n\t\t\t\t\t\t<div class=\"elementor-element elementor-element-74f48e8 elementor-widget elementor-widget-text-editor\" data-id=\"74f48e8\" data-element_type=\"widget\" data-e-type=\"widget\" data-widget_type=\"text-editor.default\">\n\t\t\t\t<div class=\"elementor-widget-container\">\n\t\t\t\t\t\t\t\t\t<p style=\"font-weight: 400;\">\u00bfMi ROBOT PISCINA 8STREME 7310, 8STREME 7320 no arranca? \u00bfNo funciona? \u00bfNo funciona? \u00bfNo se enciende? \u00a0<\/p><p style=\"font-weight: 400;\">\u00a0<\/p><h1>1\/ Comprobar la alimentaci\u00f3n el\u00e9ctrica<\/h1><p style=\"font-weight: 400;\">Compruebe que el transformador funciona.<\/p><p style=\"font-weight: 400;\">Cuando enchufes el transformador, el LED azul se iluminar\u00e1 de forma continua, indicando que la fuente de alimentaci\u00f3n funciona con normalidad.<\/p><p style=\"font-weight: 400;\">Si no se enciende ning\u00fan LED, el transformador no est\u00e1 alimentado.<\/p><p style=\"font-weight: 400;\">Compruebe que la toma de corriente tiene corriente. Si es as\u00ed, probablemente tendr\u00e1s que cambiar el transformador.<\/p><p style=\"font-weight: 400;\">\u00a0<\/p><p style=\"font-weight: 400;\">Cuando la luz azul est\u00e9 encendida, puedes girar el interruptor situado en el lateral del transformador hacia la derecha y, a continuaci\u00f3n, pulsar el bot\u00f3n de encendido situado arriba para ponerlo en marcha. Una luz roja deber\u00eda encenderse para indicar que el ciclo de limpieza ha comenzado y permanecer\u00e1 encendida hasta que el ciclo se complete.<\/p><p style=\"font-weight: 400;\">Enlace al ROBOT DE PISCINA 8STREME 7310, 8STREME 7320:<\/p><p style=\"font-weight: 400;\"><a href=\"https:\/\/www.youtube.com\/watch?v=8Bwj47cupHI&amp;list=PLWoiTHw_wDWv8tDa7QGiQrazACbyhJHXd&amp;index=14\">https:\/\/www.youtube.com\/watch?v=8Bwj47cupHI&amp;list=PLWoiTHw_wDWv8tDa7QGiQrazACbyhJHXd&amp;index=14<\/a><\/p><p style=\"font-weight: 400;\">Si la luz permanece encendida y la luz roja no se enciende, el transformador no est\u00e1 alimentado.<\/p><p style=\"font-weight: 400;\">Compruebe que la toma de corriente tiene corriente. Si es as\u00ed, probablemente tendr\u00e1s que cambiar el transformador.<\/p><p style=\"font-weight: 400;\">Si ambos LED se apagan, hay un problema con la alimentaci\u00f3n o la conexi\u00f3n. Compruebe que las conexiones de los cables son correctas, estancas y est\u00e1n insertadas en la direcci\u00f3n adecuada.<\/p><p style=\"font-weight: 400;\">\u00a0<\/p><h1>2\/ Comprobar la conexi\u00f3n el\u00e9ctrica<\/h1><p style=\"font-weight: 400;\">Si las luces azul y roja del transformador est\u00e1n encendidas, pero las luces del flotador est\u00e1n apagadas, compruebe que las conexiones de los cables son correctas, estancas y est\u00e1n insertadas en el sentido correcto.<\/p><p style=\"font-weight: 400;\">Enlace a la conexi\u00f3n de la PISCINA ROBOT 8STREME\u00a0<strong>7310, 8STREME 7320<\/strong><strong>\u00a0:\u00a0<\/strong><a href=\"https:\/\/www.youtube.com\/watch?v=3PPJU9pLre0&amp;list=PLWoiTHw_wDWv8tDa7QGiQrazACbyhJHXd&amp;index=15\">https:\/\/www.youtube.com\/watch?v=3PPJU9pLre0&amp;list=PLWoiTHw_wDWv8tDa7QGiQrazACbyhJHXd&amp;index=15<\/a><\/p><p style=\"font-weight: 400;\">Cuando los cables est\u00e1n correctamente conectados, el LED azul del flotador se enciende de forma continua para indicar que llega corriente al flotador.<\/p><p style=\"font-weight: 400;\">Si no se enciende ninguna luz, el flotador no est\u00e1 alimentado.<\/p><p style=\"font-weight: 400;\">Compruebe que ha encendido el transformador y que el cable de flotaci\u00f3n entre el transformador y el flotador est\u00e1 correctamente conectado.<\/p><p style=\"font-weight: 400;\">Si todo va bien, probablemente habr\u00e1 que cambiar el cable flotante o el flotador.<\/p><p style=\"font-weight: 400;\">\u00a0<\/p><p style=\"font-weight: 400;\">Cuando la luz azul est\u00e1 encendida, la luz verde debe encenderse cuando la bomba del robot est\u00e1 funcionando. Esta luz no se enciende cuando el ROBOT PISCINE 8STREME\u00a0<strong>7310, 8STREME 7320<\/strong><strong>\u00a0<\/strong>ha completado su ciclo de limpieza o durante determinadas fases del funcionamiento del aparato (por ejemplo, despu\u00e9s de subir por las paredes).<\/p><p style=\"font-weight: 400;\">Si la luz verde no se enciende, la bomba del robot no est\u00e1 alimentada.<\/p><p style=\"font-weight: 400;\">Compruebe que ha encendido el transformador y que el cable flotante entre el flotador y el robot est\u00e1 correctamente conectado. Tambi\u00e9n puede comprobar que la luz roja de la salida del flotador est\u00e1 encendida desenroscando el cable flotante entre el flotador y el robot.<\/p><p style=\"font-weight: 400;\">Si se encienden las luces azul y roja, pero no se enciende la luz verde, deber\u00e1 sustituir el cable del flotador o el flotador.<\/p><p style=\"font-weight: 400;\">Si la luz azul es la \u00fanica que se enciende, probablemente haya que cambiar el flotador.\u00a0<\/p><p style=\"font-weight: 400;\">\u00a0<\/p><p style=\"font-weight: 400;\">Le invitamos a comprobar el estado de sus clavijas de conexi\u00f3n, para ver si presentan alg\u00fan signo de oxidaci\u00f3n. Si una clavija est\u00e1 oxidada, se recomienda encarecidamente sustituirla.<\/p><p style=\"font-weight: 400;\">\u00a0<\/p><h1>3\/ P\u00f3ngase en contacto con su distribuidor o con el servicio posventa de 8STREME<\/h1><p style=\"font-weight: 400;\">Si ninguna de estas comprobaciones ha dado resultado, p\u00f3ngase en contacto con su distribuidor o con el servicio posventa de 8STREME.<\/p><p>Informaci\u00f3n de contacto del servicio de atenci\u00f3n al cliente de 8STREME :<\/p><p>8STREME Servicio postventa<\/p><p>6 RUE DES FRERES MICHELIN<\/p><p>10600 LA CHAPELLE SAINT LUC<\/p><p>FRANCIA<\/p><p>03 10 64 60 26<\/p><p><a href=\"mailto:service@8streme.eu\">service@8streme.eu<\/a><\/p>\t\t\t\t\t\t\t\t<\/div>\n\t\t\t\t<\/div>\n\t\t\t\t\t<\/div>\n\t\t<\/div>\n\t\t\t\t\t<\/div>\n\t\t<\/section>\n\t\t\t\t<\/div>","protected":false},"excerpt":{"rendered":"<p>Mi robot de piscina 8STREME 7310, 8STREME 7320 no arranca? \u00bfYa no funciona? \u00bfNo funciona? \u00bfYa no enciende? 1\/ Comprobar la alimentaci\u00f3n Le invitamos a comprobar si el transformador funciona. Cuando conecta el transformador, el\u2026 <a href=\"https:\/\/8streme.eu\/es\/le-robot-piscine-8streme-7310-8streme-7320-ne-demarre-plus\/\">Seguir leyendo<\/a><\/p>","protected":false},"author":5,"featured_media":0,"parent":0,"menu_order":0,"comment_status":"closed","ping_status":"closed","template":"","meta":{"_metasync_otto_title":"Solutions de d\u00e9pannage pour d\u00e9marrer le robot piscine.","_metasync_otto_description":"Solutions si robot piscine 8STREME 7310, 8STREME 7320 ne d\u00e9marre pas : v\u00e9rifiez transformateur, connexions et pompe pour bon fonctionnement.","_metasync_otto_keywords":"","_metasync_otto_og_title":"","_metasync_otto_og_description":"","_metasync_otto_twitter_title":"","_metasync_otto_twitter_description":"","rank_math_title":"","rank_math_description":"","_yoast_wpseo_title":"","_yoast_wpseo_metadesc":"","_aioseo_title":"","_aioseo_description":"","_metasync_seo_title":"","_metasync_seo_desc":"","_metasync_breadcrumb_title":"","_metasync_primary_category":0,"_metasync_primary_product_cat":0,"_metasync_otto_disabled":"","_metasync_hreflang":"","_metasync_plugin_sync_ts":"","_metasync_robots_advanced":"","footnotes":""},"class_list":["post-29388","page","type-page","status-publish","hentry","_wholesalex wsx-wholesalex-product"],"_links":{"self":[{"href":"https:\/\/8streme.eu\/es\/wp-json\/wp\/v2\/pages\/29388","targetHints":{"allow":["GET"]}}],"collection":[{"href":"https:\/\/8streme.eu\/es\/wp-json\/wp\/v2\/pages"}],"about":[{"href":"https:\/\/8streme.eu\/es\/wp-json\/wp\/v2\/types\/page"}],"author":[{"embeddable":true,"href":"https:\/\/8streme.eu\/es\/wp-json\/wp\/v2\/users\/5"}],"replies":[{"embeddable":true,"href":"https:\/\/8streme.eu\/es\/wp-json\/wp\/v2\/comments?post=29388"}],"version-history":[{"count":4,"href":"https:\/\/8streme.eu\/es\/wp-json\/wp\/v2\/pages\/29388\/revisions"}],"predecessor-version":[{"id":29394,"href":"https:\/\/8streme.eu\/es\/wp-json\/wp\/v2\/pages\/29388\/revisions\/29394"}],"wp:attachment":[{"href":"https:\/\/8streme.eu\/es\/wp-json\/wp\/v2\/media?parent=29388"}],"curies":[{"name":"wp","href":"https:\/\/api.w.org\/{rel}","templated":true}]}}