{"id":29360,"date":"2024-01-02T17:05:22","date_gmt":"2024-01-02T16:05:22","guid":{"rendered":"https:\/\/8streme.eu\/?page_id=29360"},"modified":"2024-01-02T17:06:58","modified_gmt":"2024-01-02T16:06:58","slug":"el-robot-de-piscina-8streme-7310-8streme-7320-flota-en-la-superficie","status":"publish","type":"page","link":"https:\/\/8streme.eu\/es\/le-robot-piscine-8streme-7310-8streme-7320-flotte-a-la-surface\/","title":{"rendered":"El ROBOT PISCINA 8STREME 7310, 8STREME 7320 flota en la superficie"},"content":{"rendered":"<div data-elementor-type=\"wp-page\" data-elementor-id=\"29360\" class=\"elementor elementor-29360\" data-elementor-post-type=\"page\">\n\t\t\t\t\t\t<section class=\"elementor-section elementor-top-section elementor-element elementor-element-4b5f6b2 elementor-section-boxed elementor-section-height-default elementor-section-height-default\" data-id=\"4b5f6b2\" data-element_type=\"section\" data-e-type=\"section\">\n\t\t\t\t\t\t<div class=\"elementor-container elementor-column-gap-default\">\n\t\t\t\t\t<div class=\"elementor-column elementor-col-100 elementor-top-column elementor-element elementor-element-d953591\" data-id=\"d953591\" data-element_type=\"column\" data-e-type=\"column\">\n\t\t\t<div class=\"elementor-widget-wrap elementor-element-populated\">\n\t\t\t\t\t\t<div class=\"elementor-element elementor-element-5768221 elementor-widget elementor-widget-text-editor\" data-id=\"5768221\" data-element_type=\"widget\" data-e-type=\"widget\" data-widget_type=\"text-editor.default\">\n\t\t\t\t<div class=\"elementor-widget-container\">\n\t\t\t\t\t\t\t\t\t<h1>1\/ Compruebe la compatibilidad del ROBOT 8STREME POOL\u00a0<strong>7310, 8STREME 7320\u00a0<\/strong>con su piscina<\/h1><p style=\"font-weight: 400;\">Compruebe que su ROBOT POOL 8STREME\u00a0<strong>7310, 8STREME 7320<\/strong>\u00a0es compatible con el modelo, tipo y revestimiento de su piscina.<\/p><p style=\"font-weight: 400;\">Nos gustar\u00eda llamar su atenci\u00f3n sobre el hecho de que nuestro 8STREME\u00a0<strong>7310, 8STREME 7320<\/strong><strong>\u00a0<\/strong>no sube escaleras.<\/p><p style=\"font-weight: 400;\">Si el nivel del agua de su piscina es demasiado alto, esto tambi\u00e9n puede afectar al funcionamiento del ROBOT PISCINE 8STREME.\u00a0<strong>7310, 8STREME 7320<\/strong>. Existe el riesgo de que se vuelque y se llene de aire si toca las piedras de coronaci\u00f3n.<\/p><p style=\"font-weight: 400;\">\u00a0<\/p><h1>2\/ Compruebe el tratamiento del agua de su piscina<\/h1><p style=\"font-weight: 400;\">Un tratamiento incorrecto del agua puede afectar al funcionamiento de su 8STREME ROBOT POOL.<\/p><p style=\"font-weight: 400;\">Comprueba que el agua est\u00e9 a la temperatura adecuada. Debe estar entre 5 y 36 \u00b0C.<\/p><p style=\"font-weight: 400;\">Le recomendamos que compruebe que su pH est\u00e1 en el nivel adecuado. El pH \u00f3ptimo est\u00e1 entre 7,2 y 7,4.<\/p><p style=\"font-weight: 400;\">Si tiene una piscina de cloro, el contenido \u00f3ptimo de cloro est\u00e1 entre 2 y 3 ppm.<\/p><p style=\"font-weight: 400;\">Si tiene una piscina de sal, el contenido de NaCl debe estar entre 2700 y 4500 ppm.<\/p><p style=\"font-weight: 400;\">Le invitamos a comprobar que no hay algas (verdes o transparentes) en su piscina. Nuestros ROBOTS DE PISCINA 8STREME\u00a0<strong>7310, 8STREME 7320<\/strong><strong>\u00a0<\/strong>est\u00e1n dise\u00f1ados para facilitar el mantenimiento de la piscina. Sin embargo, no est\u00e1n dise\u00f1ados para limpiar las algas. Por favor, trate su piscina antes de utilizar el ROBOT PISCINE 8STREME.\u00a0<strong>7310, 8STREME 7320<\/strong>.<\/p><p style=\"font-weight: 400;\">Comprueba que no haya restos de grasa en las paredes. Si es as\u00ed, utilice un cepillo de mano para eliminarlos.<\/p><p style=\"font-weight: 400;\">\u00a0<\/p><h1>3\/ Compruebe que el ROBOT 8STREME POOL est\u00e1 correctamente encendido.\u00a0<strong>7310, 8STREME 7320<\/strong><\/h1><p style=\"font-weight: 400;\">Al poner el ROBOT PISCINA 8STREME\u00a0<strong>7310, 8STREME 7320<\/strong>\u00a0en su piscina, deje que se hunda y llegue al suelo antes de encenderla.<\/p><p style=\"font-weight: 400;\">\u00a0<\/p><p style=\"font-weight: 400;\">\u00a0<\/p><h1>4\/ Compruebe que no haya objetos extra\u00f1os en el camino de la PISCINA ROBOT 8STREME 7310, 8STREME 7320.<\/h1><p style=\"font-weight: 400;\">Cuando el ROBOT PISCINA 8STREME\u00a0<strong>7310, 8STREME 7320\u00a0<\/strong>no avanza, es posible que un objeto extra\u00f1o est\u00e9 obstruyendo el movimiento del ROBOT PISCINA 8STREME\u00a0<strong>7310, 8STREME 7320<\/strong>.<\/p><p style=\"font-weight: 400;\">Compruebe que no haya objetos extra\u00f1os en la turbina situada encima del motor, en las escobillas o en las correas situadas debajo del robot y en los laterales.<\/p><p style=\"font-weight: 400;\">Compruebe que el cesto de recogida de suciedad no est\u00e9 lleno. Si lo est\u00e1, vac\u00edelo y l\u00edmpielo.<\/p><p style=\"font-weight: 400;\">Si utiliza el filtro fino, compruebe que se ha retirado el envoltorio de pl\u00e1stico del filtro fino. Sumerja el filtro fino en agua para que ya est\u00e9 h\u00famedo antes de colocarlo en la PISCINA ROBOT, y deje la PISCINA ROBOT 8STREME\u00a0<strong>7310, 8STREME 7320<\/strong>\u00a0al suelo antes de ponerlo en marcha.<\/p><p style=\"font-weight: 400;\">\u00a0<\/p><h1>5\/ P\u00f3ngase en contacto con su distribuidor o con el servicio posventa de 8STREME<\/h1><p style=\"font-weight: 400;\">Si ninguna de estas comprobaciones ha dado resultado, p\u00f3ngase en contacto con su distribuidor o con el servicio posventa de 8STREME.<\/p><p>Informaci\u00f3n de contacto del servicio de atenci\u00f3n al cliente de 8STREME :<\/p><p>8STREME Servicio postventa<\/p><p>6 RUE DES FRERES MICHELIN<\/p><p>10600 LA CHAPELLE SAINT LUC<\/p><p>FRANCIA<\/p><p>03 10 64 60 26<\/p><p><a href=\"mailto:service@8streme.eu\">service@8streme.eu<\/a><\/p>\t\t\t\t\t\t\t\t<\/div>\n\t\t\t\t<\/div>\n\t\t\t\t\t<\/div>\n\t\t<\/div>\n\t\t\t\t\t<\/div>\n\t\t<\/section>\n\t\t\t\t<\/div>","protected":false},"excerpt":{"rendered":"<p>1\/ Verifique la compatibilidad del ROBOT PARA PISCINA 8STREME 7310, 8STREME 7320 con su piscina Verifique que su ROBOT PARA PISCINA 8STREME 7310, 8STREME 7320 sea compatible con el modelo, tipo y revestimiento de su piscina. Le informamos que... <a href=\"https:\/\/8streme.eu\/es\/le-robot-piscine-8streme-7310-8streme-7320-flotte-a-la-surface\/\">Seguir leyendo<\/a><\/p>","protected":false},"author":5,"featured_media":0,"parent":0,"menu_order":0,"comment_status":"closed","ping_status":"closed","template":"","meta":{"_metasync_otto_title":"","_metasync_otto_description":"","_metasync_otto_keywords":"","_metasync_otto_og_title":"","_metasync_otto_og_description":"","_metasync_otto_twitter_title":"","_metasync_otto_twitter_description":"","rank_math_title":"","rank_math_description":"","_yoast_wpseo_title":"","_yoast_wpseo_metadesc":"","_aioseo_title":"","_aioseo_description":"","_metasync_seo_title":"","_metasync_seo_desc":"","_metasync_breadcrumb_title":"","_metasync_primary_category":0,"_metasync_primary_product_cat":0,"_metasync_otto_disabled":"","_metasync_hreflang":"","_metasync_plugin_sync_ts":"","_metasync_robots_advanced":"","footnotes":""},"class_list":["post-29360","page","type-page","status-publish","hentry","_wholesalex wsx-wholesalex-product"],"_links":{"self":[{"href":"https:\/\/8streme.eu\/es\/wp-json\/wp\/v2\/pages\/29360","targetHints":{"allow":["GET"]}}],"collection":[{"href":"https:\/\/8streme.eu\/es\/wp-json\/wp\/v2\/pages"}],"about":[{"href":"https:\/\/8streme.eu\/es\/wp-json\/wp\/v2\/types\/page"}],"author":[{"embeddable":true,"href":"https:\/\/8streme.eu\/es\/wp-json\/wp\/v2\/users\/5"}],"replies":[{"embeddable":true,"href":"https:\/\/8streme.eu\/es\/wp-json\/wp\/v2\/comments?post=29360"}],"version-history":[{"count":5,"href":"https:\/\/8streme.eu\/es\/wp-json\/wp\/v2\/pages\/29360\/revisions"}],"predecessor-version":[{"id":29367,"href":"https:\/\/8streme.eu\/es\/wp-json\/wp\/v2\/pages\/29360\/revisions\/29367"}],"wp:attachment":[{"href":"https:\/\/8streme.eu\/es\/wp-json\/wp\/v2\/media?parent=29360"}],"curies":[{"name":"wp","href":"https:\/\/api.w.org\/{rel}","templated":true}]}}