{"id":29308,"date":"2024-01-02T16:55:26","date_gmt":"2024-01-02T15:55:26","guid":{"rendered":"https:\/\/8streme.eu\/?page_id=29308"},"modified":"2024-01-02T16:55:54","modified_gmt":"2024-01-02T15:55:54","slug":"el-limpiafondos-8streme-5200-j2x-5210-j200-5212-5220-luna-10-5222-5310-se-mueve-en-una-sola-direccion","status":"publish","type":"page","link":"https:\/\/8streme.eu\/es\/le-robot-piscine-8streme-5200-j2x-5210-j200-5212-5220-luna-10-5222-5310-ne-se-deplace-que-dans-une-seule-direction\/","title":{"rendered":"El ROBOT PISCINA 8STREME 5200-J2X, 5210-J200, 5212, 5220-LUNA 10, 5222, 5310 se mueve en una sola direcci\u00f3n"},"content":{"rendered":"<div data-elementor-type=\"wp-page\" data-elementor-id=\"29308\" class=\"elementor elementor-29308\" data-elementor-post-type=\"page\">\n\t\t\t\t\t\t<section class=\"elementor-section elementor-top-section elementor-element elementor-element-867939f elementor-section-boxed elementor-section-height-default elementor-section-height-default\" data-id=\"867939f\" data-element_type=\"section\" data-e-type=\"section\">\n\t\t\t\t\t\t<div class=\"elementor-container elementor-column-gap-default\">\n\t\t\t\t\t<div class=\"elementor-column elementor-col-100 elementor-top-column elementor-element elementor-element-ecfce10\" data-id=\"ecfce10\" data-element_type=\"column\" data-e-type=\"column\">\n\t\t\t<div class=\"elementor-widget-wrap elementor-element-populated\">\n\t\t\t\t\t\t<div class=\"elementor-element elementor-element-3acb1ba elementor-widget elementor-widget-text-editor\" data-id=\"3acb1ba\" data-element_type=\"widget\" data-e-type=\"widget\" data-widget_type=\"text-editor.default\">\n\t\t\t\t<div class=\"elementor-widget-container\">\n\t\t\t\t\t\t\t\t\t<p style=\"font-weight: 400;\">\u00bfMi ROBOT PISCINA 8STREME 5200-J2X, 8STREME 5210-J200, 8STREME 5212, 8STREME 5220-LUNA 10, 8STREME 5222, 8STREME 5310 se mueve en una sola direcci\u00f3n? \u00bfSe mueve hacia delante pero no hacia atr\u00e1s?<\/p><p style=\"font-weight: 400;\">\u00a0<\/p><h1>1\/ Compruebe la compatibilidad del ROBOT POOL 8STREME 5200-J2X, 8STREME 5210-J200, 8STREME 5212, 8STREME 5220-LUNA 10, 8STREME 5222, 8STREME 5310 con su piscina.<\/h1><p style=\"font-weight: 400;\">Compruebe que su ROBOT POOL 8STREME 5200-J2X, 8STREME 5210-J200, 8STREME 5212, 8STREME 5220-LUNA 10, 8STREME 5222, 8STREME 5310 es compatible con el modelo, tipo y revestimiento de su piscina.<\/p><p style=\"font-weight: 400;\">\u00a0<\/p><h1>2\/ Compruebe el tratamiento del agua de su piscina<\/h1><p style=\"font-weight: 400;\">Un tratamiento incorrecto del agua puede afectar al funcionamiento de su ROBOT PISCINA 8STREME 5200-J2X, 8STREME 5210-J200, 8STREME 5212, 8STREME 5220-LUNA 10, 8STREME 5222, 8STREME 5310.<\/p><p style=\"font-weight: 400;\">Comprueba que el agua est\u00e9 a la temperatura adecuada. Debe estar entre 5 y 36 \u00b0C.<\/p><p style=\"font-weight: 400;\">Le recomendamos que compruebe que su pH est\u00e1 en el nivel adecuado. El pH \u00f3ptimo est\u00e1 entre 7,2 y 7,4.<\/p><p style=\"font-weight: 400;\">Si tiene una piscina de cloro, el contenido \u00f3ptimo de cloro est\u00e1 entre 2 y 3 ppm.<\/p><p style=\"font-weight: 400;\">Si tiene una piscina de sal, el contenido de NaCl debe estar entre 2700 y 4500 ppm.<\/p><p style=\"font-weight: 400;\">Le invitamos a comprobar que no hay presencia de algas (verdes o transparentes) en su piscina. Nuestros ROBOTS DE PISCINA 8STREME 5200-J2X, 8STREME 5210-J200, 8STREME 5212, 8STREME 5220-LUNA 10, 8STREME 5222, 8STREME 5310 est\u00e1n dise\u00f1ados para facilitar el mantenimiento de la piscina. Sin embargo, no est\u00e1n dise\u00f1ados para limpiar las algas. Por favor, trate su piscina antes de utilizar el ROBOT PISCINE 8STREME5200-J2X, 8STREME 5210-J200, 8STREME 5212, 8STREME 5220-LUNA 10, 8STREME 5222, 8STREME 5310.<\/p><p style=\"font-weight: 400;\">Comprueba que no haya restos de grasa en las paredes. Si es as\u00ed, utilice un cepillo de mano para eliminarlos.<\/p><p style=\"font-weight: 400;\">\u00a0<\/p><h1>3\/ Comprobar la alimentaci\u00f3n y la conexi\u00f3n el\u00e9ctrica<\/h1><p style=\"font-weight: 400;\">Cuando el ROBOT PISCINA 8STREME se mueve en una sola direcci\u00f3n, es posible que no se transmita potencia al ROBOT PISCINA 8STREME 5200-J2X, 8STREME 5210-J200, 8STREME 5212, 8STREME 5220-LUNA 10, 8STREME 5222, 8STREME 5310 o que la potencia transmitida sea insuficiente.<\/p><p style=\"font-weight: 400;\">Le invitamos a comprobar que el transformador funciona y que las conexiones de los cables son correctas, estancas y est\u00e1n insertadas en la direcci\u00f3n adecuada.<\/p><p style=\"font-weight: 400;\">Enlace para conectar los cables del ROBOT POOL 8STREME 5200-J2X :\u00a0<a href=\"https:\/\/www.youtube.com\/watch?v=1kmYS4521tU&amp;list=PLWoiTHw_wDWuyX-0fggC-UzWEwVnIynCi&amp;index=1\">https:\/\/www.youtube.com\/watch?v=1kmYS4521tU&amp;list=PLWoiTHw_wDWuyX-0fggC-UzWEwVnIynCi&amp;index=1<\/a><\/p><p style=\"font-weight: 400;\">Enlace para conectar los cables del ROBOT PISCINA 8STREME 5210-J200, 8STREME 5212:\u00a0<a href=\"https:\/\/www.youtube.com\/watch?v=B-c3QgWLVdc&amp;list=PLWoiTHw_wDWs7Ki4BXYGA3rXJjyFkgSsK&amp;index=3\">https:\/\/www.youtube.com\/watch?v=B-c3QgWLVdc&amp;list=PLWoiTHw_wDWs7Ki4BXYGA3rXJjyFkgSsK&amp;index=3<\/a><\/p><p style=\"font-weight: 400;\">Enlace para conectar los cables del ROBOT PISCINA 8STREME 5220-LUNA 10, 8STREME 5222:\u00a0<a href=\"https:\/\/www.youtube.com\/watch?v=gP_z_iOmX2A&amp;list=PLWoiTHw_wDWui0WuFoqDcDC5flkTzWiag&amp;index=5\">https:\/\/www.youtube.com\/watch?v=gP_z_iOmX2A&amp;list=PLWoiTHw_wDWui0WuFoqDcDC5flkTzWiag&amp;index=5<\/a><\/p><p style=\"font-weight: 400;\">Enlace para conectar los cables del ROBOT PISCINA 8STREME 5310:\u00a0<a href=\"https:\/\/www.youtube.com\/watch?v=3PPJU9pLre0&amp;list=PLWoiTHw_wDWv8tDa7QGiQrazACbyhJHXd&amp;index=15\">https:\/\/www.youtube.com\/watch?v=3PPJU9pLre0&amp;list=PLWoiTHw_wDWv8tDa7QGiQrazACbyhJHXd&amp;index=15<\/a><\/p><p style=\"font-weight: 400;\">Le invitamos a comprobar el estado de sus clavijas de conexi\u00f3n, para ver si presentan alg\u00fan signo de oxidaci\u00f3n. Si una clavija est\u00e1 oxidada, se recomienda encarecidamente sustituirla.<\/p><p style=\"font-weight: 400;\">\u00a0<\/p><h1>4\/ Compruebe que no haya objetos extra\u00f1os en el camino de la PISCINA ROBOT.<\/h1><p style=\"font-weight: 400;\">Cuando el ROBOT PISCINA 8STREME 5200-J2X, 8STREME 5210-J200, 8STREME 5212, 8STREME 5220-LUNA 10, 8STREME 5222, 8STREME 5310 se mueve en una sola direcci\u00f3n, es posible que un objeto extra\u00f1o est\u00e9 obstruyendo el movimiento del ROBOT PISCINA 8STREME 5200-J2X, 8STREME 5210-J200, 8STREME 5212, 8STREME 5220-LUNA 10, 8STREME 5222, 8STREME 5310.<\/p><p style=\"font-weight: 400;\">Compruebe que no haya objetos extra\u00f1os en las turbinas situadas encima del motor, en las v\u00e1lvulas de salida de la bomba, en los rodillos o ruedas situados debajo del robot y en los laterales.<\/p><p style=\"font-weight: 400;\">Tambi\u00e9n debe comprobar el estado de las ruedas, los rodillos y las v\u00e1lvulas de salida de la bomba de su robot.<\/p><p style=\"font-weight: 400;\">Compruebe que la bolsa del filtro o la cesta de recogida de suciedad no est\u00e9n llenas. Si lo est\u00e1, vac\u00edela y l\u00edmpiela.<\/p><p style=\"font-weight: 400;\">\u00a0<\/p><h1>5\/ P\u00f3ngase en contacto con su distribuidor o con el servicio posventa de 8STREME<\/h1><p style=\"font-weight: 400;\">Si ninguna de estas comprobaciones ha dado resultado, p\u00f3ngase en contacto con su distribuidor o con el servicio posventa de 8STREME.<\/p><p>Informaci\u00f3n de contacto del servicio de atenci\u00f3n al cliente de 8STREME :<\/p><p>8STREME Servicio postventa<\/p><p>6 RUE DES FRERES MICHELIN<\/p><p>10600 LA CHAPELLE SAINT LUC<\/p><p>FRANCIA<\/p><p>03 10 64 60 26<\/p><p><a href=\"mailto:service@8streme.eu\">service@8streme.eu<\/a><\/p>\t\t\t\t\t\t\t\t<\/div>\n\t\t\t\t<\/div>\n\t\t\t\t\t<\/div>\n\t\t<\/div>\n\t\t\t\t\t<\/div>\n\t\t<\/section>\n\t\t\t\t<\/div>","protected":false},"excerpt":{"rendered":"<p>Mi ROBOT PISCINA 8STREME 5200-J2X, 8STREME 5210-J200, 8STREME 5212, 8STREME 5220-LUNA 10, 8STREME 5222, 8STREME 5310 \u00bfavanza solo en una direcci\u00f3n? \u00bfAvanza pero no retrocede? 1\/ Verifique la compatibilidad del ROBOT PISCINA 8STREME 5200-J2X, 8STREME... <a href=\"https:\/\/8streme.eu\/es\/le-robot-piscine-8streme-5200-j2x-5210-j200-5212-5220-luna-10-5222-5310-ne-se-deplace-que-dans-une-seule-direction\/\">Seguir leyendo<\/a><\/p>","protected":false},"author":5,"featured_media":0,"parent":0,"menu_order":0,"comment_status":"closed","ping_status":"closed","template":"","meta":{"_metasync_otto_title":"Probl\u00e8me de d\u00e9placement du ROBOT PISCINE 8STREME : Solutions","_metasync_otto_description":"Trouvez pourquoi votre ROBOT PISCINE 8STREME ne se d\u00e9place que dans une direction. Solutions ici !","_metasync_otto_keywords":"","_metasync_otto_og_title":"","_metasync_otto_og_description":"","_metasync_otto_twitter_title":"","_metasync_otto_twitter_description":"","rank_math_title":"","rank_math_description":"","_yoast_wpseo_title":"","_yoast_wpseo_metadesc":"","_aioseo_title":"","_aioseo_description":"","_metasync_seo_title":"","_metasync_seo_desc":"","_metasync_breadcrumb_title":"","_metasync_primary_category":0,"_metasync_primary_product_cat":0,"_metasync_otto_disabled":"","_metasync_hreflang":"","_metasync_plugin_sync_ts":"","_metasync_robots_advanced":"","footnotes":""},"class_list":["post-29308","page","type-page","status-publish","hentry","_wholesalex wsx-wholesalex-product"],"_links":{"self":[{"href":"https:\/\/8streme.eu\/es\/wp-json\/wp\/v2\/pages\/29308","targetHints":{"allow":["GET"]}}],"collection":[{"href":"https:\/\/8streme.eu\/es\/wp-json\/wp\/v2\/pages"}],"about":[{"href":"https:\/\/8streme.eu\/es\/wp-json\/wp\/v2\/types\/page"}],"author":[{"embeddable":true,"href":"https:\/\/8streme.eu\/es\/wp-json\/wp\/v2\/users\/5"}],"replies":[{"embeddable":true,"href":"https:\/\/8streme.eu\/es\/wp-json\/wp\/v2\/comments?post=29308"}],"version-history":[{"count":4,"href":"https:\/\/8streme.eu\/es\/wp-json\/wp\/v2\/pages\/29308\/revisions"}],"predecessor-version":[{"id":29314,"href":"https:\/\/8streme.eu\/es\/wp-json\/wp\/v2\/pages\/29308\/revisions\/29314"}],"wp:attachment":[{"href":"https:\/\/8streme.eu\/es\/wp-json\/wp\/v2\/media?parent=29308"}],"curies":[{"name":"wp","href":"https:\/\/api.w.org\/{rel}","templated":true}]}}