{"id":29272,"date":"2024-01-02T16:09:49","date_gmt":"2024-01-02T15:09:49","guid":{"rendered":"https:\/\/8streme.eu\/?page_id=29272"},"modified":"2024-01-02T16:10:09","modified_gmt":"2024-01-02T15:10:09","slug":"como-cambiar-las-ruedas-del-limpiafondos-8streme-7310-8streme-7320","status":"publish","type":"page","link":"https:\/\/8streme.eu\/es\/comment-remplacer-les-roues-du-robot-piscine-8streme-7310-8streme-7320\/","title":{"rendered":"\u00bfC\u00f3mo se cambian las ruedas del ROBOT PISCINE 8STREME 7310, 8STREME 7320?"},"content":{"rendered":"<div data-elementor-type=\"wp-page\" data-elementor-id=\"29272\" class=\"elementor elementor-29272\" data-elementor-post-type=\"page\">\n\t\t\t\t\t\t<section class=\"elementor-section elementor-top-section elementor-element elementor-element-16f045c elementor-section-boxed elementor-section-height-default elementor-section-height-default\" data-id=\"16f045c\" data-element_type=\"section\" data-e-type=\"section\">\n\t\t\t\t\t\t<div class=\"elementor-container elementor-column-gap-default\">\n\t\t\t\t\t<div class=\"elementor-column elementor-col-100 elementor-top-column elementor-element elementor-element-3507128\" data-id=\"3507128\" data-element_type=\"column\" data-e-type=\"column\">\n\t\t\t<div class=\"elementor-widget-wrap elementor-element-populated\">\n\t\t\t\t\t\t<div class=\"elementor-element elementor-element-47c5482 elementor-widget elementor-widget-text-editor\" data-id=\"47c5482\" data-element_type=\"widget\" data-e-type=\"widget\" data-widget_type=\"text-editor.default\">\n\t\t\t\t<div class=\"elementor-widget-container\">\n\t\t\t\t\t\t\t\t\t<p style=\"font-weight: 400;\">Cuando se rompe una rueda, debe cambiarse r\u00e1pidamente para que no afecte al funcionamiento del ROBOT PISCINA 8STREME 7310, 8STREME 7320 y no provoque un desgaste m\u00e1s r\u00e1pido del ROBOT PISCINA 8STREME 7310, 8STREME 7320.<\/p><p style=\"font-weight: 400;\">\u00a0<\/p><h1>Las herramientas que hay que utilizar<\/h1><p style=\"font-weight: 400;\">Para sustituir el rodillo, necesitar\u00e1 :<\/p><p style=\"font-weight: 400;\">- Destornillador Phillips<\/p><p style=\"font-weight: 400;\">\u00a0<\/p><h1>Piezas de recambio<\/h1><p style=\"font-weight: 400;\">Le adjuntamos el enlace para adquirir una rueda para ROBOT PISCINE 8STREME 7310 :\u00a0<a href=\"https:\/\/8streme.eu\/es\/producto\/rueda-dentada-4pcs-en-conjunto-gris-71140\/\">https:\/\/8streme.eu\/produit\/roue-dentee-4pcs-sur-lensemble-gris-71140\/<\/a><\/p><p style=\"font-weight: 400;\">\u00a0<\/p><p style=\"font-weight: 400;\">Le adjuntamos el enlace para adquirir una rueda para ROBOT PISCINE 8STREME 7320 :\u00a0<a href=\"https:\/\/8streme.eu\/es\/?s=71142\">https:\/\/8streme.eu\/?s=71142<\/a><\/p><p style=\"font-weight: 400;\">\u00a0<\/p><h1>Procedimiento de sustituci\u00f3n<\/h1><p style=\"font-weight: 400;\">El primer paso es desenchufar su ROBOT DE PISCINA 8STREME 7310, 8STREME 7320 antes de realizar cualquier sustituci\u00f3n.<\/p><p style=\"font-weight: 400;\">\u00a0<\/p><p style=\"font-weight: 400;\">Para extraer la rueda, basta con desenroscar el tornillo del engranaje que la sujeta al rodillo con un destornillador de estrella. Retire la rueda del rodillo.<\/p><p style=\"font-weight: 400;\">\u00a0<\/p><p style=\"font-weight: 400;\">Mantenga todas las piezas a un lado.\u00a0<\/p><p style=\"font-weight: 400;\">\u00a0<\/p><p style=\"font-weight: 400;\">Para montar la nueva rueda, ins\u00e9rtela en el rodillo. Una vez colocado el rodillo, compruebe que la rueda gira al girar el rodillo. A continuaci\u00f3n, apriete el tornillo de la rueda.<\/p><p style=\"font-weight: 400;\">\u00a0<\/p><h1><strong>P\u00f3ngase en contacto con su distribuidor o con el servicio posventa<\/strong><\/h1><p style=\"font-weight: 400;\"><strong>Si tiene problemas para sustituir las correas de transmisi\u00f3n, p\u00f3ngase en contacto con su distribuidor o con el servicio posventa.<\/strong><\/p><p>Informaci\u00f3n de contacto del servicio de atenci\u00f3n al cliente de 8STREME :<\/p><p>8STREME Servicio postventa<\/p><p>6 RUE DES FRERES MICHELIN<\/p><p>10600 LA CHAPELLE SAINT LUC<\/p><p>FRANCIA<\/p><p>03 10 64 60 26<\/p><p><a href=\"mailto:service@8streme.eu\">service@8streme.eu<\/a><\/p>\t\t\t\t\t\t\t\t<\/div>\n\t\t\t\t<\/div>\n\t\t\t\t\t<\/div>\n\t\t<\/div>\n\t\t\t\t\t<\/div>\n\t\t<\/section>\n\t\t\t\t<\/div>","protected":false},"excerpt":{"rendered":"<p>Cuando se rompe una rueda, debe cambiarse r\u00e1pidamente para que no afecte al funcionamiento del ROBOT PISCINA 8STREME 7310, 8STREME 7320 y no provoque un desgaste m\u00e1s r\u00e1pido del ROBOT PISCINA 8STREME 7310, 8STREME 7320. Las herramientas a utilizar Para ... <a href=\"https:\/\/8streme.eu\/es\/comment-remplacer-les-roues-du-robot-piscine-8streme-7310-8streme-7320\/\">Seguir leyendo<\/a><\/p>","protected":false},"author":5,"featured_media":0,"parent":0,"menu_order":0,"comment_status":"closed","ping_status":"closed","template":"","meta":{"_metasync_otto_title":"Guide de remplacement des roues pour Robot Piscine 8streme","_metasync_otto_description":"Remplacez rapidement une roue cass\u00e9e du Robot Piscine 8STREME 7310, 8STREME 7320 pour maintenir son fonctionnement. Achetez les pi\u00e8ces et suivez la proc\u00e9dure.","_metasync_otto_keywords":"","_metasync_otto_og_title":"","_metasync_otto_og_description":"","_metasync_otto_twitter_title":"","_metasync_otto_twitter_description":"","rank_math_title":"","rank_math_description":"","_yoast_wpseo_title":"","_yoast_wpseo_metadesc":"","_aioseo_title":"","_aioseo_description":"","_metasync_seo_title":"","_metasync_seo_desc":"","_metasync_breadcrumb_title":"","_metasync_primary_category":0,"_metasync_primary_product_cat":0,"_metasync_otto_disabled":"","_metasync_hreflang":"","_metasync_plugin_sync_ts":"","_metasync_robots_advanced":"","footnotes":""},"class_list":["post-29272","page","type-page","status-publish","hentry","_wholesalex wsx-wholesalex-product"],"_links":{"self":[{"href":"https:\/\/8streme.eu\/es\/wp-json\/wp\/v2\/pages\/29272","targetHints":{"allow":["GET"]}}],"collection":[{"href":"https:\/\/8streme.eu\/es\/wp-json\/wp\/v2\/pages"}],"about":[{"href":"https:\/\/8streme.eu\/es\/wp-json\/wp\/v2\/types\/page"}],"author":[{"embeddable":true,"href":"https:\/\/8streme.eu\/es\/wp-json\/wp\/v2\/users\/5"}],"replies":[{"embeddable":true,"href":"https:\/\/8streme.eu\/es\/wp-json\/wp\/v2\/comments?post=29272"}],"version-history":[{"count":4,"href":"https:\/\/8streme.eu\/es\/wp-json\/wp\/v2\/pages\/29272\/revisions"}],"predecessor-version":[{"id":29278,"href":"https:\/\/8streme.eu\/es\/wp-json\/wp\/v2\/pages\/29272\/revisions\/29278"}],"wp:attachment":[{"href":"https:\/\/8streme.eu\/es\/wp-json\/wp\/v2\/media?parent=29272"}],"curies":[{"name":"wp","href":"https:\/\/api.w.org\/{rel}","templated":true}]}}