{"id":29265,"date":"2024-01-02T16:08:25","date_gmt":"2024-01-02T15:08:25","guid":{"rendered":"https:\/\/8streme.eu\/?page_id=29265"},"modified":"2024-01-02T16:08:54","modified_gmt":"2024-01-02T15:08:54","slug":"como-sustituir-las-correas-de-transmision-del-limpiafondos-8streme-7310-8streme-7320","status":"publish","type":"page","link":"https:\/\/8streme.eu\/es\/comment-remplacer-les-courroies-de-transmission-pour-robot-piscine-8streme-7310-8streme-7320\/","title":{"rendered":"\u00bfC\u00f3mo se sustituyen las correas de transmisi\u00f3n para ROBOT PISCINE 8STREME 7310, 8STREME 7320?"},"content":{"rendered":"<div data-elementor-type=\"wp-page\" data-elementor-id=\"29265\" class=\"elementor elementor-29265\" data-elementor-post-type=\"page\">\n\t\t\t\t\t\t<section class=\"elementor-section elementor-top-section elementor-element elementor-element-124ff1c elementor-section-boxed elementor-section-height-default elementor-section-height-default\" data-id=\"124ff1c\" data-element_type=\"section\" data-e-type=\"section\">\n\t\t\t\t\t\t<div class=\"elementor-container elementor-column-gap-default\">\n\t\t\t\t\t<div class=\"elementor-column elementor-col-100 elementor-top-column elementor-element elementor-element-d3146d9\" data-id=\"d3146d9\" data-element_type=\"column\" data-e-type=\"column\">\n\t\t\t<div class=\"elementor-widget-wrap elementor-element-populated\">\n\t\t\t\t\t\t<div class=\"elementor-element elementor-element-fda0baf elementor-widget elementor-widget-text-editor\" data-id=\"fda0baf\" data-element_type=\"widget\" data-e-type=\"widget\" data-widget_type=\"text-editor.default\">\n\t\t\t\t<div class=\"elementor-widget-container\">\n\t\t\t\t\t\t\t\t\t<p style=\"font-weight: 400;\">Cuando las orugas est\u00e9n desgastadas, lisas o rotas, deben cambiarse r\u00e1pidamente para no afectar al funcionamiento del ROBOT PISCINA 8STREME 7310, 8STREME 7320 ni provocar un desgaste m\u00e1s r\u00e1pido del ROBOT PISCINA 8STREME 7310, 8STREME 7320.<\/p><p style=\"font-weight: 400;\">\u00a0<\/p><h1>Las herramientas que hay que utilizar<\/h1><p style=\"font-weight: 400;\">No necesitar\u00e1 ninguna herramienta para sustituir las correas de transmisi\u00f3n.<\/p><h1>Piezas de recambio<\/h1><p style=\"font-weight: 400;\">Le adjuntamos el enlace para adquirir las correas de transmisi\u00f3n: \u00a0<\/p><p style=\"font-weight: 400;\">\u00a0<\/p><h1>Procedimiento de sustituci\u00f3n<\/h1><p style=\"font-weight: 400;\">Le recomendamos que siga el v\u00eddeo tutorial para sustituir las correas de transmisi\u00f3n.<\/p><p style=\"font-weight: 400;\">Enlace al desmontaje y montaje de las correas de transmisi\u00f3n del ROBOT PISCINA 8STREME 7310, 8STREME 7320:<\/p><p style=\"font-weight: 400;\"><a href=\"https:\/\/www.youtube.com\/watch?v=_O9krQNSCio&amp;list=PLWoiTHw_wDWv8tDa7QGiQrazACbyhJHXd&amp;index=2\">https:\/\/www.youtube.com\/watch?v=_O9krQNSCio&amp;list=PLWoiTHw_wDWv8tDa7QGiQrazACbyhJHXd&amp;index=2<\/a><\/p><p style=\"font-weight: 400;\">\u00a0<\/p><p style=\"font-weight: 400;\">El primer paso es desenchufar su ROBOT DE PISCINA 8STREME 7310, 8STREME 7320 antes de proceder a cualquier sustituci\u00f3n.<\/p><p style=\"font-weight: 400;\">\u00a0<\/p><p style=\"font-weight: 400;\">Para quitar la correa, desl\u00edcela fuera de los pi\u00f1ones girando los rodillos.<\/p><p style=\"font-weight: 400;\">\u00a0<\/p><p style=\"font-weight: 400;\">Para colocar la correa nueva, localice el borde liso y el borde dentado de la correa. Coloque el borde liso de la correa hacia el exterior. Coloque la correa alrededor del soporte lateral y las ruedas y ay\u00fadese girando los rodillos.<\/p><p style=\"font-weight: 400;\">\u00a0<\/p><h1><strong>P\u00f3ngase en contacto con su distribuidor o con el servicio posventa<\/strong><\/h1><p style=\"font-weight: 400;\"><strong>Si tiene problemas para sustituir las correas de transmisi\u00f3n, p\u00f3ngase en contacto con su distribuidor o con el servicio posventa.<\/strong><\/p><p>Informaci\u00f3n de contacto del servicio de atenci\u00f3n al cliente de 8STREME :<\/p><p>8STREME Servicio postventa<\/p><p>6 RUE DES FRERES MICHELIN<\/p><p>10600 LA CHAPELLE SAINT LUC<\/p><p>FRANCIA<\/p><p>03 10 64 60 26<\/p><p><a href=\"mailto:service@8streme.eu\">service@8streme.eu<\/a><\/p>\t\t\t\t\t\t\t\t<\/div>\n\t\t\t\t<\/div>\n\t\t\t\t\t<\/div>\n\t\t<\/div>\n\t\t\t\t\t<\/div>\n\t\t<\/section>\n\t\t\t\t<\/div>","protected":false},"excerpt":{"rendered":"<p>Lorsque les chenilles sont us\u00e9es, lisses, ou cass\u00e9es, il faut les changer rapidement afin que cela n\u2019alt\u00e8re pas le fonctionnement du ROBOT PISCINE\u00a08STREME 7310, 8STREME 7320\u00a0et n\u2019entraine pas une usure plus rapide du ROBOT PISCINE\u00a08STREME 7310, 8STREME 7320. \u00a0 Les &hellip; <a href=\"https:\/\/8streme.eu\/es\/comment-remplacer-les-courroies-de-transmission-pour-robot-piscine-8streme-7310-8streme-7320\/\">Seguir leyendo<\/a><\/p>","protected":false},"author":5,"featured_media":0,"parent":0,"menu_order":0,"comment_status":"closed","ping_status":"closed","template":"","meta":{"_metasync_otto_title":"Changement courroies transmission Robots Piscine 8STREME","_metasync_otto_description":"Remplacez les courroies du Robot Piscine 8STREME 7310, 8STREME 7320 facilement avec nos conseils pratiques en vid\u00e9o.","_metasync_otto_keywords":"","_metasync_otto_og_title":"","_metasync_otto_og_description":"","_metasync_otto_twitter_title":"","_metasync_otto_twitter_description":"","rank_math_title":"","rank_math_description":"","_yoast_wpseo_title":"","_yoast_wpseo_metadesc":"","_aioseo_title":"","_aioseo_description":"","_metasync_seo_title":"","_metasync_seo_desc":"","_metasync_breadcrumb_title":"","_metasync_primary_category":0,"_metasync_primary_product_cat":0,"_metasync_otto_disabled":"","_metasync_hreflang":"","_metasync_plugin_sync_ts":"","_metasync_robots_advanced":"","footnotes":""},"class_list":["post-29265","page","type-page","status-publish","hentry","_wholesalex wsx-wholesalex-product"],"_links":{"self":[{"href":"https:\/\/8streme.eu\/es\/wp-json\/wp\/v2\/pages\/29265","targetHints":{"allow":["GET"]}}],"collection":[{"href":"https:\/\/8streme.eu\/es\/wp-json\/wp\/v2\/pages"}],"about":[{"href":"https:\/\/8streme.eu\/es\/wp-json\/wp\/v2\/types\/page"}],"author":[{"embeddable":true,"href":"https:\/\/8streme.eu\/es\/wp-json\/wp\/v2\/users\/5"}],"replies":[{"embeddable":true,"href":"https:\/\/8streme.eu\/es\/wp-json\/wp\/v2\/comments?post=29265"}],"version-history":[{"count":4,"href":"https:\/\/8streme.eu\/es\/wp-json\/wp\/v2\/pages\/29265\/revisions"}],"predecessor-version":[{"id":29271,"href":"https:\/\/8streme.eu\/es\/wp-json\/wp\/v2\/pages\/29265\/revisions\/29271"}],"wp:attachment":[{"href":"https:\/\/8streme.eu\/es\/wp-json\/wp\/v2\/media?parent=29265"}],"curies":[{"name":"wp","href":"https:\/\/api.w.org\/{rel}","templated":true}]}}