{"id":29258,"date":"2024-01-02T16:07:14","date_gmt":"2024-01-02T15:07:14","guid":{"rendered":"https:\/\/8streme.eu\/?page_id=29258"},"modified":"2024-01-02T16:07:39","modified_gmt":"2024-01-02T15:07:39","slug":"como-cambiar-los-cepillos-de-pvc-del-limpiafondos-8streme-7310-8streme-7320","status":"publish","type":"page","link":"https:\/\/8streme.eu\/es\/comment-remplacer-les-brosses-pvc-du-robot-piscine-8streme-7310-8streme-7320\/","title":{"rendered":"\u00bfC\u00f3mo se cambian los cepillos de PVC del ROBOT PISCINA 8STREME 7310, 8STREME 7320?"},"content":{"rendered":"<div data-elementor-type=\"wp-page\" data-elementor-id=\"29258\" class=\"elementor elementor-29258\" data-elementor-post-type=\"page\">\n\t\t\t\t\t\t<section class=\"elementor-section elementor-top-section elementor-element elementor-element-437d82d elementor-section-boxed elementor-section-height-default elementor-section-height-default\" data-id=\"437d82d\" data-element_type=\"section\" data-e-type=\"section\">\n\t\t\t\t\t\t<div class=\"elementor-container elementor-column-gap-default\">\n\t\t\t\t\t<div class=\"elementor-column elementor-col-100 elementor-top-column elementor-element elementor-element-db14741\" data-id=\"db14741\" data-element_type=\"column\" data-e-type=\"column\">\n\t\t\t<div class=\"elementor-widget-wrap elementor-element-populated\">\n\t\t\t\t\t\t<div class=\"elementor-element elementor-element-d254252 elementor-widget elementor-widget-text-editor\" data-id=\"d254252\" data-element_type=\"widget\" data-e-type=\"widget\" data-widget_type=\"text-editor.default\">\n\t\t\t\t<div class=\"elementor-widget-container\">\n\t\t\t\t\t\t\t\t\t<p style=\"font-weight: 400;\">Si las escobillas de PVC est\u00e1n desgastadas o rotas, deben cambiarse r\u00e1pidamente para no afectar al funcionamiento del ROBOT PISCINA 8STREME 7310, 8STREME 7320 ni provocar un desgaste m\u00e1s r\u00e1pido del ROBOT PISCINA.<\/p><p style=\"font-weight: 400;\">\u00a0<\/p><h1>Las herramientas que hay que utilizar<\/h1><p style=\"font-weight: 400;\">No necesitar\u00e1 ninguna herramienta para sustituir los cepillos de PVC.<\/p><h1>Piezas de recambio<\/h1><p style=\"font-weight: 400;\">Adjunto encontrar\u00e1 el enlace para adquirir cepillos de PVC:\u00a0<a href=\"https:\/\/8streme.eu\/es\/producto\/juego-de-cepillos-de-pvc-5-piezas-71180\/\">https:\/\/8streme.eu\/produit\/ensemble-de-brosse-de-pvc-5-pcs-71180\/<\/a><\/p><p style=\"font-weight: 400;\">\u00a0<\/p><h1>Procedimiento de sustituci\u00f3n<\/h1><p style=\"font-weight: 400;\">Le recomendamos que siga el v\u00eddeo tutorial para sustituir sus cepillos de PVC.<\/p><p style=\"font-weight: 400;\">Enlace a la sustituci\u00f3n de los cepillos de PVC del ROBOT PISCINA 8STREME 7310, 8STREME 7320:<\/p><p style=\"font-weight: 400;\"><a href=\"https:\/\/www.youtube.com\/watch?v=JAWWgYJ_z4M&amp;list=PLWoiTHw_wDWv8tDa7QGiQrazACbyhJHXd&amp;index=10\">https:\/\/www.youtube.com\/watch?v=JAWWgYJ_z4M&amp;list=PLWoiTHw_wDWv8tDa7QGiQrazACbyhJHXd&amp;index=10<\/a><\/p><p style=\"font-weight: 400;\">\u00a0<\/p><p style=\"font-weight: 400;\">Para facilitar su uso, se recomienda desmontar el rodillo.<\/p><p style=\"font-weight: 400;\">Enlace al desmontaje de los rodillos del ROBOT PISCINE 8STREME 7310, 8STREME 7320 :<\/p><p style=\"font-weight: 400;\"><a href=\"https:\/\/www.youtube.com\/watch?v=BEJbVVmLMVM&amp;list=PLWoiTHw_wDWv8tDa7QGiQrazACbyhJHXd&amp;index=8\">https:\/\/www.youtube.com\/watch?v=BEJbVVmLMVM&amp;list=PLWoiTHw_wDWv8tDa7QGiQrazACbyhJHXd&amp;index=8<\/a><\/p><p style=\"font-weight: 400;\">\u00a0<\/p><p style=\"font-weight: 400;\">Enlace al montaje de los rodillos del ROBOT PISCINE 8STREME 7310, 8STREME 7320 :<\/p><p style=\"font-weight: 400;\"><a href=\"https:\/\/www.youtube.com\/watch?v=mU-q6TRrOO8&amp;list=PLWoiTHw_wDWv8tDa7QGiQrazACbyhJHXd&amp;index=9\">https:\/\/www.youtube.com\/watch?v=mU-q6TRrOO8&amp;list=PLWoiTHw_wDWv8tDa7QGiQrazACbyhJHXd&amp;index=9<\/a><\/p><p style=\"font-weight: 400;\">\u00a0<\/p><p style=\"font-weight: 400;\">\u00a0<\/p><p style=\"font-weight: 400;\">\u00a0<\/p><p style=\"font-weight: 400;\">El primer paso es desenchufar su ROBOT DE PISCINA 8STREME 7310, 8STREME 7320 antes de proceder a cualquier sustituci\u00f3n.<\/p><p style=\"font-weight: 400;\">\u00a0<\/p><p style=\"font-weight: 400;\">Para retirar el cepillo de PVC, basta con quitar las pinzas del cepillo y el peque\u00f1o tap\u00f3n de pl\u00e1stico.<\/p><p style=\"font-weight: 400;\">\u00a0<\/p><p style=\"font-weight: 400;\">Para colocar el nuevo cepillo, localice el cepillo de PVC adecuado en el lugar correcto. Debe instalarse con el saliente en los orificios del rodillo previstos a tal efecto. Debe instalar las escobillas en la misma direcci\u00f3n que las fijaciones, con una fijada encima de la otra.<\/p><p style=\"font-weight: 400;\">Una vez instalado, vuelva a colocar el peque\u00f1o tap\u00f3n de pl\u00e1stico en el orificio previsto para ello.<\/p><p style=\"font-weight: 400;\">\u00a0<\/p><p style=\"font-weight: 400;\">\u00a0<\/p><h1><strong>P\u00f3ngase en contacto con su distribuidor o con el servicio posventa<\/strong><\/h1><p style=\"font-weight: 400;\"><strong>Si tiene problemas para sustituir las correas de transmisi\u00f3n, p\u00f3ngase en contacto con su distribuidor o con el servicio posventa.<\/strong><\/p><p>Informaci\u00f3n de contacto del servicio de atenci\u00f3n al cliente de 8STREME :<\/p><p>8STREME Servicio postventa<\/p><p>6 RUE DES FRERES MICHELIN<\/p><p>10600 LA CHAPELLE SAINT LUC<\/p><p>FRANCIA<\/p><p>03 10 64 60 26<\/p><p><a href=\"mailto:service@8streme.eu\">service@8streme.eu<\/a><\/p>\t\t\t\t\t\t\t\t<\/div>\n\t\t\t\t<\/div>\n\t\t\t\t\t<\/div>\n\t\t<\/div>\n\t\t\t\t\t<\/div>\n\t\t<\/section>\n\t\t\t\t<\/div>","protected":false},"excerpt":{"rendered":"<p>Lorsque les brosses PVC sont us\u00e9es ou cass\u00e9es, il faut les changer rapidement afin que cela n\u2019alt\u00e8re pas le fonctionnement du ROBOT PISCINE\u00a08STREME 7310, 8STREME 7320\u00a0et n\u2019entraine pas une usure plus rapide du ROBOT PISCINE. \u00a0 Les outils \u00e0 utiliser &hellip; <a href=\"https:\/\/8streme.eu\/es\/comment-remplacer-les-brosses-pvc-du-robot-piscine-8streme-7310-8streme-7320\/\">Seguir leyendo<\/a><\/p>","protected":false},"author":5,"featured_media":0,"parent":0,"menu_order":0,"comment_status":"closed","ping_status":"closed","template":"","meta":{"_metasync_otto_title":"","_metasync_otto_description":"","_metasync_otto_keywords":"","_metasync_otto_og_title":"","_metasync_otto_og_description":"","_metasync_otto_twitter_title":"","_metasync_otto_twitter_description":"","rank_math_title":"","rank_math_description":"","_yoast_wpseo_title":"","_yoast_wpseo_metadesc":"","_aioseo_title":"","_aioseo_description":"","_metasync_seo_title":"","_metasync_seo_desc":"","_metasync_breadcrumb_title":"","_metasync_primary_category":0,"_metasync_primary_product_cat":0,"_metasync_otto_disabled":"","_metasync_hreflang":"","_metasync_plugin_sync_ts":"","_metasync_robots_advanced":"","footnotes":""},"class_list":["post-29258","page","type-page","status-publish","hentry","_wholesalex wsx-wholesalex-product"],"_links":{"self":[{"href":"https:\/\/8streme.eu\/es\/wp-json\/wp\/v2\/pages\/29258","targetHints":{"allow":["GET"]}}],"collection":[{"href":"https:\/\/8streme.eu\/es\/wp-json\/wp\/v2\/pages"}],"about":[{"href":"https:\/\/8streme.eu\/es\/wp-json\/wp\/v2\/types\/page"}],"author":[{"embeddable":true,"href":"https:\/\/8streme.eu\/es\/wp-json\/wp\/v2\/users\/5"}],"replies":[{"embeddable":true,"href":"https:\/\/8streme.eu\/es\/wp-json\/wp\/v2\/comments?post=29258"}],"version-history":[{"count":4,"href":"https:\/\/8streme.eu\/es\/wp-json\/wp\/v2\/pages\/29258\/revisions"}],"predecessor-version":[{"id":29264,"href":"https:\/\/8streme.eu\/es\/wp-json\/wp\/v2\/pages\/29258\/revisions\/29264"}],"wp:attachment":[{"href":"https:\/\/8streme.eu\/es\/wp-json\/wp\/v2\/media?parent=29258"}],"curies":[{"name":"wp","href":"https:\/\/api.w.org\/{rel}","templated":true}]}}