{"id":29251,"date":"2024-01-02T16:05:36","date_gmt":"2024-01-02T15:05:36","guid":{"rendered":"https:\/\/8streme.eu\/?page_id=29251"},"modified":"2024-01-02T16:06:10","modified_gmt":"2024-01-02T15:06:10","slug":"como-sustituir-el-lecrou-detancheite-du-robot-piscine-8streme-5210-j200-5212-5220-luna-10-5222-5310-7310-7320","status":"publish","type":"page","link":"https:\/\/8streme.eu\/es\/comment-remplacer-le-lecrou-detancheite-du-robot-piscine-8streme-5210-j200-5212-5220-luna-10-5222-5310-7310-7320\/","title":{"rendered":"\u00bfC\u00f3mo puedo sustituir la tuerca de sellado en el ROBOT PISCINE 8STREME 5210-J200, 5212, 5220-LUNA 10, 5222, 5310, 7310, 7320?"},"content":{"rendered":"<div data-elementor-type=\"wp-page\" data-elementor-id=\"29251\" class=\"elementor elementor-29251\" data-elementor-post-type=\"page\">\n\t\t\t\t\t\t<section class=\"elementor-section elementor-top-section elementor-element elementor-element-dbb6db6 elementor-section-boxed elementor-section-height-default elementor-section-height-default\" data-id=\"dbb6db6\" data-element_type=\"section\" data-e-type=\"section\">\n\t\t\t\t\t\t<div class=\"elementor-container elementor-column-gap-default\">\n\t\t\t\t\t<div class=\"elementor-column elementor-col-100 elementor-top-column elementor-element elementor-element-3c44632\" data-id=\"3c44632\" data-element_type=\"column\" data-e-type=\"column\">\n\t\t\t<div class=\"elementor-widget-wrap elementor-element-populated\">\n\t\t\t\t\t\t<div class=\"elementor-element elementor-element-cee434f elementor-widget elementor-widget-text-editor\" data-id=\"cee434f\" data-element_type=\"widget\" data-e-type=\"widget\" data-widget_type=\"text-editor.default\">\n\t\t\t\t<div class=\"elementor-widget-container\">\n\t\t\t\t\t\t\t\t\t<p>Cuando se rompe la tuerca de sellado, hay que cambiarla r\u00e1pidamente para que no afecte al funcionamiento del ROBOT POOL 8STREME 5210-J200, 8STREME 5212, 8STREME 5220-LUNA 10, 8STREME 5222, 8STREME 5310, 8STREME 7310, 8STREME 7320 y no provoque un desgaste m\u00e1s r\u00e1pido del ROBOT PISCINA 8STREME 5210-J200, 8STREME 5212, 8STREME 5220-LUNA 10, 8STREME 5222, 8STREME 5310, 8STREME 7310, 8STREME 7320.<\/p><p>\u00a0<\/p><h1>Las herramientas que hay que utilizar<\/h1><p>Para sustituir la v\u00e1lvula de drenaje r\u00e1pido, necesitar\u00e1 :<\/p><p>- Destornillador Phillips<\/p><p>\u00a0<\/p><h1>Piezas de recambio<\/h1><p>Adjuntamos el enlace para adquirir la tuerca de estanqueidad:\u00a0<a href=\"https:\/\/8streme.eu\/es\/producto\/tuerca-de-recambio-de-2-piezas-para-cable-de-robot\/\">https:\/\/8streme.eu\/produit\/ecrou-de-remplacement-2-pieces-pour-cable-robot\/<\/a><\/p><p>\u00a0<\/p><h1>Procedimiento de sustituci\u00f3n<\/h1><p>Le recomendamos que siga el v\u00eddeo tutorial para sustituir la tuerca de sellado.<\/p><p>Enlace a la sustituci\u00f3n de la tuerca de sellado de la PISCINA ROBOT 8STREME 5210-J200, 8STREME 5212, 8STREME 5220-LUNA 10, 8STREME 5222, 8STREME 5310, 8STREME 7310, 8STREME 7320 :<\/p><p><a href=\"https:\/\/www.youtube.com\/watch?v=Qg9ONZi5Hz8&amp;list=PLWoiTHw_wDWv8tDa7QGiQrazACbyhJHXd&amp;index=13\">https:\/\/www.youtube.com\/watch?v=Qg9ONZi5Hz8&amp;list=PLWoiTHw_wDWv8tDa7QGiQrazACbyhJHXd&amp;index=13<\/a><\/p><p>\u00a0<\/p><p>El primer paso es desconectar su ROBOT POOL 8STREME 5210-J200, 8STREME 5212, 8STREME 5220-LUNA 10, 8STREME 5222, 8STREME 5310, 8STREME 7310, 8STREME 7320 antes de proceder a cualquier sustituci\u00f3n.<\/p><p>\u00a0<\/p><p>Para retirar la tuerca de sellado, basta con romper el pl\u00e1stico para que se parta en dos.<\/p><p>\u00a0<\/p><p>Para colocar la nueva tuerca de sellado, ensamble las partes macho y hembra, colocando el cable flotante entre ellas. A continuaci\u00f3n, apriete los seis tornillos con un destornillador Phillips. Los dos tornillos m\u00e1s peque\u00f1os se atornillar\u00e1n en la parte superior de la tuerca de sellado y los otros cuatro tornillos se atornillar\u00e1n en la parte central e inferior de la tuerca.\u00a0<\/p><p>\u00a0<\/p><p>\u00a0<\/p><h1>P\u00f3ngase en contacto con su distribuidor o con el servicio posventa<\/h1><p>Si tiene problemas para sustituir la tuerca, p\u00f3ngase en contacto con su distribuidor o con el servicio posventa.<\/p><p>Informaci\u00f3n de contacto del servicio de atenci\u00f3n al cliente de 8STREME :<\/p><p>8STREME Servicio postventa<\/p><p>6 RUE DES FRERES MICHELIN<\/p><p>10600 LA CHAPELLE SAINT LUC<\/p><p>FRANCIA<\/p><p>03 10 64 60 26<\/p><p><a href=\"mailto:service@8streme.eu\">service@8streme.eu<\/a><\/p>\t\t\t\t\t\t\t\t<\/div>\n\t\t\t\t<\/div>\n\t\t\t\t\t<\/div>\n\t\t<\/div>\n\t\t\t\t\t<\/div>\n\t\t<\/section>\n\t\t\t\t<\/div>","protected":false},"excerpt":{"rendered":"<p>Lorsque l\u2019\u00e9crou d\u2019\u00e9tanch\u00e9it\u00e9 est cass\u00e9, il faut le changer rapidement afin que cela n\u2019alt\u00e8re pas le fonctionnement du ROBOT PISCINE\u00a08STREME 5210-J200, 8STREME 5212, 8STREME 5220-LUNA 10, 8STREME 5222, 8STREME 5310, 8STREME 7310, 8STREME 7320\u00a0et n\u2019entraine pas une usure plus rapide &hellip; <a href=\"https:\/\/8streme.eu\/es\/comment-remplacer-le-lecrou-detancheite-du-robot-piscine-8streme-5210-j200-5212-5220-luna-10-5222-5310-7310-7320\/\">Seguir leyendo<\/a><\/p>","protected":false},"author":5,"featured_media":0,"parent":0,"menu_order":0,"comment_status":"closed","ping_status":"closed","template":"","meta":{"_metasync_otto_title":"","_metasync_otto_description":"","_metasync_otto_keywords":"","_metasync_otto_og_title":"","_metasync_otto_og_description":"","_metasync_otto_twitter_title":"","_metasync_otto_twitter_description":"","rank_math_title":"","rank_math_description":"","_yoast_wpseo_title":"","_yoast_wpseo_metadesc":"","_aioseo_title":"","_aioseo_description":"","_metasync_seo_title":"","_metasync_seo_desc":"","_metasync_breadcrumb_title":"","_metasync_primary_category":0,"_metasync_primary_product_cat":0,"_metasync_otto_disabled":"","_metasync_hreflang":"","_metasync_plugin_sync_ts":"","_metasync_robots_advanced":"","footnotes":""},"class_list":["post-29251","page","type-page","status-publish","hentry","_wholesalex wsx-wholesalex-product"],"_links":{"self":[{"href":"https:\/\/8streme.eu\/es\/wp-json\/wp\/v2\/pages\/29251","targetHints":{"allow":["GET"]}}],"collection":[{"href":"https:\/\/8streme.eu\/es\/wp-json\/wp\/v2\/pages"}],"about":[{"href":"https:\/\/8streme.eu\/es\/wp-json\/wp\/v2\/types\/page"}],"author":[{"embeddable":true,"href":"https:\/\/8streme.eu\/es\/wp-json\/wp\/v2\/users\/5"}],"replies":[{"embeddable":true,"href":"https:\/\/8streme.eu\/es\/wp-json\/wp\/v2\/comments?post=29251"}],"version-history":[{"count":4,"href":"https:\/\/8streme.eu\/es\/wp-json\/wp\/v2\/pages\/29251\/revisions"}],"predecessor-version":[{"id":29257,"href":"https:\/\/8streme.eu\/es\/wp-json\/wp\/v2\/pages\/29251\/revisions\/29257"}],"wp:attachment":[{"href":"https:\/\/8streme.eu\/es\/wp-json\/wp\/v2\/media?parent=29251"}],"curies":[{"name":"wp","href":"https:\/\/api.w.org\/{rel}","templated":true}]}}