{"id":29244,"date":"2024-01-02T16:03:18","date_gmt":"2024-01-02T15:03:18","guid":{"rendered":"https:\/\/8streme.eu\/?page_id=29244"},"modified":"2024-01-02T16:04:25","modified_gmt":"2024-01-02T15:04:25","slug":"como-sustituir-la-cubierta-del-limpiafondos-8streme-7310-8streme-7320","status":"publish","type":"page","link":"https:\/\/8streme.eu\/es\/comment-remplacer-le-couvercle-du-robot-piscine-8streme-7310-8streme-7320\/","title":{"rendered":"\u00bfC\u00f3mo se cambia la cubierta del ROBOT DE PISCINA 8STREME 7310, 8STREME 7320?"},"content":{"rendered":"<div data-elementor-type=\"wp-page\" data-elementor-id=\"29244\" class=\"elementor elementor-29244\" data-elementor-post-type=\"page\">\n\t\t\t\t\t\t<section class=\"elementor-section elementor-top-section elementor-element elementor-element-e1a7524 elementor-section-boxed elementor-section-height-default elementor-section-height-default\" data-id=\"e1a7524\" data-element_type=\"section\" data-e-type=\"section\">\n\t\t\t\t\t\t<div class=\"elementor-container elementor-column-gap-default\">\n\t\t\t\t\t<div class=\"elementor-column elementor-col-100 elementor-top-column elementor-element elementor-element-b5bb566\" data-id=\"b5bb566\" data-element_type=\"column\" data-e-type=\"column\">\n\t\t\t<div class=\"elementor-widget-wrap elementor-element-populated\">\n\t\t\t\t\t\t<div class=\"elementor-element elementor-element-179e30a elementor-widget elementor-widget-text-editor\" data-id=\"179e30a\" data-element_type=\"widget\" data-e-type=\"widget\" data-widget_type=\"text-editor.default\">\n\t\t\t\t<div class=\"elementor-widget-container\">\n\t\t\t\t\t\t\t\t\t<p>Si la cubierta est\u00e1 rota o agrietada, debe sustituirse r\u00e1pidamente para que no afecte al funcionamiento del ROBOT PISCINA 8STREME 7310, 8STREME 7320 y no provoque un desgaste m\u00e1s r\u00e1pido del ROBOT PISCINA 8STREME 7310, 8STREME 7320.<\/p><p>\u00a0<\/p><h1>Las herramientas que hay que utilizar<\/h1><p>Para sustituir la cubierta, necesitar\u00e1 :<\/p><ul><li>Destornillador Phillips<\/li><\/ul><p>\u00a0<\/p><h1>Piezas de recambio<\/h1><p>Adjunto encontrar\u00e1 el enlace para adquirir la funda: \u00a0<a href=\"https:\/\/8streme.eu\/es\/producto\/tapa-superior-humos-71020\/\">https:\/\/8streme.eu\/produit\/couvercle-superieur-fume-71020\/<\/a><\/p><p>\u00a0<\/p><h1>Procedimiento de sustituci\u00f3n<\/h1><p>Te recomendamos que sigas el v\u00eddeo tutorial para sustituir la tapa.<\/p><p>Enlace a la sustituci\u00f3n de la cubierta del ROBOT PISCINA 8STREME 7310, 8STREME 7320 : <a href=\"https:\/\/www.youtube.com\/watch?v=gTqU9o5udOU&amp;list=PLWoiTHw_wDWv8tDa7QGiQrazACbyhJHXd&amp;index=12\">https:\/\/www.youtube.com\/watch?v=gTqU9o5udOU&amp;list=PLWoiTHw_wDWv8tDa7QGiQrazACbyhJHXd&amp;index=12<\/a><\/p><p>\u00a0<\/p><p>El primer paso es desenchufar su ROBOT DE PISCINA 8STREME 7310, 8STREME 7320 antes de proceder a cualquier sustituci\u00f3n.<\/p><p>\u00a0<\/p><p>Para retirar la tapa, retire los dos tapones roscados situados a ambos lados de la tapa y, a continuaci\u00f3n, desenrosque los dos soportes con los destornilladores Phillips. Guarde las piezas en un lugar seguro.<\/p><p>Una vez desenroscada, levante la tapa.<\/p><p>\u00a0<\/p><p>Para montar la nueva tapa, vuelva a colocar la nueva tapa y monte los soportes en la tapa. Apriete con el destornillador Phillips y vuelva a colocar las tapas de los tornillos.<\/p><p>\u00a0<\/p><p>\u00a0<\/p><h1><strong>P\u00f3ngase en contacto con su distribuidor o con el servicio posventa<\/strong><\/h1><p><strong>Si tiene problemas para sustituir las correas de transmisi\u00f3n, p\u00f3ngase en contacto con su distribuidor o con el servicio posventa. <\/strong><\/p><p>Informaci\u00f3n de contacto del servicio de atenci\u00f3n al cliente de 8STREME :<\/p><p>8STREME Servicio postventa<\/p><p>6 RUE DES FRERES MICHELIN<\/p><p>10600 LA CHAPELLE SAINT LUC<\/p><p>FRANCIA<\/p><p>03 10 64 60 26<\/p><p><a href=\"mailto:service@8streme.eu\">service@8streme.eu<\/a><\/p>\t\t\t\t\t\t\t\t<\/div>\n\t\t\t\t<\/div>\n\t\t\t\t\t<\/div>\n\t\t<\/div>\n\t\t\t\t\t<\/div>\n\t\t<\/section>\n\t\t\t\t<\/div>","protected":false},"excerpt":{"rendered":"<p>Lorsque le couvercle est cass\u00e9 ou fissur\u00e9, il faut le changer rapidement afin que cela n\u2019alt\u00e8re pas le fonctionnement du ROBOT PISCINE 8STREME 7310, 8STREME 7320 et n\u2019entraine pas une usure plus rapide du ROBOT PISCINE 8STREME 7310, 8STREME 7320. &hellip; <a href=\"https:\/\/8streme.eu\/es\/comment-remplacer-le-couvercle-du-robot-piscine-8streme-7310-8streme-7320\/\">Seguir leyendo<\/a><\/p>","protected":false},"author":5,"featured_media":0,"parent":0,"menu_order":0,"comment_status":"closed","ping_status":"closed","template":"","meta":{"_metasync_otto_title":"Remplacer le couvercle du Robot Piscine 8streme - Guide","_metasync_otto_description":"D\u00e9couvrez comment remplacer le couvercle du Robot Piscine 8STREME 7310, 8STREME 7320. Suivez notre vid\u00e9o tutoriel pour un remplacement facile et efficace.","_metasync_otto_keywords":"","_metasync_otto_og_title":"","_metasync_otto_og_description":"","_metasync_otto_twitter_title":"","_metasync_otto_twitter_description":"","rank_math_title":"","rank_math_description":"","_yoast_wpseo_title":"","_yoast_wpseo_metadesc":"","_aioseo_title":"","_aioseo_description":"","_metasync_seo_title":"","_metasync_seo_desc":"","_metasync_breadcrumb_title":"","_metasync_primary_category":0,"_metasync_primary_product_cat":0,"_metasync_otto_disabled":"","_metasync_hreflang":"","_metasync_plugin_sync_ts":"","_metasync_robots_advanced":"","footnotes":""},"class_list":["post-29244","page","type-page","status-publish","hentry","_wholesalex wsx-wholesalex-product"],"_links":{"self":[{"href":"https:\/\/8streme.eu\/es\/wp-json\/wp\/v2\/pages\/29244","targetHints":{"allow":["GET"]}}],"collection":[{"href":"https:\/\/8streme.eu\/es\/wp-json\/wp\/v2\/pages"}],"about":[{"href":"https:\/\/8streme.eu\/es\/wp-json\/wp\/v2\/types\/page"}],"author":[{"embeddable":true,"href":"https:\/\/8streme.eu\/es\/wp-json\/wp\/v2\/users\/5"}],"replies":[{"embeddable":true,"href":"https:\/\/8streme.eu\/es\/wp-json\/wp\/v2\/comments?post=29244"}],"version-history":[{"count":4,"href":"https:\/\/8streme.eu\/es\/wp-json\/wp\/v2\/pages\/29244\/revisions"}],"predecessor-version":[{"id":29250,"href":"https:\/\/8streme.eu\/es\/wp-json\/wp\/v2\/pages\/29244\/revisions\/29250"}],"wp:attachment":[{"href":"https:\/\/8streme.eu\/es\/wp-json\/wp\/v2\/media?parent=29244"}],"curies":[{"name":"wp","href":"https:\/\/api.w.org\/{rel}","templated":true}]}}