{"id":29230,"date":"2024-01-02T15:58:16","date_gmt":"2024-01-02T14:58:16","guid":{"rendered":"https:\/\/8streme.eu\/?page_id=29230"},"modified":"2024-01-02T15:59:02","modified_gmt":"2024-01-02T14:59:02","slug":"como-sustituir-el-bloque-motor-del-limpiafondos-8streme-7310-8streme-7320","status":"publish","type":"page","link":"https:\/\/8streme.eu\/es\/comment-remplacer-le-bloc-moteur-du-robot-piscine-8streme-7310-8streme-7320\/","title":{"rendered":"\u00bfC\u00f3mo se sustituye la unidad de motor del ROBOT DE PISCINA 8STREME 7310, 8STREME 7320?"},"content":{"rendered":"<div data-elementor-type=\"wp-page\" data-elementor-id=\"29230\" class=\"elementor elementor-29230\" data-elementor-post-type=\"page\">\n\t\t\t\t\t\t<section class=\"elementor-section elementor-top-section elementor-element elementor-element-e1f25f5 elementor-section-boxed elementor-section-height-default elementor-section-height-default\" data-id=\"e1f25f5\" data-element_type=\"section\" data-e-type=\"section\">\n\t\t\t\t\t\t<div class=\"elementor-container elementor-column-gap-default\">\n\t\t\t\t\t<div class=\"elementor-column elementor-col-100 elementor-top-column elementor-element elementor-element-822c59c\" data-id=\"822c59c\" data-element_type=\"column\" data-e-type=\"column\">\n\t\t\t<div class=\"elementor-widget-wrap elementor-element-populated\">\n\t\t\t\t\t\t<div class=\"elementor-element elementor-element-7df123a elementor-widget elementor-widget-text-editor\" data-id=\"7df123a\" data-element_type=\"widget\" data-e-type=\"widget\" data-widget_type=\"text-editor.default\">\n\t\t\t\t<div class=\"elementor-widget-container\">\n\t\t\t\t\t\t\t\t\t<p>Cuando el bloque motor est\u00e1 desgastado o se rompe, debe sustituirse r\u00e1pidamente para que no afecte al funcionamiento del ROBOT DE PISCINA 8STREME 7310, 8STREME 7320 y no provoque un desgaste m\u00e1s r\u00e1pido del ROBOT DE PISCINA 8STREME 7310, 8STREME 7320.<\/p><p>\u00a0<\/p><h1>Las herramientas que hay que utilizar<\/h1><p>Para sustituir el rodillo, necesitar\u00e1 :<\/p><ul><li>Llave Allen<\/li><li>Destornillador Phillips<\/li><li>Un destornillador plano<\/li><li>Una llave de motor<\/li><\/ul><p>\u00a0<\/p><h1>Piezas de recambio<\/h1><p>Adjunto el enlace para adquirir el bloque motor: <a href=\"https:\/\/8streme.eu\/es\/producto\/grupo-motor-bomba-71050\/\">https:\/\/8streme.eu\/produit\/bloc-moteur-de-la-pompe-71050\/<\/a><\/p><p>\u00a0<\/p><p>La llave del motor se introducir\u00e1 en el paquete.<\/p><h1>Procedimiento de sustituci\u00f3n<\/h1><p>Le recomendamos que siga el v\u00eddeo tutorial para sustituir el bloque motor.<\/p><p>\u00a0<\/p><p>8STREME 7310, 8STREME 7320 ROBOT PISCINA desmontaje motor link: <a href=\"https:\/\/www.youtube.com\/watch?v=-q-rfdu2Wy8&amp;list=PLWoiTHw_wDWv8tDa7QGiQrazACbyhJHXd&amp;index=3\">https:\/\/www.youtube.com\/watch?v=-q-rfdu2Wy8&amp;list=PLWoiTHw_wDWv8tDa7QGiQrazACbyhJHXd&amp;index=3<\/a><\/p><p>\u00a0<\/p><p>8STREME 7310, 8STREME 7320 SWIMMING POOL ROBOT motor assembly link:<\/p><p><a href=\"https:\/\/www.youtube.com\/watch?v=ItmaF-YrXz4&amp;list=PLWoiTHw_wDWv8tDa7QGiQrazACbyhJHXd&amp;index=4\">https:\/\/www.youtube.com\/watch?v=ItmaF-YrXz4&amp;list=PLWoiTHw_wDWv8tDa7QGiQrazACbyhJHXd&amp;index=4<\/a> \u00a0<\/p><p>\u00a0<\/p><p>El primer paso es desenchufar su ROBOT DE PISCINA 8STREME 7310, 8STREME 7320 antes de proceder a cualquier sustituci\u00f3n.<\/p><p>\u00a0<\/p><p>Abra la tapa del robot de cocina y retire la cesta del filtro tirando de sus asas.<\/p><p>Para desmontar el motor, basta con desenroscar los cuatro tornillos Allen con una llave Allen situada en las esquinas del interior del robot. D\u00e9 la vuelta al robot y desatornille los dos tornillos peque\u00f1os de las dos ruedas exteriores y retire las dos ruedas.<\/p><p>A continuaci\u00f3n, retire los cuatro tornillos que sujetan la base del robot y lev\u00e1ntela tirando de ambos lados.<\/p><p>Una vez retirada la base, desatornille los tres tornillos que sujetan la unidad motora.<\/p><p>Pon el robot boca arriba y desengancha la rejilla del motor de la parte superior con un destornillador plano.<\/p><p>Abra la tapa y extraiga la unidad motora levant\u00e1ndola e inclin\u00e1ndola hacia fuera.<\/p><p>Desenrosque la tuerca negra del bloque motor con la llave del motor y, a continuaci\u00f3n, retire el cable flotante del bloque motor.<\/p><p>\u00a0<\/p><p>Mantenga todas las piezas a un lado.\u00a0<\/p><p>\u00a0<\/p><p>Para montar el nuevo motor, enchufe el cable flotante en la nueva unidad de motor y enrosque la tuerca negra en el motor utilizando la llave del motor.<\/p><p>Vuelva a colocar el bloque motor en el robot y d\u00e9le la vuelta.<\/p><p>Apriete los tres tornillos que sujetan la unidad motora.<\/p><p>Vuelva a colocar la base en la carcasa del robot en la direcci\u00f3n correcta. Apriete los cuatro tornillos que sujetan la base a la carcasa del robot. Vuelva a colocar las dos ruedas con sus soportes de pl\u00e1stico y apriete los dos tornillos peque\u00f1os.<\/p><p>Gire el robot hacia la derecha y vuelva a atornillar los cuatro tornillos Allen en el robot.<\/p><p>Vuelva a enganchar la rejilla del motor, teniendo cuidado de recolocar la junta negra del cable donde debe estar en la rejilla.<\/p><p>\u00a0<\/p><h1><strong>P\u00f3ngase en contacto con su distribuidor o con el servicio posventa<\/strong><\/h1><p><strong>Si tiene problemas para sustituir las correas de transmisi\u00f3n, p\u00f3ngase en contacto con su distribuidor o con el servicio posventa. <\/strong><\/p><p>Informaci\u00f3n de contacto del servicio de atenci\u00f3n al cliente de 8STREME :<\/p><p>8STREME Servicio postventa<\/p><p>6 RUE DES FRERES MICHELIN<\/p><p>10600 LA CHAPELLE SAINT LUC<\/p><p>FRANCIA<\/p><p>03 10 64 60 26<\/p><p><a href=\"mailto:service@8streme.eu\">service@8streme.eu<\/a><\/p>\t\t\t\t\t\t\t\t<\/div>\n\t\t\t\t<\/div>\n\t\t\t\t\t<\/div>\n\t\t<\/div>\n\t\t\t\t\t<\/div>\n\t\t<\/section>\n\t\t\t\t<\/div>","protected":false},"excerpt":{"rendered":"<p>Lorsque le bloc moteur est us\u00e9 ou en panne, il faut le changer rapidement afin que cela n\u2019alt\u00e8re pas le fonctionnement du ROBOT PISCINE 8STREME 7310, 8STREME 7320 et n\u2019entraine pas une usure plus rapide du ROBOT PISCINE 8STREME 7310, &hellip; <a href=\"https:\/\/8streme.eu\/es\/comment-remplacer-le-bloc-moteur-du-robot-piscine-8streme-7310-8streme-7320\/\">Seguir leyendo<\/a><\/p>","protected":false},"author":5,"featured_media":0,"parent":0,"menu_order":0,"comment_status":"closed","ping_status":"closed","template":"","meta":{"_metasync_otto_title":"Changement rapide bloc moteur Robot Piscine 8streme","_metasync_otto_description":"Remplacez rapidement le bloc moteur du Robot Piscine 8Streme 7310, 8Streme 7320 avec nos conseils. D\u00e9montage et montage faciles gr\u00e2ce \u00e0 nos vid\u00e9os tutoriels.","_metasync_otto_keywords":"","_metasync_otto_og_title":"","_metasync_otto_og_description":"","_metasync_otto_twitter_title":"","_metasync_otto_twitter_description":"","rank_math_title":"","rank_math_description":"","_yoast_wpseo_title":"","_yoast_wpseo_metadesc":"","_aioseo_title":"","_aioseo_description":"","_metasync_seo_title":"","_metasync_seo_desc":"","_metasync_breadcrumb_title":"","_metasync_primary_category":0,"_metasync_primary_product_cat":0,"_metasync_otto_disabled":"","_metasync_hreflang":"","_metasync_plugin_sync_ts":"","_metasync_robots_advanced":"","footnotes":""},"class_list":["post-29230","page","type-page","status-publish","hentry","_wholesalex wsx-wholesalex-product"],"_links":{"self":[{"href":"https:\/\/8streme.eu\/es\/wp-json\/wp\/v2\/pages\/29230","targetHints":{"allow":["GET"]}}],"collection":[{"href":"https:\/\/8streme.eu\/es\/wp-json\/wp\/v2\/pages"}],"about":[{"href":"https:\/\/8streme.eu\/es\/wp-json\/wp\/v2\/types\/page"}],"author":[{"embeddable":true,"href":"https:\/\/8streme.eu\/es\/wp-json\/wp\/v2\/users\/5"}],"replies":[{"embeddable":true,"href":"https:\/\/8streme.eu\/es\/wp-json\/wp\/v2\/comments?post=29230"}],"version-history":[{"count":4,"href":"https:\/\/8streme.eu\/es\/wp-json\/wp\/v2\/pages\/29230\/revisions"}],"predecessor-version":[{"id":29236,"href":"https:\/\/8streme.eu\/es\/wp-json\/wp\/v2\/pages\/29230\/revisions\/29236"}],"wp:attachment":[{"href":"https:\/\/8streme.eu\/es\/wp-json\/wp\/v2\/media?parent=29230"}],"curies":[{"name":"wp","href":"https:\/\/api.w.org\/{rel}","templated":true}]}}