{"id":29223,"date":"2024-01-02T15:55:54","date_gmt":"2024-01-02T14:55:54","guid":{"rendered":"https:\/\/8streme.eu\/?page_id=29223"},"modified":"2024-01-02T15:56:09","modified_gmt":"2024-01-02T14:56:09","slug":"como-sustituir-el-bloque-motor-del-limpiafondos-8streme-5310","status":"publish","type":"page","link":"https:\/\/8streme.eu\/es\/comment-remplacer-le-bloc-moteur-du-robot-piscine-8streme-5310\/","title":{"rendered":"\u00bfC\u00f3mo se sustituye la unidad de motor del ROBOT POOL 8STREME 5310?"},"content":{"rendered":"<div data-elementor-type=\"wp-page\" data-elementor-id=\"29223\" class=\"elementor elementor-29223\" data-elementor-post-type=\"page\">\n\t\t\t\t\t\t<section class=\"elementor-section elementor-top-section elementor-element elementor-element-4c131252 elementor-section-boxed elementor-section-height-default elementor-section-height-default\" data-id=\"4c131252\" data-element_type=\"section\" data-e-type=\"section\">\n\t\t\t\t\t\t<div class=\"elementor-container elementor-column-gap-default\">\n\t\t\t\t\t<div class=\"elementor-column elementor-col-100 elementor-top-column elementor-element elementor-element-51fd32b0\" data-id=\"51fd32b0\" data-element_type=\"column\" data-e-type=\"column\">\n\t\t\t<div class=\"elementor-widget-wrap elementor-element-populated\">\n\t\t\t\t\t\t<div class=\"elementor-element elementor-element-49759b00 elementor-widget elementor-widget-text-editor\" data-id=\"49759b00\" data-element_type=\"widget\" data-e-type=\"widget\" data-widget_type=\"text-editor.default\">\n\t\t\t\t<div class=\"elementor-widget-container\">\n\t\t\t\t\t\t\t\t\t\n<p>Cuando el bloque motor est\u00e1 desgastado o se rompe, debe ser sustituido r\u00e1pidamente para que no afecte al funcionamiento del ROBOT POOL 8STREME 5310 y no provoque un desgaste m\u00e1s r\u00e1pido del ROBOT POOL 8STREME 5310.<\/p>\n\n\n\n<h1 class=\"wp-block-heading\">Las herramientas que hay que utilizar<\/h1>\n\n\n\n<p>Para sustituir el rodillo, necesitar\u00e1 :<\/p>\n\n\n\n<ul class=\"wp-block-list\">\n<li>Destornillador Phillips<\/li>\n\n\n\n<li>Una llave de motor<\/li>\n<\/ul>\n\n\n\n<h1 class=\"wp-block-heading\">Piezas de recambio<\/h1>\n\n\n\n<p>Le adjuntamos el enlace para adquirir la unidad de motor para el ROBOT PISCINA 8STREME 5310: <a href=\"https:\/\/8streme.eu\/es\/producto\/motor-bomba-51400\/\">https:\/\/8streme.eu\/produit\/moteur-de-pompe-51400\/<\/a><\/p>\n\n\n\n<p>La llave del motor se introducir\u00e1 en el paquete.<\/p>\n\n\n\n<h1 class=\"wp-block-heading\">Procedimiento de sustituci\u00f3n<\/h1>\n\n\n\n<p>El primer paso es desenchufar su ROBOT DE PISCINA 8STREME 5310 antes de proceder a cualquier sustituci\u00f3n.<\/p>\n\n\n\n<p>Para extraer el motor, abra el robot de cocina pulsando el bot\u00f3n situado en la parte frontal del mismo y, a continuaci\u00f3n, levante la tapa hasta que oiga un \"clic\" en las bisagras para bloquear la tapa en su sitio.<\/p>\n\n\n\n<p>A continuaci\u00f3n, retire los cuatro tornillos de la parte interior del robot que sujetan el soporte superior del motor de la bomba y tire de \u00e9l hacia fuera.<\/p>\n\n\n\n<p>A continuaci\u00f3n, retire las v\u00e1lvulas de salida de la bomba de cada lado desatornillando los tres tornillos peque\u00f1os.<\/p>\n\n\n\n<p>A continuaci\u00f3n, desenrosca los dos tornillos que sujetan el motor al soporte y retira el motor.<\/p>\n\n\n\n<p>Desenrosque la tuerca negra del motor con la llave del motor y retire el cable flotante.<\/p>\n\n\n\n<p>Mantenga todas las piezas a un lado.&nbsp;<\/p>\n\n\n\n<p>Para montar el nuevo motor, enchufe el cable flotante en la nueva unidad de motor y enrosque la tuerca negra en el motor utilizando la llave del motor.<\/p>\n\n\n\n<p>Vuelva a colocar la unidad de motor en el soporte superior y apriete los dos tornillos que sujetan la unidad de motor en su lugar.<\/p>\n\n\n\n<p>Vuelva a colocar las v\u00e1lvulas de salida de la bomba apretando los tres tornillos peque\u00f1os.<\/p>\n\n\n\n<p>Vuelva a colocar el soporte superior en el robot y atorn\u00edllelo en su sitio utilizando los cuatro tornillos de la parte interior.<\/p>\n\n\n\n<h1 class=\"wp-block-heading\"><strong>P\u00f3ngase en contacto con su distribuidor o con el servicio posventa<\/strong><\/h1>\n\n\n\n<p><strong>Si tiene problemas para sustituir las correas de transmisi\u00f3n, p\u00f3ngase en contacto con su distribuidor o con el servicio posventa.<\/strong><\/p>\n\n\n\n<p>Informaci\u00f3n de contacto del servicio de atenci\u00f3n al cliente de 8STREME :<\/p>\n\n\n\n<p>8STREME Servicio postventa<\/p>\n\n\n\n<p>6 RUE DES FRERES MICHELIN<\/p>\n\n\n\n<p>10600 LA CHAPELLE SAINT LUC<\/p>\n\n\n\n<p>FRANCIA<\/p>\n\n\n\n<p>03 10 64 60 26<\/p>\n\n\n\n<p><a href=\"mailto:service@8streme.eu\">service@8streme.eu<\/a><\/p>\n\t\t\t\t\t\t\t\t<\/div>\n\t\t\t\t<\/div>\n\t\t\t\t\t<\/div>\n\t\t<\/div>\n\t\t\t\t\t<\/div>\n\t\t<\/section>\n\t\t\t\t<\/div>","protected":false},"excerpt":{"rendered":"<p>Lorsque le bloc moteur est us\u00e9 ou en panne, il faut le changer rapidement afin que cela n\u2019alt\u00e8re pas le fonctionnement du ROBOT PISCINE 8STREME 5310 et n\u2019entraine pas une usure plus rapide du ROBOT PISCINE 8STREME 5310. Les outils &hellip; <a href=\"https:\/\/8streme.eu\/es\/comment-remplacer-le-bloc-moteur-du-robot-piscine-8streme-5310\/\">Seguir leyendo<\/a><\/p>","protected":false},"author":5,"featured_media":0,"parent":0,"menu_order":0,"comment_status":"closed","ping_status":"closed","template":"","meta":{"_metasync_otto_title":"","_metasync_otto_description":"","_metasync_otto_keywords":"","_metasync_otto_og_title":"","_metasync_otto_og_description":"","_metasync_otto_twitter_title":"","_metasync_otto_twitter_description":"","rank_math_title":"","rank_math_description":"","_yoast_wpseo_title":"","_yoast_wpseo_metadesc":"","_aioseo_title":"","_aioseo_description":"","_metasync_seo_title":"","_metasync_seo_desc":"","_metasync_breadcrumb_title":"","_metasync_primary_category":0,"_metasync_primary_product_cat":0,"_metasync_otto_disabled":"","_metasync_hreflang":"","_metasync_plugin_sync_ts":"","_metasync_robots_advanced":"","footnotes":""},"class_list":["post-29223","page","type-page","status-publish","hentry","_wholesalex wsx-wholesalex-product"],"_links":{"self":[{"href":"https:\/\/8streme.eu\/es\/wp-json\/wp\/v2\/pages\/29223","targetHints":{"allow":["GET"]}}],"collection":[{"href":"https:\/\/8streme.eu\/es\/wp-json\/wp\/v2\/pages"}],"about":[{"href":"https:\/\/8streme.eu\/es\/wp-json\/wp\/v2\/types\/page"}],"author":[{"embeddable":true,"href":"https:\/\/8streme.eu\/es\/wp-json\/wp\/v2\/users\/5"}],"replies":[{"embeddable":true,"href":"https:\/\/8streme.eu\/es\/wp-json\/wp\/v2\/comments?post=29223"}],"version-history":[{"count":4,"href":"https:\/\/8streme.eu\/es\/wp-json\/wp\/v2\/pages\/29223\/revisions"}],"predecessor-version":[{"id":29229,"href":"https:\/\/8streme.eu\/es\/wp-json\/wp\/v2\/pages\/29223\/revisions\/29229"}],"wp:attachment":[{"href":"https:\/\/8streme.eu\/es\/wp-json\/wp\/v2\/media?parent=29223"}],"curies":[{"name":"wp","href":"https:\/\/api.w.org\/{rel}","templated":true}]}}