{"id":30428,"date":"2024-05-31T09:34:04","date_gmt":"2024-05-31T07:34:04","guid":{"rendered":"https:\/\/8streme.eu\/?post_type=product&#038;p=30428"},"modified":"2025-05-26T17:26:34","modified_gmt":"2025-05-26T15:26:34","slug":"floating-battery-30591","status":"publish","type":"product","link":"https:\/\/8streme.eu\/en\/produit\/batterie-flottante-30591\/","title":{"rendered":"Floating battery - 30591"},"content":{"rendered":"<div data-elementor-type=\"product-post\" data-elementor-id=\"30428\" class=\"elementor elementor-30428\" data-elementor-post-type=\"product\">\n\t\t\t\t\t\t<section class=\"elementor-section elementor-top-section elementor-element elementor-element-2175fa04 elementor-section-boxed elementor-section-height-default elementor-section-height-default\" data-id=\"2175fa04\" data-element_type=\"section\" data-e-type=\"section\">\n\t\t\t\t\t\t<div class=\"elementor-container elementor-column-gap-default\">\n\t\t\t\t\t<div class=\"elementor-column elementor-col-100 elementor-top-column elementor-element elementor-element-6ad520df\" data-id=\"6ad520df\" data-element_type=\"column\" data-e-type=\"column\">\n\t\t\t<div class=\"elementor-widget-wrap elementor-element-populated\">\n\t\t\t\t\t\t<div class=\"elementor-element elementor-element-5cf7d449 elementor-widget elementor-widget-text-editor\" data-id=\"5cf7d449\" data-element_type=\"widget\" data-e-type=\"widget\" data-widget_type=\"text-editor.default\">\n\t\t\t\t<div class=\"elementor-widget-container\">\n\t\t\t\t\t\t\t\t\t<p>Floating battery<\/p><p>This product is\u00a0<b>aimed at\u00a0<\/b>to the robot<strong>\u00a08STREME 7311<\/strong>\u00a0battery-operated<\/p><p>For robots\u00a0<strong>8STREME 7310 and 7320<\/strong>the purchase of a 3-metre cable\u00a0<strong><a href=\"https:\/\/8streme.eu\/en\/product\/cable-3m-64151\/\">64151<\/a><\/strong>\u00a0is\u00a0<strong>necessary<\/strong>\u00a0(<a href=\"https:\/\/8streme.eu\/en\/product\/cable-3m-64151\/\">Product link<\/a>)<\/p><p>\u00a0<\/p><div class=\"entry-content-asset\"><blockquote class=\"wp-embedded-content\" data-secret=\"mppJxbu2rN\"><a href=\"https:\/\/8streme.eu\/en\/product\/cable-3m-64151\/\">3m cable - 64151<\/a><\/blockquote><\/div>\t\t\t\t\t\t\t\t<\/div>\n\t\t\t\t<\/div>\n\t\t\t\t\t<\/div>\n\t\t<\/div>\n\t\t\t\t\t<\/div>\n\t\t<\/section>\n\t\t\t\t<\/div>","protected":false},"excerpt":{"rendered":"<p>Floating battery<\/p>\n<p>This product is <b>aimed at <\/b>to the robot<strong> 8STREME 7311<\/strong> battery-operated<\/p>\n<p>However, for robots <strong>8STREME 7310 and 7320<\/strong>the purchase of a 3-metre cable <strong><a href=\"https:\/\/8streme.eu\/en\/product\/cable-3m-64151\/\">64151<\/a><\/strong> is <strong>necessary<\/strong> (<a href=\"https:\/\/8streme.eu\/en\/product\/cable-3m-64151\/\">Product link<\/a>)<\/p>\n<p>https:\/\/8streme.eu\/produit\/cable-3m-64151\/ ... <a href=\"https:\/\/8streme.eu\/en\/produit\/batterie-flottante-30591\/\">Read More<\/a><\/p>","protected":false},"featured_media":33871,"template":"","meta":{"_metasync_otto_title":"","_metasync_otto_description":"Batterie flottante compatible avec les robots 8STREME 7311 \u00e0 batterie. Pi\u00e8ce d\u00e9tach\u00e9e essentielle pour une performance continue de votre robot.","_metasync_otto_keywords":"","_metasync_otto_og_title":"","_metasync_otto_og_description":"","_metasync_otto_twitter_title":"","_metasync_otto_twitter_description":"","rank_math_title":"","rank_math_description":"","_yoast_wpseo_title":"","_yoast_wpseo_metadesc":"","_aioseo_title":"","_aioseo_description":"","_metasync_seo_title":"","_metasync_seo_desc":"","_metasync_breadcrumb_title":"","_metasync_primary_category":0,"_metasync_primary_product_cat":0,"_metasync_otto_disabled":"","_metasync_hreflang":"","_metasync_plugin_sync_ts":"","_metasync_robots_advanced":""},"product_brand":[],"product_cat":[376],"product_tag":[],"class_list":{"0":"post-30428","1":"product","2":"type-product","3":"status-publish","4":"has-post-thumbnail","6":"product_cat-pieces-detachees-robot-7311","7":"_wholesalex wsx-wholesalex-product","9":"first","10":"instock","11":"taxable","12":"shipping-taxable","13":"purchasable","14":"product-type-simple"},"_links":{"self":[{"href":"https:\/\/8streme.eu\/en\/wp-json\/wp\/v2\/product\/30428","targetHints":{"allow":["GET"]}}],"collection":[{"href":"https:\/\/8streme.eu\/en\/wp-json\/wp\/v2\/product"}],"about":[{"href":"https:\/\/8streme.eu\/en\/wp-json\/wp\/v2\/types\/product"}],"version-history":[{"count":11,"href":"https:\/\/8streme.eu\/en\/wp-json\/wp\/v2\/product\/30428\/revisions"}],"predecessor-version":[{"id":33867,"href":"https:\/\/8streme.eu\/en\/wp-json\/wp\/v2\/product\/30428\/revisions\/33867"}],"wp:featuredmedia":[{"embeddable":true,"href":"https:\/\/8streme.eu\/en\/wp-json\/wp\/v2\/media\/33871"}],"wp:attachment":[{"href":"https:\/\/8streme.eu\/en\/wp-json\/wp\/v2\/media?parent=30428"}],"wp:term":[{"taxonomy":"product_brand","embeddable":true,"href":"https:\/\/8streme.eu\/en\/wp-json\/wp\/v2\/product_brand?post=30428"},{"taxonomy":"product_cat","embeddable":true,"href":"https:\/\/8streme.eu\/en\/wp-json\/wp\/v2\/product_cat?post=30428"},{"taxonomy":"product_tag","embeddable":true,"href":"https:\/\/8streme.eu\/en\/wp-json\/wp\/v2\/product_tag?post=30428"}],"curies":[{"name":"wp","href":"https:\/\/api.w.org\/{rel}","templated":true}]}}