{"id":2418,"date":"2018-03-16T10:39:54","date_gmt":"2018-03-16T09:39:54","guid":{"rendered":"http:\/\/8streme.eu\/?post_type=product&#038;p=2418"},"modified":"2024-09-03T08:59:59","modified_gmt":"2024-09-03T06:59:59","slug":"quick-drain-valve-dark-grey-71110","status":"publish","type":"product","link":"https:\/\/8streme.eu\/en\/produit\/clapet-de-vidange-rapide-gris-fonce-71110\/","title":{"rendered":"Quick-drain valve - 71110"},"content":{"rendered":"<p><strong>Quick-drain valve<\/strong> <em>- 71110<\/em><\/p>\n<p>The valve retains impurities when you remove your robot from the pool.<\/p>\n<p>This product is compatible with the following robots: 8STREME 7310, 8STREME 7311, 8STREME 7320, Black Pearl, Catfish, I-Qualer, Klinwass, Lynx ES10, Malibu, Pontaqua Phantom, Power 4.0, Power 4.0 Plus, Remora, Scooby, Tebas ...<\/p>\n<p><a href=\"https:\/\/www.youtube.com\/watch?v=DptMqM6It4U&amp;list=PLWoiTHw_wDWv8tDa7QGiQrazACbyhJHXd&amp;index=11\">Drain valve replacement video<\/a><\/p>","protected":false},"excerpt":{"rendered":"<p>Quick-drain valve - 71110<\/p>\n<p>This product is compatible with the following robots: 8STREME 7310, 8STREME 7311, 8STREME 7320, Black Pearl, Catfish, I-Qualer, Klinwass, Lynx ES10, Malibu, Pontaqua Phantom, Power 4.0, Power 4.0 Plus, Remora, Scooby, Tebas ...<\/p>\n<p>&nbsp; ... <a href=\"https:\/\/8streme.eu\/en\/produit\/clapet-de-vidange-rapide-gris-fonce-71110\/\">Read More<\/a><\/p>","protected":false},"featured_media":2419,"template":"","meta":{"_metasync_otto_title":"","_metasync_otto_description":"Clapet de vidange rapide pour robots de piscine, compatible avec plusieurs mod\u00e8les. Retient les impuret\u00e9s lors du retrait. D\u00e9tails ici.","_metasync_otto_keywords":"","_metasync_otto_og_title":"","_metasync_otto_og_description":"","_metasync_otto_twitter_title":"","_metasync_otto_twitter_description":"","rank_math_title":"","rank_math_description":"","_yoast_wpseo_title":"","_yoast_wpseo_metadesc":"","_aioseo_title":"","_aioseo_description":"","_metasync_seo_title":"","_metasync_seo_desc":"","_metasync_breadcrumb_title":"","_metasync_primary_category":0,"_metasync_primary_product_cat":0,"_metasync_otto_disabled":"","_metasync_hreflang":"","_metasync_plugin_sync_ts":"","_metasync_robots_advanced":""},"product_brand":[],"product_cat":[60,173,174,376,145,229],"product_tag":[],"class_list":{"0":"post-2418","1":"product","2":"type-product","3":"status-publish","4":"has-post-thumbnail","6":"product_cat-pieces-detachees-robot-7310","7":"product_cat-pieces-detachees-robot-7310-19","8":"product_cat-pieces-detachees-robot-7310-20","9":"product_cat-pieces-detachees-robot-7311","10":"product_cat-pieces-detachees-robot-7320","11":"product_cat-pieces-detachees-robot-7320-20","12":"_wholesalex wsx-wholesalex-product","14":"first","15":"instock","16":"taxable","17":"shipping-taxable","18":"purchasable","19":"product-type-simple"},"_links":{"self":[{"href":"https:\/\/8streme.eu\/en\/wp-json\/wp\/v2\/product\/2418","targetHints":{"allow":["GET"]}}],"collection":[{"href":"https:\/\/8streme.eu\/en\/wp-json\/wp\/v2\/product"}],"about":[{"href":"https:\/\/8streme.eu\/en\/wp-json\/wp\/v2\/types\/product"}],"version-history":[{"count":12,"href":"https:\/\/8streme.eu\/en\/wp-json\/wp\/v2\/product\/2418\/revisions"}],"predecessor-version":[{"id":30379,"href":"https:\/\/8streme.eu\/en\/wp-json\/wp\/v2\/product\/2418\/revisions\/30379"}],"wp:featuredmedia":[{"embeddable":true,"href":"https:\/\/8streme.eu\/en\/wp-json\/wp\/v2\/media\/2419"}],"wp:attachment":[{"href":"https:\/\/8streme.eu\/en\/wp-json\/wp\/v2\/media?parent=2418"}],"wp:term":[{"taxonomy":"product_brand","embeddable":true,"href":"https:\/\/8streme.eu\/en\/wp-json\/wp\/v2\/product_brand?post=2418"},{"taxonomy":"product_cat","embeddable":true,"href":"https:\/\/8streme.eu\/en\/wp-json\/wp\/v2\/product_cat?post=2418"},{"taxonomy":"product_tag","embeddable":true,"href":"https:\/\/8streme.eu\/en\/wp-json\/wp\/v2\/product_tag?post=2418"}],"curies":[{"name":"wp","href":"https:\/\/api.w.org\/{rel}","templated":true}]}}