{"id":19399,"date":"2020-08-18T11:03:55","date_gmt":"2020-08-18T09:03:55","guid":{"rendered":"http:\/\/8streme.eu\/?post_type=product&#038;p=19399"},"modified":"2023-07-11T15:24:40","modified_gmt":"2023-07-11T13:24:40","slug":"two-piece-roller-set-2","status":"publish","type":"product","link":"https:\/\/8streme.eu\/en\/produit\/ensemble-de-rouleaux-deux-pieces-51480\/","title":{"rendered":"Two-piece roller set - 51480"},"content":{"rendered":"<p>Two-piece roller set - 51480<\/p>\n<p>This product is compatible with 8STREME 5310 robots.<\/p>","protected":false},"excerpt":{"rendered":"<p>Two-piece roller set - 51480<\/p>\n<p>Ce produit est compatible avec les robots 8STREME 5310. &hellip; <a href=\"https:\/\/8streme.eu\/en\/produit\/ensemble-de-rouleaux-deux-pieces-51480\/\">Read More<\/a><\/p>","protected":false},"featured_media":19401,"template":"","meta":{"_metasync_otto_title":"Rouleaux Robot 8streme \u2013 Ensemble 2 Pi\u00e8ces \u2013 51480","_metasync_otto_description":"Ensemble de rouleaux, deux pi\u00e8ces compatibles avec les robots 8STREME 5310. Remplacez facilement les pi\u00e8ces us\u00e9es pour un fonctionnement optimal.","_metasync_otto_keywords":"","_metasync_otto_og_title":"","_metasync_otto_og_description":"","_metasync_otto_twitter_title":"","_metasync_otto_twitter_description":"","rank_math_title":"","rank_math_description":"","_yoast_wpseo_title":"","_yoast_wpseo_metadesc":"","_aioseo_title":"","_aioseo_description":"","_metasync_seo_title":"","_metasync_seo_desc":"","_metasync_breadcrumb_title":"","_metasync_primary_category":0,"_metasync_primary_product_cat":0,"_metasync_otto_disabled":"","_metasync_hreflang":"","_metasync_plugin_sync_ts":"","_metasync_robots_advanced":""},"product_brand":[],"product_cat":[313],"product_tag":[],"class_list":{"0":"post-19399","1":"product","2":"type-product","3":"status-publish","4":"has-post-thumbnail","6":"product_cat-pieces-detachees-robot-5310","7":"_wholesalex wsx-wholesalex-product","9":"first","10":"instock","11":"taxable","12":"shipping-taxable","13":"purchasable","14":"product-type-simple"},"_links":{"self":[{"href":"https:\/\/8streme.eu\/en\/wp-json\/wp\/v2\/product\/19399","targetHints":{"allow":["GET"]}}],"collection":[{"href":"https:\/\/8streme.eu\/en\/wp-json\/wp\/v2\/product"}],"about":[{"href":"https:\/\/8streme.eu\/en\/wp-json\/wp\/v2\/types\/product"}],"version-history":[{"count":2,"href":"https:\/\/8streme.eu\/en\/wp-json\/wp\/v2\/product\/19399\/revisions"}],"predecessor-version":[{"id":28157,"href":"https:\/\/8streme.eu\/en\/wp-json\/wp\/v2\/product\/19399\/revisions\/28157"}],"wp:featuredmedia":[{"embeddable":true,"href":"https:\/\/8streme.eu\/en\/wp-json\/wp\/v2\/media\/19401"}],"wp:attachment":[{"href":"https:\/\/8streme.eu\/en\/wp-json\/wp\/v2\/media?parent=19399"}],"wp:term":[{"taxonomy":"product_brand","embeddable":true,"href":"https:\/\/8streme.eu\/en\/wp-json\/wp\/v2\/product_brand?post=19399"},{"taxonomy":"product_cat","embeddable":true,"href":"https:\/\/8streme.eu\/en\/wp-json\/wp\/v2\/product_cat?post=19399"},{"taxonomy":"product_tag","embeddable":true,"href":"https:\/\/8streme.eu\/en\/wp-json\/wp\/v2\/product_tag?post=19399"}],"curies":[{"name":"wp","href":"https:\/\/api.w.org\/{rel}","templated":true}]}}