{"id":19296,"date":"2020-08-07T16:57:04","date_gmt":"2020-08-07T14:57:04","guid":{"rendered":"http:\/\/8streme.eu\/?post_type=product&#038;p=19296"},"modified":"2023-07-11T15:20:31","modified_gmt":"2023-07-11T13:20:31","slug":"pump-motor-51400","status":"publish","type":"product","link":"https:\/\/8streme.eu\/en\/produit\/moteur-de-pompe-51400\/","title":{"rendered":"Pump motor - 51400"},"content":{"rendered":"<p>Pump motor - 51400<\/p>\n<p>This product is compatible with 8STREME 5310 robots.<\/p>","protected":false},"excerpt":{"rendered":"<p>Pump motor - 51400<\/p>\n<p>Ce produit est compatible avec les robots 8STREME 5310. &hellip; <a href=\"https:\/\/8streme.eu\/en\/produit\/moteur-de-pompe-51400\/\">Read More<\/a><\/p>","protected":false},"featured_media":1718,"template":"","meta":{"_metasync_otto_title":"","_metasync_otto_description":"D\u00e9couvrez le moteur de pompe 51400, compatible avec les robots 8STREME 5310. Trouvez des pi\u00e8ces de rechange de qualit\u00e9 pour votre piscine.","_metasync_otto_keywords":"","_metasync_otto_og_title":"","_metasync_otto_og_description":"","_metasync_otto_twitter_title":"","_metasync_otto_twitter_description":"","rank_math_title":"","rank_math_description":"","_yoast_wpseo_title":"","_yoast_wpseo_metadesc":"","_aioseo_title":"","_aioseo_description":"","_metasync_seo_title":"","_metasync_seo_desc":"","_metasync_breadcrumb_title":"","_metasync_primary_category":0,"_metasync_primary_product_cat":0,"_metasync_otto_disabled":"","_metasync_hreflang":"","_metasync_plugin_sync_ts":"","_metasync_robots_advanced":""},"product_brand":[],"product_cat":[313],"product_tag":[],"class_list":{"0":"post-19296","1":"product","2":"type-product","3":"status-publish","4":"has-post-thumbnail","6":"product_cat-pieces-detachees-robot-5310","7":"_wholesalex wsx-wholesalex-product","9":"first","10":"instock","11":"taxable","12":"shipping-taxable","13":"purchasable","14":"product-type-simple"},"_links":{"self":[{"href":"https:\/\/8streme.eu\/en\/wp-json\/wp\/v2\/product\/19296","targetHints":{"allow":["GET"]}}],"collection":[{"href":"https:\/\/8streme.eu\/en\/wp-json\/wp\/v2\/product"}],"about":[{"href":"https:\/\/8streme.eu\/en\/wp-json\/wp\/v2\/types\/product"}],"version-history":[{"count":2,"href":"https:\/\/8streme.eu\/en\/wp-json\/wp\/v2\/product\/19296\/revisions"}],"predecessor-version":[{"id":28152,"href":"https:\/\/8streme.eu\/en\/wp-json\/wp\/v2\/product\/19296\/revisions\/28152"}],"wp:featuredmedia":[{"embeddable":true,"href":"https:\/\/8streme.eu\/en\/wp-json\/wp\/v2\/media\/1718"}],"wp:attachment":[{"href":"https:\/\/8streme.eu\/en\/wp-json\/wp\/v2\/media?parent=19296"}],"wp:term":[{"taxonomy":"product_brand","embeddable":true,"href":"https:\/\/8streme.eu\/en\/wp-json\/wp\/v2\/product_brand?post=19296"},{"taxonomy":"product_cat","embeddable":true,"href":"https:\/\/8streme.eu\/en\/wp-json\/wp\/v2\/product_cat?post=19296"},{"taxonomy":"product_tag","embeddable":true,"href":"https:\/\/8streme.eu\/en\/wp-json\/wp\/v2\/product_tag?post=19296"}],"curies":[{"name":"wp","href":"https:\/\/api.w.org\/{rel}","templated":true}]}}