{"id":19257,"date":"2020-08-02T16:04:27","date_gmt":"2020-08-02T14:04:27","guid":{"rendered":"http:\/\/8streme.eu\/?post_type=product&#038;p=19257"},"modified":"2023-07-11T14:08:53","modified_gmt":"2023-07-11T12:08:53","slug":"floating-cable-kit-float-with-swivel-33131-33211-20-35011","status":"publish","type":"product","link":"https:\/\/8streme.eu\/en\/produit\/kit-cables-flottants-flotteur-avec-raccord-tournant-33131-33211-20-35011\/","title":{"rendered":"Floating cable + float kit with swivel (33131-20 + 33211-20 + 35011)."},"content":{"rendered":"<p>Floating cable kit + float with swivel (33131-20 + 33211-20 + 35011)...<\/p>\n<p>(Replaces previous cable models 33130 and 33210)<\/p>\n<p>This product is compatible with 8STREME 5220-LUNA 10, 8STREME 5222, Black Coral, Jelly Fish ...<\/p>\n<p><a href=\"https:\/\/www.youtube.com\/watch?v=3PPJU9pLre0&amp;list=PLWoiTHw_wDWv8tDa7QGiQrazACbyhJHXd&amp;index=15\">Cable connection video<\/a><\/p>\n<p><a href=\"https:\/\/www.youtube.com\/watch?v=Wm1gVmIjdDs\">Connect the video cables<\/a><\/p>","protected":false},"excerpt":{"rendered":"<p>Floating cable kit + float with swivel (33131-20 + 33211-20 + 35011)...<\/p>\n<p>Replaces older cable models 33130 and 33210<\/p>\n<p>This product is compatible with 8STREME 5220-LUNA 10, 8STREME 5222, Black Coral, Jelly Fish ... ... <a href=\"https:\/\/8streme.eu\/en\/produit\/kit-cables-flottants-flotteur-avec-raccord-tournant-33131-33211-20-35011\/\">Read More<\/a><\/p>","protected":false},"featured_media":18936,"template":"","meta":{"_metasync_otto_title":"Kit C\u00e2bles flottants et flotteur pour robot 8streme","_metasync_otto_description":"Remplacez les anciens c\u00e2bles avec ce Kit C\u00e2bles flottants + flotteur compatible avec divers robots 8STREME. Disponible \u00e0 172,50\u20ac.","_metasync_otto_keywords":"","_metasync_otto_og_title":"","_metasync_otto_og_description":"","_metasync_otto_twitter_title":"","_metasync_otto_twitter_description":"","rank_math_title":"","rank_math_description":"","_yoast_wpseo_title":"","_yoast_wpseo_metadesc":"","_aioseo_title":"","_aioseo_description":"","_metasync_seo_title":"","_metasync_seo_desc":"","_metasync_breadcrumb_title":"","_metasync_primary_category":0,"_metasync_primary_product_cat":0,"_metasync_otto_disabled":"","_metasync_hreflang":"","_metasync_plugin_sync_ts":"","_metasync_robots_advanced":""},"product_brand":[],"product_cat":[59],"product_tag":[],"class_list":{"0":"post-19257","1":"product","2":"type-product","3":"status-publish","4":"has-post-thumbnail","6":"product_cat-pieces-detachees-robot-5220-luna10","7":"_wholesalex wsx-wholesalex-product","9":"first","10":"instock","11":"taxable","12":"shipping-taxable","13":"purchasable","14":"product-type-simple"},"_links":{"self":[{"href":"https:\/\/8streme.eu\/en\/wp-json\/wp\/v2\/product\/19257","targetHints":{"allow":["GET"]}}],"collection":[{"href":"https:\/\/8streme.eu\/en\/wp-json\/wp\/v2\/product"}],"about":[{"href":"https:\/\/8streme.eu\/en\/wp-json\/wp\/v2\/types\/product"}],"version-history":[{"count":8,"href":"https:\/\/8streme.eu\/en\/wp-json\/wp\/v2\/product\/19257\/revisions"}],"predecessor-version":[{"id":28124,"href":"https:\/\/8streme.eu\/en\/wp-json\/wp\/v2\/product\/19257\/revisions\/28124"}],"wp:featuredmedia":[{"embeddable":true,"href":"https:\/\/8streme.eu\/en\/wp-json\/wp\/v2\/media\/18936"}],"wp:attachment":[{"href":"https:\/\/8streme.eu\/en\/wp-json\/wp\/v2\/media?parent=19257"}],"wp:term":[{"taxonomy":"product_brand","embeddable":true,"href":"https:\/\/8streme.eu\/en\/wp-json\/wp\/v2\/product_brand?post=19257"},{"taxonomy":"product_cat","embeddable":true,"href":"https:\/\/8streme.eu\/en\/wp-json\/wp\/v2\/product_cat?post=19257"},{"taxonomy":"product_tag","embeddable":true,"href":"https:\/\/8streme.eu\/en\/wp-json\/wp\/v2\/product_tag?post=19257"}],"curies":[{"name":"wp","href":"https:\/\/api.w.org\/{rel}","templated":true}]}}