{"id":29388,"date":"2024-01-02T17:11:56","date_gmt":"2024-01-02T16:11:56","guid":{"rendered":"https:\/\/8streme.eu\/?page_id=29388"},"modified":"2024-01-02T17:12:31","modified_gmt":"2024-01-02T16:12:31","slug":"the-8streme-7310-8streme-7320-swimming-pool-cleaner-no-longer-starts-up","status":"publish","type":"page","link":"https:\/\/8streme.eu\/en\/le-robot-piscine-8streme-7310-8streme-7320-ne-demarre-plus\/","title":{"rendered":"The 8STREME 7310, 8STREME 7320 SWIMMING POOL ROBOT will no longer start."},"content":{"rendered":"<div data-elementor-type=\"wp-page\" data-elementor-id=\"29388\" class=\"elementor elementor-29388\" data-elementor-post-type=\"page\">\n\t\t\t\t\t\t<section class=\"elementor-section elementor-top-section elementor-element elementor-element-39da36e elementor-section-boxed elementor-section-height-default elementor-section-height-default\" data-id=\"39da36e\" data-element_type=\"section\" data-e-type=\"section\">\n\t\t\t\t\t\t<div class=\"elementor-container elementor-column-gap-default\">\n\t\t\t\t\t<div class=\"elementor-column elementor-col-100 elementor-top-column elementor-element elementor-element-5223eb9\" data-id=\"5223eb9\" data-element_type=\"column\" data-e-type=\"column\">\n\t\t\t<div class=\"elementor-widget-wrap elementor-element-populated\">\n\t\t\t\t\t\t<div class=\"elementor-element elementor-element-74f48e8 elementor-widget elementor-widget-text-editor\" data-id=\"74f48e8\" data-element_type=\"widget\" data-e-type=\"widget\" data-widget_type=\"text-editor.default\">\n\t\t\t\t<div class=\"elementor-widget-container\">\n\t\t\t\t\t\t\t\t\t<p style=\"font-weight: 400;\">My 8STREME 7310, 8STREME 7320 SWIMMING POOL ROBOT won't start? It doesn't work? It doesn't work? It won't switch on? \u00a0<\/p><p style=\"font-weight: 400;\">\u00a0<\/p><h1>1\/ Check the power supply<\/h1><p style=\"font-weight: 400;\">Please check that the transformer is working.<\/p><p style=\"font-weight: 400;\">When you plug in the transformer, the blue LED will light up continuously, indicating that the power supply is operating normally.<\/p><p style=\"font-weight: 400;\">If no LED lights up, the transformer is not powered up.<\/p><p style=\"font-weight: 400;\">Check that the wall socket is powered. If it is, you will probably need to replace the transformer.<\/p><p style=\"font-weight: 400;\">\u00a0<\/p><p style=\"font-weight: 400;\">When the blue light is on, you can flip the switch on the side of the transformer to the right, then click the power button above to start it up. A red light should come on to indicate that the cleaning cycle has started and will remain on until the cycle is complete.<\/p><p style=\"font-weight: 400;\">Link to the 8STREME 7310, 8STREME 7320 SWIMMING POOL ROBOT:<\/p><p style=\"font-weight: 400;\"><a href=\"https:\/\/www.youtube.com\/watch?v=8Bwj47cupHI&amp;list=PLWoiTHw_wDWv8tDa7QGiQrazACbyhJHXd&amp;index=14\">https:\/\/www.youtube.com\/watch?v=8Bwj47cupHI&amp;list=PLWoiTHw_wDWv8tDa7QGiQrazACbyhJHXd&amp;index=14<\/a><\/p><p style=\"font-weight: 400;\">If the light stays on and the red light does not come on, the transformer is not powered up.<\/p><p style=\"font-weight: 400;\">Check that the wall socket is powered. If it is, you will probably need to replace the transformer.<\/p><p style=\"font-weight: 400;\">If both LEDs go out, there is a problem with the power supply or connection. Please check that the cable connections are correct, watertight and inserted in the right direction.<\/p><p style=\"font-weight: 400;\">\u00a0<\/p><h1>2\/ Check the electrical connection<\/h1><p style=\"font-weight: 400;\">If the blue and red lights on the transformer are on, but the lights on the float are off, please check that the cable connections are correct, watertight and inserted the right way round.<\/p><p style=\"font-weight: 400;\">Link to the 8STREME ROBOT SWIMMING POOL connection\u00a0<strong>7310, 8STREME 7320<\/strong><strong>\u00a0:\u00a0<\/strong><a href=\"https:\/\/www.youtube.com\/watch?v=3PPJU9pLre0&amp;list=PLWoiTHw_wDWv8tDa7QGiQrazACbyhJHXd&amp;index=15\">https:\/\/www.youtube.com\/watch?v=3PPJU9pLre0&amp;list=PLWoiTHw_wDWv8tDa7QGiQrazACbyhJHXd&amp;index=15<\/a><\/p><p style=\"font-weight: 400;\">When the cables are correctly connected, the blue LED on the float lights up continuously to indicate that power is reaching the float.<\/p><p style=\"font-weight: 400;\">If no light comes on, the float is not powered.<\/p><p style=\"font-weight: 400;\">Please check that you have switched on the transformer and that the floating cable between the transformer and the float is correctly connected.<\/p><p style=\"font-weight: 400;\">If all is well, the floating cable or float will probably have to be replaced.<\/p><p style=\"font-weight: 400;\">\u00a0<\/p><p style=\"font-weight: 400;\">When the blue light is on, the green light should come on when the robot pump is operating. This light does not come on when the ROBOT PISCINE 8STREME\u00a0<strong>7310, 8STREME 7320<\/strong><strong>\u00a0<\/strong>has completed its cleaning cycle or during certain phases of the appliance's operation (e.g. after climbing the walls).<\/p><p style=\"font-weight: 400;\">If the green light does not come on, the robot pump is not powered.<\/p><p style=\"font-weight: 400;\">Please check that you have switched on the transformer and that the floating cable between the float and the robot is correctly connected. You can also check that the red LED at the float outlet is lit by unscrewing the floating cable between the float and the robot.<\/p><p style=\"font-weight: 400;\">If the blue and red lights are on, but the green light is not on, you will need to replace the float cable or float.<\/p><p style=\"font-weight: 400;\">If the blue light is the only one on, the float probably needs replacing.\u00a0<\/p><p style=\"font-weight: 400;\">\u00a0<\/p><p style=\"font-weight: 400;\">We recommend that you check the condition of your connection plugs, to see if there are any signs of oxidation. If a plug is oxidised, replacement is highly recommended.<\/p><p style=\"font-weight: 400;\">\u00a0<\/p><h1>3\/ Contact your retailer or the 8STREME after-sales service.<\/h1><p style=\"font-weight: 400;\">If none of these checks has produced a solution, please contact your retailer or the 8STREME after-sales service.<\/p><p>8STREME Customer Service contact information :<\/p><p>8STREME After-Sales Service<\/p><p>6 RUE DES FRERES MICHELIN<\/p><p>10600 LA CHAPELLE SAINT LUC<\/p><p>FRANCE<\/p><p>03 10 64 60 26<\/p><p><a href=\"mailto:service@8streme.eu\">service@8streme.eu<\/a><\/p>\t\t\t\t\t\t\t\t<\/div>\n\t\t\t\t<\/div>\n\t\t\t\t\t<\/div>\n\t\t<\/div>\n\t\t\t\t\t<\/div>\n\t\t<\/section>\n\t\t\t\t<\/div>","protected":false},"excerpt":{"rendered":"<p>My 8STREME 7310, 8STREME 7320 SWIMMING POOL ROBOT won't start? It doesn't work? It doesn't work? It won't turn on?     1\/ Check the power supply Please check that the transformer is working. When you plug in the transformer, the ... <a href=\"https:\/\/8streme.eu\/en\/le-robot-piscine-8streme-7310-8streme-7320-ne-demarre-plus\/\">Read More<\/a><\/p>","protected":false},"author":5,"featured_media":0,"parent":0,"menu_order":0,"comment_status":"closed","ping_status":"closed","template":"","meta":{"_metasync_otto_title":"Solutions de d\u00e9pannage pour d\u00e9marrer le robot piscine.","_metasync_otto_description":"Solutions si robot piscine 8STREME 7310, 8STREME 7320 ne d\u00e9marre pas : v\u00e9rifiez transformateur, connexions et pompe pour bon fonctionnement.","_metasync_otto_keywords":"","_metasync_otto_og_title":"","_metasync_otto_og_description":"","_metasync_otto_twitter_title":"","_metasync_otto_twitter_description":"","rank_math_title":"","rank_math_description":"","_yoast_wpseo_title":"","_yoast_wpseo_metadesc":"","_aioseo_title":"","_aioseo_description":"","_metasync_seo_title":"","_metasync_seo_desc":"","_metasync_breadcrumb_title":"","_metasync_primary_category":0,"_metasync_primary_product_cat":0,"_metasync_otto_disabled":"","_metasync_hreflang":"","_metasync_plugin_sync_ts":"","_metasync_robots_advanced":"","footnotes":""},"class_list":["post-29388","page","type-page","status-publish","hentry","_wholesalex wsx-wholesalex-product"],"_links":{"self":[{"href":"https:\/\/8streme.eu\/en\/wp-json\/wp\/v2\/pages\/29388","targetHints":{"allow":["GET"]}}],"collection":[{"href":"https:\/\/8streme.eu\/en\/wp-json\/wp\/v2\/pages"}],"about":[{"href":"https:\/\/8streme.eu\/en\/wp-json\/wp\/v2\/types\/page"}],"author":[{"embeddable":true,"href":"https:\/\/8streme.eu\/en\/wp-json\/wp\/v2\/users\/5"}],"replies":[{"embeddable":true,"href":"https:\/\/8streme.eu\/en\/wp-json\/wp\/v2\/comments?post=29388"}],"version-history":[{"count":4,"href":"https:\/\/8streme.eu\/en\/wp-json\/wp\/v2\/pages\/29388\/revisions"}],"predecessor-version":[{"id":29394,"href":"https:\/\/8streme.eu\/en\/wp-json\/wp\/v2\/pages\/29388\/revisions\/29394"}],"wp:attachment":[{"href":"https:\/\/8streme.eu\/en\/wp-json\/wp\/v2\/media?parent=29388"}],"curies":[{"name":"wp","href":"https:\/\/api.w.org\/{rel}","templated":true}]}}