{"id":2709,"date":"2018-03-17T12:04:49","date_gmt":"2018-03-17T11:04:49","guid":{"rendered":"http:\/\/8streme.eu\/?page_id=2709"},"modified":"2022-12-19T10:38:52","modified_gmt":"2022-12-19T09:38:52","slug":"legal-information","status":"publish","type":"page","link":"https:\/\/8streme.eu\/en\/mentions-legales\/","title":{"rendered":"Legal information"},"content":{"rendered":"<div data-elementor-type=\"wp-page\" data-elementor-id=\"2709\" class=\"elementor elementor-2709\" data-elementor-post-type=\"page\">\n\t\t\t\t\t\t<section class=\"elementor-section elementor-top-section elementor-element elementor-element-695d5f1d elementor-section-boxed elementor-section-height-default elementor-section-height-default\" data-id=\"695d5f1d\" data-element_type=\"section\" data-e-type=\"section\">\n\t\t\t\t\t\t<div class=\"elementor-container elementor-column-gap-default\">\n\t\t\t\t\t<div class=\"elementor-column elementor-col-100 elementor-top-column elementor-element elementor-element-3feff372\" data-id=\"3feff372\" data-element_type=\"column\" data-e-type=\"column\">\n\t\t\t<div class=\"elementor-widget-wrap elementor-element-populated\">\n\t\t\t\t\t\t<div class=\"elementor-element elementor-element-217ddd8d elementor-widget elementor-widget-text-editor\" data-id=\"217ddd8d\" data-element_type=\"widget\" data-e-type=\"widget\" data-widget_type=\"text-editor.default\">\n\t\t\t\t<div class=\"elementor-widget-container\">\n\t\t\t\t\t\t\t\t\t<h2 style=\"font-family: Lato; color: rgb(51, 51, 51); font-style: normal; text-align: justify;\">LEGAL NOTICES&nbsp;<\/h2><h2><p style=\"font-size: 16px; font-family: Lato; font-weight: 400; color: rgb(51, 51, 51); font-style: normal; text-align: justify;\"><span style=\"font-weight: 700;\">Identification of the website publisher and host&nbsp;<\/span><\/p><p style=\"font-size: 16px; font-family: Lato; font-weight: 400; color: rgb(51, 51, 51); font-style: normal; text-align: justify;\">The https:\/\/8streme.eu\/ website is published by 8STREME SASU, with capital of \u20ac50,000, registered with the TROYES Trade and Companies Register under number 881723852, with its registered office at 6 RUE DES FRERES MICHELIN, 10600 LA CHAPELLE-SAINT-LUC.<\/p><p style=\"font-size: 16px; font-family: Lato; font-weight: 400; color: rgb(51, 51, 51); font-style: normal; text-align: justify;\">Intra-Community VAT number: FR48479969495.<\/p><p style=\"font-size: 16px; font-family: Lato; font-weight: 400; color: rgb(51, 51, 51); font-style: normal; text-align: justify;\">Publication manager: Bertrand Le Gros, Chairman of 8STREME SASU, who can be contacted on 03 10 64 60 26 or at contact@8streme.eu.<\/p><p style=\"font-size: 16px; font-family: Lato; font-weight: 400; color: rgb(51, 51, 51); font-style: normal; text-align: justify;\">The site is hosted by OVH - 140, Quai du Sartel - 59100 - Roubaix - FRANCE. Information concerning the collection and processing of personal data (policy and declaration) is provided in the site's personal data charter.<\/p><p style=\"font-size: 16px; font-family: Lato; font-weight: 400; color: rgb(51, 51, 51); font-style: normal; text-align: justify;\"><br><\/p><p style=\"font-size: 16px; font-family: Lato; font-weight: 400; color: rgb(51, 51, 51); font-style: normal; text-align: justify;\"><\/p><p style=\"font-size: 16px; font-family: Lato; font-weight: 400; color: rgb(51, 51, 51); font-style: normal; text-align: justify;\">All rights reserved - 14 December 2022<\/p><\/h2>\t\t\t\t\t\t\t\t<\/div>\n\t\t\t\t<\/div>\n\t\t\t\t\t<\/div>\n\t\t<\/div>\n\t\t\t\t\t<\/div>\n\t\t<\/section>\n\t\t\t\t<\/div>","protected":false},"excerpt":{"rendered":"<p>MENTIONS L\u00c9GALES&nbsp; Identification de l&#8217;\u00e9diteur et de l&#8217;h\u00e9bergeur du site&nbsp; Le site https:\/\/8streme.eu\/ est \u00e9dit\u00e9 par 8STREME SASU, au capital de 50000 \u20ac, entreprise immatricul\u00e9e au RCS de TROYES sous le num\u00e9ro 881723852, dont le si\u00e8ge social est sis au &hellip; <a href=\"https:\/\/8streme.eu\/en\/mentions-legales\/\">Read More<\/a><\/p>","protected":false},"author":3,"featured_media":0,"parent":0,"menu_order":46,"comment_status":"closed","ping_status":"closed","template":"","meta":{"_metasync_otto_title":"","_metasync_otto_description":"D\u00e9couvrez les produits et services robotiques propos\u00e9s par 8STREME SASU sur https:\/\/8streme.eu\/. Consultez nos mentions l\u00e9gales pour en savoir plus.","_metasync_otto_keywords":"","_metasync_otto_og_title":"","_metasync_otto_og_description":"","_metasync_otto_twitter_title":"","_metasync_otto_twitter_description":"","rank_math_title":"","rank_math_description":"","_yoast_wpseo_title":"","_yoast_wpseo_metadesc":"","_aioseo_title":"","_aioseo_description":"","_metasync_seo_title":"","_metasync_seo_desc":"","_metasync_breadcrumb_title":"","_metasync_primary_category":0,"_metasync_primary_product_cat":0,"_metasync_otto_disabled":"","_metasync_hreflang":"","_metasync_plugin_sync_ts":"","_metasync_robots_advanced":"","footnotes":""},"class_list":["post-2709","page","type-page","status-publish","hentry","_wholesalex wsx-wholesalex-product"],"_links":{"self":[{"href":"https:\/\/8streme.eu\/en\/wp-json\/wp\/v2\/pages\/2709","targetHints":{"allow":["GET"]}}],"collection":[{"href":"https:\/\/8streme.eu\/en\/wp-json\/wp\/v2\/pages"}],"about":[{"href":"https:\/\/8streme.eu\/en\/wp-json\/wp\/v2\/types\/page"}],"author":[{"embeddable":true,"href":"https:\/\/8streme.eu\/en\/wp-json\/wp\/v2\/users\/3"}],"replies":[{"embeddable":true,"href":"https:\/\/8streme.eu\/en\/wp-json\/wp\/v2\/comments?post=2709"}],"version-history":[{"count":12,"href":"https:\/\/8streme.eu\/en\/wp-json\/wp\/v2\/pages\/2709\/revisions"}],"predecessor-version":[{"id":26493,"href":"https:\/\/8streme.eu\/en\/wp-json\/wp\/v2\/pages\/2709\/revisions\/26493"}],"wp:attachment":[{"href":"https:\/\/8streme.eu\/en\/wp-json\/wp\/v2\/media?parent=2709"}],"curies":[{"name":"wp","href":"https:\/\/api.w.org\/{rel}","templated":true}]}}