{"id":4837,"date":"2019-05-16T12:01:49","date_gmt":"2019-05-16T10:01:49","guid":{"rendered":"http:\/\/8streme.eu\/?post_type=product&#038;p=4837"},"modified":"2023-07-11T14:11:04","modified_gmt":"2023-07-11T12:11:04","slug":"schwimmkabel-mit-schwimmer-mit-drehbarer-kupplung-10m-lang-grau-33131","status":"publish","type":"product","link":"https:\/\/8streme.eu\/de\/produit\/cable-flottant-avec-flotteur-a-raccord-tournant-10m-de-long-gris-33131\/","title":{"rendered":"Schwimmendes Kabel mit schwimmender Verbindung.10m lang. Grau - 33131"},"content":{"rendered":"<p>Schwimmendes Kabel mit schwimmender Verbindung.10m lang. Grau - 33131<\/p>\n<p>Dieses Produkt ist kompatibel mit den Robotern 8STREME 5220-LUNA 10, Black Coral, Jellyfish ...<\/p>","protected":false},"excerpt":{"rendered":"<p>Schwimmendes Kabel mit schwimmender Verbindung.10m lang. Grau - 33131<\/p>\n<p>Ce produit est compatible avec les robots 8STREME 5220-LUNA 10, Black Coral, Jellyfish &#8230; &hellip; <a href=\"https:\/\/8streme.eu\/de\/produit\/cable-flottant-avec-flotteur-a-raccord-tournant-10m-de-long-gris-33131\/\">Read More<\/a><\/p>","protected":false},"featured_media":0,"template":"","meta":{"_metasync_otto_title":"C\u00e2ble flottant 10m Gris \u2013 33131 Compatible Robot 8streme","_metasync_otto_description":"C\u00e2ble flottant de 10m pour robots 8STREME. Compatible avec 5220-LUNA 10, Black Coral, Jellyfish. Id\u00e9al pour une performance maximale. Disponible \u00e0 100,50\u20ac!","_metasync_otto_keywords":"","_metasync_otto_og_title":"","_metasync_otto_og_description":"","_metasync_otto_twitter_title":"","_metasync_otto_twitter_description":"","rank_math_title":"","rank_math_description":"","_yoast_wpseo_title":"","_yoast_wpseo_metadesc":"","_aioseo_title":"","_aioseo_description":"","_metasync_seo_title":"","_metasync_seo_desc":"","_metasync_breadcrumb_title":"","_metasync_primary_category":0,"_metasync_primary_product_cat":0,"_metasync_otto_disabled":"","_metasync_hreflang":"","_metasync_plugin_sync_ts":"","_metasync_robots_advanced":""},"product_brand":[],"product_cat":[314],"product_tag":[],"class_list":{"0":"post-4837","1":"product","2":"type-product","3":"status-publish","5":"product_cat-pieces-detachees-robot-5220-luna10-v19","6":"_wholesalex wsx-wholesalex-product","8":"first","9":"instock","10":"taxable","11":"shipping-taxable","12":"purchasable","13":"product-type-simple"},"_links":{"self":[{"href":"https:\/\/8streme.eu\/de\/wp-json\/wp\/v2\/product\/4837","targetHints":{"allow":["GET"]}}],"collection":[{"href":"https:\/\/8streme.eu\/de\/wp-json\/wp\/v2\/product"}],"about":[{"href":"https:\/\/8streme.eu\/de\/wp-json\/wp\/v2\/types\/product"}],"version-history":[{"count":7,"href":"https:\/\/8streme.eu\/de\/wp-json\/wp\/v2\/product\/4837\/revisions"}],"predecessor-version":[{"id":28125,"href":"https:\/\/8streme.eu\/de\/wp-json\/wp\/v2\/product\/4837\/revisions\/28125"}],"wp:attachment":[{"href":"https:\/\/8streme.eu\/de\/wp-json\/wp\/v2\/media?parent=4837"}],"wp:term":[{"taxonomy":"product_brand","embeddable":true,"href":"https:\/\/8streme.eu\/de\/wp-json\/wp\/v2\/product_brand?post=4837"},{"taxonomy":"product_cat","embeddable":true,"href":"https:\/\/8streme.eu\/de\/wp-json\/wp\/v2\/product_cat?post=4837"},{"taxonomy":"product_tag","embeddable":true,"href":"https:\/\/8streme.eu\/de\/wp-json\/wp\/v2\/product_tag?post=4837"}],"curies":[{"name":"wp","href":"https:\/\/api.w.org\/{rel}","templated":true}]}}