{"id":2396,"date":"2018-03-16T10:28:45","date_gmt":"2018-03-16T09:28:45","guid":{"rendered":"http:\/\/8streme.eu\/?post_type=product&#038;p=2396"},"modified":"2024-07-25T15:04:31","modified_gmt":"2024-07-25T13:04:31","slug":"unterer-rahmen-dunkelgrau-71100","status":"publish","type":"product","link":"https:\/\/8streme.eu\/de\/produit\/chassis-inferieur-gris-fonce-71100\/","title":{"rendered":"Unterschale, dunkelgrau - 71100"},"content":{"rendered":"<p>Unterschale, dunkelgrau - 71100<\/p>\n<p>Dieses Produkt ist kompatibel mit den Robotern 8STREME 7310, 8STREME 7311, 8STREME 7320, Black Pearl, Catfish, I-Qualer, Klinwass, Lynx ES10, Malibu, Pontaqua Phantom, Power 4.0, Power 4.0 Plus, Remora, Scooby, Tebas ...<\/p>","protected":false},"excerpt":{"rendered":"<p>Unterschale, dunkelgrau - 71100<\/p>\n<p>Dieses Produkt ist kompatibel mit den Robotern 8STREME 7310, 8STREME 7311, 8STREME 7320, Black Pearl, Catfish, I-Qualer, Klinwass, Lynx ES10, Malibu, Pontaqua Phantom, Power 4.0, Power 4.0 Plus, Remora, Scooby, Tebas ... ... <a href=\"https:\/\/8streme.eu\/de\/produit\/chassis-inferieur-gris-fonce-71100\/\">Read More<\/a><\/p>","protected":false},"featured_media":2397,"template":"","meta":{"_metasync_otto_title":"","_metasync_otto_description":"Ch\u00e2ssis inf\u00e9rieur en gris fonc\u00e9 - pi\u00e8ce de rechange compatible avec divers robots aspirateurs 8STREME. Commandez en ligne chez 8STREME d\u00e8s maintenant!","_metasync_otto_keywords":"","_metasync_otto_og_title":"","_metasync_otto_og_description":"","_metasync_otto_twitter_title":"","_metasync_otto_twitter_description":"","rank_math_title":"","rank_math_description":"","_yoast_wpseo_title":"","_yoast_wpseo_metadesc":"","_aioseo_title":"","_aioseo_description":"","_metasync_seo_title":"","_metasync_seo_desc":"","_metasync_breadcrumb_title":"","_metasync_primary_category":0,"_metasync_primary_product_cat":0,"_metasync_otto_disabled":"","_metasync_hreflang":"","_metasync_plugin_sync_ts":"","_metasync_robots_advanced":""},"product_brand":[],"product_cat":[60,173,174,376,145,229],"product_tag":[],"class_list":{"0":"post-2396","1":"product","2":"type-product","3":"status-publish","4":"has-post-thumbnail","6":"product_cat-pieces-detachees-robot-7310","7":"product_cat-pieces-detachees-robot-7310-19","8":"product_cat-pieces-detachees-robot-7310-20","9":"product_cat-pieces-detachees-robot-7311","10":"product_cat-pieces-detachees-robot-7320","11":"product_cat-pieces-detachees-robot-7320-20","12":"_wholesalex wsx-wholesalex-product","14":"first","15":"instock","16":"taxable","17":"shipping-taxable","18":"purchasable","19":"product-type-simple"},"_links":{"self":[{"href":"https:\/\/8streme.eu\/de\/wp-json\/wp\/v2\/product\/2396","targetHints":{"allow":["GET"]}}],"collection":[{"href":"https:\/\/8streme.eu\/de\/wp-json\/wp\/v2\/product"}],"about":[{"href":"https:\/\/8streme.eu\/de\/wp-json\/wp\/v2\/types\/product"}],"version-history":[{"count":5,"href":"https:\/\/8streme.eu\/de\/wp-json\/wp\/v2\/product\/2396\/revisions"}],"predecessor-version":[{"id":30370,"href":"https:\/\/8streme.eu\/de\/wp-json\/wp\/v2\/product\/2396\/revisions\/30370"}],"wp:featuredmedia":[{"embeddable":true,"href":"https:\/\/8streme.eu\/de\/wp-json\/wp\/v2\/media\/2397"}],"wp:attachment":[{"href":"https:\/\/8streme.eu\/de\/wp-json\/wp\/v2\/media?parent=2396"}],"wp:term":[{"taxonomy":"product_brand","embeddable":true,"href":"https:\/\/8streme.eu\/de\/wp-json\/wp\/v2\/product_brand?post=2396"},{"taxonomy":"product_cat","embeddable":true,"href":"https:\/\/8streme.eu\/de\/wp-json\/wp\/v2\/product_cat?post=2396"},{"taxonomy":"product_tag","embeddable":true,"href":"https:\/\/8streme.eu\/de\/wp-json\/wp\/v2\/product_tag?post=2396"}],"curies":[{"name":"wp","href":"https:\/\/api.w.org\/{rel}","templated":true}]}}