{"id":18564,"date":"2020-03-12T11:10:33","date_gmt":"2020-03-12T10:10:33","guid":{"rendered":"http:\/\/8streme.eu\/?post_type=product&#038;p=18564"},"modified":"2024-09-12T14:50:10","modified_gmt":"2024-09-12T12:50:10","slug":"schwimmendes-kabel-15-m-lang-33301-20","status":"publish","type":"product","link":"https:\/\/8streme.eu\/de\/produit\/cable-flottant-15m-de-long-33301-20\/","title":{"rendered":"Schwimmendes Kabel 15 m lang - 33301-20"},"content":{"rendered":"<p>Schwimmendes Kabel 15m - 33301-20<\/p>\n<p>Dieses Produkt ist kompatibel mit den Robotern 8STREME 7320, Power 4.0 Plus ...<\/p>\n<p><a href=\"https:\/\/www.youtube.com\/watch?v=3PPJU9pLre0&amp;list=PLWoiTHw_wDWv8tDa7QGiQrazACbyhJHXd&amp;index=15\">Video zum Anschlie\u00dfen von Kabeln<\/a><\/p>\n<p><a href=\"https:\/\/www.youtube.com\/watch?v=Wm1gVmIjdDs\">Verbinden Sie die Videokabel<\/a><\/p>","protected":false},"excerpt":{"rendered":"<p>Schwimmendes Kabel 15m - 33301-20<\/p>\n<p>Dieses Produkt ist mit den Robotern 8STREME 7320, Power 4.0 Plus ... ... kompatibel. <a href=\"https:\/\/8streme.eu\/de\/produit\/cable-flottant-15m-de-long-33301-20\/\">Read More<\/a><\/p>","protected":false},"featured_media":32455,"template":"","meta":{"_metasync_otto_title":"C\u00e2ble flottant 15m pour Robot 8Streme - Mod\u00e8le 33301-20","_metasync_otto_description":"C\u00e2ble flottant 15m compatible avec les robots 8STREME 7320. Pi\u00e8ce d\u00e9tach\u00e9e de qualit\u00e9 pour une utilisation optimale de votre robot piscine.","_metasync_otto_keywords":"","_metasync_otto_og_title":"","_metasync_otto_og_description":"","_metasync_otto_twitter_title":"","_metasync_otto_twitter_description":"","rank_math_title":"","rank_math_description":"","_yoast_wpseo_title":"","_yoast_wpseo_metadesc":"","_aioseo_title":"","_aioseo_description":"","_metasync_seo_title":"","_metasync_seo_desc":"","_metasync_breadcrumb_title":"","_metasync_primary_category":0,"_metasync_primary_product_cat":0,"_metasync_otto_disabled":"","_metasync_hreflang":"","_metasync_plugin_sync_ts":"","_metasync_robots_advanced":""},"product_brand":[],"product_cat":[229],"product_tag":[],"class_list":{"0":"post-18564","1":"product","2":"type-product","3":"status-publish","4":"has-post-thumbnail","6":"product_cat-pieces-detachees-robot-7320-20","7":"_wholesalex wsx-wholesalex-product","9":"first","10":"instock","11":"taxable","12":"shipping-taxable","13":"purchasable","14":"product-type-simple"},"_links":{"self":[{"href":"https:\/\/8streme.eu\/de\/wp-json\/wp\/v2\/product\/18564","targetHints":{"allow":["GET"]}}],"collection":[{"href":"https:\/\/8streme.eu\/de\/wp-json\/wp\/v2\/product"}],"about":[{"href":"https:\/\/8streme.eu\/de\/wp-json\/wp\/v2\/types\/product"}],"version-history":[{"count":4,"href":"https:\/\/8streme.eu\/de\/wp-json\/wp\/v2\/product\/18564\/revisions"}],"predecessor-version":[{"id":32454,"href":"https:\/\/8streme.eu\/de\/wp-json\/wp\/v2\/product\/18564\/revisions\/32454"}],"wp:featuredmedia":[{"embeddable":true,"href":"https:\/\/8streme.eu\/de\/wp-json\/wp\/v2\/media\/32455"}],"wp:attachment":[{"href":"https:\/\/8streme.eu\/de\/wp-json\/wp\/v2\/media?parent=18564"}],"wp:term":[{"taxonomy":"product_brand","embeddable":true,"href":"https:\/\/8streme.eu\/de\/wp-json\/wp\/v2\/product_brand?post=18564"},{"taxonomy":"product_cat","embeddable":true,"href":"https:\/\/8streme.eu\/de\/wp-json\/wp\/v2\/product_cat?post=18564"},{"taxonomy":"product_tag","embeddable":true,"href":"https:\/\/8streme.eu\/de\/wp-json\/wp\/v2\/product_tag?post=18564"}],"curies":[{"name":"wp","href":"https:\/\/api.w.org\/{rel}","templated":true}]}}