{"id":29388,"date":"2024-01-02T17:11:56","date_gmt":"2024-01-02T16:11:56","guid":{"rendered":"https:\/\/8streme.eu\/?page_id=29388"},"modified":"2024-01-02T17:12:31","modified_gmt":"2024-01-02T16:12:31","slug":"der-poolroboter-8streme-7310-8streme-7320-startet-nicht-mehr","status":"publish","type":"page","link":"https:\/\/8streme.eu\/de\/le-robot-piscine-8streme-7310-8streme-7320-ne-demarre-plus\/","title":{"rendered":"Der ROBOT PISCINE 8STREME 7310, 8STREME 7320 startet nicht mehr"},"content":{"rendered":"<div data-elementor-type=\"wp-page\" data-elementor-id=\"29388\" class=\"elementor elementor-29388\" data-elementor-post-type=\"page\">\n\t\t\t\t\t\t<section class=\"elementor-section elementor-top-section elementor-element elementor-element-39da36e elementor-section-boxed elementor-section-height-default elementor-section-height-default\" data-id=\"39da36e\" data-element_type=\"section\" data-e-type=\"section\">\n\t\t\t\t\t\t<div class=\"elementor-container elementor-column-gap-default\">\n\t\t\t\t\t<div class=\"elementor-column elementor-col-100 elementor-top-column elementor-element elementor-element-5223eb9\" data-id=\"5223eb9\" data-element_type=\"column\" data-e-type=\"column\">\n\t\t\t<div class=\"elementor-widget-wrap elementor-element-populated\">\n\t\t\t\t\t\t<div class=\"elementor-element elementor-element-74f48e8 elementor-widget elementor-widget-text-editor\" data-id=\"74f48e8\" data-element_type=\"widget\" data-e-type=\"widget\" data-widget_type=\"text-editor.default\">\n\t\t\t\t<div class=\"elementor-widget-container\">\n\t\t\t\t\t\t\t\t\t<p style=\"font-weight: 400;\">Mein ROBOT PISCINE 8STREME 7310, 8STREME 7320 startet nicht? L\u00e4uft er nicht mehr? Funktioniert er nicht mehr? L\u00e4sst er sich nicht mehr einschalten? \u00a0<\/p><p style=\"font-weight: 400;\">\u00a0<\/p><h1>1\/ \u00dcberpr\u00fcfen Sie die Stromversorgung<\/h1><p style=\"font-weight: 400;\">Wir empfehlen Ihnen, zu \u00fcberpr\u00fcfen, ob der Transformator funktioniert.<\/p><p style=\"font-weight: 400;\">Wenn Sie den Transformator anschlie\u00dfen, leuchtet die blaue LED durchgehend, was bedeutet, dass der Netzteilkasten normal funktioniert.<\/p><p style=\"font-weight: 400;\">Wenn keine LED leuchtet, ist der Transformator nicht eingeschaltet.<\/p><p style=\"font-weight: 400;\">Sie sollten \u00fcberpr\u00fcfen, ob die Wandsteckdose mit Strom versorgt wird. Wenn sie es ist, muss wahrscheinlich der Transformator ausgetauscht werden.<\/p><p style=\"font-weight: 400;\">\u00a0<\/p><p style=\"font-weight: 400;\">Wenn das blaue Licht gut leuchtet, k\u00f6nnen Sie den Schalter an der Seite des Transformators nach rechts kippen und dann zum Einschalten auf den Einschaltknopf oben klicken. Ein rotes Licht sollte aufleuchten, was bedeutet, dass der Reinigungszyklus begonnen hat und bis zum Ende des Zyklus eingeschaltet bleibt.<\/p><p style=\"font-weight: 400;\">Link zum Einschalten des ROBOT PISCINE 8STREME 7310, 8STREME 7320 :<\/p><p style=\"font-weight: 400;\"><a href=\"https:\/\/www.youtube.com\/watch?v=8Bwj47cupHI&amp;list=PLWoiTHw_wDWv8tDa7QGiQrazACbyhJHXd&amp;index=14\">https:\/\/www.youtube.com\/watch?v=8Bwj47cupHI&amp;list=PLWoiTHw_wDWv8tDa7QGiQrazACbyhJHXd&amp;index=14<\/a><\/p><p style=\"font-weight: 400;\">Wenn die Anzeige weiterhin leuchtet und die rote Anzeige nicht aufleuchtet, ist der Transformator nicht eingeschaltet.<\/p><p style=\"font-weight: 400;\">Sie sollten \u00fcberpr\u00fcfen, ob die Wandsteckdose mit Strom versorgt wird. Wenn sie es ist, muss wahrscheinlich der Transformator ausgetauscht werden.<\/p><p style=\"font-weight: 400;\">Wenn beide LEDs erl\u00f6schen, liegt ein Problem mit der Stromversorgung oder den Anschl\u00fcssen vor. Bitte \u00fcberpr\u00fcfen Sie, ob die Kabelverbindungen korrekt, wasserdicht und in der richtigen Richtung eingesteckt sind.<\/p><p style=\"font-weight: 400;\">\u00a0<\/p><h1>2\/ \u00dcberpr\u00fcfen Sie die elektrische Verbindung<\/h1><p style=\"font-weight: 400;\">Wenn die blauen und roten L\u00e4mpchen am Transformator leuchten, die L\u00e4mpchen am Schwimmer aber aus sind, \u00fcberpr\u00fcfen Sie bitte, ob die Kabelverbindungen korrekt, wasserdicht und in der richtigen Richtung eingesteckt sind.<\/p><p style=\"font-weight: 400;\">Link zum Anschluss des ROBOT PISCINE 8STREME\u00a0<strong>7310, 8STREME 7320<\/strong><strong>\u00a0:\u00a0<\/strong><a href=\"https:\/\/www.youtube.com\/watch?v=3PPJU9pLre0&amp;list=PLWoiTHw_wDWv8tDa7QGiQrazACbyhJHXd&amp;index=15\">https:\/\/www.youtube.com\/watch?v=3PPJU9pLre0&amp;list=PLWoiTHw_wDWv8tDa7QGiQrazACbyhJHXd&amp;index=15<\/a><\/p><p style=\"font-weight: 400;\">Wenn die Kabel richtig angeschlossen sind, leuchtet die blaue LED am Schwimmer kontinuierlich auf, was bedeutet, dass der Strom auch wirklich am Schwimmer ankommt.<\/p><p style=\"font-weight: 400;\">Wenn kein L\u00e4mpchen leuchtet, ist der Schwimmer nicht eingeschaltet.<\/p><p style=\"font-weight: 400;\">Sie sollten \u00fcberpr\u00fcfen, ob Sie den Transformator eingeschaltet haben und ob das Schwimmkabel zwischen dem Transformator und dem Schwimmer richtig angeschlossen ist.<\/p><p style=\"font-weight: 400;\">Wenn alles in Ordnung ist, m\u00fcssen Sie das Schwimmkabel oder den Schwimmer sicher ersetzen.<\/p><p style=\"font-weight: 400;\">\u00a0<\/p><p style=\"font-weight: 400;\">Wenn das blaue Licht gut leuchtet, sollte dann das gr\u00fcne Licht aufleuchten, wenn die Pumpe des Roboters l\u00e4uft. Dieses Licht leuchtet nicht, wenn der ROBOT PISCINE 8STREME\u00a0<strong>7310, 8STREME 7320<\/strong><strong>\u00a0<\/strong>den Reinigungszyklus beendet hat oder w\u00e4hrend bestimmter Phasen des Ger\u00e4tebetriebs (z. B. nach dem Besteigen der W\u00e4nde).<\/p><p style=\"font-weight: 400;\">Wenn das gr\u00fcne Licht nicht leuchtet, wird die Pumpe des Roboters nicht mit Strom versorgt.<\/p><p style=\"font-weight: 400;\">Wir bitten Sie zu \u00fcberpr\u00fcfen, ob Sie den Transformator eingeschaltet haben und ob das Schwimmkabel zwischen dem Schwimmer und dem Roboter richtig angeschlossen ist. Wir bitten Sie auch zu \u00fcberpr\u00fcfen, ob das rote Licht am Ausgang des Schwimmers leuchtet, indem Sie das Schwimmkabel zwischen Schwimmer und Roboter abschrauben.<\/p><p style=\"font-weight: 400;\">Wenn die blaue und die rote LED gut leuchten, die gr\u00fcne LED aber nicht, muss das Schwimmkabel oder der Schwimmer ausgetauscht werden.<\/p><p style=\"font-weight: 400;\">Wenn nur das blaue Licht leuchtet, m\u00fcssen Sie wahrscheinlich den Schwimmer austauschen.\u00a0<\/p><p style=\"font-weight: 400;\">\u00a0<\/p><p style=\"font-weight: 400;\">Wir empfehlen Ihnen, den Zustand Ihrer Anschlussstecker zu \u00fcberpr\u00fcfen, d. h. ob sie Spuren von Oxidation aufweisen. Wenn ein Stecker oxidiert ist, wird sein Austausch dringend empfohlen.<\/p><p style=\"font-weight: 400;\">\u00a0<\/p><h1>3\/ Kontaktieren Sie Ihren H\u00e4ndler oder den 8STREME-Kundendienst<\/h1><p style=\"font-weight: 400;\">Wenn keine der \u00dcberpr\u00fcfungen zu einer L\u00f6sung gef\u00fchrt hat, wenden Sie sich bitte an Ihren H\u00e4ndler oder den 8STREME-Kundendienst.<\/p><p>Kontaktinformationen des 8STREME-Kundendienstes :<\/p><p>Kundendienst 8STREME<\/p><p>6 RUE DES FRRESRES MICHELIN<\/p><p>10600 LA CHAPELLE SAINT LUC<\/p><p>FRANKREICH<\/p><p>03 10 64 60 26<\/p><p><a href=\"mailto:service@8streme.eu\">service@8streme.eu<\/a><\/p>\t\t\t\t\t\t\t\t<\/div>\n\t\t\t\t<\/div>\n\t\t\t\t\t<\/div>\n\t\t<\/div>\n\t\t\t\t\t<\/div>\n\t\t<\/section>\n\t\t\t\t<\/div>","protected":false},"excerpt":{"rendered":"<p>Mein ROBOT PISCINE 8STREME 7310, 8STREME 7320 startet nicht? L\u00e4uft er nicht mehr? Funktioniert er nicht mehr? Er l\u00e4sst sich nicht mehr einschalten?     1\/ \u00dcberpr\u00fcfen Sie die Stromversorgung Wir empfehlen Ihnen, zu \u00fcberpr\u00fcfen, ob der Transformator funktioniert. Wenn Sie den Transformator einstecken, wird ... <a href=\"https:\/\/8streme.eu\/de\/le-robot-piscine-8streme-7310-8streme-7320-ne-demarre-plus\/\">Read More<\/a><\/p>","protected":false},"author":5,"featured_media":0,"parent":0,"menu_order":0,"comment_status":"closed","ping_status":"closed","template":"","meta":{"_metasync_otto_title":"Solutions de d\u00e9pannage pour d\u00e9marrer le robot piscine.","_metasync_otto_description":"Solutions si robot piscine 8STREME 7310, 8STREME 7320 ne d\u00e9marre pas : v\u00e9rifiez transformateur, connexions et pompe pour bon fonctionnement.","_metasync_otto_keywords":"","_metasync_otto_og_title":"","_metasync_otto_og_description":"","_metasync_otto_twitter_title":"","_metasync_otto_twitter_description":"","rank_math_title":"","rank_math_description":"","_yoast_wpseo_title":"","_yoast_wpseo_metadesc":"","_aioseo_title":"","_aioseo_description":"","_metasync_seo_title":"","_metasync_seo_desc":"","_metasync_breadcrumb_title":"","_metasync_primary_category":0,"_metasync_primary_product_cat":0,"_metasync_otto_disabled":"","_metasync_hreflang":"","_metasync_plugin_sync_ts":"","_metasync_robots_advanced":"","footnotes":""},"class_list":["post-29388","page","type-page","status-publish","hentry","_wholesalex wsx-wholesalex-product"],"_links":{"self":[{"href":"https:\/\/8streme.eu\/de\/wp-json\/wp\/v2\/pages\/29388","targetHints":{"allow":["GET"]}}],"collection":[{"href":"https:\/\/8streme.eu\/de\/wp-json\/wp\/v2\/pages"}],"about":[{"href":"https:\/\/8streme.eu\/de\/wp-json\/wp\/v2\/types\/page"}],"author":[{"embeddable":true,"href":"https:\/\/8streme.eu\/de\/wp-json\/wp\/v2\/users\/5"}],"replies":[{"embeddable":true,"href":"https:\/\/8streme.eu\/de\/wp-json\/wp\/v2\/comments?post=29388"}],"version-history":[{"count":4,"href":"https:\/\/8streme.eu\/de\/wp-json\/wp\/v2\/pages\/29388\/revisions"}],"predecessor-version":[{"id":29394,"href":"https:\/\/8streme.eu\/de\/wp-json\/wp\/v2\/pages\/29388\/revisions\/29394"}],"wp:attachment":[{"href":"https:\/\/8streme.eu\/de\/wp-json\/wp\/v2\/media?parent=29388"}],"curies":[{"name":"wp","href":"https:\/\/api.w.org\/{rel}","templated":true}]}}