{"id":29382,"date":"2024-01-02T17:10:53","date_gmt":"2024-01-02T16:10:53","guid":{"rendered":"https:\/\/8streme.eu\/?page_id=29382"},"modified":"2024-01-02T17:11:21","modified_gmt":"2024-01-02T16:11:21","slug":"der-poolroboter-8streme-7310-8streme-7320-navance-plus","status":"publish","type":"page","link":"https:\/\/8streme.eu\/de\/le-robot-piscine-8streme-7310-8streme-7320-navance-plus\/","title":{"rendered":"Der ROBOTER SCHWIMMBAD 8STREME 7310, 8STREME 7320 bewegt sich nicht weiter"},"content":{"rendered":"<div data-elementor-type=\"wp-page\" data-elementor-id=\"29382\" class=\"elementor elementor-29382\" data-elementor-post-type=\"page\">\n\t\t\t\t\t\t<section class=\"elementor-section elementor-top-section elementor-element elementor-element-c61374b elementor-section-boxed elementor-section-height-default elementor-section-height-default\" data-id=\"c61374b\" data-element_type=\"section\" data-e-type=\"section\">\n\t\t\t\t\t\t<div class=\"elementor-container elementor-column-gap-default\">\n\t\t\t\t\t<div class=\"elementor-column elementor-col-100 elementor-top-column elementor-element elementor-element-2a3d323\" data-id=\"2a3d323\" data-element_type=\"column\" data-e-type=\"column\">\n\t\t\t<div class=\"elementor-widget-wrap elementor-element-populated\">\n\t\t\t\t\t\t<div class=\"elementor-element elementor-element-3ef31a7 elementor-widget elementor-widget-text-editor\" data-id=\"3ef31a7\" data-element_type=\"widget\" data-e-type=\"widget\" data-widget_type=\"text-editor.default\">\n\t\t\t\t<div class=\"elementor-widget-container\">\n\t\t\t\t\t\t\t\t\t<p style=\"font-weight: 400;\">Mein ROBOT PISCINE 8STREME 7310, 8STREME 7320 bewegt sich nicht mehr? Er bewegt sich nicht mehr? Er bewegt sich nicht mehr, obwohl sich die Turbine oder der Motor dreht? Steht er auf der Stelle?<\/p><p style=\"font-weight: 400;\">\u00a0<\/p><h1>1\/ \u00dcberpr\u00fcfen Sie, ob der SCHWIMMBADROBOTER 8STREME 7310, 8STREME 7320 mit Ihrem Pool kompatibel ist.<\/h1><p style=\"font-weight: 400;\">Bitte \u00fcberpr\u00fcfen Sie, ob Ihr SCHWIMMBADROBOTER 8STREME 7310, 8STREME 7320 mit Ihrem Modell, Typ und der Auskleidung Ihres Schwimmbeckens kompatibel ist.<\/p><p style=\"font-weight: 400;\">Wir weisen Sie darauf hin, dass unsere SCHWIMMBADROBOTER 8STREME 7310, 8STREME 7320 keine Treppen steigen.<\/p><p style=\"font-weight: 400;\">\u00a0<\/p><h1>2\/ \u00dcberpr\u00fcfen Sie die Wasseraufbereitung in Ihrem Pool<\/h1><p style=\"font-weight: 400;\">Eine falsche Behandlung Ihres Wassers kann die Funktion Ihres 8STREME SCHWIMMBADROBOTERS beeintr\u00e4chtigen.<\/p><p style=\"font-weight: 400;\">Wir empfehlen Ihnen, darauf zu achten, dass Ihr Wasser die richtige Temperatur hat. Diese sollte zwischen 5 und 36 \u00b0C liegen.<\/p><p style=\"font-weight: 400;\">Wir empfehlen Ihnen, zu \u00fcberpr\u00fcfen, ob Ihr pH-Wert auf dem richtigen Niveau liegt. Der optimale pH-Wert liegt zwischen 7,2 und 7,4.<\/p><p style=\"font-weight: 400;\">Wenn Sie einen Chlorpool haben, liegt der optimale Chlorgehalt zwischen 2 und 3 ppm.<\/p><p style=\"font-weight: 400;\">Wenn Sie einen Salzwasserpool haben, liegt der NaCl-Gehalt zwischen 2700 und 4500 ppm.<\/p><p style=\"font-weight: 400;\">Wir bitten Sie, Ihren Pool auf Algen (gr\u00fcne oder durchsichtige Algen) zu \u00fcberpr\u00fcfen. Unsere SCHWIMMBADROBOTER 8STREME 7310, 8STREME 7320 wurden entwickelt, um die Pflege Ihres Schwimmbeckens zu erleichtern. Sie sind jedoch nicht daf\u00fcr vorgesehen, Algen zu entfernen. Bitte behandeln Sie Ihren Pool vor der Verwendung des ROBOT PISCINE 8STREME 7310, 8STREME 7320.<\/p><p style=\"font-weight: 400;\">Sie sollten \u00fcberpr\u00fcfen, ob sich an den W\u00e4nden Fettablagerungen befinden. Wenn dies der Fall ist, entfernen Sie diese mit einer Handb\u00fcrste.<\/p><p style=\"font-weight: 400;\">\u00a0<\/p><h1>3\/ \u00dcberpr\u00fcfen Sie die Stromversorgung und den elektrischen Anschluss<\/h1><p style=\"font-weight: 400;\">Wenn sich der ROBOT PISCINE 8STREME 7310, 8STREME 7320 nicht vorw\u00e4rts bewegt, wird m\u00f6glicherweise keine oder nicht gen\u00fcgend Kraft auf den ROBOT PISCINE 8STREME 7310, 8STREME 7320 \u00fcbertragen.<\/p><p style=\"font-weight: 400;\">Sie sollten \u00fcberpr\u00fcfen, ob der Transformator funktioniert und ob die Kabelverbindungen korrekt, wasserdicht und in der richtigen Richtung eingesteckt sind.<\/p><p style=\"font-weight: 400;\">Link zum Anschluss des ROBOT PISCINE 8STREME\u00a0<strong>7310, 8STREME 7320:\u00a0<\/strong><a href=\"https:\/\/www.youtube.com\/watch?v=3PPJU9pLre0&amp;list=PLWoiTHw_wDWv8tDa7QGiQrazACbyhJHXd&amp;index=15\">https:\/\/www.youtube.com\/watch?v=3PPJU9pLre0&amp;list=PLWoiTHw_wDWv8tDa7QGiQrazACbyhJHXd&amp;index=15<\/a><\/p><p style=\"font-weight: 400;\">Wir empfehlen Ihnen, den Zustand Ihrer Anschlussstecker zu \u00fcberpr\u00fcfen, d. h. ob sie Spuren von Oxidation aufweisen. Wenn ein Stecker oxidiert ist, wird sein Austausch dringend empfohlen.<\/p><p style=\"font-weight: 400;\">\u00a0<\/p><h1>4\/ Stellen Sie sicher, dass keine fremden Gegenst\u00e4nde die Bewegung des SCHWIMMBADROBOTERS 8STREME 7310, 8STREME 7320 behindern.<\/h1><p style=\"font-weight: 400;\">Wenn sich der SCHWIMMBADROBOTER 8STREME 7310, 8STREME 7320 nicht vorw\u00e4rts bewegt, kann es sein, dass ein fremdes Objekt die Bewegung des SCHWIMMBADROBOTERS 8STREME 7310, 8STREME 7320 behindert.<\/p><p style=\"font-weight: 400;\">Wir bitten Sie, die Turbine \u00fcber dem Motor, die B\u00fcrsten oder Riemen unter dem Roboter und an den Seiten auf Fremdk\u00f6rper zu \u00fcberpr\u00fcfen.<\/p><p style=\"font-weight: 400;\">Sie sollten auch den Zustand der R\u00e4der, Walzen, B\u00fcrsten und Antriebsriemen Ihres Roboters \u00fcberpr\u00fcfen.<\/p><p style=\"font-weight: 400;\">Ein Fliesenbelag kann zu einem schnelleren Verschlei\u00df der B\u00fcrsten und des Antriebsriemens f\u00fchren. Bitte \u00fcberpr\u00fcfen Sie diesen regelm\u00e4\u00dfig.<\/p><p style=\"font-weight: 400;\">Wenn diese abgenutzt oder kaputt sind, ersetzen Sie sie bitte.<\/p><p style=\"font-weight: 400;\">\u00dcberpr\u00fcfen Sie, ob der Schmutzfangkorb voll ist. Wenn er voll ist, leeren Sie ihn und reinigen Sie ihn.<\/p><p style=\"font-weight: 400;\">\u00a0<\/p><h1>5\/ Kontaktieren Sie Ihren H\u00e4ndler oder den 8STREME-Kundendienst<\/h1><p style=\"font-weight: 400;\">Wenn keine der \u00dcberpr\u00fcfungen zu einer L\u00f6sung gef\u00fchrt hat, wenden Sie sich bitte an Ihren H\u00e4ndler oder den 8STREME-Kundendienst.<\/p><p>Kontaktinformationen des 8STREME-Kundendienstes :<\/p><p>Kundendienst 8STREME<\/p><p>6 RUE DES FRRESRES MICHELIN<\/p><p>10600 LA CHAPELLE SAINT LUC<\/p><p>FRANKREICH<\/p><p>03 10 64 60 26<\/p><p><a href=\"mailto:service@8streme.eu\">service@8streme.eu<\/a><\/p>\t\t\t\t\t\t\t\t<\/div>\n\t\t\t\t<\/div>\n\t\t\t\t\t<\/div>\n\t\t<\/div>\n\t\t\t\t\t<\/div>\n\t\t<\/section>\n\t\t\t\t<\/div>","protected":false},"excerpt":{"rendered":"<p>Mein ROBOT PISCINE 8STREME 7310, 8STREME 7320 bewegt sich nicht mehr? Er bewegt sich nicht mehr? Bewegt er sich nicht mehr, obwohl sich die Turbine oder der Motor dreht? Er tritt auf der Stelle? 1\/ \u00dcberpr\u00fcfen Sie die Kompatibilit\u00e4t des ROBOT PISCINE 8STREME 7310, ... <a href=\"https:\/\/8streme.eu\/de\/le-robot-piscine-8streme-7310-8streme-7320-navance-plus\/\">Read More<\/a><\/p>","protected":false},"author":5,"featured_media":0,"parent":0,"menu_order":0,"comment_status":"closed","ping_status":"closed","template":"","meta":{"_metasync_otto_title":"Solutions si le ROBOT 7310, 7320 ne bouge pas","_metasync_otto_description":"ROBOT PISCINE 8STREME 7310, 8STREME 7320 ne bouge pas? V\u00e9rifiez compatibilit\u00e9, alimentation, obstructions, contactez service apr\u00e8s-vente.","_metasync_otto_keywords":"","_metasync_otto_og_title":"","_metasync_otto_og_description":"","_metasync_otto_twitter_title":"","_metasync_otto_twitter_description":"","rank_math_title":"","rank_math_description":"","_yoast_wpseo_title":"","_yoast_wpseo_metadesc":"","_aioseo_title":"","_aioseo_description":"","_metasync_seo_title":"","_metasync_seo_desc":"","_metasync_breadcrumb_title":"","_metasync_primary_category":0,"_metasync_primary_product_cat":0,"_metasync_otto_disabled":"","_metasync_hreflang":"","_metasync_plugin_sync_ts":"","_metasync_robots_advanced":"","footnotes":""},"class_list":["post-29382","page","type-page","status-publish","hentry","_wholesalex wsx-wholesalex-product"],"_links":{"self":[{"href":"https:\/\/8streme.eu\/de\/wp-json\/wp\/v2\/pages\/29382","targetHints":{"allow":["GET"]}}],"collection":[{"href":"https:\/\/8streme.eu\/de\/wp-json\/wp\/v2\/pages"}],"about":[{"href":"https:\/\/8streme.eu\/de\/wp-json\/wp\/v2\/types\/page"}],"author":[{"embeddable":true,"href":"https:\/\/8streme.eu\/de\/wp-json\/wp\/v2\/users\/5"}],"replies":[{"embeddable":true,"href":"https:\/\/8streme.eu\/de\/wp-json\/wp\/v2\/comments?post=29382"}],"version-history":[{"count":3,"href":"https:\/\/8streme.eu\/de\/wp-json\/wp\/v2\/pages\/29382\/revisions"}],"predecessor-version":[{"id":29387,"href":"https:\/\/8streme.eu\/de\/wp-json\/wp\/v2\/pages\/29382\/revisions\/29387"}],"wp:attachment":[{"href":"https:\/\/8streme.eu\/de\/wp-json\/wp\/v2\/media?parent=29382"}],"curies":[{"name":"wp","href":"https:\/\/api.w.org\/{rel}","templated":true}]}}