{"id":29293,"date":"2024-01-02T16:15:47","date_gmt":"2024-01-02T15:15:47","guid":{"rendered":"https:\/\/8streme.eu\/?page_id=29293"},"modified":"2024-01-02T16:16:17","modified_gmt":"2024-01-02T15:16:17","slug":"pflege-des-schwimmbadroboters-8streme","status":"publish","type":"page","link":"https:\/\/8streme.eu\/de\/entretien-du-robot-piscine-8streme\/","title":{"rendered":"Pflege des ROBOT PISCINE 8STREME"},"content":{"rendered":"<div data-elementor-type=\"wp-page\" data-elementor-id=\"29293\" class=\"elementor elementor-29293\" data-elementor-post-type=\"page\">\n\t\t\t\t\t\t<section class=\"elementor-section elementor-top-section elementor-element elementor-element-11de1bf elementor-section-boxed elementor-section-height-default elementor-section-height-default\" data-id=\"11de1bf\" data-element_type=\"section\" data-e-type=\"section\">\n\t\t\t\t\t\t<div class=\"elementor-container elementor-column-gap-default\">\n\t\t\t\t\t<div class=\"elementor-column elementor-col-100 elementor-top-column elementor-element elementor-element-43afc68\" data-id=\"43afc68\" data-element_type=\"column\" data-e-type=\"column\">\n\t\t\t<div class=\"elementor-widget-wrap elementor-element-populated\">\n\t\t\t\t\t\t<div class=\"elementor-element elementor-element-4a5ed75 elementor-widget elementor-widget-text-editor\" data-id=\"4a5ed75\" data-element_type=\"widget\" data-e-type=\"widget\" data-widget_type=\"text-editor.default\">\n\t\t\t\t<div class=\"elementor-widget-container\">\n\t\t\t\t\t\t\t\t\t<h1>Die Reinigung des ROBOT PISCINE 8STREME<\/h1><p style=\"font-weight: 400;\">Nach jedem Gebrauch solltest du deinen ROBOT PISCINE 8STREME mit klarem Wasser reinigen und an der Luft im Schatten trocknen lassen.<\/p><p style=\"font-weight: 400;\">Wir empfehlen, den ROBOT PISCINE 8STREME innen und au\u00dfen ebenfalls zu reinigen.<\/p><p style=\"font-weight: 400;\">Wenn Sie Feuchtigkeit oder Sonnenlicht ausgesetzt sind, kann dies den 8STREME SCHWIMMBADROBOTER und seine Bestandteile besch\u00e4digen.<\/p><p style=\"font-weight: 400;\">\u00a0<\/p><h1>Die Reinigung der Turbine<\/h1><p style=\"font-weight: 400;\">Einige Verunreinigungen k\u00f6nnen das Laufrad der Pumpe verstopfen oder umschlie\u00dfen. Diese Verunreinigungen k\u00f6nnen die Funktion des 8STREME SCHWIMMBADROBOTERS beeintr\u00e4chtigen oder sogar den Motor besch\u00e4digen.<\/p><p style=\"font-weight: 400;\">Eine regelm\u00e4\u00dfige Sichtkontrolle ist Teil der normalen Wartung des Roboters.<\/p><p style=\"font-weight: 400;\">Um an die Turbine der SCHWIMMBADROBOTER 8STREME 5200-J2X, 8STREME 5210-J200, 8STREME 5212, 8STREME 5220-LUNA 10, 8STREME 5222, 8STREME 5310 zu gelangen, m\u00fcssen Sie das Pumpenauslassventil mit einem Schlitzschraubendreher entfernen, um es auszuhebeln. Anschlie\u00dfend k\u00f6nnen Sie das Laufrad reinigen. Setzen Sie anschlie\u00dfend das Ventil wieder ein.\u00a0<\/p><p style=\"font-weight: 400;\">Um an die Turbine der SCHWIMMBADROBOTER 8STREME 7310, 8STREME 7320 zu gelangen, m\u00fcssen Sie nur einen Schlitzschraubendreher verwenden, um das Schutzgitter zu entfernen. Anschlie\u00dfend k\u00f6nnen Sie die Turbine reinigen. Setzen Sie anschlie\u00dfend das Schutzgitter wieder ein.<\/p><p style=\"font-weight: 400;\">\u00a0<\/p><h1>Die Reinigung der Rollen<\/h1><p style=\"font-weight: 400;\">Einige Fremdk\u00f6rper k\u00f6nnen die Rollen verstopfen oder sich um sie herum wickeln. Diese Verunreinigungen k\u00f6nnen die Funktion des 8STREME SCHWIMMBADROBOTEN beeintr\u00e4chtigen oder sogar den Motor besch\u00e4digen.<\/p><p style=\"font-weight: 400;\">Eine regelm\u00e4\u00dfige Sichtkontrolle ist Teil der normalen Wartung des 8STREME SCHWIMMBADROBOTERS. Um zu \u00fcberpr\u00fcfen, ob keine Verunreinigungen vorhanden sind, drehen Sie die Rollen von Hand. Wenn sie sich nicht leicht drehen, sind Verunreinigungen vorhanden.<\/p><p style=\"font-weight: 400;\">Um die Rollen der SCHWIMMBADROBOTER 8STREME 5200-J2X, 8STREME 5210-J200, 8STREME 5212, 8STREME 5220-LUNA 10, 8STREME 5222, 8STREME 5310 zu reinigen, verwenden Sie einen Schlitzschraubendreher, um die Rollen vor\u00fcbergehend zu entfernen, indem Sie auf den Riegel dr\u00fccken, um die Rolle freizugeben. Setzen Sie die Rolle anschlie\u00dfend wieder ein, indem Sie sie einrasten lassen.\u00a0\u00a0<\/p><p style=\"font-weight: 400;\">Um die Rollen der SCHWIMMBADROBOTER 8STREME 7310, 8STREME 7320 zu reinigen, folgen Sie diesen Videos zum Zerlegen und Zusammensetzen der Rollen, um Zugang zu erhalten :<\/p><p style=\"font-weight: 400;\">Rollen demontieren :\u00a0<a href=\"https:\/\/www.youtube.com\/watch?v=BEJbVVmLMVM&amp;list=PLWoiTHw_wDWv8tDa7QGiQrazACbyhJHXd&amp;index=8\">https:\/\/www.youtube.com\/watch?v=BEJbVVmLMVM&amp;list=PLWoiTHw_wDWv8tDa7QGiQrazACbyhJHXd&amp;index=8<\/a><\/p><p style=\"font-weight: 400;\">Rollen wieder zusammensetzen :<\/p><p style=\"font-weight: 400;\"><a href=\"https:\/\/www.youtube.com\/watch?v=mU-q6TRrOO8&amp;list=PLWoiTHw_wDWv8tDa7QGiQrazACbyhJHXd&amp;index=9\">https:\/\/www.youtube.com\/watch?v=mU-q6TRrOO8&amp;list=PLWoiTHw_wDWv8tDa7QGiQrazACbyhJHXd&amp;index=9<\/a><\/p><p style=\"font-weight: 400;\">\u00a0<\/p><h1>Die Reinigung des Filterkorbs der SCHWIMMBADROBOTER 8STREME 5200-J2X, 8STREME 5210-J200, 8STREME 5212, 8STREME 5220-LUNA 10, 8STREME 5222, 8STREME 5310<\/h1><p style=\"font-weight: 400;\">Um den Filterbeutel oder -korb zu reinigen, m\u00fcssen Sie Ihren SCHWIMMBADROBOTER 8STREME 5200-J2X, 8STREME 5210-J200, 8STREME 5212, 8STREME 5220-LUNA 10, 8STREME 5222, 8STREME 5310 \u00f6ffnen, indem Sie den Knopf auf der Vorderseite dr\u00fccken und den Deckel anheben, bis Sie ein \"Klick\" an den Scharnieren h\u00f6ren, um den Deckel in der oberen Position zu arretieren.<\/p><p style=\"font-weight: 400;\">Dr\u00fccken Sie die vier roten Riegel nach hinten, um die Halterung zu entriegeln und die Tasche oder den Korb zu entfernen.<\/p><p style=\"font-weight: 400;\">Leeren Sie die R\u00fcckst\u00e4nde im Inneren der Tasche oder des Korbs aus. Sie k\u00f6nnen einen Wasserstrahl verwenden, um alles auszusp\u00fclen.\u00a0<\/p><p style=\"font-weight: 400;\">Nach der Reinigung setzen Sie die Tasche oder den Korb wieder in die Halterung ein, schieben sie zwischen die Riegel und dr\u00fccken sie nach unten, um alles einzuklipsen.\u00a0<\/p><p style=\"font-weight: 400;\">Link zum Abnehmen und Aufziehen der Filtert\u00fcte :\u00a0<a href=\"https:\/\/www.youtube.com\/watch?v=WlRFSEfesfA&amp;list=PLWoiTHw_wDWuyX-0fggC-UzWEwVnIynCi&amp;index=4\">https:\/\/www.youtube.com\/watch?v=WlRFSEfesfA&amp;list=PLWoiTHw_wDWuyX-0fggC-UzWEwVnIynCi&amp;index=4<\/a><\/p><p style=\"font-weight: 400;\">Link zum Entfernen und Wiedereinsetzen der Filterplatte :\u00a0<a href=\"https:\/\/www.youtube.com\/watch?v=BIZdHMCMsDQ&amp;list=PLWoiTHw_wDWui0WuFoqDcDC5flkTzWiag&amp;index=2\">https:\/\/www.youtube.com\/watch?v=BIZdHMCMsDQ&amp;list=PLWoiTHw_wDWui0WuFoqDcDC5flkTzWiag&amp;index=2<\/a><\/p><p style=\"font-weight: 400;\">Ein abgenutzter Filterbeutel oder -korb kann die Funktion des ROBOT PISCINE 8STREME 5200-J2X, 8STREME 5210-J200, 8STREME 5212, 8STREME 5220-LUNA 10, 8STREME 5222, 8STREME 5310 beeintr\u00e4chtigen. Wenn er abgenutzt ist, sollten Sie ihn austauschen.<\/p><p style=\"font-weight: 400;\">\u00a0<\/p><h1>Das Reinigen des Filterkorbs des SCHWIMMBADROBOTERS 8STREME 7310, 8STREME 7320<\/h1><p style=\"font-weight: 400;\">Um den Filterkorb zu reinigen, m\u00fcssen Sie den Deckel auf der Oberseite Ihres ROBOTER PISCINE 8STREME 7310, 8STREME 7320 \u00f6ffnen.<sup>\u00a0<\/sup>indem Sie mit beiden Daumen einen Impuls nach oben aus\u00fcben, um an den Filterkorb zu gelangen.<\/p><p style=\"font-weight: 400;\">Verwenden Sie dann beide H\u00e4nde, um den Korb mithilfe der Griffe an den Seiten des Korbs anzuheben.<\/p><p style=\"font-weight: 400;\">\u00d6ffnen Sie den Korbdeckel, indem Sie an der Lasche an der Vorderseite des Korbs ziehen.<\/p><p style=\"font-weight: 400;\">Leeren Sie die Tr\u00fcmmer im Inneren des Korbs aus. Sie k\u00f6nnen einen Wasserstrahl verwenden, um die Innen- und Au\u00dfenseiten der Filterplatten des Korbs abzusp\u00fclen.<\/p><p style=\"font-weight: 400;\">Setzen Sie den Filterkorb nach der Reinigung wieder in den SCHWIMMBADROBOTER 8STREME 7310, 8STREME 7320 ein. Achten Sie darauf, dass der Korb richtig befestigt und ausgerichtet ist. Wenn der Korb nicht richtig sitzt, l\u00e4sst sich der Deckel nicht schlie\u00dfen.<\/p><p style=\"font-weight: 400;\">Dr\u00fccken Sie die Griffe des Filterkorbs zusammen, um Ihren Korb zu verriegeln.<\/p><p style=\"font-weight: 400;\">Ein abgenutzter Filterkorb kann die Funktion des ROBOT PISCINE 8STREME 7310, 8STREME 7320 beeintr\u00e4chtigen. Wenn der Filterkorb abgenutzt ist, sollten Sie ihn austauschen.<\/p><p style=\"font-weight: 400;\">\u00a0<\/p><h1>Die Reinigung des Feinfilters<\/h1><p style=\"font-weight: 400;\">Um den Feinfilter zu reinigen, m\u00fcssen Sie die Filtert\u00fcte oder den Filterkorb aus dem 8STREME SCHWIMMBADROBOTER entfernen.<\/p><p style=\"font-weight: 400;\">Nehmen Sie den Feinfilter aus dem Inneren des Filterkorbs. Sp\u00fclen Sie ihn mit klarem Wasser aus und setzen Sie ihn dann wieder in den Filterkorb ein.<\/p><p style=\"font-weight: 400;\">Wir m\u00f6chten Sie darauf hinweisen, dass unsere Feinfilter etwa 15 Mal verwendet werden k\u00f6nnen. Ein abgenutzter Feinfilter kann die Funktion des 8STREME ROBOT PISCINE beeintr\u00e4chtigen. Wenn der Feinfilter abgenutzt ist, sollten Sie ihn austauschen.<\/p><p style=\"font-weight: 400;\">\u00a0<\/p><h1>Die Aufbewahrung des ROBOT PISCINE 8STREME<\/h1><p style=\"font-weight: 400;\">Wenn der 8STREME SCHWIMMBADROBOTER vollst\u00e4ndig getrocknet ist, sollte er an einem vor Feuchtigkeit und Sonnenlicht gesch\u00fctzten Ort aufbewahrt werden.<\/p><p style=\"font-weight: 400;\">Feuchtigkeit oder Sonneneinstrahlung oder k\u00f6nnte den 8STREME SCHWIMMBADROBOTER und seine Komponenten besch\u00e4digen.<\/p><p style=\"font-weight: 400;\">\u00a0<\/p><p style=\"font-weight: 400;\"><strong>\u00a0<\/strong><\/p><h1><strong>Die Einwinterung meines Pools\u00a0<\/strong><\/h1><p style=\"font-weight: 400;\"><strong>Wenn der Winter kommt, raten wir von der Verwendung des ROBOT PISCINE 8STREME ab. Temperatur und Luftfeuchtigkeit wirken sich auf die Lebensdauer des ROBOT PISCINE 8STREME aus, sei es bei den elektrischen Teilen oder bei den Kunststoffteilen.<\/strong><\/p><p style=\"font-weight: 400;\"><strong>\u00a0<\/strong><\/p><p style=\"font-weight: 400;\"><strong>Wenn der Winter kommt, benutzen Sie Ihren 8STREME SCHWIMMBADROBOTER, um ein letztes Mal in diesem Jahr zu reinigen, um mit der Einwinterung Ihres Pools zu beginnen. Gie\u00dfen Sie dann das Einwinterungsmittel aus und decken Sie den Pool ab.<\/strong><\/p><p style=\"font-weight: 400;\"><strong>\u00a0<\/strong><\/p><p style=\"font-weight: 400;\"><strong>Es ist wichtig, seinen Pool \u00fcberwintern zu lassen, au\u00dfer bei Hauspools und aufblasbaren Pools. Dadurch wird nicht nur der Zustand des Pools, sondern auch die Qualit\u00e4t des Wassers erhalten.<\/strong><\/p>\t\t\t\t\t\t\t\t<\/div>\n\t\t\t\t<\/div>\n\t\t\t\t\t<\/div>\n\t\t<\/div>\n\t\t\t\t\t<\/div>\n\t\t<\/section>\n\t\t\t\t<\/div>","protected":false},"excerpt":{"rendered":"<p>Die Reinigung des 8STREME ROBOT PISCINE Nach jedem Gebrauch solltest du deinen 8STREME ROBOT PISCINE mit klarem Wasser reinigen und an der Luft im Schatten trocknen lassen. Wir empfehlen Ihnen, den ROBOT innen und au\u00dfen zu reinigen ... <a href=\"https:\/\/8streme.eu\/de\/entretien-du-robot-piscine-8streme\/\">Read More<\/a><\/p>","protected":false},"author":5,"featured_media":0,"parent":0,"menu_order":0,"comment_status":"closed","ping_status":"closed","template":"","meta":{"_metasync_otto_title":"","_metasync_otto_description":"D\u00e9couvrez nos conseils pour l","_metasync_otto_keywords":"","_metasync_otto_og_title":"","_metasync_otto_og_description":"","_metasync_otto_twitter_title":"","_metasync_otto_twitter_description":"","rank_math_title":"","rank_math_description":"","_yoast_wpseo_title":"","_yoast_wpseo_metadesc":"","_aioseo_title":"","_aioseo_description":"","_metasync_seo_title":"","_metasync_seo_desc":"","_metasync_breadcrumb_title":"","_metasync_primary_category":0,"_metasync_primary_product_cat":0,"_metasync_otto_disabled":"","_metasync_hreflang":"","_metasync_plugin_sync_ts":"","_metasync_robots_advanced":"","footnotes":""},"class_list":["post-29293","page","type-page","status-publish","hentry","_wholesalex wsx-wholesalex-product"],"_links":{"self":[{"href":"https:\/\/8streme.eu\/de\/wp-json\/wp\/v2\/pages\/29293","targetHints":{"allow":["GET"]}}],"collection":[{"href":"https:\/\/8streme.eu\/de\/wp-json\/wp\/v2\/pages"}],"about":[{"href":"https:\/\/8streme.eu\/de\/wp-json\/wp\/v2\/types\/page"}],"author":[{"embeddable":true,"href":"https:\/\/8streme.eu\/de\/wp-json\/wp\/v2\/users\/5"}],"replies":[{"embeddable":true,"href":"https:\/\/8streme.eu\/de\/wp-json\/wp\/v2\/comments?post=29293"}],"version-history":[{"count":4,"href":"https:\/\/8streme.eu\/de\/wp-json\/wp\/v2\/pages\/29293\/revisions"}],"predecessor-version":[{"id":29299,"href":"https:\/\/8streme.eu\/de\/wp-json\/wp\/v2\/pages\/29293\/revisions\/29299"}],"wp:attachment":[{"href":"https:\/\/8streme.eu\/de\/wp-json\/wp\/v2\/media?parent=29293"}],"curies":[{"name":"wp","href":"https:\/\/api.w.org\/{rel}","templated":true}]}}