{"id":29286,"date":"2024-01-02T16:11:44","date_gmt":"2024-01-02T15:11:44","guid":{"rendered":"https:\/\/8streme.eu\/?page_id=29286"},"modified":"2024-01-02T16:12:28","modified_gmt":"2024-01-02T15:12:28","slug":"unterschied-zwischen-roboter-7310-und-7320","status":"publish","type":"page","link":"https:\/\/8streme.eu\/de\/difference-entre-robot-7310-et-7320\/","title":{"rendered":"Unterschied zwischen Roboter 7310 und 7320"},"content":{"rendered":"<div data-elementor-type=\"wp-page\" data-elementor-id=\"29286\" class=\"elementor elementor-29286\" data-elementor-post-type=\"page\">\n\t\t\t\t\t\t<section class=\"elementor-section elementor-top-section elementor-element elementor-element-b116197 elementor-section-boxed elementor-section-height-default elementor-section-height-default\" data-id=\"b116197\" data-element_type=\"section\" data-e-type=\"section\">\n\t\t\t\t\t\t<div class=\"elementor-container elementor-column-gap-default\">\n\t\t\t\t\t<div class=\"elementor-column elementor-col-100 elementor-top-column elementor-element elementor-element-9f755e2\" data-id=\"9f755e2\" data-element_type=\"column\" data-e-type=\"column\">\n\t\t\t<div class=\"elementor-widget-wrap elementor-element-populated\">\n\t\t\t\t\t\t<div class=\"elementor-element elementor-element-310a5ac elementor-widget elementor-widget-text-editor\" data-id=\"310a5ac\" data-element_type=\"widget\" data-e-type=\"widget\" data-widget_type=\"text-editor.default\">\n\t\t\t\t<div class=\"elementor-widget-container\">\n\t\t\t\t\t\t\t\t\t<p>An sich haben diese Roboter die gleiche Funktion und die gleichen Besonderheiten.<\/p><p>Da der 7320 jedoch eine Klasse \u00fcber dem 7310 liegt, haben sie andere oder zus\u00e4tzliche Zubeh\u00f6rteile:<\/p><ul><li>Zus\u00e4tzliche weiche B\u00fcrsten an den 4 Seitenr\u00e4dern\u00a0<\/li><li>Ein Filterkorb mit einer feineren Maschenweite<\/li><li>Eine Auswahl an 1- oder 3-st\u00fcndigen Zyklen<\/li><li>ein l\u00e4ngeres Kabel f\u00fcr Pools bis zu 11m x 5,50m (anstelle von 10m x 5,00m beim Modell 7310)<\/li><\/ul><p>F\u00fcr weitere Informationen kontaktieren Sie uns unter 03 10 64 60 26 oder per E-Mail an\u00a0<a href=\"mailto:service@8streme.eu\" target=\"_blank\" rel=\"noopener noreferrer\">service@8streme.eu.<\/a><\/p><p>\u00a0<\/p>\t\t\t\t\t\t\t\t<\/div>\n\t\t\t\t<\/div>\n\t\t\t\t\t<\/div>\n\t\t<\/div>\n\t\t\t\t\t<\/div>\n\t\t<\/section>\n\t\t\t\t<\/div>","protected":false},"excerpt":{"rendered":"<p>Diese Roboter haben an sich die gleiche Funktion und die gleichen Eigenschaften. Da der 7320 jedoch die n\u00e4chsth\u00f6here Baureihe des 7310 ist, haben sie andere oder zus\u00e4tzliche Ausstattungsmerkmale: Zus\u00e4tzliche weiche B\u00fcrsten an den vier Seitenr\u00e4dern, einen ... <a href=\"https:\/\/8streme.eu\/de\/difference-entre-robot-7310-et-7320\/\">Read More<\/a><\/p>","protected":false},"author":5,"featured_media":0,"parent":0,"menu_order":0,"comment_status":"closed","ping_status":"closed","template":"","meta":{"_metasync_otto_title":"","_metasync_otto_description":"Diff\u00e9rences entre robots piscine 7310 et 7320 : brosses souples, panier filtration fin, cycles 1h\/3h, c\u00e2ble plus long. Contactez-nous d\u00e8s maintenant !","_metasync_otto_keywords":"","_metasync_otto_og_title":"","_metasync_otto_og_description":"","_metasync_otto_twitter_title":"","_metasync_otto_twitter_description":"","rank_math_title":"","rank_math_description":"","_yoast_wpseo_title":"","_yoast_wpseo_metadesc":"","_aioseo_title":"","_aioseo_description":"","_metasync_seo_title":"","_metasync_seo_desc":"","_metasync_breadcrumb_title":"","_metasync_primary_category":0,"_metasync_primary_product_cat":0,"_metasync_otto_disabled":"","_metasync_hreflang":"","_metasync_plugin_sync_ts":"","_metasync_robots_advanced":"","footnotes":""},"class_list":["post-29286","page","type-page","status-publish","hentry","_wholesalex wsx-wholesalex-product"],"_links":{"self":[{"href":"https:\/\/8streme.eu\/de\/wp-json\/wp\/v2\/pages\/29286","targetHints":{"allow":["GET"]}}],"collection":[{"href":"https:\/\/8streme.eu\/de\/wp-json\/wp\/v2\/pages"}],"about":[{"href":"https:\/\/8streme.eu\/de\/wp-json\/wp\/v2\/types\/page"}],"author":[{"embeddable":true,"href":"https:\/\/8streme.eu\/de\/wp-json\/wp\/v2\/users\/5"}],"replies":[{"embeddable":true,"href":"https:\/\/8streme.eu\/de\/wp-json\/wp\/v2\/comments?post=29286"}],"version-history":[{"count":4,"href":"https:\/\/8streme.eu\/de\/wp-json\/wp\/v2\/pages\/29286\/revisions"}],"predecessor-version":[{"id":29292,"href":"https:\/\/8streme.eu\/de\/wp-json\/wp\/v2\/pages\/29286\/revisions\/29292"}],"wp:attachment":[{"href":"https:\/\/8streme.eu\/de\/wp-json\/wp\/v2\/media?parent=29286"}],"curies":[{"name":"wp","href":"https:\/\/api.w.org\/{rel}","templated":true}]}}