{"id":29272,"date":"2024-01-02T16:09:49","date_gmt":"2024-01-02T15:09:49","guid":{"rendered":"https:\/\/8streme.eu\/?page_id=29272"},"modified":"2024-01-02T16:10:09","modified_gmt":"2024-01-02T15:10:09","slug":"wie-man-die-rader-des-poolroboters-8streme-7310-8streme-7320-austauscht","status":"publish","type":"page","link":"https:\/\/8streme.eu\/de\/comment-remplacer-les-roues-du-robot-piscine-8streme-7310-8streme-7320\/","title":{"rendered":"Wie tausche ich die R\u00e4der des 8STREME 7310, 8STREME 7320 SCHWIMMBADROBOTERS aus?"},"content":{"rendered":"<div data-elementor-type=\"wp-page\" data-elementor-id=\"29272\" class=\"elementor elementor-29272\" data-elementor-post-type=\"page\">\n\t\t\t\t\t\t<section class=\"elementor-section elementor-top-section elementor-element elementor-element-16f045c elementor-section-boxed elementor-section-height-default elementor-section-height-default\" data-id=\"16f045c\" data-element_type=\"section\" data-e-type=\"section\">\n\t\t\t\t\t\t<div class=\"elementor-container elementor-column-gap-default\">\n\t\t\t\t\t<div class=\"elementor-column elementor-col-100 elementor-top-column elementor-element elementor-element-3507128\" data-id=\"3507128\" data-element_type=\"column\" data-e-type=\"column\">\n\t\t\t<div class=\"elementor-widget-wrap elementor-element-populated\">\n\t\t\t\t\t\t<div class=\"elementor-element elementor-element-47c5482 elementor-widget elementor-widget-text-editor\" data-id=\"47c5482\" data-element_type=\"widget\" data-e-type=\"widget\" data-widget_type=\"text-editor.default\">\n\t\t\t\t<div class=\"elementor-widget-container\">\n\t\t\t\t\t\t\t\t\t<p style=\"font-weight: 400;\">Wenn ein Rad gebrochen ist, muss es schnell ausgetauscht werden, damit es die Funktion des ROBOT PISCINE 8STREME 7310, 8STREME 7320 nicht beeintr\u00e4chtigt und nicht zu einem schnelleren Verschlei\u00df des ROBOT PISCINE 8STREME 7310, 8STREME 7320 f\u00fchrt.<\/p><p style=\"font-weight: 400;\">\u00a0<\/p><h1>Die zu verwendenden Werkzeuge<\/h1><p style=\"font-weight: 400;\">F\u00fcr den Austausch der Rolle ben\u00f6tigen Sie :<\/p><p style=\"font-weight: 400;\">- Ein Kreuzschlitzschraubendreher<\/p><p style=\"font-weight: 400;\">\u00a0<\/p><h1>Die Ersatzteile<\/h1><p style=\"font-weight: 400;\">Anbei finden Sie den Link zum Kauf eines Rades f\u00fcr ROBOT PISCINE 8STREME 7310 :\u00a0<a href=\"https:\/\/8streme.eu\/de\/produkt\/zahnrad-4tlg-auf-grauem-set-71140\/\">https:\/\/8streme.eu\/produit\/roue-dentee-4pcs-sur-lensemble-gris-71140\/<\/a><\/p><p style=\"font-weight: 400;\">\u00a0<\/p><p style=\"font-weight: 400;\">Anbei finden Sie den Link zum Kauf eines Rades f\u00fcr ROBOT PISCINE 8STREME 7320 :\u00a0<a href=\"https:\/\/8streme.eu\/de\/?s=71142\">https:\/\/8streme.eu\/?s=71142<\/a><\/p><p style=\"font-weight: 400;\">\u00a0<\/p><h1>Das Ersetzungsverfahren<\/h1><p style=\"font-weight: 400;\">Der erste Schritt besteht darin, Ihren 8STREME 7310, 8STREME 7320 SCHWIMMBADROBOTER vom Stromnetz zu trennen, bevor Sie irgendwelche Austausche vornehmen.<\/p><p style=\"font-weight: 400;\">\u00a0<\/p><p style=\"font-weight: 400;\">Um das Rad auszubauen, m\u00fcssen Sie nur die Schraube des Zahnrads, mit der es an der Walze befestigt ist, mit einem Kreuzschlitzdreher herausdrehen. L\u00f6sen Sie das Rad von der Rolle.<\/p><p style=\"font-weight: 400;\">\u00a0<\/p><p style=\"font-weight: 400;\">Bewahren Sie alle M\u00fcnzen gut auf.\u00a0<\/p><p style=\"font-weight: 400;\">\u00a0<\/p><p style=\"font-weight: 400;\">Um das neue Rad zu montieren, stecken Sie das Rad in die Rolle. Wenn die Rolle ineinandergesteckt ist, pr\u00fcfen Sie, ob sich beim Drehen der Rolle auch das Rad dreht. Drehen Sie dann die Schraube des Rades wieder ein.<\/p><p style=\"font-weight: 400;\">\u00a0<\/p><h1><strong>Wenden Sie sich an Ihren H\u00e4ndler oder den Kundendienst<\/strong><\/h1><p style=\"font-weight: 400;\"><strong>Wenn Sie Schwierigkeiten beim Auswechseln der Antriebsriemen haben, k\u00f6nnen Sie sich an Ihren H\u00e4ndler oder den Kundendienst wenden.<\/strong><\/p><p>Kontaktinformationen des 8STREME-Kundendienstes :<\/p><p>Kundendienst 8STREME<\/p><p>6 RUE DES FRRESRES MICHELIN<\/p><p>10600 LA CHAPELLE SAINT LUC<\/p><p>FRANKREICH<\/p><p>03 10 64 60 26<\/p><p><a href=\"mailto:service@8streme.eu\">service@8streme.eu<\/a><\/p>\t\t\t\t\t\t\t\t<\/div>\n\t\t\t\t<\/div>\n\t\t\t\t\t<\/div>\n\t\t<\/div>\n\t\t\t\t\t<\/div>\n\t\t<\/section>\n\t\t\t\t<\/div>","protected":false},"excerpt":{"rendered":"<p>Wenn ein Rad gebrochen ist, muss es schnell ausgetauscht werden, damit es die Funktion des ROBOT PISCINE 8STREME 7310, 8STREME 7320 nicht beeintr\u00e4chtigt und nicht zu einem schnelleren Verschlei\u00df des ROBOT PISCINE 8STREME 7310, 8STREME 7320 f\u00fchrt. Die Werkzeuge, die Sie verwenden sollten Um ... <a href=\"https:\/\/8streme.eu\/de\/comment-remplacer-les-roues-du-robot-piscine-8streme-7310-8streme-7320\/\">Read More<\/a><\/p>","protected":false},"author":5,"featured_media":0,"parent":0,"menu_order":0,"comment_status":"closed","ping_status":"closed","template":"","meta":{"_metasync_otto_title":"Guide de remplacement des roues pour Robot Piscine 8streme","_metasync_otto_description":"Remplacez rapidement une roue cass\u00e9e du Robot Piscine 8STREME 7310, 8STREME 7320 pour maintenir son fonctionnement. Achetez les pi\u00e8ces et suivez la proc\u00e9dure.","_metasync_otto_keywords":"","_metasync_otto_og_title":"","_metasync_otto_og_description":"","_metasync_otto_twitter_title":"","_metasync_otto_twitter_description":"","rank_math_title":"","rank_math_description":"","_yoast_wpseo_title":"","_yoast_wpseo_metadesc":"","_aioseo_title":"","_aioseo_description":"","_metasync_seo_title":"","_metasync_seo_desc":"","_metasync_breadcrumb_title":"","_metasync_primary_category":0,"_metasync_primary_product_cat":0,"_metasync_otto_disabled":"","_metasync_hreflang":"","_metasync_plugin_sync_ts":"","_metasync_robots_advanced":"","footnotes":""},"class_list":["post-29272","page","type-page","status-publish","hentry","_wholesalex wsx-wholesalex-product"],"_links":{"self":[{"href":"https:\/\/8streme.eu\/de\/wp-json\/wp\/v2\/pages\/29272","targetHints":{"allow":["GET"]}}],"collection":[{"href":"https:\/\/8streme.eu\/de\/wp-json\/wp\/v2\/pages"}],"about":[{"href":"https:\/\/8streme.eu\/de\/wp-json\/wp\/v2\/types\/page"}],"author":[{"embeddable":true,"href":"https:\/\/8streme.eu\/de\/wp-json\/wp\/v2\/users\/5"}],"replies":[{"embeddable":true,"href":"https:\/\/8streme.eu\/de\/wp-json\/wp\/v2\/comments?post=29272"}],"version-history":[{"count":4,"href":"https:\/\/8streme.eu\/de\/wp-json\/wp\/v2\/pages\/29272\/revisions"}],"predecessor-version":[{"id":29278,"href":"https:\/\/8streme.eu\/de\/wp-json\/wp\/v2\/pages\/29272\/revisions\/29278"}],"wp:attachment":[{"href":"https:\/\/8streme.eu\/de\/wp-json\/wp\/v2\/media?parent=29272"}],"curies":[{"name":"wp","href":"https:\/\/api.w.org\/{rel}","templated":true}]}}