{"id":29265,"date":"2024-01-02T16:08:25","date_gmt":"2024-01-02T15:08:25","guid":{"rendered":"https:\/\/8streme.eu\/?page_id=29265"},"modified":"2024-01-02T16:08:54","modified_gmt":"2024-01-02T15:08:54","slug":"wie-man-die-antriebsriemen-fur-den-poolroboter-8streme-7310-8streme-7320-austauscht","status":"publish","type":"page","link":"https:\/\/8streme.eu\/de\/comment-remplacer-les-courroies-de-transmission-pour-robot-piscine-8streme-7310-8streme-7320\/","title":{"rendered":"Wie ersetze ich die Antriebsriemen f\u00fcr ROBOT PISCINE 8STREME 7310, 8STREME 7320?"},"content":{"rendered":"<div data-elementor-type=\"wp-page\" data-elementor-id=\"29265\" class=\"elementor elementor-29265\" data-elementor-post-type=\"page\">\n\t\t\t\t\t\t<section class=\"elementor-section elementor-top-section elementor-element elementor-element-124ff1c elementor-section-boxed elementor-section-height-default elementor-section-height-default\" data-id=\"124ff1c\" data-element_type=\"section\" data-e-type=\"section\">\n\t\t\t\t\t\t<div class=\"elementor-container elementor-column-gap-default\">\n\t\t\t\t\t<div class=\"elementor-column elementor-col-100 elementor-top-column elementor-element elementor-element-d3146d9\" data-id=\"d3146d9\" data-element_type=\"column\" data-e-type=\"column\">\n\t\t\t<div class=\"elementor-widget-wrap elementor-element-populated\">\n\t\t\t\t\t\t<div class=\"elementor-element elementor-element-fda0baf elementor-widget elementor-widget-text-editor\" data-id=\"fda0baf\" data-element_type=\"widget\" data-e-type=\"widget\" data-widget_type=\"text-editor.default\">\n\t\t\t\t<div class=\"elementor-widget-container\">\n\t\t\t\t\t\t\t\t\t<p style=\"font-weight: 400;\">Wenn die Raupen abgenutzt, glatt oder gebrochen sind, m\u00fcssen sie schnell ausgetauscht werden, damit dies nicht die Funktion des ROBOT PISCINE 8STREME 7310, 8STREME 7320 beeintr\u00e4chtigt und zu einem schnelleren Verschlei\u00df des ROBOT PISCINE 8STREME 7310, 8STREME 7320 f\u00fchrt.<\/p><p style=\"font-weight: 400;\">\u00a0<\/p><h1>Die zu verwendenden Werkzeuge<\/h1><p style=\"font-weight: 400;\">F\u00fcr den Austausch von Antriebsriemen ben\u00f6tigen Sie kein Werkzeug.<\/p><h1>Die Ersatzteile<\/h1><p style=\"font-weight: 400;\">Anbei finden Sie den Link zum Kauf von Antriebsriemen : \u00a0<\/p><p style=\"font-weight: 400;\">\u00a0<\/p><h1>Das Ersetzungsverfahren<\/h1><p style=\"font-weight: 400;\">Wir empfehlen Ihnen, das Tutorial-Video zum Auswechseln Ihrer Antriebsriemen zu verfolgen.<\/p><p style=\"font-weight: 400;\">Link zur Demontage und Montage der Antriebsriemen des SCHWIMMBADROBOTERS 8STREME 7310, 8STREME 7320 :<\/p><p style=\"font-weight: 400;\"><a href=\"https:\/\/www.youtube.com\/watch?v=_O9krQNSCio&amp;list=PLWoiTHw_wDWv8tDa7QGiQrazACbyhJHXd&amp;index=2\">https:\/\/www.youtube.com\/watch?v=_O9krQNSCio&amp;list=PLWoiTHw_wDWv8tDa7QGiQrazACbyhJHXd&amp;index=2<\/a><\/p><p style=\"font-weight: 400;\">\u00a0<\/p><p style=\"font-weight: 400;\">Der erste Schritt besteht darin, Ihren 8STREME 7310, 8STREME 7320 SCHWIMMBADROBOTER vom Stromnetz zu trennen, bevor Sie irgendwelche Austausche vornehmen.<\/p><p style=\"font-weight: 400;\">\u00a0<\/p><p style=\"font-weight: 400;\">Um den Riemen zu entfernen, musst du den Riemen von den Zahnr\u00e4dern schieben, indem du die Rollen drehst.<\/p><p style=\"font-weight: 400;\">\u00a0<\/p><p style=\"font-weight: 400;\">Um den neuen Riemen zu montieren, machen Sie die glatte und die gezahnte Kante des Riemens ausfindig. Positionieren Sie die glatte Kante des Riemens nach au\u00dfen. Legen Sie den Riemen um den Seitenst\u00e4nder und die R\u00e4der und helfen Sie sich, indem Sie die Rollen drehen.<\/p><p style=\"font-weight: 400;\">\u00a0<\/p><h1><strong>Wenden Sie sich an Ihren H\u00e4ndler oder den Kundendienst<\/strong><\/h1><p style=\"font-weight: 400;\"><strong>Wenn Sie Schwierigkeiten beim Auswechseln der Antriebsriemen haben, k\u00f6nnen Sie sich an Ihren H\u00e4ndler oder den Kundendienst wenden.<\/strong><\/p><p>Kontaktinformationen des 8STREME-Kundendienstes :<\/p><p>Kundendienst 8STREME<\/p><p>6 RUE DES FRRESRES MICHELIN<\/p><p>10600 LA CHAPELLE SAINT LUC<\/p><p>FRANKREICH<\/p><p>03 10 64 60 26<\/p><p><a href=\"mailto:service@8streme.eu\">service@8streme.eu<\/a><\/p>\t\t\t\t\t\t\t\t<\/div>\n\t\t\t\t<\/div>\n\t\t\t\t\t<\/div>\n\t\t<\/div>\n\t\t\t\t\t<\/div>\n\t\t<\/section>\n\t\t\t\t<\/div>","protected":false},"excerpt":{"rendered":"<p>Wenn die Raupen abgenutzt, glatt oder gerissen sind, m\u00fcssen sie schnell ausgetauscht werden, damit die Funktionsweise des Schwimmroboters 8STREME 7310 und 8STREME 7320 nicht beeintr\u00e4chtigt wird und kein schnellerer Verschlei\u00df des Schwimmroboters 8STREME 7310 und 8STREME 7320 entsteht. Die \u2026 <a href=\"https:\/\/8streme.eu\/de\/comment-remplacer-les-courroies-de-transmission-pour-robot-piscine-8streme-7310-8streme-7320\/\">Read More<\/a><\/p>","protected":false},"author":5,"featured_media":0,"parent":0,"menu_order":0,"comment_status":"closed","ping_status":"closed","template":"","meta":{"_metasync_otto_title":"Changement courroies transmission Robots Piscine 8STREME","_metasync_otto_description":"Remplacez les courroies du Robot Piscine 8STREME 7310, 8STREME 7320 facilement avec nos conseils pratiques en vid\u00e9o.","_metasync_otto_keywords":"","_metasync_otto_og_title":"","_metasync_otto_og_description":"","_metasync_otto_twitter_title":"","_metasync_otto_twitter_description":"","rank_math_title":"","rank_math_description":"","_yoast_wpseo_title":"","_yoast_wpseo_metadesc":"","_aioseo_title":"","_aioseo_description":"","_metasync_seo_title":"","_metasync_seo_desc":"","_metasync_breadcrumb_title":"","_metasync_primary_category":0,"_metasync_primary_product_cat":0,"_metasync_otto_disabled":"","_metasync_hreflang":"","_metasync_plugin_sync_ts":"","_metasync_robots_advanced":"","footnotes":""},"class_list":["post-29265","page","type-page","status-publish","hentry","_wholesalex wsx-wholesalex-product"],"_links":{"self":[{"href":"https:\/\/8streme.eu\/de\/wp-json\/wp\/v2\/pages\/29265","targetHints":{"allow":["GET"]}}],"collection":[{"href":"https:\/\/8streme.eu\/de\/wp-json\/wp\/v2\/pages"}],"about":[{"href":"https:\/\/8streme.eu\/de\/wp-json\/wp\/v2\/types\/page"}],"author":[{"embeddable":true,"href":"https:\/\/8streme.eu\/de\/wp-json\/wp\/v2\/users\/5"}],"replies":[{"embeddable":true,"href":"https:\/\/8streme.eu\/de\/wp-json\/wp\/v2\/comments?post=29265"}],"version-history":[{"count":4,"href":"https:\/\/8streme.eu\/de\/wp-json\/wp\/v2\/pages\/29265\/revisions"}],"predecessor-version":[{"id":29271,"href":"https:\/\/8streme.eu\/de\/wp-json\/wp\/v2\/pages\/29265\/revisions\/29271"}],"wp:attachment":[{"href":"https:\/\/8streme.eu\/de\/wp-json\/wp\/v2\/media?parent=29265"}],"curies":[{"name":"wp","href":"https:\/\/api.w.org\/{rel}","templated":true}]}}