{"id":29258,"date":"2024-01-02T16:07:14","date_gmt":"2024-01-02T15:07:14","guid":{"rendered":"https:\/\/8streme.eu\/?page_id=29258"},"modified":"2024-01-02T16:07:39","modified_gmt":"2024-01-02T15:07:39","slug":"wie-man-die-pvc-bursten-des-poolroboters-8streme-7310-8streme-7320-austauscht","status":"publish","type":"page","link":"https:\/\/8streme.eu\/de\/comment-remplacer-les-brosses-pvc-du-robot-piscine-8streme-7310-8streme-7320\/","title":{"rendered":"Wie ersetze ich die PVC-B\u00fcrsten des 8STREME 7310, 8STREME 7320 SCHWIMMBADROBOTERS?"},"content":{"rendered":"<div data-elementor-type=\"wp-page\" data-elementor-id=\"29258\" class=\"elementor elementor-29258\" data-elementor-post-type=\"page\">\n\t\t\t\t\t\t<section class=\"elementor-section elementor-top-section elementor-element elementor-element-437d82d elementor-section-boxed elementor-section-height-default elementor-section-height-default\" data-id=\"437d82d\" data-element_type=\"section\" data-e-type=\"section\">\n\t\t\t\t\t\t<div class=\"elementor-container elementor-column-gap-default\">\n\t\t\t\t\t<div class=\"elementor-column elementor-col-100 elementor-top-column elementor-element elementor-element-db14741\" data-id=\"db14741\" data-element_type=\"column\" data-e-type=\"column\">\n\t\t\t<div class=\"elementor-widget-wrap elementor-element-populated\">\n\t\t\t\t\t\t<div class=\"elementor-element elementor-element-d254252 elementor-widget elementor-widget-text-editor\" data-id=\"d254252\" data-element_type=\"widget\" data-e-type=\"widget\" data-widget_type=\"text-editor.default\">\n\t\t\t\t<div class=\"elementor-widget-container\">\n\t\t\t\t\t\t\t\t\t<p style=\"font-weight: 400;\">Wenn die PVC-B\u00fcrsten abgenutzt oder kaputt sind, m\u00fcssen sie schnell ausgetauscht werden, damit dies nicht die Funktion des 8STREME 7310, 8STREME 7320 SCHWIMMBADROBOTERS beeintr\u00e4chtigt und zu einer schnelleren Abnutzung des SCHWIMMBADROBOTERS f\u00fchrt.<\/p><p style=\"font-weight: 400;\">\u00a0<\/p><h1>Die zu verwendenden Werkzeuge<\/h1><p style=\"font-weight: 400;\">F\u00fcr den Austausch der PVC-B\u00fcrsten ben\u00f6tigen Sie kein Werkzeug.<\/p><h1>Die Ersatzteile<\/h1><p style=\"font-weight: 400;\">Anbei finden Sie den Link zum Kauf der PVC-B\u00fcrsten :\u00a0<a href=\"https:\/\/8streme.eu\/de\/produkt\/pvc-bursten-set-5-stk-71180\/\">https:\/\/8streme.eu\/produit\/ensemble-de-brosse-de-pvc-5-pcs-71180\/<\/a><\/p><p style=\"font-weight: 400;\">\u00a0<\/p><h1>Das Ersetzungsverfahren<\/h1><p style=\"font-weight: 400;\">Wir empfehlen Ihnen, das Tutorial-Video zum Austausch Ihrer PVC-B\u00fcrsten zu verwenden.<\/p><p style=\"font-weight: 400;\">Link zum Austausch der PVC-B\u00fcrsten des 8STREME 7310, 8STREME 7320 SCHWIMMBADROBOTERS :<\/p><p style=\"font-weight: 400;\"><a href=\"https:\/\/www.youtube.com\/watch?v=JAWWgYJ_z4M&amp;list=PLWoiTHw_wDWv8tDa7QGiQrazACbyhJHXd&amp;index=10\">https:\/\/www.youtube.com\/watch?v=JAWWgYJ_z4M&amp;list=PLWoiTHw_wDWv8tDa7QGiQrazACbyhJHXd&amp;index=10<\/a><\/p><p style=\"font-weight: 400;\">\u00a0<\/p><p style=\"font-weight: 400;\">Der Einfachheit halber empfehlen wir Ihnen, die Rolle zu zerlegen.<\/p><p style=\"font-weight: 400;\">Link zur Demontage der Rollen des ROBOT PISCINE 8STREME 7310, 8STREME 7320 :<\/p><p style=\"font-weight: 400;\"><a href=\"https:\/\/www.youtube.com\/watch?v=BEJbVVmLMVM&amp;list=PLWoiTHw_wDWv8tDa7QGiQrazACbyhJHXd&amp;index=8\">https:\/\/www.youtube.com\/watch?v=BEJbVVmLMVM&amp;list=PLWoiTHw_wDWv8tDa7QGiQrazACbyhJHXd&amp;index=8<\/a><\/p><p style=\"font-weight: 400;\">\u00a0<\/p><p style=\"font-weight: 400;\">Link zur Montage der Rollen des ROBOT PISCINE 8STREME 7310, 8STREME 7320 :<\/p><p style=\"font-weight: 400;\"><a href=\"https:\/\/www.youtube.com\/watch?v=mU-q6TRrOO8&amp;list=PLWoiTHw_wDWv8tDa7QGiQrazACbyhJHXd&amp;index=9\">https:\/\/www.youtube.com\/watch?v=mU-q6TRrOO8&amp;list=PLWoiTHw_wDWv8tDa7QGiQrazACbyhJHXd&amp;index=9<\/a><\/p><p style=\"font-weight: 400;\">\u00a0<\/p><p style=\"font-weight: 400;\">\u00a0<\/p><p style=\"font-weight: 400;\">\u00a0<\/p><p style=\"font-weight: 400;\">Der erste Schritt besteht darin, Ihren 8STREME 7310, 8STREME 7320 SCHWIMMBADROBOTER vom Stromnetz zu trennen, bevor Sie irgendwelche Austausche vornehmen.<\/p><p style=\"font-weight: 400;\">\u00a0<\/p><p style=\"font-weight: 400;\">Um die PVC-B\u00fcrste zu entfernen, m\u00fcssen Sie nur die B\u00fcrstenklammern und den kleinen Plastikst\u00f6psel entfernen.<\/p><p style=\"font-weight: 400;\">\u00a0<\/p><p style=\"font-weight: 400;\">Um die neue B\u00fcrste zu montieren, suchen Sie die richtige PVC-B\u00fcrste an der richtigen Stelle. Bringen Sie sie an, indem Sie darauf achten, dass Sie den Aufsatz in die daf\u00fcr vorgesehenen L\u00f6cher der Rolle stecken. Beachten Sie bei der Montage der B\u00fcrsten die Richtung der Klammern, da eine B\u00fcrste \u00fcber der anderen befestigt wird.<\/p><p style=\"font-weight: 400;\">Nach der Installation stecken Sie den kleinen Plastikst\u00f6psel wieder in das daf\u00fcr vorgesehene Loch.<\/p><p style=\"font-weight: 400;\">\u00a0<\/p><p style=\"font-weight: 400;\">\u00a0<\/p><h1><strong>Wenden Sie sich an Ihren H\u00e4ndler oder den Kundendienst<\/strong><\/h1><p style=\"font-weight: 400;\"><strong>Wenn Sie Schwierigkeiten beim Auswechseln der Antriebsriemen haben, k\u00f6nnen Sie sich an Ihren H\u00e4ndler oder den Kundendienst wenden.<\/strong><\/p><p>Kontaktinformationen des 8STREME-Kundendienstes :<\/p><p>Kundendienst 8STREME<\/p><p>6 RUE DES FRRESRES MICHELIN<\/p><p>10600 LA CHAPELLE SAINT LUC<\/p><p>FRANKREICH<\/p><p>03 10 64 60 26<\/p><p><a href=\"mailto:service@8streme.eu\">service@8streme.eu<\/a><\/p>\t\t\t\t\t\t\t\t<\/div>\n\t\t\t\t<\/div>\n\t\t\t\t\t<\/div>\n\t\t<\/div>\n\t\t\t\t\t<\/div>\n\t\t<\/section>\n\t\t\t\t<\/div>","protected":false},"excerpt":{"rendered":"<p>Wenn die PVC-B\u00fcrsten abgenutzt oder kaputt sind, m\u00fcssen sie schnell ausgetauscht werden, damit dies nicht die Funktionsweise des POOLROBOTERS 8STREME 7310, 8STREME 7320 beeintr\u00e4chtigt und nicht zu einem schnelleren Verschlei\u00df des POOLROBOTERS f\u00fchrt. Die zu verwendenden Werkzeuge \u2026 <a href=\"https:\/\/8streme.eu\/de\/comment-remplacer-les-brosses-pvc-du-robot-piscine-8streme-7310-8streme-7320\/\">Read More<\/a><\/p>","protected":false},"author":5,"featured_media":0,"parent":0,"menu_order":0,"comment_status":"closed","ping_status":"closed","template":"","meta":{"_metasync_otto_title":"","_metasync_otto_description":"","_metasync_otto_keywords":"","_metasync_otto_og_title":"","_metasync_otto_og_description":"","_metasync_otto_twitter_title":"","_metasync_otto_twitter_description":"","rank_math_title":"","rank_math_description":"","_yoast_wpseo_title":"","_yoast_wpseo_metadesc":"","_aioseo_title":"","_aioseo_description":"","_metasync_seo_title":"","_metasync_seo_desc":"","_metasync_breadcrumb_title":"","_metasync_primary_category":0,"_metasync_primary_product_cat":0,"_metasync_otto_disabled":"","_metasync_hreflang":"","_metasync_plugin_sync_ts":"","_metasync_robots_advanced":"","footnotes":""},"class_list":["post-29258","page","type-page","status-publish","hentry","_wholesalex wsx-wholesalex-product"],"_links":{"self":[{"href":"https:\/\/8streme.eu\/de\/wp-json\/wp\/v2\/pages\/29258","targetHints":{"allow":["GET"]}}],"collection":[{"href":"https:\/\/8streme.eu\/de\/wp-json\/wp\/v2\/pages"}],"about":[{"href":"https:\/\/8streme.eu\/de\/wp-json\/wp\/v2\/types\/page"}],"author":[{"embeddable":true,"href":"https:\/\/8streme.eu\/de\/wp-json\/wp\/v2\/users\/5"}],"replies":[{"embeddable":true,"href":"https:\/\/8streme.eu\/de\/wp-json\/wp\/v2\/comments?post=29258"}],"version-history":[{"count":4,"href":"https:\/\/8streme.eu\/de\/wp-json\/wp\/v2\/pages\/29258\/revisions"}],"predecessor-version":[{"id":29264,"href":"https:\/\/8streme.eu\/de\/wp-json\/wp\/v2\/pages\/29258\/revisions\/29264"}],"wp:attachment":[{"href":"https:\/\/8streme.eu\/de\/wp-json\/wp\/v2\/media?parent=29258"}],"curies":[{"name":"wp","href":"https:\/\/api.w.org\/{rel}","templated":true}]}}