{"id":29251,"date":"2024-01-02T16:05:36","date_gmt":"2024-01-02T15:05:36","guid":{"rendered":"https:\/\/8streme.eu\/?page_id=29251"},"modified":"2024-01-02T16:06:10","modified_gmt":"2024-01-02T15:06:10","slug":"wie-man-die-dichtungsmutter-des-poolroboters-austauscht-8streme-5210-j200-5212-5220-luna-10-5222-5310-7310-7320","status":"publish","type":"page","link":"https:\/\/8streme.eu\/de\/comment-remplacer-le-lecrou-detancheite-du-robot-piscine-8streme-5210-j200-5212-5220-luna-10-5222-5310-7310-7320\/","title":{"rendered":"Wie tausche ich die Dichtungsmutter des 8STREME SCHWIMMBADROBOTERS 5210-J200, 5212, 5220-LUNA 10, 5222, 5310, 7310, 7320 aus?"},"content":{"rendered":"<div data-elementor-type=\"wp-page\" data-elementor-id=\"29251\" class=\"elementor elementor-29251\" data-elementor-post-type=\"page\">\n\t\t\t\t\t\t<section class=\"elementor-section elementor-top-section elementor-element elementor-element-dbb6db6 elementor-section-boxed elementor-section-height-default elementor-section-height-default\" data-id=\"dbb6db6\" data-element_type=\"section\" data-e-type=\"section\">\n\t\t\t\t\t\t<div class=\"elementor-container elementor-column-gap-default\">\n\t\t\t\t\t<div class=\"elementor-column elementor-col-100 elementor-top-column elementor-element elementor-element-3c44632\" data-id=\"3c44632\" data-element_type=\"column\" data-e-type=\"column\">\n\t\t\t<div class=\"elementor-widget-wrap elementor-element-populated\">\n\t\t\t\t\t\t<div class=\"elementor-element elementor-element-cee434f elementor-widget elementor-widget-text-editor\" data-id=\"cee434f\" data-element_type=\"widget\" data-e-type=\"widget\" data-widget_type=\"text-editor.default\">\n\t\t\t\t<div class=\"elementor-widget-container\">\n\t\t\t\t\t\t\t\t\t<p>Wenn die Dichtungsmutter gebrochen ist, muss sie schnell ausgetauscht werden, damit sie nicht die Funktion des SCHWIMMBADROBOTERS 8STREME 5210-J200, 8STREME 5212, 8STREME 5220-LUNA 10, 8STREME 5222, 8STREME 5310, 8STREME 7310, 8STREME 7320 und f\u00fchrt nicht zu einem schnelleren Verschlei\u00df des ROBOT PISCINE 8STREME 5210-J200, 8STREME 5212, 8STREME 5220-LUNA 10, 8STREME 5222, 8STREME 5310, 8STREME 7310, 8STREME 7320.<\/p><p>\u00a0<\/p><h1>Die zu verwendenden Werkzeuge<\/h1><p>F\u00fcr den Austausch des Schnellablassventils ben\u00f6tigst du :<\/p><p>- Ein Kreuzschlitzschraubendreher<\/p><p>\u00a0<\/p><h1>Die Ersatzteile<\/h1><p>Anbei finden Sie den Link zum Kauf der Dichtmutter :\u00a0<a href=\"https:\/\/8streme.eu\/de\/produkt\/ersatzmutter-2-stuck-fur-roboterkabel\/\">https:\/\/8streme.eu\/produit\/ecrou-de-remplacement-2-pieces-pour-cable-robot\/<\/a><\/p><p>\u00a0<\/p><h1>Das Ersetzungsverfahren<\/h1><p>Wir empfehlen Ihnen, das Tutorial-Video zum Austausch der Dichtmutter zu verfolgen.<\/p><p>Link zum Austausch der Dichtungsmutter des SCHWIMMBADROBOTERS 8STREME 5210-J200, 8STREME 5212, 8STREME 5220-LUNA 10, 8STREME 5222, 8STREME 5310, 8STREME 7310, 8STREME 7320 :<\/p><p><a href=\"https:\/\/www.youtube.com\/watch?v=Qg9ONZi5Hz8&amp;list=PLWoiTHw_wDWv8tDa7QGiQrazACbyhJHXd&amp;index=13\">https:\/\/www.youtube.com\/watch?v=Qg9ONZi5Hz8&amp;list=PLWoiTHw_wDWv8tDa7QGiQrazACbyhJHXd&amp;index=13<\/a><\/p><p>\u00a0<\/p><p>Der erste Schritt besteht darin, Ihren SCHWIMMBADROBOTER 8STREME 5210-J200, 8STREME 5212, 8STREME 5220-LUNA 10, 8STREME 5222, 8STREME 5310, 8STREME 7310, 8STREME 7320 vom Stromnetz zu trennen, bevor Sie irgendwelche Austauscharbeiten durchf\u00fchren.<\/p><p>\u00a0<\/p><p>Um die Dichtmutter zu entfernen, m\u00fcssen Sie nur den Kunststoff aufbrechen, sodass er in zwei Teile zerf\u00e4llt.<\/p><p>\u00a0<\/p><p>Um die neue Dichtmutter zu montieren, f\u00fcge den m\u00e4nnlichen und weiblichen Teil zusammen, indem du das Schwimmkabel zwischen die beiden Teile legst. Drehen Sie dann die sechs Schrauben mit einem Kreuzschlitzschraubendreher ein. Die beiden kleinsten Schrauben werden oben auf die Dichtmutter geschraubt, die anderen vier Schrauben werden in der Mitte und unten auf die Mutter geschraubt.\u00a0<\/p><p>\u00a0<\/p><p>\u00a0<\/p><h1>Wenden Sie sich an Ihren H\u00e4ndler oder den Kundendienst<\/h1><p>Wenn Sie Schwierigkeiten haben, die Mutter zu ersetzen, k\u00f6nnen Sie sich an Ihren H\u00e4ndler oder den Kundendienst wenden.<\/p><p>Kontaktinformationen des 8STREME-Kundendienstes :<\/p><p>Kundendienst 8STREME<\/p><p>6 RUE DES FRRESRES MICHELIN<\/p><p>10600 LA CHAPELLE SAINT LUC<\/p><p>FRANKREICH<\/p><p>03 10 64 60 26<\/p><p><a href=\"mailto:service@8streme.eu\">service@8streme.eu<\/a><\/p>\t\t\t\t\t\t\t\t<\/div>\n\t\t\t\t<\/div>\n\t\t\t\t\t<\/div>\n\t\t<\/div>\n\t\t\t\t\t<\/div>\n\t\t<\/section>\n\t\t\t\t<\/div>","protected":false},"excerpt":{"rendered":"<p>Wenn die Dichtungsmutter gebrochen ist, muss sie schnell ausgetauscht werden, damit sie nicht die Funktion des POOLROBOTS 8STREME 5210-J200, 8STREME 5212, 8STREME 5220-LUNA 10, 8STREME 5222, 8STREME 5310, 8STREME 7310, 8STREME 7320 beeintr\u00e4chtigt und nicht zu einem schnelleren Verschlei\u00df f\u00fchrt. <a href=\"https:\/\/8streme.eu\/de\/comment-remplacer-le-lecrou-detancheite-du-robot-piscine-8streme-5210-j200-5212-5220-luna-10-5222-5310-7310-7320\/\">Read More<\/a><\/p>","protected":false},"author":5,"featured_media":0,"parent":0,"menu_order":0,"comment_status":"closed","ping_status":"closed","template":"","meta":{"_metasync_otto_title":"","_metasync_otto_description":"","_metasync_otto_keywords":"","_metasync_otto_og_title":"","_metasync_otto_og_description":"","_metasync_otto_twitter_title":"","_metasync_otto_twitter_description":"","rank_math_title":"","rank_math_description":"","_yoast_wpseo_title":"","_yoast_wpseo_metadesc":"","_aioseo_title":"","_aioseo_description":"","_metasync_seo_title":"","_metasync_seo_desc":"","_metasync_breadcrumb_title":"","_metasync_primary_category":0,"_metasync_primary_product_cat":0,"_metasync_otto_disabled":"","_metasync_hreflang":"","_metasync_plugin_sync_ts":"","_metasync_robots_advanced":"","footnotes":""},"class_list":["post-29251","page","type-page","status-publish","hentry","_wholesalex wsx-wholesalex-product"],"_links":{"self":[{"href":"https:\/\/8streme.eu\/de\/wp-json\/wp\/v2\/pages\/29251","targetHints":{"allow":["GET"]}}],"collection":[{"href":"https:\/\/8streme.eu\/de\/wp-json\/wp\/v2\/pages"}],"about":[{"href":"https:\/\/8streme.eu\/de\/wp-json\/wp\/v2\/types\/page"}],"author":[{"embeddable":true,"href":"https:\/\/8streme.eu\/de\/wp-json\/wp\/v2\/users\/5"}],"replies":[{"embeddable":true,"href":"https:\/\/8streme.eu\/de\/wp-json\/wp\/v2\/comments?post=29251"}],"version-history":[{"count":4,"href":"https:\/\/8streme.eu\/de\/wp-json\/wp\/v2\/pages\/29251\/revisions"}],"predecessor-version":[{"id":29257,"href":"https:\/\/8streme.eu\/de\/wp-json\/wp\/v2\/pages\/29251\/revisions\/29257"}],"wp:attachment":[{"href":"https:\/\/8streme.eu\/de\/wp-json\/wp\/v2\/media?parent=29251"}],"curies":[{"name":"wp","href":"https:\/\/api.w.org\/{rel}","templated":true}]}}