{"id":29244,"date":"2024-01-02T16:03:18","date_gmt":"2024-01-02T15:03:18","guid":{"rendered":"https:\/\/8streme.eu\/?page_id=29244"},"modified":"2024-01-02T16:04:25","modified_gmt":"2024-01-02T15:04:25","slug":"wie-man-die-abdeckung-des-poolroboters-8streme-7310-8streme-7320-austauscht","status":"publish","type":"page","link":"https:\/\/8streme.eu\/de\/comment-remplacer-le-couvercle-du-robot-piscine-8streme-7310-8streme-7320\/","title":{"rendered":"Wie tausche ich die Abdeckung des 8STREME 7310, 8STREME 7320 SCHWIMMBADROBOTERS aus?"},"content":{"rendered":"<div data-elementor-type=\"wp-page\" data-elementor-id=\"29244\" class=\"elementor elementor-29244\" data-elementor-post-type=\"page\">\n\t\t\t\t\t\t<section class=\"elementor-section elementor-top-section elementor-element elementor-element-e1a7524 elementor-section-boxed elementor-section-height-default elementor-section-height-default\" data-id=\"e1a7524\" data-element_type=\"section\" data-e-type=\"section\">\n\t\t\t\t\t\t<div class=\"elementor-container elementor-column-gap-default\">\n\t\t\t\t\t<div class=\"elementor-column elementor-col-100 elementor-top-column elementor-element elementor-element-b5bb566\" data-id=\"b5bb566\" data-element_type=\"column\" data-e-type=\"column\">\n\t\t\t<div class=\"elementor-widget-wrap elementor-element-populated\">\n\t\t\t\t\t\t<div class=\"elementor-element elementor-element-179e30a elementor-widget elementor-widget-text-editor\" data-id=\"179e30a\" data-element_type=\"widget\" data-e-type=\"widget\" data-widget_type=\"text-editor.default\">\n\t\t\t\t<div class=\"elementor-widget-container\">\n\t\t\t\t\t\t\t\t\t<p>Wenn die Abdeckung kaputt oder rissig ist, muss sie schnell ausgetauscht werden, damit sie nicht die Funktion des ROBOT PISCINE 8STREME 7310, 8STREME 7320 beeintr\u00e4chtigt und zu einem schnelleren Verschlei\u00df des ROBOT PISCINE 8STREME 7310, 8STREME 7320 f\u00fchrt.<\/p><p>\u00a0<\/p><h1>Die zu verwendenden Werkzeuge<\/h1><p>F\u00fcr den Austausch des Deckels ben\u00f6tigen Sie :<\/p><ul><li>Ein Kreuzschlitzschraubendreher<\/li><\/ul><p>\u00a0<\/p><h1>Die Ersatzteile<\/h1><p>Anbei finden Sie den Link zum Kauf des Deckels : \u00a0<a href=\"https:\/\/8streme.eu\/de\/produkt\/oberer-deckel-raucht-71020\/\">https:\/\/8streme.eu\/produit\/couvercle-superieur-fume-71020\/<\/a><\/p><p>\u00a0<\/p><h1>Das Ersetzungsverfahren<\/h1><p>Wir empfehlen Ihnen, das Tutorial-Video zum Auswechseln des Deckels zu verfolgen.<\/p><p>Link zum Auswechseln der Abdeckung des ROBOT PISCINE 8STREME 7310, 8STREME 7320 : <a href=\"https:\/\/www.youtube.com\/watch?v=gTqU9o5udOU&amp;list=PLWoiTHw_wDWv8tDa7QGiQrazACbyhJHXd&amp;index=12\">https:\/\/www.youtube.com\/watch?v=gTqU9o5udOU&amp;list=PLWoiTHw_wDWv8tDa7QGiQrazACbyhJHXd&amp;index=12<\/a><\/p><p>\u00a0<\/p><p>Der erste Schritt besteht darin, Ihren 8STREME 7310, 8STREME 7320 SCHWIMMBADROBOTER vom Stromnetz zu trennen, bevor Sie irgendwelche Austausche vornehmen.<\/p><p>\u00a0<\/p><p>Um den Deckel zu entfernen, entfernen Sie die beiden Schraubenabdeckungen auf beiden Seiten des Deckels und schrauben Sie dann mit den Kreuzschlitzschraubendrehern jeweils die beiden Halterungen ab. Bewahren Sie die Teile gut auf.<\/p><p>Wenn sie abgeschraubt sind, entfernen Sie den Deckel, indem Sie ihn anheben.<\/p><p>\u00a0<\/p><p>Um den neuen Deckel zu montieren, setzen Sie den neuen Deckel wieder auf und bringen Sie die Halterungen am Deckel an. Schrauben Sie sie mit dem Kreuzschlitzschraubendreher fest und setzen Sie die Schraubenabdeckungen wieder auf.<\/p><p>\u00a0<\/p><p>\u00a0<\/p><h1><strong>Wenden Sie sich an Ihren H\u00e4ndler oder den Kundendienst<\/strong><\/h1><p><strong>Wenn Sie Schwierigkeiten beim Auswechseln der Antriebsriemen haben, k\u00f6nnen Sie sich an Ihren H\u00e4ndler oder den Kundendienst wenden. <\/strong><\/p><p>Kontaktinformationen des 8STREME-Kundendienstes :<\/p><p>Kundendienst 8STREME<\/p><p>6 RUE DES FRRESRES MICHELIN<\/p><p>10600 LA CHAPELLE SAINT LUC<\/p><p>FRANKREICH<\/p><p>03 10 64 60 26<\/p><p><a href=\"mailto:service@8streme.eu\">service@8streme.eu<\/a><\/p>\t\t\t\t\t\t\t\t<\/div>\n\t\t\t\t<\/div>\n\t\t\t\t\t<\/div>\n\t\t<\/div>\n\t\t\t\t\t<\/div>\n\t\t<\/section>\n\t\t\t\t<\/div>","protected":false},"excerpt":{"rendered":"<p>Wenn der Deckel gebrochen oder gerissen ist, muss er umgehend ausgetauscht werden, damit die Funktionsweise des POOLROBOTS 8STREME 7310, 8STREME 7320 nicht beeintr\u00e4chtigt wird und kein vorzeitiger Verschlei\u00df des POOLROBOTS 8STREME 7310, 8STREME 7320 entsteht. \u2026 <a href=\"https:\/\/8streme.eu\/de\/comment-remplacer-le-couvercle-du-robot-piscine-8streme-7310-8streme-7320\/\">Read More<\/a><\/p>","protected":false},"author":5,"featured_media":0,"parent":0,"menu_order":0,"comment_status":"closed","ping_status":"closed","template":"","meta":{"_metasync_otto_title":"Remplacer le couvercle du Robot Piscine 8streme - Guide","_metasync_otto_description":"D\u00e9couvrez comment remplacer le couvercle du Robot Piscine 8STREME 7310, 8STREME 7320. Suivez notre vid\u00e9o tutoriel pour un remplacement facile et efficace.","_metasync_otto_keywords":"","_metasync_otto_og_title":"","_metasync_otto_og_description":"","_metasync_otto_twitter_title":"","_metasync_otto_twitter_description":"","rank_math_title":"","rank_math_description":"","_yoast_wpseo_title":"","_yoast_wpseo_metadesc":"","_aioseo_title":"","_aioseo_description":"","_metasync_seo_title":"","_metasync_seo_desc":"","_metasync_breadcrumb_title":"","_metasync_primary_category":0,"_metasync_primary_product_cat":0,"_metasync_otto_disabled":"","_metasync_hreflang":"","_metasync_plugin_sync_ts":"","_metasync_robots_advanced":"","footnotes":""},"class_list":["post-29244","page","type-page","status-publish","hentry","_wholesalex wsx-wholesalex-product"],"_links":{"self":[{"href":"https:\/\/8streme.eu\/de\/wp-json\/wp\/v2\/pages\/29244","targetHints":{"allow":["GET"]}}],"collection":[{"href":"https:\/\/8streme.eu\/de\/wp-json\/wp\/v2\/pages"}],"about":[{"href":"https:\/\/8streme.eu\/de\/wp-json\/wp\/v2\/types\/page"}],"author":[{"embeddable":true,"href":"https:\/\/8streme.eu\/de\/wp-json\/wp\/v2\/users\/5"}],"replies":[{"embeddable":true,"href":"https:\/\/8streme.eu\/de\/wp-json\/wp\/v2\/comments?post=29244"}],"version-history":[{"count":4,"href":"https:\/\/8streme.eu\/de\/wp-json\/wp\/v2\/pages\/29244\/revisions"}],"predecessor-version":[{"id":29250,"href":"https:\/\/8streme.eu\/de\/wp-json\/wp\/v2\/pages\/29244\/revisions\/29250"}],"wp:attachment":[{"href":"https:\/\/8streme.eu\/de\/wp-json\/wp\/v2\/media?parent=29244"}],"curies":[{"name":"wp","href":"https:\/\/api.w.org\/{rel}","templated":true}]}}