{"id":29230,"date":"2024-01-02T15:58:16","date_gmt":"2024-01-02T14:58:16","guid":{"rendered":"https:\/\/8streme.eu\/?page_id=29230"},"modified":"2024-01-02T15:59:02","modified_gmt":"2024-01-02T14:59:02","slug":"wie-man-den-motorblock-des-poolroboters-8streme-7310-8streme-7320-austauscht","status":"publish","type":"page","link":"https:\/\/8streme.eu\/de\/comment-remplacer-le-bloc-moteur-du-robot-piscine-8streme-7310-8streme-7320\/","title":{"rendered":"Wie tausche ich den Motorblock des ROBOT PISCINE 8STREME 7310, 8STREME 7320 aus?"},"content":{"rendered":"<div data-elementor-type=\"wp-page\" data-elementor-id=\"29230\" class=\"elementor elementor-29230\" data-elementor-post-type=\"page\">\n\t\t\t\t\t\t<section class=\"elementor-section elementor-top-section elementor-element elementor-element-e1f25f5 elementor-section-boxed elementor-section-height-default elementor-section-height-default\" data-id=\"e1f25f5\" data-element_type=\"section\" data-e-type=\"section\">\n\t\t\t\t\t\t<div class=\"elementor-container elementor-column-gap-default\">\n\t\t\t\t\t<div class=\"elementor-column elementor-col-100 elementor-top-column elementor-element elementor-element-822c59c\" data-id=\"822c59c\" data-element_type=\"column\" data-e-type=\"column\">\n\t\t\t<div class=\"elementor-widget-wrap elementor-element-populated\">\n\t\t\t\t\t\t<div class=\"elementor-element elementor-element-7df123a elementor-widget elementor-widget-text-editor\" data-id=\"7df123a\" data-element_type=\"widget\" data-e-type=\"widget\" data-widget_type=\"text-editor.default\">\n\t\t\t\t<div class=\"elementor-widget-container\">\n\t\t\t\t\t\t\t\t\t<p>Wenn der Motorblock abgenutzt oder defekt ist, muss er schnell ausgetauscht werden, damit dies nicht die Funktion des ROBOT PISCINE 8STREME 7310, 8STREME 7320 beeintr\u00e4chtigt und zu einem schnelleren Verschlei\u00df des ROBOT PISCINE 8STREME 7310, 8STREME 7320 f\u00fchrt.<\/p><p>\u00a0<\/p><h1>Die zu verwendenden Werkzeuge<\/h1><p>F\u00fcr den Austausch der Rolle ben\u00f6tigen Sie :<\/p><ul><li>Ein Inbusschl\u00fcssel<\/li><li>Ein Kreuzschlitzschraubendreher<\/li><li>Ein flacher Schraubendreher<\/li><li>Ein Motorschl\u00fcssel<\/li><\/ul><p>\u00a0<\/p><h1>Die Ersatzteile<\/h1><p>Anbei finden Sie den Link zum Kauf des Motorblocks : <a href=\"https:\/\/8streme.eu\/de\/produkt\/motorblock-der-pumpe-71050\/\">https:\/\/8streme.eu\/produit\/bloc-moteur-de-la-pompe-71050\/<\/a><\/p><p>\u00a0<\/p><p>Der Motorschl\u00fcssel wird in das Paket eingelegt.<\/p><h1>Das Ersetzungsverfahren<\/h1><p>Wir empfehlen Ihnen, das Tutorial-Video zum Austausch des Motorblocks zu verfolgen.<\/p><p>\u00a0<\/p><p>Link zur Demontage des Motors des ROBOT PISCINE 8STREME 7310, 8STREME 7320 : <a href=\"https:\/\/www.youtube.com\/watch?v=-q-rfdu2Wy8&amp;list=PLWoiTHw_wDWv8tDa7QGiQrazACbyhJHXd&amp;index=3\">https:\/\/www.youtube.com\/watch?v=-q-rfdu2Wy8&amp;list=PLWoiTHw_wDWv8tDa7QGiQrazACbyhJHXd&amp;index=3<\/a><\/p><p>\u00a0<\/p><p>Link zur Montage des Motors des ROBOT PISCINE 8STREME 7310, 8STREME 7320 :<\/p><p><a href=\"https:\/\/www.youtube.com\/watch?v=ItmaF-YrXz4&amp;list=PLWoiTHw_wDWv8tDa7QGiQrazACbyhJHXd&amp;index=4\">https:\/\/www.youtube.com\/watch?v=ItmaF-YrXz4&amp;list=PLWoiTHw_wDWv8tDa7QGiQrazACbyhJHXd&amp;index=4<\/a> \u00a0<\/p><p>\u00a0<\/p><p>Der erste Schritt besteht darin, Ihren 8STREME 7310, 8STREME 7320 SCHWIMMBADROBOTER vom Stromnetz zu trennen, bevor Sie irgendwelche Austausche vornehmen.<\/p><p>\u00a0<\/p><p>\u00d6ffnen Sie die Abdeckung Ihres Roboter und entnehmen Sie den Filterkorb, indem Sie an den Griffen des Korbs ziehen.<\/p><p>Um den Motor zu zerlegen, m\u00fcssen Sie nur die vier Inbusschrauben mit einem Inbusschl\u00fcssel, der sich in den Ecken im Inneren des Roboters befindet, herausdrehen. Drehen Sie den Roboter um und l\u00f6sen Sie die beiden kleinen Schrauben der beiden \u00e4u\u00dferen Rollen und nehmen Sie die beiden Rollen ab.<\/p><p>Entfernen Sie dann die vier Schrauben, mit denen die Roboterbasis befestigt ist, und heben Sie sie an, indem Sie an beiden Seiten ziehen.<\/p><p>Wenn Sie den Sockel entfernt haben, l\u00f6sen Sie die drei Schrauben, mit denen der Motorblock befestigt ist.<\/p><p>Stellen Sie den Roboter wieder aufrecht hin und l\u00f6sen Sie das Motorgitter an der Oberseite mit einem Schlitzschraubendreher.<\/p><p>\u00d6ffnen Sie den Deckel und ziehen Sie den Motorblock heraus, indem Sie ihn anheben und nach au\u00dfen kippen.<\/p><p>L\u00f6sen Sie die schwarze Mutter am Motorblock mit dem Motorschl\u00fcssel und entfernen Sie dann das Schwimmkabel vom Motorblock.<\/p><p>\u00a0<\/p><p>Bewahren Sie alle M\u00fcnzen gut auf.\u00a0<\/p><p>\u00a0<\/p><p>Um den neuen Motor zu montieren, stecken Sie das Schwimmkabel in den neuen Motorblock und schrauben Sie die schwarze Mutter mit dem Motorschl\u00fcssel auf den Motor.<\/p><p>Setzen Sie den Motorblock wieder in den Roboter ein und drehen Sie den Roboter um.<\/p><p>Schrauben Sie die drei Schrauben, mit denen der Motorblock befestigt ist, wieder fest.<\/p><p>Setzen Sie den Sockel wieder richtig herum auf die Roboterschale. Schrauben Sie die vier Schrauben wieder fest, mit denen der Sockel an der Roboterschale befestigt ist. Setzen Sie die beiden Rollen mit ihren Kunststoffhalterungen wieder ein und schrauben Sie die beiden kleinen Schrauben fest.<\/p><p>Stellen Sie den Roboter wieder richtig herum auf und schrauben Sie die vier Inbusschrauben im Inneren des Roboters wieder fest.<\/p><p>Setzen Sie das Motorgitter wieder ein und achten Sie darauf, dass die schwarze Dichtung des Kabels wieder an der vorgesehenen Stelle auf dem Gitter sitzt.<\/p><p>\u00a0<\/p><h1><strong>Wenden Sie sich an Ihren H\u00e4ndler oder den Kundendienst<\/strong><\/h1><p><strong>Wenn Sie Schwierigkeiten beim Auswechseln der Antriebsriemen haben, k\u00f6nnen Sie sich an Ihren H\u00e4ndler oder den Kundendienst wenden. <\/strong><\/p><p>Kontaktinformationen des 8STREME-Kundendienstes :<\/p><p>Kundendienst 8STREME<\/p><p>6 RUE DES FRRESRES MICHELIN<\/p><p>10600 LA CHAPELLE SAINT LUC<\/p><p>FRANKREICH<\/p><p>03 10 64 60 26<\/p><p><a href=\"mailto:service@8streme.eu\">service@8streme.eu<\/a><\/p>\t\t\t\t\t\t\t\t<\/div>\n\t\t\t\t<\/div>\n\t\t\t\t\t<\/div>\n\t\t<\/div>\n\t\t\t\t\t<\/div>\n\t\t<\/section>\n\t\t\t\t<\/div>","protected":false},"excerpt":{"rendered":"<p>Wenn der Motorblock abgenutzt oder defekt ist, muss er schnell ausgetauscht werden, damit dies nicht die Funktion des ROBOT PISCINE 8STREME 7310, 8STREME 7320 beeintr\u00e4chtigt und zu einem schnelleren Verschlei\u00df des ROBOT PISCINE 8STREME 7310, ... <a href=\"https:\/\/8streme.eu\/de\/comment-remplacer-le-bloc-moteur-du-robot-piscine-8streme-7310-8streme-7320\/\">Read More<\/a><\/p>","protected":false},"author":5,"featured_media":0,"parent":0,"menu_order":0,"comment_status":"closed","ping_status":"closed","template":"","meta":{"_metasync_otto_title":"Changement rapide bloc moteur Robot Piscine 8streme","_metasync_otto_description":"Remplacez rapidement le bloc moteur du Robot Piscine 8Streme 7310, 8Streme 7320 avec nos conseils. D\u00e9montage et montage faciles gr\u00e2ce \u00e0 nos vid\u00e9os tutoriels.","_metasync_otto_keywords":"","_metasync_otto_og_title":"","_metasync_otto_og_description":"","_metasync_otto_twitter_title":"","_metasync_otto_twitter_description":"","rank_math_title":"","rank_math_description":"","_yoast_wpseo_title":"","_yoast_wpseo_metadesc":"","_aioseo_title":"","_aioseo_description":"","_metasync_seo_title":"","_metasync_seo_desc":"","_metasync_breadcrumb_title":"","_metasync_primary_category":0,"_metasync_primary_product_cat":0,"_metasync_otto_disabled":"","_metasync_hreflang":"","_metasync_plugin_sync_ts":"","_metasync_robots_advanced":"","footnotes":""},"class_list":["post-29230","page","type-page","status-publish","hentry","_wholesalex wsx-wholesalex-product"],"_links":{"self":[{"href":"https:\/\/8streme.eu\/de\/wp-json\/wp\/v2\/pages\/29230","targetHints":{"allow":["GET"]}}],"collection":[{"href":"https:\/\/8streme.eu\/de\/wp-json\/wp\/v2\/pages"}],"about":[{"href":"https:\/\/8streme.eu\/de\/wp-json\/wp\/v2\/types\/page"}],"author":[{"embeddable":true,"href":"https:\/\/8streme.eu\/de\/wp-json\/wp\/v2\/users\/5"}],"replies":[{"embeddable":true,"href":"https:\/\/8streme.eu\/de\/wp-json\/wp\/v2\/comments?post=29230"}],"version-history":[{"count":4,"href":"https:\/\/8streme.eu\/de\/wp-json\/wp\/v2\/pages\/29230\/revisions"}],"predecessor-version":[{"id":29236,"href":"https:\/\/8streme.eu\/de\/wp-json\/wp\/v2\/pages\/29230\/revisions\/29236"}],"wp:attachment":[{"href":"https:\/\/8streme.eu\/de\/wp-json\/wp\/v2\/media?parent=29230"}],"curies":[{"name":"wp","href":"https:\/\/api.w.org\/{rel}","templated":true}]}}