{"id":29223,"date":"2024-01-02T15:55:54","date_gmt":"2024-01-02T14:55:54","guid":{"rendered":"https:\/\/8streme.eu\/?page_id=29223"},"modified":"2024-01-02T15:56:09","modified_gmt":"2024-01-02T14:56:09","slug":"wie-man-den-motorblock-des-poolroboters-8streme-5310-austauscht","status":"publish","type":"page","link":"https:\/\/8streme.eu\/de\/comment-remplacer-le-bloc-moteur-du-robot-piscine-8streme-5310\/","title":{"rendered":"Wie tausche ich den Motorblock des ROBOT PISCINE 8STREME 5310 aus?"},"content":{"rendered":"<div data-elementor-type=\"wp-page\" data-elementor-id=\"29223\" class=\"elementor elementor-29223\" data-elementor-post-type=\"page\">\n\t\t\t\t\t\t<section class=\"elementor-section elementor-top-section elementor-element elementor-element-4c131252 elementor-section-boxed elementor-section-height-default elementor-section-height-default\" data-id=\"4c131252\" data-element_type=\"section\" data-e-type=\"section\">\n\t\t\t\t\t\t<div class=\"elementor-container elementor-column-gap-default\">\n\t\t\t\t\t<div class=\"elementor-column elementor-col-100 elementor-top-column elementor-element elementor-element-51fd32b0\" data-id=\"51fd32b0\" data-element_type=\"column\" data-e-type=\"column\">\n\t\t\t<div class=\"elementor-widget-wrap elementor-element-populated\">\n\t\t\t\t\t\t<div class=\"elementor-element elementor-element-49759b00 elementor-widget elementor-widget-text-editor\" data-id=\"49759b00\" data-element_type=\"widget\" data-e-type=\"widget\" data-widget_type=\"text-editor.default\">\n\t\t\t\t<div class=\"elementor-widget-container\">\n\t\t\t\t\t\t\t\t\t\n<p>Wenn der Motorblock abgenutzt oder defekt ist, muss er schnell ausgetauscht werden, damit dies nicht die Funktion des 8STREME 5310 SCHWIMMBADROBOTERS beeintr\u00e4chtigt und zu einem schnelleren Verschlei\u00df des 8STREME 5310 SCHWIMMBADROBOTERS f\u00fchrt.<\/p>\n\n\n\n<h1 class=\"wp-block-heading\">Die zu verwendenden Werkzeuge<\/h1>\n\n\n\n<p>F\u00fcr den Austausch der Rolle ben\u00f6tigen Sie :<\/p>\n\n\n\n<ul class=\"wp-block-list\">\n<li>Ein Kreuzschlitzschraubendreher<\/li>\n\n\n\n<li>Ein Motorschl\u00fcssel<\/li>\n<\/ul>\n\n\n\n<h1 class=\"wp-block-heading\">Die Ersatzteile<\/h1>\n\n\n\n<p>Anbei finden Sie den Link zum Kauf des Motorblocks f\u00fcr den ROBOT PISCINE 8STREME 5310 : <a href=\"https:\/\/8streme.eu\/de\/produkt\/pumpenmotor-51400\/\">https:\/\/8streme.eu\/produit\/moteur-de-pompe-51400\/<\/a><\/p>\n\n\n\n<p>Der Motorschl\u00fcssel wird in das Paket eingelegt.<\/p>\n\n\n\n<h1 class=\"wp-block-heading\">Das Ersetzungsverfahren<\/h1>\n\n\n\n<p>Der erste Schritt besteht darin, Ihren ROBOT PISCINE 8STREME 5310 vom Stromnetz zu trennen, bevor Sie irgendwelche Ersatzteile austauschen.<\/p>\n\n\n\n<p>Um den Motor zu zerlegen, \u00f6ffnen Sie den Roboter durch Dr\u00fccken des Druckknopfes an der Vorderseite des Roboters und heben Sie dann den Deckel an, bis Sie ein \"Klick\" an den Scharnieren h\u00f6ren, um den Deckel in der oberen Position zu arretieren.<\/p>\n\n\n\n<p>Entfernen Sie dann die vier Schrauben oben im Inneren des Roboters, die die obere Halterung des Pumpenmotors halten, und nehmen Sie alles heraus.<\/p>\n\n\n\n<p>Entfernen Sie dann die Pumpenauslassklappen auf beiden Seiten, indem Sie die drei kleinen Schrauben l\u00f6sen.<\/p>\n\n\n\n<p>L\u00f6sen Sie dann die beiden Schrauben, mit denen der Motor an der Halterung befestigt ist, und nehmen Sie den Motor heraus.<\/p>\n\n\n\n<p>L\u00f6sen Sie die schwarze Mutter des Motors mit dem Motorschl\u00fcssel und entfernen Sie das Schwimmkabel.<\/p>\n\n\n\n<p>Bewahren Sie alle M\u00fcnzen gut auf.&nbsp;<\/p>\n\n\n\n<p>Um den neuen Motor zu montieren, stecken Sie das Schwimmkabel in den neuen Motorblock und schrauben Sie die schwarze Mutter mit dem Motorschl\u00fcssel auf den Motor.<\/p>\n\n\n\n<p>Setzen Sie den Motorblock wieder in die obere Halterung ein und schrauben Sie die beiden Schrauben, die den Motorblock halten, wieder fest.<\/p>\n\n\n\n<p>Bringen Sie die Pumpenauslassventile wieder an, indem Sie die drei kleinen Schrauben wieder eindrehen.<\/p>\n\n\n\n<p>Setzen Sie die obere Halterung wieder auf den Roboter und schrauben Sie sie mit den vier Schrauben auf der Innenseite fest.<\/p>\n\n\n\n<h1 class=\"wp-block-heading\"><strong>Wenden Sie sich an Ihren H\u00e4ndler oder den Kundendienst<\/strong><\/h1>\n\n\n\n<p><strong>Wenn Sie Schwierigkeiten beim Auswechseln der Antriebsriemen haben, k\u00f6nnen Sie sich an Ihren H\u00e4ndler oder den Kundendienst wenden.<\/strong><\/p>\n\n\n\n<p>Kontaktinformationen des 8STREME-Kundendienstes :<\/p>\n\n\n\n<p>Kundendienst 8STREME<\/p>\n\n\n\n<p>6 RUE DES FRRESRES MICHELIN<\/p>\n\n\n\n<p>10600 LA CHAPELLE SAINT LUC<\/p>\n\n\n\n<p>FRANKREICH<\/p>\n\n\n\n<p>03 10 64 60 26<\/p>\n\n\n\n<p><a href=\"mailto:service@8streme.eu\">service@8streme.eu<\/a><\/p>\n\t\t\t\t\t\t\t\t<\/div>\n\t\t\t\t<\/div>\n\t\t\t\t\t<\/div>\n\t\t<\/div>\n\t\t\t\t\t<\/div>\n\t\t<\/section>\n\t\t\t\t<\/div>","protected":false},"excerpt":{"rendered":"<p>Wenn der Motorblock abgenutzt oder defekt ist, muss er schnell ausgetauscht werden, damit die Funktionsweise des POOLROBOTERS 8STREME 5310 nicht beeintr\u00e4chtigt wird und keine schnellere Abnutzung des POOLROBOTERS 8STREME 5310 verursacht wird. Die Werkzeuge \u2026 <a href=\"https:\/\/8streme.eu\/de\/comment-remplacer-le-bloc-moteur-du-robot-piscine-8streme-5310\/\">Read More<\/a><\/p>","protected":false},"author":5,"featured_media":0,"parent":0,"menu_order":0,"comment_status":"closed","ping_status":"closed","template":"","meta":{"_metasync_otto_title":"","_metasync_otto_description":"","_metasync_otto_keywords":"","_metasync_otto_og_title":"","_metasync_otto_og_description":"","_metasync_otto_twitter_title":"","_metasync_otto_twitter_description":"","rank_math_title":"","rank_math_description":"","_yoast_wpseo_title":"","_yoast_wpseo_metadesc":"","_aioseo_title":"","_aioseo_description":"","_metasync_seo_title":"","_metasync_seo_desc":"","_metasync_breadcrumb_title":"","_metasync_primary_category":0,"_metasync_primary_product_cat":0,"_metasync_otto_disabled":"","_metasync_hreflang":"","_metasync_plugin_sync_ts":"","_metasync_robots_advanced":"","footnotes":""},"class_list":["post-29223","page","type-page","status-publish","hentry","_wholesalex wsx-wholesalex-product"],"_links":{"self":[{"href":"https:\/\/8streme.eu\/de\/wp-json\/wp\/v2\/pages\/29223","targetHints":{"allow":["GET"]}}],"collection":[{"href":"https:\/\/8streme.eu\/de\/wp-json\/wp\/v2\/pages"}],"about":[{"href":"https:\/\/8streme.eu\/de\/wp-json\/wp\/v2\/types\/page"}],"author":[{"embeddable":true,"href":"https:\/\/8streme.eu\/de\/wp-json\/wp\/v2\/users\/5"}],"replies":[{"embeddable":true,"href":"https:\/\/8streme.eu\/de\/wp-json\/wp\/v2\/comments?post=29223"}],"version-history":[{"count":4,"href":"https:\/\/8streme.eu\/de\/wp-json\/wp\/v2\/pages\/29223\/revisions"}],"predecessor-version":[{"id":29229,"href":"https:\/\/8streme.eu\/de\/wp-json\/wp\/v2\/pages\/29223\/revisions\/29229"}],"wp:attachment":[{"href":"https:\/\/8streme.eu\/de\/wp-json\/wp\/v2\/media?parent=29223"}],"curies":[{"name":"wp","href":"https:\/\/api.w.org\/{rel}","templated":true}]}}