{"id":81,"date":"2017-05-31T04:17:56","date_gmt":"2017-05-31T04:17:56","guid":{"rendered":"http:\/\/import.themovation.com\/embark\/river-rafting\/my-account\/"},"modified":"2023-10-18T14:14:53","modified_gmt":"2023-10-18T12:14:53","slug":"muj-ucet","status":"publish","type":"page","link":"https:\/\/8streme.eu\/cs\/my-account\/","title":{"rendered":"M\u016fj \u00fa\u010det"},"content":{"rendered":"<h1>M\u016fj \u00fa\u010det<\/h1>\n<div class=\"woocommerce\"><\/div>","protected":false},"excerpt":{"rendered":"<p>M\u016fj \u00fa\u010det<\/p>","protected":false},"author":3,"featured_media":0,"parent":0,"menu_order":88,"comment_status":"closed","ping_status":"closed","template":"","meta":{"_metasync_otto_title":"","_metasync_otto_description":"Retrouvez votre mot de passe perdu sur notre site pour acc\u00e9der \u00e0 nos robots, accessoires, manuels et services de qualit\u00e9. Commandez en ligne d\u00e8s aujourd","_metasync_otto_keywords":"","_metasync_otto_og_title":"","_metasync_otto_og_description":"","_metasync_otto_twitter_title":"","_metasync_otto_twitter_description":"","rank_math_title":"","rank_math_description":"","_yoast_wpseo_title":"","_yoast_wpseo_metadesc":"","_aioseo_title":"","_aioseo_description":"","_metasync_seo_title":"","_metasync_seo_desc":"","_metasync_breadcrumb_title":"","_metasync_primary_category":0,"_metasync_primary_product_cat":0,"_metasync_otto_disabled":"","_metasync_hreflang":"","_metasync_plugin_sync_ts":"","_metasync_robots_advanced":"","footnotes":""},"class_list":["post-81","page","type-page","status-publish","hentry","_wholesalex wsx-wholesalex-product"],"_links":{"self":[{"href":"https:\/\/8streme.eu\/cs\/wp-json\/wp\/v2\/pages\/81","targetHints":{"allow":["GET"]}}],"collection":[{"href":"https:\/\/8streme.eu\/cs\/wp-json\/wp\/v2\/pages"}],"about":[{"href":"https:\/\/8streme.eu\/cs\/wp-json\/wp\/v2\/types\/page"}],"author":[{"embeddable":true,"href":"https:\/\/8streme.eu\/cs\/wp-json\/wp\/v2\/users\/3"}],"replies":[{"embeddable":true,"href":"https:\/\/8streme.eu\/cs\/wp-json\/wp\/v2\/comments?post=81"}],"version-history":[{"count":4,"href":"https:\/\/8streme.eu\/cs\/wp-json\/wp\/v2\/pages\/81\/revisions"}],"predecessor-version":[{"id":29045,"href":"https:\/\/8streme.eu\/cs\/wp-json\/wp\/v2\/pages\/81\/revisions\/29045"}],"wp:attachment":[{"href":"https:\/\/8streme.eu\/cs\/wp-json\/wp\/v2\/media?parent=81"}],"curies":[{"name":"wp","href":"https:\/\/api.w.org\/{rel}","templated":true}]}}