{"id":36727,"date":"2026-02-15T16:45:19","date_gmt":"2026-02-15T15:45:19","guid":{"rendered":"https:\/\/8streme.eu\/?page_id=36727"},"modified":"2026-03-14T17:57:14","modified_gmt":"2026-03-14T16:57:14","slug":"bazenova-cerpadla-8streme","status":"publish","type":"page","link":"https:\/\/8streme.eu\/cs\/pompes-piscines-8streme\/","title":{"rendered":"Baz\u00e9nov\u00e1 \u010derpadla 8STREME by Syllent"},"content":{"rendered":"<div data-elementor-type=\"wp-post\" data-elementor-id=\"36727\" class=\"elementor elementor-36727\" data-elementor-post-type=\"page\">\n\t\t\t\t\t\t<section class=\"elementor-section elementor-top-section elementor-element elementor-element-0d501d1 elementor-section-boxed elementor-section-height-default elementor-section-height-default\" data-id=\"0d501d1\" data-element_type=\"section\" data-e-type=\"section\">\n\t\t\t\t\t\t<div class=\"elementor-container elementor-column-gap-custom\">\n\t\t\t\t\t<div class=\"elementor-column elementor-col-100 elementor-top-column elementor-element elementor-element-e9d90c7\" data-id=\"e9d90c7\" data-element_type=\"column\" data-e-type=\"column\">\n\t\t\t<div class=\"elementor-widget-wrap elementor-element-populated\">\n\t\t\t\t\t\t<div class=\"elementor-element elementor-element-aeafc32 elementor-grid-2 elementor-product-loop-item--align-center elementor-grid-tablet-3 elementor-grid-mobile-2 elementor-products-grid elementor-wc-products elementor-show-pagination-border-yes elementor-widget elementor-widget-woocommerce-products\" data-id=\"aeafc32\" data-element_type=\"widget\" data-e-type=\"widget\" data-widget_type=\"woocommerce-products.default\">\n\t\t\t\t<div class=\"elementor-widget-container\">\n\t\t\t\t\t<div class=\"woocommerce columns-2\"><div class=\"woocommerce-notices-wrapper\"><\/div><form class=\"woocommerce-ordering\" method=\"get\" action=\"\">\n\t\t<select\n\t\tname=\"orderby\"\n\t\tclass=\"orderby\"\n\t\t\t\t\taria-label=\"\u0158azen\u00ed obchodu\" data-no-translation-aria-label=\"\"\n\t\t\t>\n\t\t\t\t\t<option value=\"menu_order\"  selected='selected' data-no-translation=\"\" data-trp-gettext=\"\">V\u00fdchoz\u00ed t\u0159\u00edd\u011bn\u00ed<\/option>\n\t\t\t\t\t<option value=\"popularity\" data-no-translation=\"\" data-trp-gettext=\"\" >Se\u0159adit podle obl\u00edbenosti<\/option>\n\t\t\t\t\t<option value=\"date\" data-no-translation=\"\" data-trp-gettext=\"\" >Se\u0159adit od nejnov\u011bj\u0161\u00edch<\/option>\n\t\t\t\t\t<option value=\"price\" data-no-translation=\"\" data-trp-gettext=\"\" >Se\u0159adit podle ceny: od nejni\u017e\u0161\u00ed k nejvy\u0161\u0161\u00ed<\/option>\n\t\t\t\t\t<option value=\"price-desc\" data-no-translation=\"\" data-trp-gettext=\"\" >Se\u0159adit podle ceny: od nejvy\u0161\u0161\u00ed k nejni\u017e\u0161\u00ed<\/option>\n\t\t\t<\/select>\n\t<input type=\"hidden\" name=\"paged\" value=\"1\" \/>\n\t<input type=\"hidden\" name=\"trp-form-language\" value=\"cs\"\/><\/form>\n<ul class=\"products elementor-grid columns-2\">\n<li class=\"_wholesalex wsx-wholesalex-product product type-product post-36499 status-publish first instock product_cat-pompes-piscines-8streme has-post-thumbnail taxable shipping-taxable purchasable product-type-simple\">\n\t<a href=\"https:\/\/8streme.eu\/cs\/produit\/pompe-piscine-avec-prefiltre-8streme-1-2cv-mono\/\" class=\"woocommerce-LoopProduct-link woocommerce-loop-product__link\"><img fetchpriority=\"high\" decoding=\"async\" width=\"300\" height=\"300\" src=\"https:\/\/8streme.eu\/wp-content\/uploads\/2026\/01\/01-300x300.png\" class=\"attachment-woocommerce_thumbnail size-woocommerce_thumbnail\" alt=\"8STREME by Syllent pump\" srcset=\"https:\/\/8streme.eu\/wp-content\/uploads\/2026\/01\/01-300x300.png 300w, https:\/\/8streme.eu\/wp-content\/uploads\/2026\/01\/01-150x150.png 150w, https:\/\/8streme.eu\/wp-content\/uploads\/2026\/01\/01-394x394.png 394w, https:\/\/8streme.eu\/wp-content\/uploads\/2026\/01\/01-605x605.png 605w, https:\/\/8streme.eu\/wp-content\/uploads\/2026\/01\/01-100x100.png 100w, https:\/\/8streme.eu\/wp-content\/uploads\/2026\/01\/01-32x32.png 32w\" sizes=\"(max-width: 300px) 100vw, 300px\" \/><h2 class=\"woocommerce-loop-product__title\">Baz\u00e9nov\u00e9 \u010derpadlo s p\u0159edfiltrem 8STREME 1\/2CV Mono (eko\u00fa\u010dast 0,68\u20ac HT) - Pr\u016ftok 6,7m3\/h pro baz\u00e9ny do 26m3<\/h2>\n\t<span class=\"price\"><span class=\"woocommerce-Price-amount amount\"><bdi>265,27<span class=\"woocommerce-Price-currencySymbol\">\u20ac<\/span><\/bdi><\/span><\/span>\n<\/a><a href=\"\/cs\/wp-json\/wp\/v2\/pages\/36727?add-to-cart=36499\" aria-describedby=\"woocommerce_loop_add_to_cart_link_describedby_36499\" data-quantity=\"1\" class=\"button product_type_simple add_to_cart_button ajax_add_to_cart\" data-product_id=\"36499\" data-product_sku=\"PF42M050-230\/ASI\" aria-label=\"P\u0159idat do ko\u0161\u00edku: \u201cPompe piscine avec pr\u00e9filtre 8STREME 1\/2CV Mono (eco-participation 0.68\u20ac HT) - D\u00e9bit 6.7m3\/h pour piscine de 26m3 max\u201d\" rel=\"nofollow\" data-success_message=\"\u201cPompe piscine avec pr\u00e9filtre 8STREME 1\/2CV Mono (eco-participation 0.68\u20ac HT) - D\u00e9bit 6.7m3\/h pour piscine de 26m3 max\u201d byl p\u0159id\u00e1n do ko\u0161\u00edku\" data-no-translation=\"\" data-trp-gettext=\"\" data-no-translation-aria-label=\"\" data-no-translation-data-success_message=\"\">P\u0159idat do ko\u0161\u00edku<\/a>\t<span id=\"woocommerce_loop_add_to_cart_link_describedby_36499\" class=\"screen-reader-text\">\n\t\t\t<\/span>\n<\/li>\n<li class=\"_wholesalex wsx-wholesalex-product product type-product post-36634 status-publish last instock product_cat-pompes-piscines-8streme has-post-thumbnail taxable shipping-taxable purchasable product-type-simple\">\n\t<a href=\"https:\/\/8streme.eu\/cs\/produit\/pompe-piscine-avec-prefiltre-8streme-1cv-mono\/\" class=\"woocommerce-LoopProduct-link woocommerce-loop-product__link\"><img fetchpriority=\"high\" decoding=\"async\" width=\"300\" height=\"300\" src=\"https:\/\/8streme.eu\/wp-content\/uploads\/2026\/01\/01-300x300.png\" class=\"attachment-woocommerce_thumbnail size-woocommerce_thumbnail\" alt=\"8STREME by Syllent pump\" srcset=\"https:\/\/8streme.eu\/wp-content\/uploads\/2026\/01\/01-300x300.png 300w, https:\/\/8streme.eu\/wp-content\/uploads\/2026\/01\/01-150x150.png 150w, https:\/\/8streme.eu\/wp-content\/uploads\/2026\/01\/01-394x394.png 394w, https:\/\/8streme.eu\/wp-content\/uploads\/2026\/01\/01-605x605.png 605w, https:\/\/8streme.eu\/wp-content\/uploads\/2026\/01\/01-100x100.png 100w, https:\/\/8streme.eu\/wp-content\/uploads\/2026\/01\/01-32x32.png 32w\" sizes=\"(max-width: 300px) 100vw, 300px\" \/><h2 class=\"woocommerce-loop-product__title\">Baz\u00e9nov\u00e9 \u010derpadlo s p\u0159edfiltrem 8STREME 1CV Mono (eko\u00fa\u010dast 0,68\u20ac HT) - Pr\u016ftok 15,1 m3\/h pro baz\u00e9ny do 60 m3<\/h2>\n\t<span class=\"price\"><span class=\"woocommerce-Price-amount amount\"><bdi>293,75<span class=\"woocommerce-Price-currencySymbol\">\u20ac<\/span><\/bdi><\/span><\/span>\n<\/a><a href=\"\/cs\/wp-json\/wp\/v2\/pages\/36727?add-to-cart=36634\" aria-describedby=\"woocommerce_loop_add_to_cart_link_describedby_36634\" data-quantity=\"1\" class=\"button product_type_simple add_to_cart_button ajax_add_to_cart\" data-product_id=\"36634\" data-product_sku=\"PF42M100-230\/ASI\" aria-label=\"P\u0159idat do ko\u0161\u00edku: \u201cPompe piscine avec pr\u00e9filtre 8STREME 1CV Mono (eco-participation 0.68\u20ac HT) - D\u00e9bit 15.1m3\/h pour piscine de 60m3 max\u201d\" rel=\"nofollow\" data-success_message=\"\u201cPompe piscine avec pr\u00e9filtre 8STREME 1CV Mono (eco-participation 0.68\u20ac HT) - D\u00e9bit 15.1m3\/h pour piscine de 60m3 max\u201d byl p\u0159id\u00e1n do ko\u0161\u00edku\" data-no-translation=\"\" data-trp-gettext=\"\" data-no-translation-aria-label=\"\" data-no-translation-data-success_message=\"\">P\u0159idat do ko\u0161\u00edku<\/a>\t<span id=\"woocommerce_loop_add_to_cart_link_describedby_36634\" class=\"screen-reader-text\">\n\t\t\t<\/span>\n<\/li>\n<li class=\"_wholesalex wsx-wholesalex-product product type-product post-36629 status-publish first instock product_cat-pompes-piscines-8streme has-post-thumbnail taxable shipping-taxable purchasable product-type-simple\">\n\t<a href=\"https:\/\/8streme.eu\/cs\/produit\/pompe-piscine-avec-prefiltre-8streme-3-4cv-mono\/\" class=\"woocommerce-LoopProduct-link woocommerce-loop-product__link\"><img fetchpriority=\"high\" decoding=\"async\" width=\"300\" height=\"300\" src=\"https:\/\/8streme.eu\/wp-content\/uploads\/2026\/01\/01-300x300.png\" class=\"attachment-woocommerce_thumbnail size-woocommerce_thumbnail\" alt=\"8STREME by Syllent pump\" srcset=\"https:\/\/8streme.eu\/wp-content\/uploads\/2026\/01\/01-300x300.png 300w, https:\/\/8streme.eu\/wp-content\/uploads\/2026\/01\/01-150x150.png 150w, https:\/\/8streme.eu\/wp-content\/uploads\/2026\/01\/01-394x394.png 394w, https:\/\/8streme.eu\/wp-content\/uploads\/2026\/01\/01-605x605.png 605w, https:\/\/8streme.eu\/wp-content\/uploads\/2026\/01\/01-100x100.png 100w, https:\/\/8streme.eu\/wp-content\/uploads\/2026\/01\/01-32x32.png 32w\" sizes=\"(max-width: 300px) 100vw, 300px\" \/><h2 class=\"woocommerce-loop-product__title\">Baz\u00e9nov\u00e9 \u010derpadlo s p\u0159edfiltrem 8STREME 3\/4CV Mono (eko\u00fa\u010dast 0,68\u20ac HT) - Pr\u016ftok 11,2m3\/h pro baz\u00e9ny do 45m3<\/h2>\n\t<span class=\"price\"><span class=\"woocommerce-Price-amount amount\"><bdi>282,92<span class=\"woocommerce-Price-currencySymbol\">\u20ac<\/span><\/bdi><\/span><\/span>\n<\/a><a href=\"\/cs\/wp-json\/wp\/v2\/pages\/36727?add-to-cart=36629\" aria-describedby=\"woocommerce_loop_add_to_cart_link_describedby_36629\" data-quantity=\"1\" class=\"button product_type_simple add_to_cart_button ajax_add_to_cart\" data-product_id=\"36629\" data-product_sku=\"PF42M075-230\/ASI\" aria-label=\"P\u0159idat do ko\u0161\u00edku: \u201cPompe piscine avec pr\u00e9filtre 8STREME 3\/4CV Mono (eco-participation 0.68\u20ac HT) - D\u00e9bit 11.2m3\/h pour piscine de 45m3 max\u201d\" rel=\"nofollow\" data-success_message=\"\u201cPompe piscine avec pr\u00e9filtre 8STREME 3\/4CV Mono (eco-participation 0.68\u20ac HT) - D\u00e9bit 11.2m3\/h pour piscine de 45m3 max\u201d byl p\u0159id\u00e1n do ko\u0161\u00edku\" data-no-translation=\"\" data-trp-gettext=\"\" data-no-translation-aria-label=\"\" data-no-translation-data-success_message=\"\">P\u0159idat do ko\u0161\u00edku<\/a>\t<span id=\"woocommerce_loop_add_to_cart_link_describedby_36629\" class=\"screen-reader-text\">\n\t\t\t<\/span>\n<\/li>\n<\/ul>\n<\/div>\t\t\t\t<\/div>\n\t\t\t\t<\/div>\n\t\t\t\t\t<\/div>\n\t\t<\/div>\n\t\t\t\t\t<\/div>\n\t\t<\/section>\n\t\t\t\t<\/div>","protected":false},"excerpt":{"rendered":"","protected":false},"author":5,"featured_media":0,"parent":0,"menu_order":23,"comment_status":"closed","ping_status":"closed","template":"","meta":{"_metasync_otto_title":"","_metasync_otto_description":"Trouvez des pi\u00e8ces d\u00e9tach\u00e9es pour robots comme le 5200-J2X, 5222, 5310, 7310, 7320, et 7311 avec batterie. Magasinez maintenant!","_metasync_otto_keywords":"","_metasync_otto_og_title":"","_metasync_otto_og_description":"","_metasync_otto_twitter_title":"","_metasync_otto_twitter_description":"","rank_math_title":"","rank_math_description":"","_yoast_wpseo_title":"","_yoast_wpseo_metadesc":"","_aioseo_title":"","_aioseo_description":"","_metasync_seo_title":"","_metasync_seo_desc":"","_metasync_breadcrumb_title":"","_metasync_primary_category":0,"_metasync_primary_product_cat":0,"_metasync_otto_disabled":"","_metasync_hreflang":"","_metasync_plugin_sync_ts":"","_metasync_robots_advanced":"","footnotes":""},"class_list":["post-36727","page","type-page","status-publish","hentry","_wholesalex wsx-wholesalex-product"],"_links":{"self":[{"href":"https:\/\/8streme.eu\/cs\/wp-json\/wp\/v2\/pages\/36727","targetHints":{"allow":["GET"]}}],"collection":[{"href":"https:\/\/8streme.eu\/cs\/wp-json\/wp\/v2\/pages"}],"about":[{"href":"https:\/\/8streme.eu\/cs\/wp-json\/wp\/v2\/types\/page"}],"author":[{"embeddable":true,"href":"https:\/\/8streme.eu\/cs\/wp-json\/wp\/v2\/users\/5"}],"replies":[{"embeddable":true,"href":"https:\/\/8streme.eu\/cs\/wp-json\/wp\/v2\/comments?post=36727"}],"version-history":[{"count":29,"href":"https:\/\/8streme.eu\/cs\/wp-json\/wp\/v2\/pages\/36727\/revisions"}],"predecessor-version":[{"id":36805,"href":"https:\/\/8streme.eu\/cs\/wp-json\/wp\/v2\/pages\/36727\/revisions\/36805"}],"wp:attachment":[{"href":"https:\/\/8streme.eu\/cs\/wp-json\/wp\/v2\/media?parent=36727"}],"curies":[{"name":"wp","href":"https:\/\/api.w.org\/{rel}","templated":true}]}}