{"id":29388,"date":"2024-01-02T17:11:56","date_gmt":"2024-01-02T16:11:56","guid":{"rendered":"https:\/\/8streme.eu\/?page_id=29388"},"modified":"2024-01-02T17:12:31","modified_gmt":"2024-01-02T16:12:31","slug":"cistic-bazenu-8streme-7310-8streme-7320-se-jiz-nespusti","status":"publish","type":"page","link":"https:\/\/8streme.eu\/cs\/le-robot-piscine-8streme-7310-8streme-7320-ne-demarre-plus\/","title":{"rendered":"Robot 8STREME 7310, 8STREME 7320 SWIMMING POOL ROBOT se ji\u017e nespust\u00ed."},"content":{"rendered":"<div data-elementor-type=\"wp-page\" data-elementor-id=\"29388\" class=\"elementor elementor-29388\" data-elementor-post-type=\"page\">\n\t\t\t\t\t\t<section class=\"elementor-section elementor-top-section elementor-element elementor-element-39da36e elementor-section-boxed elementor-section-height-default elementor-section-height-default\" data-id=\"39da36e\" data-element_type=\"section\" data-e-type=\"section\">\n\t\t\t\t\t\t<div class=\"elementor-container elementor-column-gap-default\">\n\t\t\t\t\t<div class=\"elementor-column elementor-col-100 elementor-top-column elementor-element elementor-element-5223eb9\" data-id=\"5223eb9\" data-element_type=\"column\" data-e-type=\"column\">\n\t\t\t<div class=\"elementor-widget-wrap elementor-element-populated\">\n\t\t\t\t\t\t<div class=\"elementor-element elementor-element-74f48e8 elementor-widget elementor-widget-text-editor\" data-id=\"74f48e8\" data-element_type=\"widget\" data-e-type=\"widget\" data-widget_type=\"text-editor.default\">\n\t\t\t\t<div class=\"elementor-widget-container\">\n\t\t\t\t\t\t\t\t\t<p style=\"font-weight: 400;\">M\u016fj 8STREME 7310, 8STREME 7320 SWIMMING POOL ROBOT se nechce spustit? Nefunguje? Nefunguje? Nejde zapnout? \u00a0<\/p><p style=\"font-weight: 400;\">\u00a0<\/p><h1>1\/ Zkontrolujte nap\u00e1jen\u00ed<\/h1><p style=\"font-weight: 400;\">Zkontrolujte, zda je transform\u00e1tor funk\u010dn\u00ed.<\/p><p style=\"font-weight: 400;\">Po zapojen\u00ed transform\u00e1toru se modr\u00e1 kontrolka LED nep\u0159etr\u017eit\u011b rozsv\u00edt\u00ed, co\u017e znamen\u00e1, \u017ee zdroj nap\u00e1jen\u00ed pracuje norm\u00e1ln\u011b.<\/p><p style=\"font-weight: 400;\">Pokud se nerozsv\u00edt\u00ed \u017e\u00e1dn\u00e1 kontrolka LED, transform\u00e1tor nen\u00ed nap\u00e1jen.<\/p><p style=\"font-weight: 400;\">Zkontrolujte, zda je z\u00e1suvka nap\u00e1jena. Pokud ano, bude pravd\u011bpodobn\u011b nutn\u00e9 vym\u011bnit transform\u00e1tor.<\/p><p style=\"font-weight: 400;\">\u00a0<\/p><p style=\"font-weight: 400;\">Jakmile se rozsv\u00edt\u00ed modr\u00e9 sv\u011btlo, m\u016f\u017eete p\u0159epnout p\u0159ep\u00edna\u010d na boku transform\u00e1toru doprava a pot\u00e9 jej spustit kliknut\u00edm na tla\u010d\u00edtko nap\u00e1jen\u00ed naho\u0159e. M\u011blo by se rozsv\u00edtit \u010derven\u00e9 sv\u011btlo, kter\u00e9 signalizuje zah\u00e1jen\u00ed \u010distic\u00edho cyklu, a bude sv\u00edtit a\u017e do jeho dokon\u010den\u00ed.<\/p><p style=\"font-weight: 400;\">Odkaz na 8STREME 7310, 8STREME 7320 SWIMMING POOL ROBOT:<\/p><p style=\"font-weight: 400;\"><a href=\"https:\/\/www.youtube.com\/watch?v=8Bwj47cupHI&amp;list=PLWoiTHw_wDWv8tDa7QGiQrazACbyhJHXd&amp;index=14\">https:\/\/www.youtube.com\/watch?v=8Bwj47cupHI&amp;list=PLWoiTHw_wDWv8tDa7QGiQrazACbyhJHXd&amp;index=14<\/a><\/p><p style=\"font-weight: 400;\">Pokud kontrolka z\u016fstane sv\u00edtit a \u010derven\u00e1 kontrolka se nerozsv\u00edt\u00ed, transform\u00e1tor nen\u00ed nap\u00e1jen.<\/p><p style=\"font-weight: 400;\">Zkontrolujte, zda je z\u00e1suvka nap\u00e1jena. Pokud ano, bude pravd\u011bpodobn\u011b nutn\u00e9 vym\u011bnit transform\u00e1tor.<\/p><p style=\"font-weight: 400;\">Pokud ob\u011b kontrolky LED zhasnou, je probl\u00e9m s nap\u00e1jen\u00edm nebo p\u0159ipojen\u00edm. Zkontrolujte, zda jsou kabelov\u00e9 spoje spr\u00e1vn\u00e9, vodot\u011bsn\u00e9 a zasunut\u00e9 spr\u00e1vn\u00fdm sm\u011brem.<\/p><p style=\"font-weight: 400;\">\u00a0<\/p><h1>2\/ Zkontrolujte elektrick\u00e9 p\u0159ipojen\u00ed<\/h1><p style=\"font-weight: 400;\">Pokud modr\u00e1 a \u010derven\u00e1 kontrolka na transform\u00e1toru sv\u00edt\u00ed, ale kontrolky na plov\u00e1ku nesv\u00edt\u00ed, zkontrolujte, zda jsou kabelov\u00e9 spoje spr\u00e1vn\u00e9, vodot\u011bsn\u00e9 a spr\u00e1vn\u011b zasunut\u00e9.<\/p><p style=\"font-weight: 400;\">Odkaz na p\u0159ipojen\u00ed 8STREME ROBOT SWIMMING POOL\u00a0<strong>7310, 8STREME 7320<\/strong><strong>\u00a0:\u00a0<\/strong><a href=\"https:\/\/www.youtube.com\/watch?v=3PPJU9pLre0&amp;list=PLWoiTHw_wDWv8tDa7QGiQrazACbyhJHXd&amp;index=15\">https:\/\/www.youtube.com\/watch?v=3PPJU9pLre0&amp;list=PLWoiTHw_wDWv8tDa7QGiQrazACbyhJHXd&amp;index=15<\/a><\/p><p style=\"font-weight: 400;\">Pokud jsou kabely spr\u00e1vn\u011b p\u0159ipojeny, modr\u00e1 kontrolka LED na plov\u00e1ku nep\u0159etr\u017eit\u011b sv\u00edt\u00ed a signalizuje, \u017ee k plov\u00e1ku p\u0159ich\u00e1z\u00ed nap\u00e1jen\u00ed.<\/p><p style=\"font-weight: 400;\">Pokud se \u017e\u00e1dn\u00e1 kontrolka nerozsv\u00edt\u00ed, plov\u00e1k nen\u00ed nap\u00e1jen.<\/p><p style=\"font-weight: 400;\">Zkontrolujte, zda jste zapnuli transform\u00e1tor a zda je plovouc\u00ed kabel mezi transform\u00e1torem a plov\u00e1kem spr\u00e1vn\u011b p\u0159ipojen.<\/p><p style=\"font-weight: 400;\">Pokud je v\u0161e v po\u0159\u00e1dku, bude pravd\u011bpodobn\u011b nutn\u00e9 vym\u011bnit plovouc\u00ed kabel nebo plov\u00e1k.<\/p><p style=\"font-weight: 400;\">\u00a0<\/p><p style=\"font-weight: 400;\">Kdy\u017e sv\u00edt\u00ed modr\u00e1 kontrolka, m\u011bla by se rozsv\u00edtit zelen\u00e1 kontrolka, kdy\u017e je \u010derpadlo robota v provozu. Tato kontrolka se nerozsv\u00edt\u00ed, kdy\u017e ROBOT PISCINE 8STREME\u00a0<strong>7310, 8STREME 7320<\/strong><strong>\u00a0<\/strong>po dokon\u010den\u00ed \u010distic\u00edho cyklu nebo v ur\u010dit\u00fdch f\u00e1z\u00edch provozu spot\u0159ebi\u010de (nap\u0159. po lezen\u00ed po st\u011bn\u00e1ch).<\/p><p style=\"font-weight: 400;\">Pokud se zelen\u00e1 kontrolka nerozsv\u00edt\u00ed, \u010derpadlo robota nen\u00ed nap\u00e1jeno.<\/p><p style=\"font-weight: 400;\">Zkontrolujte, zda jste zapnuli transform\u00e1tor a zda je plovouc\u00ed kabel mezi plov\u00e1kem a robotem spr\u00e1vn\u011b p\u0159ipojen. Od\u0161roubov\u00e1n\u00edm plovouc\u00edho kabelu mezi plov\u00e1kem a robotem m\u016f\u017eete tak\u00e9 zkontrolovat, zda sv\u00edt\u00ed \u010derven\u00e1 LED dioda na v\u00fdstupu plov\u00e1ku.<\/p><p style=\"font-weight: 400;\">Pokud sv\u00edt\u00ed modr\u00e1 a \u010derven\u00e1 kontrolka, ale nesv\u00edt\u00ed zelen\u00e1 kontrolka, je t\u0159eba vym\u011bnit plov\u00e1kov\u00fd kabel nebo plov\u00e1k.<\/p><p style=\"font-weight: 400;\">Pokud sv\u00edt\u00ed pouze modr\u00e1 kontrolka, je pravd\u011bpodobn\u011b t\u0159eba vym\u011bnit plov\u00e1k.\u00a0<\/p><p style=\"font-weight: 400;\">\u00a0<\/p><p style=\"font-weight: 400;\">Vyz\u00fdv\u00e1me v\u00e1s, abyste zkontrolovali stav sv\u00fdch p\u0159ipojovac\u00edch z\u00e1str\u010dek, zda nevykazuj\u00ed zn\u00e1mky oxidace. Pokud je z\u00e1str\u010dka zoxidovan\u00e1, doporu\u010dujeme jej\u00ed v\u00fdm\u011bnu.<\/p><p style=\"font-weight: 400;\">\u00a0<\/p><h1>3\/ Kontaktujte sv\u00e9ho prodejce nebo poprodejn\u00ed servis 8STREME.<\/h1><p style=\"font-weight: 400;\">Pokud \u017e\u00e1dn\u00e1 z t\u011bchto kontrol nevedla k \u0159e\u0161en\u00ed, obra\u0165te se na sv\u00e9ho prodejce nebo poprodejn\u00ed servis 8STREME.<\/p><p>Kontaktn\u00ed \u00fadaje z\u00e1kaznick\u00e9ho servisu 8STREME :<\/p><p>8STREME Poprodejn\u00ed servis<\/p><p>6 RUE DES FRERES MICHELIN<\/p><p>10600 LA CHAPELLE SAINT LUC<\/p><p>FRANCIE<\/p><p>03 10 64 60 26<\/p><p><a href=\"mailto:service@8streme.eu\">service@8streme.eu<\/a><\/p>\t\t\t\t\t\t\t\t<\/div>\n\t\t\t\t<\/div>\n\t\t\t\t\t<\/div>\n\t\t<\/div>\n\t\t\t\t\t<\/div>\n\t\t<\/section>\n\t\t\t\t<\/div>","protected":false},"excerpt":{"rendered":"<p>M\u016fj 8STREME 7310, 8STREME 7320 POOL ROBOT se nechce spustit? Nefunguje? Nefunguje? Nechce se zapnout?     1\/ Zkontrolujte nap\u00e1jen\u00ed Zkontrolujte, zda je transform\u00e1tor funk\u010dn\u00ed. Kdy\u017e zapoj\u00edte transform\u00e1tor, bude se na displeji objevovat ... <a href=\"https:\/\/8streme.eu\/cs\/le-robot-piscine-8streme-7310-8streme-7320-ne-demarre-plus\/\">P\u0159e\u010dt\u011bte si v\u00edce<\/a><\/p>","protected":false},"author":5,"featured_media":0,"parent":0,"menu_order":0,"comment_status":"closed","ping_status":"closed","template":"","meta":{"_metasync_otto_title":"Solutions de d\u00e9pannage pour d\u00e9marrer le robot piscine.","_metasync_otto_description":"Solutions si robot piscine 8STREME 7310, 8STREME 7320 ne d\u00e9marre pas : v\u00e9rifiez transformateur, connexions et pompe pour bon fonctionnement.","_metasync_otto_keywords":"","_metasync_otto_og_title":"","_metasync_otto_og_description":"","_metasync_otto_twitter_title":"","_metasync_otto_twitter_description":"","rank_math_title":"","rank_math_description":"","_yoast_wpseo_title":"","_yoast_wpseo_metadesc":"","_aioseo_title":"","_aioseo_description":"","_metasync_seo_title":"","_metasync_seo_desc":"","_metasync_breadcrumb_title":"","_metasync_primary_category":0,"_metasync_primary_product_cat":0,"_metasync_otto_disabled":"","_metasync_hreflang":"","_metasync_plugin_sync_ts":"","_metasync_robots_advanced":"","footnotes":""},"class_list":["post-29388","page","type-page","status-publish","hentry","_wholesalex wsx-wholesalex-product"],"_links":{"self":[{"href":"https:\/\/8streme.eu\/cs\/wp-json\/wp\/v2\/pages\/29388","targetHints":{"allow":["GET"]}}],"collection":[{"href":"https:\/\/8streme.eu\/cs\/wp-json\/wp\/v2\/pages"}],"about":[{"href":"https:\/\/8streme.eu\/cs\/wp-json\/wp\/v2\/types\/page"}],"author":[{"embeddable":true,"href":"https:\/\/8streme.eu\/cs\/wp-json\/wp\/v2\/users\/5"}],"replies":[{"embeddable":true,"href":"https:\/\/8streme.eu\/cs\/wp-json\/wp\/v2\/comments?post=29388"}],"version-history":[{"count":4,"href":"https:\/\/8streme.eu\/cs\/wp-json\/wp\/v2\/pages\/29388\/revisions"}],"predecessor-version":[{"id":29394,"href":"https:\/\/8streme.eu\/cs\/wp-json\/wp\/v2\/pages\/29388\/revisions\/29394"}],"wp:attachment":[{"href":"https:\/\/8streme.eu\/cs\/wp-json\/wp\/v2\/media?parent=29388"}],"curies":[{"name":"wp","href":"https:\/\/api.w.org\/{rel}","templated":true}]}}