{"id":29360,"date":"2024-01-02T17:05:22","date_gmt":"2024-01-02T16:05:22","guid":{"rendered":"https:\/\/8streme.eu\/?page_id=29360"},"modified":"2024-01-02T17:06:58","modified_gmt":"2024-01-02T16:06:58","slug":"bazenovy-robot-8streme-7310-8streme-7320-plave-na-hladine","status":"publish","type":"page","link":"https:\/\/8streme.eu\/cs\/le-robot-piscine-8streme-7310-8streme-7320-flotte-a-la-surface\/","title":{"rendered":"8STREME 7310, 8STREME 7320 PLAVAC\u00cd BAZ\u00c9N ROBOT plave na hladin\u011b."},"content":{"rendered":"<div data-elementor-type=\"wp-page\" data-elementor-id=\"29360\" class=\"elementor elementor-29360\" data-elementor-post-type=\"page\">\n\t\t\t\t\t\t<section class=\"elementor-section elementor-top-section elementor-element elementor-element-4b5f6b2 elementor-section-boxed elementor-section-height-default elementor-section-height-default\" data-id=\"4b5f6b2\" data-element_type=\"section\" data-e-type=\"section\">\n\t\t\t\t\t\t<div class=\"elementor-container elementor-column-gap-default\">\n\t\t\t\t\t<div class=\"elementor-column elementor-col-100 elementor-top-column elementor-element elementor-element-d953591\" data-id=\"d953591\" data-element_type=\"column\" data-e-type=\"column\">\n\t\t\t<div class=\"elementor-widget-wrap elementor-element-populated\">\n\t\t\t\t\t\t<div class=\"elementor-element elementor-element-5768221 elementor-widget elementor-widget-text-editor\" data-id=\"5768221\" data-element_type=\"widget\" data-e-type=\"widget\" data-widget_type=\"text-editor.default\">\n\t\t\t\t<div class=\"elementor-widget-container\">\n\t\t\t\t\t\t\t\t\t<h1>1\/ Zkontrolujte kompatibilitu 8STREME POOL ROBOT\u00a0<strong>7310, 8STREME 7320\u00a0<\/strong>s va\u0161\u00edm baz\u00e9nem<\/h1><p style=\"font-weight: 400;\">Zkontrolujte, zda je v\u00e1\u0161 ROBOT POOL 8STREME\u00a0<strong>7310, 8STREME 7320<\/strong>\u00a0je kompatibiln\u00ed s va\u0161\u00edm modelem, typem a oblo\u017een\u00edm baz\u00e9nu.<\/p><p style=\"font-weight: 400;\">R\u00e1di bychom v\u00e1s upozornili na skute\u010dnost, \u017ee na\u0161e 8STREME\u00a0<strong>7310, 8STREME 7320<\/strong><strong>\u00a0<\/strong>nechod\u00ed do schod\u016f.<\/p><p style=\"font-weight: 400;\">Pokud je hladina vody v baz\u00e9nu p\u0159\u00edli\u0161 vysok\u00e1, m\u016f\u017ee to m\u00edt vliv i na provoz robota ROBOT PISCINE 8STREME.\u00a0<strong>7310, 8STREME 7320<\/strong>. Pokud se dotkne op\u011brn\u00fdch kamen\u016f, hroz\u00ed nebezpe\u010d\u00ed, \u017ee se p\u0159evr\u00e1t\u00ed a dostane se do vzduchu.<\/p><p style=\"font-weight: 400;\">\u00a0<\/p><h1>2\/ Zkontrolujte \u00fapravu vody v baz\u00e9nu<\/h1><p style=\"font-weight: 400;\">Nespr\u00e1vn\u00e1 \u00faprava vody m\u016f\u017ee ovlivnit provoz va\u0161eho baz\u00e9nu 8STREME ROBOT POOL.<\/p><p style=\"font-weight: 400;\">Zkontrolujte, zda m\u00e1 voda spr\u00e1vnou teplotu. Ta by se m\u011bla pohybovat mezi 5 a 36 \u00b0C.<\/p><p style=\"font-weight: 400;\">Doporu\u010dujeme zkontrolovat, zda je pH na spr\u00e1vn\u00e9 \u00farovni. Optim\u00e1ln\u00ed hodnota pH se pohybuje mezi 7,2 a 7,4.<\/p><p style=\"font-weight: 400;\">Pokud m\u00e1te baz\u00e9n s chlorem, je optim\u00e1ln\u00ed obsah chloru mezi 2 a 3 ppm.<\/p><p style=\"font-weight: 400;\">Pokud m\u00e1te baz\u00e9n se sol\u00ed, m\u011bl by se obsah NaCl pohybovat mezi 2700 a 4500 ppm.<\/p><p style=\"font-weight: 400;\">Vyz\u00fdv\u00e1me v\u00e1s, abyste zkontrolovali, zda se ve va\u0161em baz\u00e9nu nenach\u00e1zej\u00ed \u0159asy (zelen\u00e9 nebo pr\u016fhledn\u00e9). Na\u0161e 8STREME POOL ROBOTS\u00a0<strong>7310, 8STREME 7320<\/strong><strong>\u00a0<\/strong>jsou navr\u017eeny tak, aby usnadnily \u00fadr\u017ebu baz\u00e9nu. Nejsou v\u0161ak ur\u010deny k \u010di\u0161t\u011bn\u00ed \u0159as. P\u0159ed pou\u017eit\u00edm ROBOT PISCINE 8STREME o\u0161et\u0159ete sv\u016fj baz\u00e9n.\u00a0<strong>7310, 8STREME 7320<\/strong>.<\/p><p style=\"font-weight: 400;\">Zkontrolujte, zda na st\u011bn\u00e1ch nejsou mastn\u00e9 usazeniny. Pokud ano, odstra\u0148te je ru\u010dn\u00edm kart\u00e1\u010dem.<\/p><p style=\"font-weight: 400;\">\u00a0<\/p><h1>3\/ Zkontrolujte, zda se 8STREME SWIMMING POOL ROBOT spr\u00e1vn\u011b spustil.\u00a0<strong>7310, 8STREME 7320<\/strong><\/h1><p style=\"font-weight: 400;\">Kdy\u017e um\u00edst\u00edte ROBOT SWIMMING POOL 8STREME\u00a0<strong>7310, 8STREME 7320<\/strong>\u00a0v baz\u00e9nu, nechte ho klesnout ke dnu, ne\u017e ho zapnete.<\/p><p style=\"font-weight: 400;\">\u00a0<\/p><p style=\"font-weight: 400;\">\u00a0<\/p><h1>4\/ Zkontrolujte, zda se v cest\u011b 8STREME 7310, 8STREME 7320 POOL ROBOT nenach\u00e1z\u00ed \u017e\u00e1dn\u00e9 ciz\u00ed p\u0159edm\u011bty.<\/h1><p style=\"font-weight: 400;\">Kdy\u017e ROBOT PLAVAC\u00cd BAZ\u00c9N 8STREME\u00a0<strong>7310, 8STREME 7320\u00a0<\/strong>se nepohybuje dop\u0159edu, je mo\u017en\u00e9, \u017ee pohybu ROBOT SWIMMING POOL 8STREME br\u00e1n\u00ed ciz\u00ed p\u0159edm\u011bt.\u00a0<strong>7310, 8STREME 7320<\/strong>.<\/p><p style=\"font-weight: 400;\">Zkontrolujte, zda se v turb\u00edn\u011b nad motorem, v kart\u00e1\u010d\u00edch nebo \u0159emenech pod robotem a na boc\u00edch nenach\u00e1zej\u00ed \u017e\u00e1dn\u00e9 ciz\u00ed p\u0159edm\u011bty.<\/p><p style=\"font-weight: 400;\">Zkontrolujte, zda nen\u00ed sb\u011brn\u00fd ko\u0161 na ne\u010distoty pln\u00fd. Pokud je, vypr\u00e1zdn\u011bte jej a vy\u010dist\u011bte.<\/p><p style=\"font-weight: 400;\">Pokud pou\u017e\u00edv\u00e1te jemn\u00fd filtr, zkontrolujte, zda je plastov\u00fd obal na jemn\u00e9m filtru odstran\u011bn. P\u0159ed vlo\u017een\u00edm do baz\u00e9nu ROBOT SWIMMING POOL pono\u0159te jemn\u00fd filtr do vody tak, aby byl ji\u017e vlhk\u00fd, a ponechte baz\u00e9n ROBOT SWIMMING POOL 8STREME v provozu.\u00a0<strong>7310, 8STREME 7320<\/strong>\u00a0na podlahu p\u0159ed spu\u0161t\u011bn\u00edm.<\/p><p style=\"font-weight: 400;\">\u00a0<\/p><h1>5\/ Kontaktujte sv\u00e9ho prodejce nebo poprodejn\u00ed servis 8STREME<\/h1><p style=\"font-weight: 400;\">Pokud \u017e\u00e1dn\u00e1 z t\u011bchto kontrol nevedla k \u0159e\u0161en\u00ed, obra\u0165te se na sv\u00e9ho prodejce nebo poprodejn\u00ed servis 8STREME.<\/p><p>Kontaktn\u00ed \u00fadaje z\u00e1kaznick\u00e9ho servisu 8STREME :<\/p><p>8STREME Poprodejn\u00ed servis<\/p><p>6 RUE DES FRERES MICHELIN<\/p><p>10600 LA CHAPELLE SAINT LUC<\/p><p>FRANCIE<\/p><p>03 10 64 60 26<\/p><p><a href=\"mailto:service@8streme.eu\">service@8streme.eu<\/a><\/p>\t\t\t\t\t\t\t\t<\/div>\n\t\t\t\t<\/div>\n\t\t\t\t\t<\/div>\n\t\t<\/div>\n\t\t\t\t\t<\/div>\n\t\t<\/section>\n\t\t\t\t<\/div>","protected":false},"excerpt":{"rendered":"<p>1\/ Zkontrolujte kompatibilitu ROBOT POOL 8STREME 7310, 8STREME 7320 s va\u0161\u00edm baz\u00e9nem Zkontrolujte, zda je ROBOT POOL 8STREME 7310, 8STREME 7320 kompatibiln\u00ed s modelem, typem a oblo\u017een\u00edm va\u0161eho baz\u00e9nu. Vezm\u011bte pros\u00edm na v\u011bdom\u00ed, \u017ee ... <a href=\"https:\/\/8streme.eu\/cs\/le-robot-piscine-8streme-7310-8streme-7320-flotte-a-la-surface\/\">P\u0159e\u010dt\u011bte si v\u00edce<\/a><\/p>","protected":false},"author":5,"featured_media":0,"parent":0,"menu_order":0,"comment_status":"closed","ping_status":"closed","template":"","meta":{"_metasync_otto_title":"","_metasync_otto_description":"","_metasync_otto_keywords":"","_metasync_otto_og_title":"","_metasync_otto_og_description":"","_metasync_otto_twitter_title":"","_metasync_otto_twitter_description":"","rank_math_title":"","rank_math_description":"","_yoast_wpseo_title":"","_yoast_wpseo_metadesc":"","_aioseo_title":"","_aioseo_description":"","_metasync_seo_title":"","_metasync_seo_desc":"","_metasync_breadcrumb_title":"","_metasync_primary_category":0,"_metasync_primary_product_cat":0,"_metasync_otto_disabled":"","_metasync_hreflang":"","_metasync_plugin_sync_ts":"","_metasync_robots_advanced":"","footnotes":""},"class_list":["post-29360","page","type-page","status-publish","hentry","_wholesalex wsx-wholesalex-product"],"_links":{"self":[{"href":"https:\/\/8streme.eu\/cs\/wp-json\/wp\/v2\/pages\/29360","targetHints":{"allow":["GET"]}}],"collection":[{"href":"https:\/\/8streme.eu\/cs\/wp-json\/wp\/v2\/pages"}],"about":[{"href":"https:\/\/8streme.eu\/cs\/wp-json\/wp\/v2\/types\/page"}],"author":[{"embeddable":true,"href":"https:\/\/8streme.eu\/cs\/wp-json\/wp\/v2\/users\/5"}],"replies":[{"embeddable":true,"href":"https:\/\/8streme.eu\/cs\/wp-json\/wp\/v2\/comments?post=29360"}],"version-history":[{"count":5,"href":"https:\/\/8streme.eu\/cs\/wp-json\/wp\/v2\/pages\/29360\/revisions"}],"predecessor-version":[{"id":29367,"href":"https:\/\/8streme.eu\/cs\/wp-json\/wp\/v2\/pages\/29360\/revisions\/29367"}],"wp:attachment":[{"href":"https:\/\/8streme.eu\/cs\/wp-json\/wp\/v2\/media?parent=29360"}],"curies":[{"name":"wp","href":"https:\/\/api.w.org\/{rel}","templated":true}]}}