{"id":29272,"date":"2024-01-02T16:09:49","date_gmt":"2024-01-02T15:09:49","guid":{"rendered":"https:\/\/8streme.eu\/?page_id=29272"},"modified":"2024-01-02T16:10:09","modified_gmt":"2024-01-02T15:10:09","slug":"jak-vymenit-kolecka-u-bazenoveho-cistice-8streme-7310-8streme-7320","status":"publish","type":"page","link":"https:\/\/8streme.eu\/cs\/comment-remplacer-les-roues-du-robot-piscine-8streme-7310-8streme-7320\/","title":{"rendered":"Jak vym\u011bn\u00edm kole\u010dka na 8STREME 7310, 8STREME 7320 SWIMMING POOL ROBOT?"},"content":{"rendered":"<div data-elementor-type=\"wp-page\" data-elementor-id=\"29272\" class=\"elementor elementor-29272\" data-elementor-post-type=\"page\">\n\t\t\t\t\t\t<section class=\"elementor-section elementor-top-section elementor-element elementor-element-16f045c elementor-section-boxed elementor-section-height-default elementor-section-height-default\" data-id=\"16f045c\" data-element_type=\"section\" data-e-type=\"section\">\n\t\t\t\t\t\t<div class=\"elementor-container elementor-column-gap-default\">\n\t\t\t\t\t<div class=\"elementor-column elementor-col-100 elementor-top-column elementor-element elementor-element-3507128\" data-id=\"3507128\" data-element_type=\"column\" data-e-type=\"column\">\n\t\t\t<div class=\"elementor-widget-wrap elementor-element-populated\">\n\t\t\t\t\t\t<div class=\"elementor-element elementor-element-47c5482 elementor-widget elementor-widget-text-editor\" data-id=\"47c5482\" data-element_type=\"widget\" data-e-type=\"widget\" data-widget_type=\"text-editor.default\">\n\t\t\t\t<div class=\"elementor-widget-container\">\n\t\t\t\t\t\t\t\t\t<p style=\"font-weight: 400;\">Kdy\u017e se kolo zlom\u00ed, je t\u0159eba ho rychle vym\u011bnit, aby neovlivnilo provoz 8STREME 7310, 8STREME 7320 SWIMMING POOL ROBOT a nezp\u016fsobilo rychlej\u0161\u00ed opot\u0159eben\u00ed 8STREME 7310, 8STREME 7320 SWIMMING POOL ROBOT.<\/p><p style=\"font-weight: 400;\">\u00a0<\/p><h1>N\u00e1stroje k pou\u017eit\u00ed<\/h1><p style=\"font-weight: 400;\">K v\u00fdm\u011bn\u011b v\u00e1le\u010dku pot\u0159ebujete :<\/p><p style=\"font-weight: 400;\">- K\u0159\u00ed\u017eov\u00fd \u0161roubov\u00e1k<\/p><p style=\"font-weight: 400;\">\u00a0<\/p><h1>N\u00e1hradn\u00ed d\u00edly<\/h1><p style=\"font-weight: 400;\">V p\u0159\u00edloze naleznete odkaz na n\u00e1kup kola pro ROBOT PISCINE 8STREME 7310 :\u00a0<a href=\"https:\/\/8streme.eu\/cs\/product\/ozubene-kolecko-4ks-na-sede-sestave-71140\/\">https:\/\/8streme.eu\/produit\/roue-dentee-4pcs-sur-lensemble-gris-71140\/<\/a><\/p><p style=\"font-weight: 400;\">\u00a0<\/p><p style=\"font-weight: 400;\">V p\u0159\u00edloze naleznete odkaz na n\u00e1kup kola pro ROBOT PISCINE 8STREME 7320 :\u00a0<a href=\"https:\/\/8streme.eu\/cs\/?s=71142\">https:\/\/8streme.eu\/?s=71142<\/a><\/p><p style=\"font-weight: 400;\">\u00a0<\/p><h1>Postup v\u00fdm\u011bny<\/h1><p style=\"font-weight: 400;\">P\u0159ed v\u00fdm\u011bnou nejprve odpojte sv\u016fj 8STREME 7310, 8STREME 7320 POOL ROBOT od s\u00edt\u011b.<\/p><p style=\"font-weight: 400;\">\u00a0<\/p><p style=\"font-weight: 400;\">Chcete-li kolo vyjmout, jednodu\u0161e k\u0159\u00ed\u017eov\u00fdm \u0161roubov\u00e1kem vy\u0161roubujte \u0161roub z ozuben\u00e9ho kola, kter\u00fd jej dr\u017e\u00ed na v\u00e1lci. Vyjm\u011bte kole\u010dko z v\u00e1le\u010dku.<\/p><p style=\"font-weight: 400;\">\u00a0<\/p><p style=\"font-weight: 400;\">V\u0161echny d\u00edly nechte stranou.\u00a0<\/p><p style=\"font-weight: 400;\">\u00a0<\/p><p style=\"font-weight: 400;\">Chcete-li nasadit nov\u00e9 kolo, vlo\u017ete jej do v\u00e1lce. Po nasazen\u00ed kole\u010dka zkontrolujte, zda se kole\u010dko p\u0159i ot\u00e1\u010den\u00ed ot\u00e1\u010d\u00ed. Pot\u00e9 ut\u00e1hn\u011bte \u0161roub kole\u010dka.<\/p><p style=\"font-weight: 400;\">\u00a0<\/p><h1><strong>Obra\u0165te se na sv\u00e9ho prodejce nebo poprodejn\u00ed servis.<\/strong><\/h1><p style=\"font-weight: 400;\"><strong>V p\u0159\u00edpad\u011b probl\u00e9m\u016f s v\u00fdm\u011bnou hnac\u00edch \u0159emen\u016f se obra\u0165te na sv\u00e9ho prodejce nebo poprodejn\u00ed servis.<\/strong><\/p><p>Kontaktn\u00ed \u00fadaje z\u00e1kaznick\u00e9ho servisu 8STREME :<\/p><p>8STREME Poprodejn\u00ed servis<\/p><p>6 RUE DES FRERES MICHELIN<\/p><p>10600 LA CHAPELLE SAINT LUC<\/p><p>FRANCIE<\/p><p>03 10 64 60 26<\/p><p><a href=\"mailto:service@8streme.eu\">service@8streme.eu<\/a><\/p>\t\t\t\t\t\t\t\t<\/div>\n\t\t\t\t<\/div>\n\t\t\t\t\t<\/div>\n\t\t<\/div>\n\t\t\t\t\t<\/div>\n\t\t<\/section>\n\t\t\t\t<\/div>","protected":false},"excerpt":{"rendered":"<p>Kdy\u017e se kolo zlom\u00ed, je t\u0159eba ho rychle vym\u011bnit, aby to nem\u011blo vliv na provoz ROBOTU 8STREME 7310, 8STREME 7320 SWIMMING POOL ROBOT a nezp\u016fsobilo rychlej\u0161\u00ed opot\u0159eben\u00ed ROBOTU 8STREME 7310, 8STREME 7320 SWIMMING POOL ROBOT. N\u00e1stroje, kter\u00e9 se pou\u017e\u00edvaj\u00ed Pro ... <a href=\"https:\/\/8streme.eu\/cs\/comment-remplacer-les-roues-du-robot-piscine-8streme-7310-8streme-7320\/\">P\u0159e\u010dt\u011bte si v\u00edce<\/a><\/p>","protected":false},"author":5,"featured_media":0,"parent":0,"menu_order":0,"comment_status":"closed","ping_status":"closed","template":"","meta":{"_metasync_otto_title":"Guide de remplacement des roues pour Robot Piscine 8streme","_metasync_otto_description":"Remplacez rapidement une roue cass\u00e9e du Robot Piscine 8STREME 7310, 8STREME 7320 pour maintenir son fonctionnement. Achetez les pi\u00e8ces et suivez la proc\u00e9dure.","_metasync_otto_keywords":"","_metasync_otto_og_title":"","_metasync_otto_og_description":"","_metasync_otto_twitter_title":"","_metasync_otto_twitter_description":"","rank_math_title":"","rank_math_description":"","_yoast_wpseo_title":"","_yoast_wpseo_metadesc":"","_aioseo_title":"","_aioseo_description":"","_metasync_seo_title":"","_metasync_seo_desc":"","_metasync_breadcrumb_title":"","_metasync_primary_category":0,"_metasync_primary_product_cat":0,"_metasync_otto_disabled":"","_metasync_hreflang":"","_metasync_plugin_sync_ts":"","_metasync_robots_advanced":"","footnotes":""},"class_list":["post-29272","page","type-page","status-publish","hentry","_wholesalex wsx-wholesalex-product"],"_links":{"self":[{"href":"https:\/\/8streme.eu\/cs\/wp-json\/wp\/v2\/pages\/29272","targetHints":{"allow":["GET"]}}],"collection":[{"href":"https:\/\/8streme.eu\/cs\/wp-json\/wp\/v2\/pages"}],"about":[{"href":"https:\/\/8streme.eu\/cs\/wp-json\/wp\/v2\/types\/page"}],"author":[{"embeddable":true,"href":"https:\/\/8streme.eu\/cs\/wp-json\/wp\/v2\/users\/5"}],"replies":[{"embeddable":true,"href":"https:\/\/8streme.eu\/cs\/wp-json\/wp\/v2\/comments?post=29272"}],"version-history":[{"count":4,"href":"https:\/\/8streme.eu\/cs\/wp-json\/wp\/v2\/pages\/29272\/revisions"}],"predecessor-version":[{"id":29278,"href":"https:\/\/8streme.eu\/cs\/wp-json\/wp\/v2\/pages\/29272\/revisions\/29278"}],"wp:attachment":[{"href":"https:\/\/8streme.eu\/cs\/wp-json\/wp\/v2\/media?parent=29272"}],"curies":[{"name":"wp","href":"https:\/\/api.w.org\/{rel}","templated":true}]}}