{"id":29265,"date":"2024-01-02T16:08:25","date_gmt":"2024-01-02T15:08:25","guid":{"rendered":"https:\/\/8streme.eu\/?page_id=29265"},"modified":"2024-01-02T16:08:54","modified_gmt":"2024-01-02T15:08:54","slug":"jak-vymenit-prevodove-remeny-pro-cistic-bazenu-8streme-7310-8streme-7320","status":"publish","type":"page","link":"https:\/\/8streme.eu\/cs\/comment-remplacer-les-courroies-de-transmission-pour-robot-piscine-8streme-7310-8streme-7320\/","title":{"rendered":"Jak vym\u011bn\u00edm p\u0159evodov\u00e9 \u0159emeny pro ROBOT PISCINE 8STREME 7310, 8STREME 7320?"},"content":{"rendered":"<div data-elementor-type=\"wp-page\" data-elementor-id=\"29265\" class=\"elementor elementor-29265\" data-elementor-post-type=\"page\">\n\t\t\t\t\t\t<section class=\"elementor-section elementor-top-section elementor-element elementor-element-124ff1c elementor-section-boxed elementor-section-height-default elementor-section-height-default\" data-id=\"124ff1c\" data-element_type=\"section\" data-e-type=\"section\">\n\t\t\t\t\t\t<div class=\"elementor-container elementor-column-gap-default\">\n\t\t\t\t\t<div class=\"elementor-column elementor-col-100 elementor-top-column elementor-element elementor-element-d3146d9\" data-id=\"d3146d9\" data-element_type=\"column\" data-e-type=\"column\">\n\t\t\t<div class=\"elementor-widget-wrap elementor-element-populated\">\n\t\t\t\t\t\t<div class=\"elementor-element elementor-element-fda0baf elementor-widget elementor-widget-text-editor\" data-id=\"fda0baf\" data-element_type=\"widget\" data-e-type=\"widget\" data-widget_type=\"text-editor.default\">\n\t\t\t\t<div class=\"elementor-widget-container\">\n\t\t\t\t\t\t\t\t\t<p style=\"font-weight: 400;\">Pokud jsou p\u00e1sy opot\u0159ebovan\u00e9, hladk\u00e9 nebo zlomen\u00e9, je t\u0159eba je rychle vym\u011bnit, aby neovlivnily provoz 8STREME 7310, 8STREME 7320 SWIMMING POOL ROBOT nebo nezp\u016fsobily rychlej\u0161\u00ed opot\u0159eben\u00ed 8STREME 7310, 8STREME 7320 SWIMMING POOL ROBOT.<\/p><p style=\"font-weight: 400;\">\u00a0<\/p><h1>N\u00e1stroje k pou\u017eit\u00ed<\/h1><p style=\"font-weight: 400;\">K v\u00fdm\u011bn\u011b hnac\u00edch \u0159emen\u016f nepot\u0159ebujete \u017e\u00e1dn\u00e9 n\u00e1\u0159ad\u00ed.<\/p><h1>N\u00e1hradn\u00ed d\u00edly<\/h1><p style=\"font-weight: 400;\">V p\u0159\u00edloze naleznete odkaz na n\u00e1kup p\u0159evodov\u00fdch \u0159emen\u016f: \u00a0<\/p><p style=\"font-weight: 400;\">\u00a0<\/p><h1>Postup v\u00fdm\u011bny<\/h1><p style=\"font-weight: 400;\">P\u0159i v\u00fdm\u011bn\u011b hnac\u00edch \u0159emen\u016f doporu\u010dujeme postupovat podle videon\u00e1vodu.<\/p><p style=\"font-weight: 400;\">Odkaz na demont\u00e1\u017e a mont\u00e1\u017e hnac\u00edch \u0159emen\u016f pro 8STREME 7310, 8STREME 7320 SWIMMING POOL ROBOT:<\/p><p style=\"font-weight: 400;\"><a href=\"https:\/\/www.youtube.com\/watch?v=_O9krQNSCio&amp;list=PLWoiTHw_wDWv8tDa7QGiQrazACbyhJHXd&amp;index=2\">https:\/\/www.youtube.com\/watch?v=_O9krQNSCio&amp;list=PLWoiTHw_wDWv8tDa7QGiQrazACbyhJHXd&amp;index=2<\/a><\/p><p style=\"font-weight: 400;\">\u00a0<\/p><p style=\"font-weight: 400;\">P\u0159ed v\u00fdm\u011bnou nejprve odpojte sv\u016fj 8STREME 7310, 8STREME 7320 POOL ROBOT od s\u00edt\u011b.<\/p><p style=\"font-weight: 400;\">\u00a0<\/p><p style=\"font-weight: 400;\">\u0158emen sejmete tak, \u017ee jej ot\u00e1\u010den\u00edm v\u00e1le\u010dk\u016f sund\u00e1te z \u0159et\u011bzov\u00fdch kol.<\/p><p style=\"font-weight: 400;\">\u00a0<\/p><p style=\"font-weight: 400;\">Chcete-li nasadit nov\u00fd \u0159emen, najd\u011bte hladk\u00fd okraj a ozuben\u00fd okraj \u0159emene. Hladk\u00fd okraj \u0159emene um\u00edst\u011bte sm\u011brem ven. Nasa\u010fte \u0159emen kolem bo\u010dn\u00ed podp\u011bry a kole\u010dek a pomozte si ot\u00e1\u010den\u00edm v\u00e1le\u010dk\u016f.<\/p><p style=\"font-weight: 400;\">\u00a0<\/p><h1><strong>Obra\u0165te se na sv\u00e9ho prodejce nebo poprodejn\u00ed servis.<\/strong><\/h1><p style=\"font-weight: 400;\"><strong>V p\u0159\u00edpad\u011b probl\u00e9m\u016f s v\u00fdm\u011bnou hnac\u00edch \u0159emen\u016f se obra\u0165te na sv\u00e9ho prodejce nebo poprodejn\u00ed servis.<\/strong><\/p><p>Kontaktn\u00ed \u00fadaje z\u00e1kaznick\u00e9ho servisu 8STREME :<\/p><p>8STREME Poprodejn\u00ed servis<\/p><p>6 RUE DES FRERES MICHELIN<\/p><p>10600 LA CHAPELLE SAINT LUC<\/p><p>FRANCIE<\/p><p>03 10 64 60 26<\/p><p><a href=\"mailto:service@8streme.eu\">service@8streme.eu<\/a><\/p>\t\t\t\t\t\t\t\t<\/div>\n\t\t\t\t<\/div>\n\t\t\t\t\t<\/div>\n\t\t<\/div>\n\t\t\t\t\t<\/div>\n\t\t<\/section>\n\t\t\t\t<\/div>","protected":false},"excerpt":{"rendered":"<p>Lorsque les chenilles sont us\u00e9es, lisses, ou cass\u00e9es, il faut les changer rapidement afin que cela n\u2019alt\u00e8re pas le fonctionnement du ROBOT PISCINE\u00a08STREME 7310, 8STREME 7320\u00a0et n\u2019entraine pas une usure plus rapide du ROBOT PISCINE\u00a08STREME 7310, 8STREME 7320. \u00a0 Les &hellip; <a href=\"https:\/\/8streme.eu\/cs\/comment-remplacer-les-courroies-de-transmission-pour-robot-piscine-8streme-7310-8streme-7320\/\">P\u0159e\u010dt\u011bte si v\u00edce<\/a><\/p>","protected":false},"author":5,"featured_media":0,"parent":0,"menu_order":0,"comment_status":"closed","ping_status":"closed","template":"","meta":{"_metasync_otto_title":"Changement courroies transmission Robots Piscine 8STREME","_metasync_otto_description":"Remplacez les courroies du Robot Piscine 8STREME 7310, 8STREME 7320 facilement avec nos conseils pratiques en vid\u00e9o.","_metasync_otto_keywords":"","_metasync_otto_og_title":"","_metasync_otto_og_description":"","_metasync_otto_twitter_title":"","_metasync_otto_twitter_description":"","rank_math_title":"","rank_math_description":"","_yoast_wpseo_title":"","_yoast_wpseo_metadesc":"","_aioseo_title":"","_aioseo_description":"","_metasync_seo_title":"","_metasync_seo_desc":"","_metasync_breadcrumb_title":"","_metasync_primary_category":0,"_metasync_primary_product_cat":0,"_metasync_otto_disabled":"","_metasync_hreflang":"","_metasync_plugin_sync_ts":"","_metasync_robots_advanced":"","footnotes":""},"class_list":["post-29265","page","type-page","status-publish","hentry","_wholesalex wsx-wholesalex-product"],"_links":{"self":[{"href":"https:\/\/8streme.eu\/cs\/wp-json\/wp\/v2\/pages\/29265","targetHints":{"allow":["GET"]}}],"collection":[{"href":"https:\/\/8streme.eu\/cs\/wp-json\/wp\/v2\/pages"}],"about":[{"href":"https:\/\/8streme.eu\/cs\/wp-json\/wp\/v2\/types\/page"}],"author":[{"embeddable":true,"href":"https:\/\/8streme.eu\/cs\/wp-json\/wp\/v2\/users\/5"}],"replies":[{"embeddable":true,"href":"https:\/\/8streme.eu\/cs\/wp-json\/wp\/v2\/comments?post=29265"}],"version-history":[{"count":4,"href":"https:\/\/8streme.eu\/cs\/wp-json\/wp\/v2\/pages\/29265\/revisions"}],"predecessor-version":[{"id":29271,"href":"https:\/\/8streme.eu\/cs\/wp-json\/wp\/v2\/pages\/29265\/revisions\/29271"}],"wp:attachment":[{"href":"https:\/\/8streme.eu\/cs\/wp-json\/wp\/v2\/media?parent=29265"}],"curies":[{"name":"wp","href":"https:\/\/api.w.org\/{rel}","templated":true}]}}