{"id":29258,"date":"2024-01-02T16:07:14","date_gmt":"2024-01-02T15:07:14","guid":{"rendered":"https:\/\/8streme.eu\/?page_id=29258"},"modified":"2024-01-02T16:07:39","modified_gmt":"2024-01-02T15:07:39","slug":"jak-vymenit-pvc-kartace-u-bazenoveho-cistice-8streme-7310-8streme-7320","status":"publish","type":"page","link":"https:\/\/8streme.eu\/cs\/comment-remplacer-les-brosses-pvc-du-robot-piscine-8streme-7310-8streme-7320\/","title":{"rendered":"Jak vym\u011bn\u00edm kart\u00e1\u010de z PVC na 8STREME 7310, 8STREME 7320 SWIMMING POOL ROBOT?"},"content":{"rendered":"<div data-elementor-type=\"wp-page\" data-elementor-id=\"29258\" class=\"elementor elementor-29258\" data-elementor-post-type=\"page\">\n\t\t\t\t\t\t<section class=\"elementor-section elementor-top-section elementor-element elementor-element-437d82d elementor-section-boxed elementor-section-height-default elementor-section-height-default\" data-id=\"437d82d\" data-element_type=\"section\" data-e-type=\"section\">\n\t\t\t\t\t\t<div class=\"elementor-container elementor-column-gap-default\">\n\t\t\t\t\t<div class=\"elementor-column elementor-col-100 elementor-top-column elementor-element elementor-element-db14741\" data-id=\"db14741\" data-element_type=\"column\" data-e-type=\"column\">\n\t\t\t<div class=\"elementor-widget-wrap elementor-element-populated\">\n\t\t\t\t\t\t<div class=\"elementor-element elementor-element-d254252 elementor-widget elementor-widget-text-editor\" data-id=\"d254252\" data-element_type=\"widget\" data-e-type=\"widget\" data-widget_type=\"text-editor.default\">\n\t\t\t\t<div class=\"elementor-widget-container\">\n\t\t\t\t\t\t\t\t\t<p style=\"font-weight: 400;\">Pokud jsou PVC kart\u00e1\u010de opot\u0159ebovan\u00e9 nebo zlomen\u00e9, je t\u0159eba je rychle vym\u011bnit, aby neovlivnily provoz 8STREME 7310, 8STREME 7320 SWIMMING POOL ROBOT nebo nezp\u016fsobily rychlej\u0161\u00ed opot\u0159eben\u00ed SWIMMING POOL ROBOT.<\/p><p style=\"font-weight: 400;\">\u00a0<\/p><h1>N\u00e1stroje k pou\u017eit\u00ed<\/h1><p style=\"font-weight: 400;\">K v\u00fdm\u011bn\u011b kart\u00e1\u010d\u016f z PVC nepot\u0159ebujete \u017e\u00e1dn\u00e9 n\u00e1\u0159ad\u00ed.<\/p><h1>N\u00e1hradn\u00ed d\u00edly<\/h1><p style=\"font-weight: 400;\">V p\u0159\u00edloze naleznete odkaz na n\u00e1kup kart\u00e1\u010d\u016f na PVC:\u00a0<a href=\"https:\/\/8streme.eu\/cs\/product\/sada-stetcu-na-pvc-5-ks-71180\/\">https:\/\/8streme.eu\/produit\/ensemble-de-brosse-de-pvc-5-pcs-71180\/<\/a><\/p><p style=\"font-weight: 400;\">\u00a0<\/p><h1>Postup v\u00fdm\u011bny<\/h1><p style=\"font-weight: 400;\">P\u0159i v\u00fdm\u011bn\u011b kart\u00e1\u010d\u016f z PVC doporu\u010dujeme postupovat podle videon\u00e1vodu.<\/p><p style=\"font-weight: 400;\">Odkaz na v\u00fdm\u011bnu kart\u00e1\u010d\u016f z PVC na 8STREME 7310, 8STREME 7320 SWIMMING POOL ROBOT:<\/p><p style=\"font-weight: 400;\"><a href=\"https:\/\/www.youtube.com\/watch?v=JAWWgYJ_z4M&amp;list=PLWoiTHw_wDWv8tDa7QGiQrazACbyhJHXd&amp;index=10\">https:\/\/www.youtube.com\/watch?v=JAWWgYJ_z4M&amp;list=PLWoiTHw_wDWv8tDa7QGiQrazACbyhJHXd&amp;index=10<\/a><\/p><p style=\"font-weight: 400;\">\u00a0<\/p><p style=\"font-weight: 400;\">Pro snadn\u00e9 pou\u017eit\u00ed doporu\u010dujeme v\u00e1lec demontovat.<\/p><p style=\"font-weight: 400;\">Odkaz na demont\u00e1\u017e v\u00e1lc\u016f ROBOT PISCINE 8STREME 7310, 8STREME 7320 :<\/p><p style=\"font-weight: 400;\"><a href=\"https:\/\/www.youtube.com\/watch?v=BEJbVVmLMVM&amp;list=PLWoiTHw_wDWv8tDa7QGiQrazACbyhJHXd&amp;index=8\">https:\/\/www.youtube.com\/watch?v=BEJbVVmLMVM&amp;list=PLWoiTHw_wDWv8tDa7QGiQrazACbyhJHXd&amp;index=8<\/a><\/p><p style=\"font-weight: 400;\">\u00a0<\/p><p style=\"font-weight: 400;\">Odkaz na sestavu v\u00e1lc\u016f ROBOT PISCINE 8STREME 7310, 8STREME 7320 :<\/p><p style=\"font-weight: 400;\"><a href=\"https:\/\/www.youtube.com\/watch?v=mU-q6TRrOO8&amp;list=PLWoiTHw_wDWv8tDa7QGiQrazACbyhJHXd&amp;index=9\">https:\/\/www.youtube.com\/watch?v=mU-q6TRrOO8&amp;list=PLWoiTHw_wDWv8tDa7QGiQrazACbyhJHXd&amp;index=9<\/a><\/p><p style=\"font-weight: 400;\">\u00a0<\/p><p style=\"font-weight: 400;\">\u00a0<\/p><p style=\"font-weight: 400;\">\u00a0<\/p><p style=\"font-weight: 400;\">P\u0159ed v\u00fdm\u011bnou nejprve odpojte sv\u016fj 8STREME 7310, 8STREME 7320 POOL ROBOT od s\u00edt\u011b.<\/p><p style=\"font-weight: 400;\">\u00a0<\/p><p style=\"font-weight: 400;\">Chcete-li vyjmout kart\u00e1\u010d z PVC, jednodu\u0161e odstra\u0148te svorky kart\u00e1\u010de a malou plastovou z\u00e1tku.<\/p><p style=\"font-weight: 400;\">\u00a0<\/p><p style=\"font-weight: 400;\">Chcete-li namontovat nov\u00fd kart\u00e1\u010d, najd\u011bte spr\u00e1vn\u00fd kart\u00e1\u010d z PVC na spr\u00e1vn\u00e9m m\u00edst\u011b. M\u011bl by b\u00fdt instalov\u00e1n s v\u00fdstupkem v otvorech ve v\u00e1lci, kter\u00e9 jsou k tomuto \u00fa\u010delu ur\u010deny. Kart\u00e1\u010de mus\u00edte instalovat ve stejn\u00e9m sm\u011bru jako upev\u0148ovac\u00ed prvky, p\u0159i\u010dem\u017e jeden mus\u00ed b\u00fdt upevn\u011bn na druh\u00e9m.<\/p><p style=\"font-weight: 400;\">Po instalaci vym\u011b\u0148te malou plastovou z\u00e1tku v otvoru, kter\u00fd je k tomu ur\u010den.<\/p><p style=\"font-weight: 400;\">\u00a0<\/p><p style=\"font-weight: 400;\">\u00a0<\/p><h1><strong>Obra\u0165te se na sv\u00e9ho prodejce nebo poprodejn\u00ed servis.<\/strong><\/h1><p style=\"font-weight: 400;\"><strong>V p\u0159\u00edpad\u011b probl\u00e9m\u016f s v\u00fdm\u011bnou hnac\u00edch \u0159emen\u016f se obra\u0165te na sv\u00e9ho prodejce nebo poprodejn\u00ed servis.<\/strong><\/p><p>Kontaktn\u00ed \u00fadaje z\u00e1kaznick\u00e9ho servisu 8STREME :<\/p><p>8STREME Poprodejn\u00ed servis<\/p><p>6 RUE DES FRERES MICHELIN<\/p><p>10600 LA CHAPELLE SAINT LUC<\/p><p>FRANCIE<\/p><p>03 10 64 60 26<\/p><p><a href=\"mailto:service@8streme.eu\">service@8streme.eu<\/a><\/p>\t\t\t\t\t\t\t\t<\/div>\n\t\t\t\t<\/div>\n\t\t\t\t\t<\/div>\n\t\t<\/div>\n\t\t\t\t\t<\/div>\n\t\t<\/section>\n\t\t\t\t<\/div>","protected":false},"excerpt":{"rendered":"<p>Lorsque les brosses PVC sont us\u00e9es ou cass\u00e9es, il faut les changer rapidement afin que cela n\u2019alt\u00e8re pas le fonctionnement du ROBOT PISCINE\u00a08STREME 7310, 8STREME 7320\u00a0et n\u2019entraine pas une usure plus rapide du ROBOT PISCINE. \u00a0 Les outils \u00e0 utiliser &hellip; <a href=\"https:\/\/8streme.eu\/cs\/comment-remplacer-les-brosses-pvc-du-robot-piscine-8streme-7310-8streme-7320\/\">P\u0159e\u010dt\u011bte si v\u00edce<\/a><\/p>","protected":false},"author":5,"featured_media":0,"parent":0,"menu_order":0,"comment_status":"closed","ping_status":"closed","template":"","meta":{"_metasync_otto_title":"","_metasync_otto_description":"","_metasync_otto_keywords":"","_metasync_otto_og_title":"","_metasync_otto_og_description":"","_metasync_otto_twitter_title":"","_metasync_otto_twitter_description":"","rank_math_title":"","rank_math_description":"","_yoast_wpseo_title":"","_yoast_wpseo_metadesc":"","_aioseo_title":"","_aioseo_description":"","_metasync_seo_title":"","_metasync_seo_desc":"","_metasync_breadcrumb_title":"","_metasync_primary_category":0,"_metasync_primary_product_cat":0,"_metasync_otto_disabled":"","_metasync_hreflang":"","_metasync_plugin_sync_ts":"","_metasync_robots_advanced":"","footnotes":""},"class_list":["post-29258","page","type-page","status-publish","hentry","_wholesalex wsx-wholesalex-product"],"_links":{"self":[{"href":"https:\/\/8streme.eu\/cs\/wp-json\/wp\/v2\/pages\/29258","targetHints":{"allow":["GET"]}}],"collection":[{"href":"https:\/\/8streme.eu\/cs\/wp-json\/wp\/v2\/pages"}],"about":[{"href":"https:\/\/8streme.eu\/cs\/wp-json\/wp\/v2\/types\/page"}],"author":[{"embeddable":true,"href":"https:\/\/8streme.eu\/cs\/wp-json\/wp\/v2\/users\/5"}],"replies":[{"embeddable":true,"href":"https:\/\/8streme.eu\/cs\/wp-json\/wp\/v2\/comments?post=29258"}],"version-history":[{"count":4,"href":"https:\/\/8streme.eu\/cs\/wp-json\/wp\/v2\/pages\/29258\/revisions"}],"predecessor-version":[{"id":29264,"href":"https:\/\/8streme.eu\/cs\/wp-json\/wp\/v2\/pages\/29258\/revisions\/29264"}],"wp:attachment":[{"href":"https:\/\/8streme.eu\/cs\/wp-json\/wp\/v2\/media?parent=29258"}],"curies":[{"name":"wp","href":"https:\/\/api.w.org\/{rel}","templated":true}]}}