{"id":29251,"date":"2024-01-02T16:05:36","date_gmt":"2024-01-02T15:05:36","guid":{"rendered":"https:\/\/8streme.eu\/?page_id=29251"},"modified":"2024-01-02T16:06:10","modified_gmt":"2024-01-02T15:06:10","slug":"jak-vymenit-lecrou-detancheite-du-robot-piscine-8streme-5210-j200-5212-5220-luna-10-5222-5310-7310-7320","status":"publish","type":"page","link":"https:\/\/8streme.eu\/cs\/comment-remplacer-le-lecrou-detancheite-du-robot-piscine-8streme-5210-j200-5212-5220-luna-10-5222-5310-7310-7320\/","title":{"rendered":"Jak vym\u011bn\u00edm t\u011bsnic\u00ed matici u ROBOT PISCINE 8STREME 5210-J200, 5212, 5220-LUNA 10, 5222, 5310, 7310, 7320?"},"content":{"rendered":"<div data-elementor-type=\"wp-page\" data-elementor-id=\"29251\" class=\"elementor elementor-29251\" data-elementor-post-type=\"page\">\n\t\t\t\t\t\t<section class=\"elementor-section elementor-top-section elementor-element elementor-element-dbb6db6 elementor-section-boxed elementor-section-height-default elementor-section-height-default\" data-id=\"dbb6db6\" data-element_type=\"section\" data-e-type=\"section\">\n\t\t\t\t\t\t<div class=\"elementor-container elementor-column-gap-default\">\n\t\t\t\t\t<div class=\"elementor-column elementor-col-100 elementor-top-column elementor-element elementor-element-3c44632\" data-id=\"3c44632\" data-element_type=\"column\" data-e-type=\"column\">\n\t\t\t<div class=\"elementor-widget-wrap elementor-element-populated\">\n\t\t\t\t\t\t<div class=\"elementor-element elementor-element-cee434f elementor-widget elementor-widget-text-editor\" data-id=\"cee434f\" data-element_type=\"widget\" data-e-type=\"widget\" data-widget_type=\"text-editor.default\">\n\t\t\t\t<div class=\"elementor-widget-container\">\n\t\t\t\t\t\t\t\t\t<p>Pokud dojde k po\u0161kozen\u00ed t\u011bsnic\u00ed matice, je t\u0159eba ji rychle vym\u011bnit, aby nedo\u0161lo k ovlivn\u011bn\u00ed provozu ROBOT POOL 8STREME 5210-J200, 8STREME 5212, 8STREME 5220-LUNA 10, 8STREME 5222, 8STREME 5310, 8STREME 7310, 8STREME 7320 a nezp\u016fsobuje rychlej\u0161\u00ed opot\u0159eben\u00ed ROBOTU POOL 8STREME 5210-J200, 8STREME 5212, 8STREME 5220-LUNA 10, 8STREME 5222, 8STREME 5310, 8STREME 7310, 8STREME 7320.<\/p><p>\u00a0<\/p><h1>N\u00e1stroje k pou\u017eit\u00ed<\/h1><p>K v\u00fdm\u011bn\u011b rychlovypou\u0161t\u011bc\u00edho ventilu pot\u0159ebujete :<\/p><p>- K\u0159\u00ed\u017eov\u00fd \u0161roubov\u00e1k<\/p><p>\u00a0<\/p><h1>N\u00e1hradn\u00ed d\u00edly<\/h1><p>V p\u0159\u00edloze naleznete odkaz na n\u00e1kup t\u011bsnic\u00ed matice:\u00a0<a href=\"https:\/\/8streme.eu\/cs\/product\/2dilna-nahradni-matice-pro-kabel-robota\/\">https:\/\/8streme.eu\/produit\/ecrou-de-remplacement-2-pieces-pour-cable-robot\/<\/a><\/p><p>\u00a0<\/p><h1>Postup v\u00fdm\u011bny<\/h1><p>P\u0159i v\u00fdm\u011bn\u011b t\u011bsnic\u00ed matice doporu\u010dujeme postupovat podle videon\u00e1vodu.<\/p><p>Odkaz na v\u00fdm\u011bnu t\u011bsnic\u00ed matice baz\u00e9nu ROBOT 8STREME 5210-J200, 8STREME 5212, 8STREME 5220-LUNA 10, 8STREME 5222, 8STREME 5310, 8STREME 7310, 8STREME 7320 :<\/p><p><a href=\"https:\/\/www.youtube.com\/watch?v=Qg9ONZi5Hz8&amp;list=PLWoiTHw_wDWv8tDa7QGiQrazACbyhJHXd&amp;index=13\">https:\/\/www.youtube.com\/watch?v=Qg9ONZi5Hz8&amp;list=PLWoiTHw_wDWv8tDa7QGiQrazACbyhJHXd&amp;index=13<\/a><\/p><p>\u00a0<\/p><p>Nejprve je t\u0159eba odpojit v\u00e1\u0161 ROBOT POOL 8STREME 5210-J200, 8STREME 5212, 8STREME 5220-LUNA 10, 8STREME 5222, 8STREME 5310, 8STREME 7310, 8STREME 7320, ne\u017e p\u0159istoup\u00edte k v\u00fdm\u011bn\u011b.<\/p><p>\u00a0<\/p><p>Chcete-li t\u011bsnic\u00ed matici vyjmout, jednodu\u0161e zlomte plast tak, aby se rozd\u011blil na dv\u011b \u010d\u00e1sti.<\/p><p>\u00a0<\/p><p>Chcete-li nasadit novou t\u011bsnic\u00ed matici, sestavte sam\u010d\u00ed a sami\u010d\u00ed \u010d\u00e1st dohromady a vlo\u017ete mezi n\u011b plovouc\u00ed kabel. Pot\u00e9 ut\u00e1hn\u011bte \u0161est \u0161roub\u016f k\u0159\u00ed\u017eov\u00fdm \u0161roubov\u00e1kem. Dva nejmen\u0161\u00ed \u0161rouby se za\u0161roubuj\u00ed do horn\u00ed \u010d\u00e1sti t\u011bsnic\u00ed matice a dal\u0161\u00ed \u010dty\u0159i \u0161rouby se za\u0161roubuj\u00ed do st\u0159edu a spodn\u00ed \u010d\u00e1sti matice.\u00a0<\/p><p>\u00a0<\/p><p>\u00a0<\/p><h1>Obra\u0165te se na sv\u00e9ho prodejce nebo poprodejn\u00ed servis.<\/h1><p>V p\u0159\u00edpad\u011b probl\u00e9m\u016f s v\u00fdm\u011bnou matice se obra\u0165te na sv\u00e9ho prodejce nebo poprodejn\u00ed servis.<\/p><p>Kontaktn\u00ed \u00fadaje z\u00e1kaznick\u00e9ho servisu 8STREME :<\/p><p>8STREME Poprodejn\u00ed servis<\/p><p>6 RUE DES FRERES MICHELIN<\/p><p>10600 LA CHAPELLE SAINT LUC<\/p><p>FRANCIE<\/p><p>03 10 64 60 26<\/p><p><a href=\"mailto:service@8streme.eu\">service@8streme.eu<\/a><\/p>\t\t\t\t\t\t\t\t<\/div>\n\t\t\t\t<\/div>\n\t\t\t\t\t<\/div>\n\t\t<\/div>\n\t\t\t\t\t<\/div>\n\t\t<\/section>\n\t\t\t\t<\/div>","protected":false},"excerpt":{"rendered":"<p>Lorsque l\u2019\u00e9crou d\u2019\u00e9tanch\u00e9it\u00e9 est cass\u00e9, il faut le changer rapidement afin que cela n\u2019alt\u00e8re pas le fonctionnement du ROBOT PISCINE\u00a08STREME 5210-J200, 8STREME 5212, 8STREME 5220-LUNA 10, 8STREME 5222, 8STREME 5310, 8STREME 7310, 8STREME 7320\u00a0et n\u2019entraine pas une usure plus rapide &hellip; <a href=\"https:\/\/8streme.eu\/cs\/comment-remplacer-le-lecrou-detancheite-du-robot-piscine-8streme-5210-j200-5212-5220-luna-10-5222-5310-7310-7320\/\">P\u0159e\u010dt\u011bte si v\u00edce<\/a><\/p>","protected":false},"author":5,"featured_media":0,"parent":0,"menu_order":0,"comment_status":"closed","ping_status":"closed","template":"","meta":{"_metasync_otto_title":"","_metasync_otto_description":"","_metasync_otto_keywords":"","_metasync_otto_og_title":"","_metasync_otto_og_description":"","_metasync_otto_twitter_title":"","_metasync_otto_twitter_description":"","rank_math_title":"","rank_math_description":"","_yoast_wpseo_title":"","_yoast_wpseo_metadesc":"","_aioseo_title":"","_aioseo_description":"","_metasync_seo_title":"","_metasync_seo_desc":"","_metasync_breadcrumb_title":"","_metasync_primary_category":0,"_metasync_primary_product_cat":0,"_metasync_otto_disabled":"","_metasync_hreflang":"","_metasync_plugin_sync_ts":"","_metasync_robots_advanced":"","footnotes":""},"class_list":["post-29251","page","type-page","status-publish","hentry","_wholesalex wsx-wholesalex-product"],"_links":{"self":[{"href":"https:\/\/8streme.eu\/cs\/wp-json\/wp\/v2\/pages\/29251","targetHints":{"allow":["GET"]}}],"collection":[{"href":"https:\/\/8streme.eu\/cs\/wp-json\/wp\/v2\/pages"}],"about":[{"href":"https:\/\/8streme.eu\/cs\/wp-json\/wp\/v2\/types\/page"}],"author":[{"embeddable":true,"href":"https:\/\/8streme.eu\/cs\/wp-json\/wp\/v2\/users\/5"}],"replies":[{"embeddable":true,"href":"https:\/\/8streme.eu\/cs\/wp-json\/wp\/v2\/comments?post=29251"}],"version-history":[{"count":4,"href":"https:\/\/8streme.eu\/cs\/wp-json\/wp\/v2\/pages\/29251\/revisions"}],"predecessor-version":[{"id":29257,"href":"https:\/\/8streme.eu\/cs\/wp-json\/wp\/v2\/pages\/29251\/revisions\/29257"}],"wp:attachment":[{"href":"https:\/\/8streme.eu\/cs\/wp-json\/wp\/v2\/media?parent=29251"}],"curies":[{"name":"wp","href":"https:\/\/api.w.org\/{rel}","templated":true}]}}