{"id":29244,"date":"2024-01-02T16:03:18","date_gmt":"2024-01-02T15:03:18","guid":{"rendered":"https:\/\/8streme.eu\/?page_id=29244"},"modified":"2024-01-02T16:04:25","modified_gmt":"2024-01-02T15:04:25","slug":"jak-vymenit-kryt-bazenoveho-cistice-8streme-7310-8streme-7320","status":"publish","type":"page","link":"https:\/\/8streme.eu\/cs\/comment-remplacer-le-couvercle-du-robot-piscine-8streme-7310-8streme-7320\/","title":{"rendered":"Jak vym\u011bn\u00edm kryt na 8STREME 7310, 8STREME 7320 SWIMMING POOL ROBOT?"},"content":{"rendered":"<div data-elementor-type=\"wp-page\" data-elementor-id=\"29244\" class=\"elementor elementor-29244\" data-elementor-post-type=\"page\">\n\t\t\t\t\t\t<section class=\"elementor-section elementor-top-section elementor-element elementor-element-e1a7524 elementor-section-boxed elementor-section-height-default elementor-section-height-default\" data-id=\"e1a7524\" data-element_type=\"section\" data-e-type=\"section\">\n\t\t\t\t\t\t<div class=\"elementor-container elementor-column-gap-default\">\n\t\t\t\t\t<div class=\"elementor-column elementor-col-100 elementor-top-column elementor-element elementor-element-b5bb566\" data-id=\"b5bb566\" data-element_type=\"column\" data-e-type=\"column\">\n\t\t\t<div class=\"elementor-widget-wrap elementor-element-populated\">\n\t\t\t\t\t\t<div class=\"elementor-element elementor-element-179e30a elementor-widget elementor-widget-text-editor\" data-id=\"179e30a\" data-element_type=\"widget\" data-e-type=\"widget\" data-widget_type=\"text-editor.default\">\n\t\t\t\t<div class=\"elementor-widget-container\">\n\t\t\t\t\t\t\t\t\t<p>Pokud je kryt zlomen\u00fd nebo praskl\u00fd, je t\u0159eba jej rychle vym\u011bnit, aby neovlivnil provoz 8STREME 7310, 8STREME 7320 SWIMMING POOL ROBOT a nezp\u016fsobil rychlej\u0161\u00ed opot\u0159eben\u00ed 8STREME 7310, 8STREME 7320 SWIMMING POOL ROBOT.<\/p><p>\u00a0<\/p><h1>N\u00e1stroje k pou\u017eit\u00ed<\/h1><p>K v\u00fdm\u011bn\u011b krytu pot\u0159ebujete :<\/p><ul><li>K\u0159\u00ed\u017eov\u00fd \u0161roubov\u00e1k<\/li><\/ul><p>\u00a0<\/p><h1>N\u00e1hradn\u00ed d\u00edly<\/h1><p>V p\u0159\u00edloze naleznete odkaz na zakoupen\u00ed obalu: \u00a0<a href=\"https:\/\/8streme.eu\/cs\/product\/horni-kryt-koure-71020\/\">https:\/\/8streme.eu\/produit\/couvercle-superieur-fume-71020\/<\/a><\/p><p>\u00a0<\/p><h1>Postup v\u00fdm\u011bny<\/h1><p>P\u0159i v\u00fdm\u011bn\u011b krytu doporu\u010dujeme postupovat podle videon\u00e1vodu.<\/p><p>Odkaz na n\u00e1hradn\u00ed kryt pro 8STREME 7310, 8STREME 7320 SWIMMING POOL ROBOT : <a href=\"https:\/\/www.youtube.com\/watch?v=gTqU9o5udOU&amp;list=PLWoiTHw_wDWv8tDa7QGiQrazACbyhJHXd&amp;index=12\">https:\/\/www.youtube.com\/watch?v=gTqU9o5udOU&amp;list=PLWoiTHw_wDWv8tDa7QGiQrazACbyhJHXd&amp;index=12<\/a><\/p><p>\u00a0<\/p><p>P\u0159ed v\u00fdm\u011bnou nejprve odpojte sv\u016fj 8STREME 7310, 8STREME 7320 POOL ROBOT od s\u00edt\u011b.<\/p><p>\u00a0<\/p><p>Chcete-li kryt sejmout, odstra\u0148te dv\u011b krytky \u0161roub\u016f na obou stran\u00e1ch krytu a pot\u00e9 k\u0159\u00ed\u017eov\u00fdmi \u0161roubov\u00e1ky od\u0161roubujte dva dr\u017e\u00e1ky. Sou\u010d\u00e1sti ulo\u017ete na bezpe\u010dn\u00e9 m\u00edsto.<\/p><p>Po od\u0161roubov\u00e1n\u00ed sejm\u011bte kryt.<\/p><p>\u00a0<\/p><p>Chcete-li namontovat nov\u00fd kryt, vym\u011b\u0148te nov\u00fd kryt a p\u0159ipevn\u011bte k n\u011bmu dr\u017e\u00e1ky. Ut\u00e1hn\u011bte k\u0159\u00ed\u017eov\u00fdm \u0161roubov\u00e1kem a nasa\u010fte krytky \u0161roub\u016f.<\/p><p>\u00a0<\/p><p>\u00a0<\/p><h1><strong>Obra\u0165te se na sv\u00e9ho prodejce nebo poprodejn\u00ed servis.<\/strong><\/h1><p><strong>V p\u0159\u00edpad\u011b probl\u00e9m\u016f s v\u00fdm\u011bnou hnac\u00edch \u0159emen\u016f se obra\u0165te na sv\u00e9ho prodejce nebo poprodejn\u00ed servis. <\/strong><\/p><p>Kontaktn\u00ed \u00fadaje z\u00e1kaznick\u00e9ho servisu 8STREME :<\/p><p>8STREME Poprodejn\u00ed servis<\/p><p>6 RUE DES FRERES MICHELIN<\/p><p>10600 LA CHAPELLE SAINT LUC<\/p><p>FRANCIE<\/p><p>03 10 64 60 26<\/p><p><a href=\"mailto:service@8streme.eu\">service@8streme.eu<\/a><\/p>\t\t\t\t\t\t\t\t<\/div>\n\t\t\t\t<\/div>\n\t\t\t\t\t<\/div>\n\t\t<\/div>\n\t\t\t\t\t<\/div>\n\t\t<\/section>\n\t\t\t\t<\/div>","protected":false},"excerpt":{"rendered":"<p>Lorsque le couvercle est cass\u00e9 ou fissur\u00e9, il faut le changer rapidement afin que cela n\u2019alt\u00e8re pas le fonctionnement du ROBOT PISCINE 8STREME 7310, 8STREME 7320 et n\u2019entraine pas une usure plus rapide du ROBOT PISCINE 8STREME 7310, 8STREME 7320. &hellip; <a href=\"https:\/\/8streme.eu\/cs\/comment-remplacer-le-couvercle-du-robot-piscine-8streme-7310-8streme-7320\/\">P\u0159e\u010dt\u011bte si v\u00edce<\/a><\/p>","protected":false},"author":5,"featured_media":0,"parent":0,"menu_order":0,"comment_status":"closed","ping_status":"closed","template":"","meta":{"_metasync_otto_title":"Remplacer le couvercle du Robot Piscine 8streme - Guide","_metasync_otto_description":"D\u00e9couvrez comment remplacer le couvercle du Robot Piscine 8STREME 7310, 8STREME 7320. Suivez notre vid\u00e9o tutoriel pour un remplacement facile et efficace.","_metasync_otto_keywords":"","_metasync_otto_og_title":"","_metasync_otto_og_description":"","_metasync_otto_twitter_title":"","_metasync_otto_twitter_description":"","rank_math_title":"","rank_math_description":"","_yoast_wpseo_title":"","_yoast_wpseo_metadesc":"","_aioseo_title":"","_aioseo_description":"","_metasync_seo_title":"","_metasync_seo_desc":"","_metasync_breadcrumb_title":"","_metasync_primary_category":0,"_metasync_primary_product_cat":0,"_metasync_otto_disabled":"","_metasync_hreflang":"","_metasync_plugin_sync_ts":"","_metasync_robots_advanced":"","footnotes":""},"class_list":["post-29244","page","type-page","status-publish","hentry","_wholesalex wsx-wholesalex-product"],"_links":{"self":[{"href":"https:\/\/8streme.eu\/cs\/wp-json\/wp\/v2\/pages\/29244","targetHints":{"allow":["GET"]}}],"collection":[{"href":"https:\/\/8streme.eu\/cs\/wp-json\/wp\/v2\/pages"}],"about":[{"href":"https:\/\/8streme.eu\/cs\/wp-json\/wp\/v2\/types\/page"}],"author":[{"embeddable":true,"href":"https:\/\/8streme.eu\/cs\/wp-json\/wp\/v2\/users\/5"}],"replies":[{"embeddable":true,"href":"https:\/\/8streme.eu\/cs\/wp-json\/wp\/v2\/comments?post=29244"}],"version-history":[{"count":4,"href":"https:\/\/8streme.eu\/cs\/wp-json\/wp\/v2\/pages\/29244\/revisions"}],"predecessor-version":[{"id":29250,"href":"https:\/\/8streme.eu\/cs\/wp-json\/wp\/v2\/pages\/29244\/revisions\/29250"}],"wp:attachment":[{"href":"https:\/\/8streme.eu\/cs\/wp-json\/wp\/v2\/media?parent=29244"}],"curies":[{"name":"wp","href":"https:\/\/api.w.org\/{rel}","templated":true}]}}