{"id":29230,"date":"2024-01-02T15:58:16","date_gmt":"2024-01-02T14:58:16","guid":{"rendered":"https:\/\/8streme.eu\/?page_id=29230"},"modified":"2024-01-02T15:59:02","modified_gmt":"2024-01-02T14:59:02","slug":"jak-vymenit-blok-motoru-u-bazenoveho-cistice-8streme-7310-8streme-7320","status":"publish","type":"page","link":"https:\/\/8streme.eu\/cs\/comment-remplacer-le-bloc-moteur-du-robot-piscine-8streme-7310-8streme-7320\/","title":{"rendered":"Jak vym\u011bn\u00edm motorovou jednotku v 8STREME 7310, 8STREME 7320 SWIMMING POOL ROBOT?"},"content":{"rendered":"<div data-elementor-type=\"wp-page\" data-elementor-id=\"29230\" class=\"elementor elementor-29230\" data-elementor-post-type=\"page\">\n\t\t\t\t\t\t<section class=\"elementor-section elementor-top-section elementor-element elementor-element-e1f25f5 elementor-section-boxed elementor-section-height-default elementor-section-height-default\" data-id=\"e1f25f5\" data-element_type=\"section\" data-e-type=\"section\">\n\t\t\t\t\t\t<div class=\"elementor-container elementor-column-gap-default\">\n\t\t\t\t\t<div class=\"elementor-column elementor-col-100 elementor-top-column elementor-element elementor-element-822c59c\" data-id=\"822c59c\" data-element_type=\"column\" data-e-type=\"column\">\n\t\t\t<div class=\"elementor-widget-wrap elementor-element-populated\">\n\t\t\t\t\t\t<div class=\"elementor-element elementor-element-7df123a elementor-widget elementor-widget-text-editor\" data-id=\"7df123a\" data-element_type=\"widget\" data-e-type=\"widget\" data-widget_type=\"text-editor.default\">\n\t\t\t\t<div class=\"elementor-widget-container\">\n\t\t\t\t\t\t\t\t\t<p>Pokud je blok motoru opot\u0159ebovan\u00fd nebo se porouch\u00e1, je t\u0159eba jej rychle vym\u011bnit, aby neovlivnil provoz 8STREME 7310, 8STREME 7320 POOL ROBOT a nezp\u016fsobil rychlej\u0161\u00ed opot\u0159eben\u00ed 8STREME 7310, 8STREME 7320 POOL ROBOT.<\/p><p>\u00a0<\/p><h1>N\u00e1stroje k pou\u017eit\u00ed<\/h1><p>K v\u00fdm\u011bn\u011b v\u00e1le\u010dku pot\u0159ebujete :<\/p><ul><li>imbusov\u00fd kl\u00ed\u010d<\/li><li>K\u0159\u00ed\u017eov\u00fd \u0161roubov\u00e1k<\/li><li>Ploch\u00fd \u0161roubov\u00e1k<\/li><li>Kl\u00ed\u010d od motoru<\/li><\/ul><p>\u00a0<\/p><h1>N\u00e1hradn\u00ed d\u00edly<\/h1><p>V p\u0159\u00edloze naleznete odkaz na n\u00e1kup bloku motoru: <a href=\"https:\/\/8streme.eu\/cs\/product\/motorova-jednotka-cerpadla-71050\/\">https:\/\/8streme.eu\/produit\/bloc-moteur-de-la-pompe-71050\/<\/a><\/p><p>\u00a0<\/p><p>Kl\u00ed\u010d od motoru bude vlo\u017een do obalu.<\/p><h1>Postup v\u00fdm\u011bny<\/h1><p>P\u0159i v\u00fdm\u011bn\u011b bloku motoru doporu\u010dujeme postupovat podle videon\u00e1vodu.<\/p><p>\u00a0<\/p><p>Odkaz na demont\u00e1\u017e motoru 8STREME 7310, 8STREME 7320 SWIMMING POOL ROBOT: <a href=\"https:\/\/www.youtube.com\/watch?v=-q-rfdu2Wy8&amp;list=PLWoiTHw_wDWv8tDa7QGiQrazACbyhJHXd&amp;index=3\">https:\/\/www.youtube.com\/watch?v=-q-rfdu2Wy8&amp;list=PLWoiTHw_wDWv8tDa7QGiQrazACbyhJHXd&amp;index=3<\/a><\/p><p>\u00a0<\/p><p>8STREME 7310, 8STREME 7320 SWIMMING POOL ROBOT sestava motoru odkaz:<\/p><p><a href=\"https:\/\/www.youtube.com\/watch?v=ItmaF-YrXz4&amp;list=PLWoiTHw_wDWv8tDa7QGiQrazACbyhJHXd&amp;index=4\">https:\/\/www.youtube.com\/watch?v=ItmaF-YrXz4&amp;list=PLWoiTHw_wDWv8tDa7QGiQrazACbyhJHXd&amp;index=4<\/a> \u00a0<\/p><p>\u00a0<\/p><p>P\u0159ed v\u00fdm\u011bnou nejprve odpojte sv\u016fj 8STREME 7310, 8STREME 7320 POOL ROBOT od s\u00edt\u011b.<\/p><p>\u00a0<\/p><p>Otev\u0159ete v\u00edko kuchy\u0148sk\u00e9ho robotu a vyjm\u011bte filtra\u010dn\u00ed ko\u0161 zata\u017een\u00edm za \u00fachyty ko\u0161e.<\/p><p>Chcete-li motor demontovat, jednodu\u0161e vy\u0161roubujte \u010dty\u0159i imbusov\u00e9 \u0161rouby pomoc\u00ed imbusov\u00e9ho kl\u00ed\u010de um\u00edst\u011bn\u00e9ho v roz\u00edch uvnit\u0159 robota. Oto\u010dte robota a od\u0161roubujte dva mal\u00e9 \u0161rouby na dvou vn\u011bj\u0161\u00edch kole\u010dk\u00e1ch a ob\u011b kole\u010dka vyjm\u011bte.<\/p><p>Pot\u00e9 odstra\u0148te \u010dty\u0159i \u0161rouby, kter\u00e9 dr\u017e\u00ed z\u00e1kladnu robota, a zvedn\u011bte ji tahem na obou stran\u00e1ch.<\/p><p>Po sejmut\u00ed z\u00e1kladny vy\u0161roubujte t\u0159i \u0161rouby, kter\u00e9 dr\u017e\u00ed motorovou jednotku na m\u00edst\u011b.<\/p><p>Oto\u010dte robota pravou stranou nahoru a ploch\u00fdm \u0161roubov\u00e1kem odklopte m\u0159\u00ed\u017eku motoru na horn\u00ed stran\u011b.<\/p><p>Otev\u0159ete kryt a vyjm\u011bte motorovou jednotku tak, \u017ee ji zvednete a vyklop\u00edte ven.<\/p><p>Pomoc\u00ed kl\u00ed\u010de motoru vy\u0161roubujte \u010dernou matici na bloku motoru a pot\u00e9 vyjm\u011bte plovouc\u00ed kabel z bloku motoru.<\/p><p>\u00a0<\/p><p>V\u0161echny d\u00edly nechte stranou.\u00a0<\/p><p>\u00a0<\/p><p>Chcete-li namontovat nov\u00fd motor, zapojte plovouc\u00ed kabel do nov\u00e9 motorov\u00e9 jednotky a pomoc\u00ed kl\u00ed\u010de motoru na\u0161roubujte \u010dernou matici na motor.<\/p><p>Vra\u0165te blok motoru do robota a oto\u010dte robota.<\/p><p>Ut\u00e1hn\u011bte t\u0159i \u0161rouby, kter\u00e9 dr\u017e\u00ed motorovou jednotku na m\u00edst\u011b.<\/p><p>Nasa\u010fte z\u00e1kladnu na pl\u00e1\u0161\u0165 robota ve spr\u00e1vn\u00e9m sm\u011bru. Ut\u00e1hn\u011bte \u010dty\u0159i \u0161rouby, kter\u00e9 dr\u017e\u00ed z\u00e1kladnu na pl\u00e1\u0161ti robota. Vym\u011b\u0148te ob\u011b kole\u010dka s jejich plastov\u00fdmi podp\u011brami a ut\u00e1hn\u011bte dva mal\u00e9 \u0161rouby.<\/p><p>Oto\u010dte robota pravou stranou nahoru a za\u0161roubujte \u010dty\u0159i imbusov\u00e9 \u0161rouby zp\u011bt do robota.<\/p><p>Znovu nasa\u010fte m\u0159\u00ed\u017eku motoru a dbejte na to, abyste \u010dern\u00e9 t\u011bsn\u011bn\u00ed kabelu um\u00edstili na spr\u00e1vn\u00e9 m\u00edsto na m\u0159\u00ed\u017ece.<\/p><p>\u00a0<\/p><h1><strong>Obra\u0165te se na sv\u00e9ho prodejce nebo poprodejn\u00ed servis.<\/strong><\/h1><p><strong>V p\u0159\u00edpad\u011b probl\u00e9m\u016f s v\u00fdm\u011bnou hnac\u00edch \u0159emen\u016f se obra\u0165te na sv\u00e9ho prodejce nebo poprodejn\u00ed servis. <\/strong><\/p><p>Kontaktn\u00ed \u00fadaje z\u00e1kaznick\u00e9ho servisu 8STREME :<\/p><p>8STREME Poprodejn\u00ed servis<\/p><p>6 RUE DES FRERES MICHELIN<\/p><p>10600 LA CHAPELLE SAINT LUC<\/p><p>FRANCIE<\/p><p>03 10 64 60 26<\/p><p><a href=\"mailto:service@8streme.eu\">service@8streme.eu<\/a><\/p>\t\t\t\t\t\t\t\t<\/div>\n\t\t\t\t<\/div>\n\t\t\t\t\t<\/div>\n\t\t<\/div>\n\t\t\t\t\t<\/div>\n\t\t<\/section>\n\t\t\t\t<\/div>","protected":false},"excerpt":{"rendered":"<p>Lorsque le bloc moteur est us\u00e9 ou en panne, il faut le changer rapidement afin que cela n\u2019alt\u00e8re pas le fonctionnement du ROBOT PISCINE 8STREME 7310, 8STREME 7320 et n\u2019entraine pas une usure plus rapide du ROBOT PISCINE 8STREME 7310, &hellip; <a href=\"https:\/\/8streme.eu\/cs\/comment-remplacer-le-bloc-moteur-du-robot-piscine-8streme-7310-8streme-7320\/\">P\u0159e\u010dt\u011bte si v\u00edce<\/a><\/p>","protected":false},"author":5,"featured_media":0,"parent":0,"menu_order":0,"comment_status":"closed","ping_status":"closed","template":"","meta":{"_metasync_otto_title":"Changement rapide bloc moteur Robot Piscine 8streme","_metasync_otto_description":"Remplacez rapidement le bloc moteur du Robot Piscine 8Streme 7310, 8Streme 7320 avec nos conseils. D\u00e9montage et montage faciles gr\u00e2ce \u00e0 nos vid\u00e9os tutoriels.","_metasync_otto_keywords":"","_metasync_otto_og_title":"","_metasync_otto_og_description":"","_metasync_otto_twitter_title":"","_metasync_otto_twitter_description":"","rank_math_title":"","rank_math_description":"","_yoast_wpseo_title":"","_yoast_wpseo_metadesc":"","_aioseo_title":"","_aioseo_description":"","_metasync_seo_title":"","_metasync_seo_desc":"","_metasync_breadcrumb_title":"","_metasync_primary_category":0,"_metasync_primary_product_cat":0,"_metasync_otto_disabled":"","_metasync_hreflang":"","_metasync_plugin_sync_ts":"","_metasync_robots_advanced":"","footnotes":""},"class_list":["post-29230","page","type-page","status-publish","hentry","_wholesalex wsx-wholesalex-product"],"_links":{"self":[{"href":"https:\/\/8streme.eu\/cs\/wp-json\/wp\/v2\/pages\/29230","targetHints":{"allow":["GET"]}}],"collection":[{"href":"https:\/\/8streme.eu\/cs\/wp-json\/wp\/v2\/pages"}],"about":[{"href":"https:\/\/8streme.eu\/cs\/wp-json\/wp\/v2\/types\/page"}],"author":[{"embeddable":true,"href":"https:\/\/8streme.eu\/cs\/wp-json\/wp\/v2\/users\/5"}],"replies":[{"embeddable":true,"href":"https:\/\/8streme.eu\/cs\/wp-json\/wp\/v2\/comments?post=29230"}],"version-history":[{"count":4,"href":"https:\/\/8streme.eu\/cs\/wp-json\/wp\/v2\/pages\/29230\/revisions"}],"predecessor-version":[{"id":29236,"href":"https:\/\/8streme.eu\/cs\/wp-json\/wp\/v2\/pages\/29230\/revisions\/29236"}],"wp:attachment":[{"href":"https:\/\/8streme.eu\/cs\/wp-json\/wp\/v2\/media?parent=29230"}],"curies":[{"name":"wp","href":"https:\/\/api.w.org\/{rel}","templated":true}]}}