{"id":29223,"date":"2024-01-02T15:55:54","date_gmt":"2024-01-02T14:55:54","guid":{"rendered":"https:\/\/8streme.eu\/?page_id=29223"},"modified":"2024-01-02T15:56:09","modified_gmt":"2024-01-02T14:56:09","slug":"jak-vymenit-blok-motoru-u-bazenoveho-cistice-8streme-5310","status":"publish","type":"page","link":"https:\/\/8streme.eu\/cs\/comment-remplacer-le-bloc-moteur-du-robot-piscine-8streme-5310\/","title":{"rendered":"Jak vym\u011bn\u00edm motorovou jednotku v 8STREME 5310 ROBOT POOL?"},"content":{"rendered":"<div data-elementor-type=\"wp-page\" data-elementor-id=\"29223\" class=\"elementor elementor-29223\" data-elementor-post-type=\"page\">\n\t\t\t\t\t\t<section class=\"elementor-section elementor-top-section elementor-element elementor-element-4c131252 elementor-section-boxed elementor-section-height-default elementor-section-height-default\" data-id=\"4c131252\" data-element_type=\"section\" data-e-type=\"section\">\n\t\t\t\t\t\t<div class=\"elementor-container elementor-column-gap-default\">\n\t\t\t\t\t<div class=\"elementor-column elementor-col-100 elementor-top-column elementor-element elementor-element-51fd32b0\" data-id=\"51fd32b0\" data-element_type=\"column\" data-e-type=\"column\">\n\t\t\t<div class=\"elementor-widget-wrap elementor-element-populated\">\n\t\t\t\t\t\t<div class=\"elementor-element elementor-element-49759b00 elementor-widget elementor-widget-text-editor\" data-id=\"49759b00\" data-element_type=\"widget\" data-e-type=\"widget\" data-widget_type=\"text-editor.default\">\n\t\t\t\t<div class=\"elementor-widget-container\">\n\t\t\t\t\t\t\t\t\t\n<p>Pokud je blok motoru opot\u0159ebovan\u00fd nebo se porouch\u00e1, je t\u0159eba jej rychle vym\u011bnit, aby neovliv\u0148oval provoz 8STREME 5310 ROBOT POOL a nezp\u016fsobil rychlej\u0161\u00ed opot\u0159eben\u00ed 8STREME 5310 ROBOT POOL.<\/p>\n\n\n\n<h1 class=\"wp-block-heading\">N\u00e1stroje k pou\u017eit\u00ed<\/h1>\n\n\n\n<p>K v\u00fdm\u011bn\u011b v\u00e1le\u010dku pot\u0159ebujete :<\/p>\n\n\n\n<ul class=\"wp-block-list\">\n<li>K\u0159\u00ed\u017eov\u00fd \u0161roubov\u00e1k<\/li>\n\n\n\n<li>Kl\u00ed\u010d od motoru<\/li>\n<\/ul>\n\n\n\n<h1 class=\"wp-block-heading\">N\u00e1hradn\u00ed d\u00edly<\/h1>\n\n\n\n<p>V p\u0159\u00edloze naleznete odkaz na n\u00e1kup motorov\u00e9 jednotky pro 8STREME 5310 SWIMMING POOL ROBOT: <a href=\"https:\/\/8streme.eu\/cs\/product\/motor-cerpadla-51400\/\">https:\/\/8streme.eu\/produit\/moteur-de-pompe-51400\/<\/a><\/p>\n\n\n\n<p>Kl\u00ed\u010d od motoru bude vlo\u017een do obalu.<\/p>\n\n\n\n<h1 class=\"wp-block-heading\">Postup v\u00fdm\u011bny<\/h1>\n\n\n\n<p>P\u0159ed v\u00fdm\u011bnou je t\u0159eba nejprve odpojit 8STREME 5310 POOL ROBOT od s\u00edt\u011b.<\/p>\n\n\n\n<p>Chcete-li motor vyjmout, otev\u0159ete kuchy\u0148sk\u00fd robot stisknut\u00edm tla\u010d\u00edtka na p\u0159edn\u00ed stran\u011b procesoru a pot\u00e9 zvedn\u011bte v\u00edko, dokud neusly\u0161\u00edte \"cvaknut\u00ed\" z\u00e1v\u011bs\u016f, kter\u00e9 v\u00edko zajist\u00ed na m\u00edst\u011b.<\/p>\n\n\n\n<p>Pot\u00e9 odstra\u0148te \u010dty\u0159i \u0161rouby na vnit\u0159n\u00ed stran\u011b robota, kter\u00e9 dr\u017e\u00ed horn\u00ed dr\u017e\u00e1k motoru \u010derpadla na m\u00edst\u011b, a vyt\u00e1hn\u011bte jej.<\/p>\n\n\n\n<p>Pot\u00e9 od\u0161roubov\u00e1n\u00edm t\u0159\u00ed mal\u00fdch \u0161roub\u016f odstra\u0148te v\u00fdstupn\u00ed ventily \u010derpadla na ka\u017ed\u00e9 stran\u011b.<\/p>\n\n\n\n<p>Pot\u00e9 vy\u0161roubujte dva \u0161rouby, kter\u00fdmi je motor p\u0159ipevn\u011bn k dr\u017e\u00e1ku, a motor vyjm\u011bte.<\/p>\n\n\n\n<p>Pomoc\u00ed kl\u00ed\u010de motoru vy\u0161roubujte \u010dernou matici motoru a vyjm\u011bte plovouc\u00ed kabel.<\/p>\n\n\n\n<p>V\u0161echny d\u00edly nechte stranou.&nbsp;<\/p>\n\n\n\n<p>Chcete-li namontovat nov\u00fd motor, zapojte plovouc\u00ed kabel do nov\u00e9 motorov\u00e9 jednotky a na\u0161roubujte \u010dernou matici na motor pomoc\u00ed kl\u00ed\u010de motoru.<\/p>\n\n\n\n<p>Vra\u0165te motorovou jednotku do horn\u00edho dr\u017e\u00e1ku a ut\u00e1hn\u011bte dva \u0161rouby, kter\u00e9 dr\u017e\u00ed motorovou jednotku na m\u00edst\u011b.<\/p>\n\n\n\n<p>Vym\u011b\u0148te v\u00fdstupn\u00ed ventily \u010derpadla uta\u017een\u00edm t\u0159\u00ed mal\u00fdch \u0161roub\u016f.<\/p>\n\n\n\n<p>Vra\u0165te horn\u00ed podp\u011bru na robota a p\u0159i\u0161roubujte ji zp\u011bt pomoc\u00ed \u010dty\u0159 \u0161roub\u016f na vnit\u0159n\u00ed stran\u011b.<\/p>\n\n\n\n<h1 class=\"wp-block-heading\"><strong>Obra\u0165te se na sv\u00e9ho prodejce nebo poprodejn\u00ed servis.<\/strong><\/h1>\n\n\n\n<p><strong>V p\u0159\u00edpad\u011b probl\u00e9m\u016f s v\u00fdm\u011bnou hnac\u00edch \u0159emen\u016f se obra\u0165te na sv\u00e9ho prodejce nebo poprodejn\u00ed servis.<\/strong><\/p>\n\n\n\n<p>Kontaktn\u00ed \u00fadaje z\u00e1kaznick\u00e9ho servisu 8STREME :<\/p>\n\n\n\n<p>8STREME Poprodejn\u00ed servis<\/p>\n\n\n\n<p>6 RUE DES FRERES MICHELIN<\/p>\n\n\n\n<p>10600 LA CHAPELLE SAINT LUC<\/p>\n\n\n\n<p>FRANCIE<\/p>\n\n\n\n<p>03 10 64 60 26<\/p>\n\n\n\n<p><a href=\"mailto:service@8streme.eu\">service@8streme.eu<\/a><\/p>\n\t\t\t\t\t\t\t\t<\/div>\n\t\t\t\t<\/div>\n\t\t\t\t\t<\/div>\n\t\t<\/div>\n\t\t\t\t\t<\/div>\n\t\t<\/section>\n\t\t\t\t<\/div>","protected":false},"excerpt":{"rendered":"<p>Lorsque le bloc moteur est us\u00e9 ou en panne, il faut le changer rapidement afin que cela n\u2019alt\u00e8re pas le fonctionnement du ROBOT PISCINE 8STREME 5310 et n\u2019entraine pas une usure plus rapide du ROBOT PISCINE 8STREME 5310. Les outils &hellip; <a href=\"https:\/\/8streme.eu\/cs\/comment-remplacer-le-bloc-moteur-du-robot-piscine-8streme-5310\/\">P\u0159e\u010dt\u011bte si v\u00edce<\/a><\/p>","protected":false},"author":5,"featured_media":0,"parent":0,"menu_order":0,"comment_status":"closed","ping_status":"closed","template":"","meta":{"_metasync_otto_title":"","_metasync_otto_description":"","_metasync_otto_keywords":"","_metasync_otto_og_title":"","_metasync_otto_og_description":"","_metasync_otto_twitter_title":"","_metasync_otto_twitter_description":"","rank_math_title":"","rank_math_description":"","_yoast_wpseo_title":"","_yoast_wpseo_metadesc":"","_aioseo_title":"","_aioseo_description":"","_metasync_seo_title":"","_metasync_seo_desc":"","_metasync_breadcrumb_title":"","_metasync_primary_category":0,"_metasync_primary_product_cat":0,"_metasync_otto_disabled":"","_metasync_hreflang":"","_metasync_plugin_sync_ts":"","_metasync_robots_advanced":"","footnotes":""},"class_list":["post-29223","page","type-page","status-publish","hentry","_wholesalex wsx-wholesalex-product"],"_links":{"self":[{"href":"https:\/\/8streme.eu\/cs\/wp-json\/wp\/v2\/pages\/29223","targetHints":{"allow":["GET"]}}],"collection":[{"href":"https:\/\/8streme.eu\/cs\/wp-json\/wp\/v2\/pages"}],"about":[{"href":"https:\/\/8streme.eu\/cs\/wp-json\/wp\/v2\/types\/page"}],"author":[{"embeddable":true,"href":"https:\/\/8streme.eu\/cs\/wp-json\/wp\/v2\/users\/5"}],"replies":[{"embeddable":true,"href":"https:\/\/8streme.eu\/cs\/wp-json\/wp\/v2\/comments?post=29223"}],"version-history":[{"count":4,"href":"https:\/\/8streme.eu\/cs\/wp-json\/wp\/v2\/pages\/29223\/revisions"}],"predecessor-version":[{"id":29229,"href":"https:\/\/8streme.eu\/cs\/wp-json\/wp\/v2\/pages\/29223\/revisions\/29229"}],"wp:attachment":[{"href":"https:\/\/8streme.eu\/cs\/wp-json\/wp\/v2\/media?parent=29223"}],"curies":[{"name":"wp","href":"https:\/\/api.w.org\/{rel}","templated":true}]}}